{"id":91499,"date":"2025-08-19T16:48:00","date_gmt":"2025-08-19T08:48:00","guid":{"rendered":"https:\/\/www.pandamech.com\/?post_type=product&#038;p=91499"},"modified":"2025-08-24T10:03:46","modified_gmt":"2025-08-24T02:03:46","slug":"4-axle-rear-end-tipper-semi-trailer","status":"publish","type":"product","link":"https:\/\/www.pandamech.com\/spanish\/product\/4-axle-rear-end-tipper-semi-trailer\/","title":{"rendered":"Semirremolque basculante trasero de 4 ejes"},"content":{"rendered":"<p>Un semirremolque basculante de cuatro ejes, tambi\u00e9n conocido como remolque basculante trasero de cuatro ejes, es una opci\u00f3n ideal si est\u00e1 buscando un semirremolque basculante duradero y eficiente. Dise\u00f1ado espec\u00edficamente para el transporte de carb\u00f3n, arena, grava y otros materiales de construcci\u00f3n, este remolque hace bien el trabajo, es duradero y asequible.<\/p>\n<h2>Semirremolque basculante trasero de 4 ejes Im\u00e1genes<\/h2>\n<p><img fetchpriority=\"high\" decoding=\"async\" class=\"alignnone wp-image-58244 size-full\" src=\"https:\/\/www.pandamech.com\/wp-content\/uploads\/2022\/10\/55t-dump-trailer-8.jpg\" alt=\"Semirremolque basculante trasero de 4 ejes\" width=\"750\" height=\"399\" title=\"\" srcset=\"https:\/\/www.pandamech.com\/wp-content\/uploads\/2022\/10\/55t-dump-trailer-8.jpg 750w, https:\/\/www.pandamech.com\/wp-content\/uploads\/2022\/10\/55t-dump-trailer-8-300x160.jpg 300w, https:\/\/www.pandamech.com\/wp-content\/uploads\/2022\/10\/55t-dump-trailer-8-500x266.jpg 500w, https:\/\/www.pandamech.com\/wp-content\/uploads\/2022\/10\/55t-dump-trailer-8-18x10.jpg 18w\" sizes=\"(max-width: 750px) 100vw, 750px\" \/><\/p>\n<p>4 ejes traseros <a href=\"https:\/\/www.pandamech.com\/spanish\/category\/tipper-trailer\/\">Semirremolque basculante<\/a> Suministro<\/p>\n<p><img decoding=\"async\" class=\"alignnone wp-image-58243 size-full\" src=\"https:\/\/www.pandamech.com\/wp-content\/uploads\/2022\/10\/55t-dump-trailer-7.jpg\" alt=\"Semirremolque basculante trasero de 4 ejes\" width=\"750\" height=\"399\" title=\"\" srcset=\"https:\/\/www.pandamech.com\/wp-content\/uploads\/2022\/10\/55t-dump-trailer-7.jpg 750w, https:\/\/www.pandamech.com\/wp-content\/uploads\/2022\/10\/55t-dump-trailer-7-300x160.jpg 300w, https:\/\/www.pandamech.com\/wp-content\/uploads\/2022\/10\/55t-dump-trailer-7-500x266.jpg 500w, https:\/\/www.pandamech.com\/wp-content\/uploads\/2022\/10\/55t-dump-trailer-7-18x10.jpg 18w\" sizes=\"(max-width: 750px) 100vw, 750px\" \/><\/p>\n<p>China Fabricante de semirremolque volquete de 4 ejes traseros<\/p>\n<p><img decoding=\"async\" class=\"alignnone wp-image-58164 size-full\" src=\"https:\/\/www.pandamech.com\/wp-content\/uploads\/2022\/10\/4axle-60t-tipper-12.jpg\" alt=\"Venta de semirremolque basculante trasero de 4 ejes\" width=\"750\" height=\"400\" title=\"\" srcset=\"https:\/\/www.pandamech.com\/wp-content\/uploads\/2022\/10\/4axle-60t-tipper-12.jpg 750w, https:\/\/www.pandamech.com\/wp-content\/uploads\/2022\/10\/4axle-60t-tipper-12-300x160.jpg 300w, https:\/\/www.pandamech.com\/wp-content\/uploads\/2022\/10\/4axle-60t-tipper-12-500x267.jpg 500w, https:\/\/www.pandamech.com\/wp-content\/uploads\/2022\/10\/4axle-60t-tipper-12-18x10.jpg 18w\" sizes=\"(max-width: 750px) 100vw, 750px\" \/><\/p>\n<p>F\u00e1brica de semirremolques basculantes de 4 ejes traseros<\/p>\n<p><img loading=\"lazy\" decoding=\"async\" class=\"alignnone wp-image-58163 size-full\" src=\"https:\/\/www.pandamech.com\/wp-content\/uploads\/2022\/10\/4axle-60t-tipper-11.jpg\" alt=\"Fabricante de semirremolques basculantes de 4 ejes traseros\" width=\"750\" height=\"400\" title=\"\" srcset=\"https:\/\/www.pandamech.com\/wp-content\/uploads\/2022\/10\/4axle-60t-tipper-11.jpg 750w, https:\/\/www.pandamech.com\/wp-content\/uploads\/2022\/10\/4axle-60t-tipper-11-300x160.jpg 300w, https:\/\/www.pandamech.com\/wp-content\/uploads\/2022\/10\/4axle-60t-tipper-11-500x267.jpg 500w, https:\/\/www.pandamech.com\/wp-content\/uploads\/2022\/10\/4axle-60t-tipper-11-18x10.jpg 18w\" sizes=\"(max-width: 750px) 100vw, 750px\" \/><\/p>\n<p>4 ejes traseros volquete semi-remolque para la venta<\/p>\n<h2>Especificaci\u00f3n del semirremolque basculante trasero de 4 ejes<\/h2>\n<ul>\n<li data-start=\"170\" data-end=\"241\">\n<p data-start=\"172\" data-end=\"241\"><strong data-start=\"172\" data-end=\"188\">Marca<\/strong>: Panda Mech<\/p>\n<\/li>\n<li data-start=\"242\" data-end=\"273\">\n<p data-start=\"244\" data-end=\"273\"><strong data-start=\"244\" data-end=\"263\">Carga \u00fatil m\u00e1xima<\/strong>: 80 toneladas<\/p>\n<\/li>\n<li data-start=\"387\" data-end=\"436\">\n<p data-start=\"389\" data-end=\"436\"><strong data-start=\"389\" data-end=\"409\">Sistema hidr\u00e1ulico<\/strong>: Cilindro hidr\u00e1ulico HYVA<\/p>\n<\/li>\n<li data-start=\"437\" data-end=\"490\">\n<p data-start=\"439\" data-end=\"490\"><strong data-start=\"439\" data-end=\"457\">Tama\u00f1os de cilindro<\/strong>: 175, 191, 202, 214 \/ 4TG, 5TG<\/p>\n<\/li>\n<li data-start=\"491\" data-end=\"558\">\n<p data-start=\"493\" data-end=\"558\"><strong data-start=\"493\" data-end=\"507\">Suspensi\u00f3n<\/strong>: Suspensi\u00f3n mec\u00e1nica y neum\u00e1tica<\/p>\n<\/li>\n<li data-start=\"559\" data-end=\"594\">\n<p data-start=\"561\" data-end=\"594\"><strong data-start=\"561\" data-end=\"583\">Configuraci\u00f3n del eje<\/strong>: 4 Ejes<\/p>\n<\/li>\n<li data-start=\"595\" data-end=\"642\">\n<p data-start=\"597\" data-end=\"642\"><strong data-start=\"597\" data-end=\"608\">Kingpin<\/strong>: JOST 2\u2033 o 3,5 Tipo desmontable<\/p>\n<\/li>\n<li data-start=\"643\" data-end=\"688\">\n<p data-start=\"645\" data-end=\"688\"><strong data-start=\"645\" data-end=\"663\">Sistema de frenado<\/strong>: ABS o EBS (Opcional)<\/p>\n<\/li>\n<li data-start=\"689\" data-end=\"737\">\n<p data-start=\"691\" data-end=\"737\"><strong data-start=\"691\" data-end=\"703\">Material<\/strong>: Acero de alta resistencia de 5 mm o 6 mm<\/p>\n<\/li>\n<li data-start=\"738\" data-end=\"773\">\n<p data-start=\"740\" data-end=\"773\"><strong data-start=\"740\" data-end=\"748\">Neum\u00e1tico<\/strong>: 12R 22.5 315\/80 R22.5<\/p>\n<\/li>\n<li data-start=\"774\" data-end=\"804\">\n<p data-start=\"776\" data-end=\"804\"><strong data-start=\"776\" data-end=\"794\">C\u00e1maras de freno<\/strong>: T30\/30<\/p>\n<\/li>\n<li data-start=\"805\" data-end=\"828\">\n<p data-start=\"807\" data-end=\"828\"><strong data-start=\"807\" data-end=\"821\">\u00c1ngulo de inclinaci\u00f3n<\/strong>: 45\u00b0<\/p>\n<\/li>\n<\/ul>\n<h2>Semirremolque basculante trasero de 4 ejes Advantage<\/h2>\n<ul>\n<li data-start=\"98\" data-end=\"264\">\n<p data-start=\"101\" data-end=\"264\"><strong data-start=\"101\" data-end=\"131\">Mayor capacidad de carga \u00fatil<\/strong>: Con el eje a\u00f1adido, la configuraci\u00f3n de 4 ejes proporciona una mejor distribuci\u00f3n de la carga, lo que le permite transportar cargas m\u00e1s pesadas con facilidad. \ud83d\ude9b<\/p>\n<\/li>\n<li data-start=\"266\" data-end=\"432\">\n<p data-start=\"269\" data-end=\"432\"><strong data-start=\"269\" data-end=\"291\">Estabilidad superior<\/strong>: El dise\u00f1o de 4 ejes ofrece una estabilidad inigualable, por lo que resulta ideal para transportar grandes cantidades de materiales en terrenos accidentados o irregulares. \u2696\ufe0f<\/p>\n<\/li>\n<li data-start=\"608\" data-end=\"796\">\n<p data-start=\"611\" data-end=\"796\"><strong data-start=\"611\" data-end=\"634\">Mayor durabilidad<\/strong>: Construido con acero de alta resistencia y un bastidor robusto, este remolque est\u00e1 dise\u00f1ado para soportar operaciones de servicio pesado durante a\u00f1os, incluso en las condiciones m\u00e1s duras. \ud83d\udcaa<\/p>\n<\/li>\n<\/ul>\n<h2>Panda Mech<\/h2>\n<p>Panda Mech es un fabricante de semirremolque basculante trasero de 4 ejes de China. Suministramos semirremolques basculantes traseros de 4 ejes para la venta. Podemos personalizar de acuerdo a sus necesidades.<\/p>\n<p>Relacionado:<\/p>\n<p class=\"product_title entry-title elementor-heading-title elementor-size-default\"><span style=\"color: #0000ff;\"><a style=\"color: #0000ff;\" href=\"https:\/\/www.pandamech.com\/spanish\/product\/3-axle-rear-end-tipper-semi-trailer-price\/\">Semirremolque basculante trasero de 3 ejes<\/a><\/span><\/p>\n<p><span style=\"color: #0000ff;\"><a style=\"color: #0000ff;\" href=\"https:\/\/www.pandamech.com\/spanish\/category\/tipper-trailer\/side-tipper\/\" target=\"_blank\" rel=\"noopener\">remolque basculante lateral<\/a><\/span><\/p>","protected":false},"excerpt":{"rendered":"<p><strong>Capacidad<\/strong>: 80 toneladas<\/p>\n<p><strong>Precios<\/strong>: USD 14.000-38.000<\/p>\n<p><strong>Fecha de entrega<\/strong>7-25 d\u00edas<\/p>\n<p><strong>Aplicaci\u00f3n<\/strong>Transporte de carb\u00f3n, minerales y materiales de construcci\u00f3n<\/p>\n<p><strong>\u00c1ngulo de inclinaci\u00f3n<\/strong>: 45\u00b0<\/p>","protected":false},"featured_media":58114,"template":"","meta":{"_acf_changed":false,"_kad_blocks_custom_css":"","_kad_blocks_head_custom_js":"","_kad_blocks_body_custom_js":"","_kad_blocks_footer_custom_js":"","_kad_post_transparent":"default","_kad_post_title":"","_kad_post_layout":"default","_kad_post_sidebar_id":"","_kad_post_content_style":"default","_kad_post_vertical_padding":"default","_kad_post_feature":"","_kad_post_feature_position":"","_kad_post_header":false,"_kad_post_footer":false,"_kad_post_classname":""},"product_brand":[],"product_cat":[96],"product_tag":[],"class_list":{"0":"post-91499","1":"product","2":"type-product","3":"status-publish","4":"has-post-thumbnail","6":"product_cat-tipper-trailer","8":"first","9":"instock","10":"shipping-taxable","11":"product-type-simple","12":"entry","13":"content-bg","14":"loop-entry"},"acf":[],"taxonomy_info":{"product_cat":[{"value":96,"label":"Tipper Trailer"}]},"featured_image_src_large":["https:\/\/www.pandamech.com\/wp-content\/uploads\/2022\/10\/28cbm-tipper-trailer-5-500x500.jpg",500,500,true],"author_info":[],"comment_info":"","_links":{"self":[{"href":"https:\/\/www.pandamech.com\/spanish\/wp-json\/wp\/v2\/product\/91499","targetHints":{"allow":["GET"]}}],"collection":[{"href":"https:\/\/www.pandamech.com\/spanish\/wp-json\/wp\/v2\/product"}],"about":[{"href":"https:\/\/www.pandamech.com\/spanish\/wp-json\/wp\/v2\/types\/product"}],"version-history":[{"count":1,"href":"https:\/\/www.pandamech.com\/spanish\/wp-json\/wp\/v2\/product\/91499\/revisions"}],"predecessor-version":[{"id":91501,"href":"https:\/\/www.pandamech.com\/spanish\/wp-json\/wp\/v2\/product\/91499\/revisions\/91501"}],"wp:featuredmedia":[{"embeddable":true,"href":"https:\/\/www.pandamech.com\/spanish\/wp-json\/wp\/v2\/media\/58114"}],"wp:attachment":[{"href":"https:\/\/www.pandamech.com\/spanish\/wp-json\/wp\/v2\/media?parent=91499"}],"wp:term":[{"taxonomy":"product_brand","embeddable":true,"href":"https:\/\/www.pandamech.com\/spanish\/wp-json\/wp\/v2\/product_brand?post=91499"},{"taxonomy":"product_cat","embeddable":true,"href":"https:\/\/www.pandamech.com\/spanish\/wp-json\/wp\/v2\/product_cat?post=91499"},{"taxonomy":"product_tag","embeddable":true,"href":"https:\/\/www.pandamech.com\/spanish\/wp-json\/wp\/v2\/product_tag?post=91499"}],"curies":[{"name":"wp","href":"https:\/\/api.w.org\/{rel}","templated":true}]}}