{"id":91487,"date":"2025-08-20T11:40:47","date_gmt":"2025-08-20T03:40:47","guid":{"rendered":"https:\/\/www.pandamech.com\/?post_type=product&#038;p=91487"},"modified":"2025-08-24T10:43:49","modified_gmt":"2025-08-24T02:43:49","slug":"china-45m3-tipper-trailer-wholesale","status":"publish","type":"product","link":"https:\/\/www.pandamech.com\/spanish\/product\/china-45m3-tipper-trailer-wholesale\/","title":{"rendered":"China Mayorista de Remolques Volquete de 45m3"},"content":{"rendered":"<p>El remolque volquete de 45 m3 de Panda Mech es una soluci\u00f3n de alto rendimiento dise\u00f1ada para el transporte de materiales a granel como carb\u00f3n, grava, arena y escombros de construcci\u00f3n. Se conoce como remolque basculante de 45 metros c\u00fabicos, o remolque basculante de 45 cbm, y est\u00e1 dise\u00f1ado para ofrecer eficiencia y durabilidad. Ideal para industrias como la miner\u00eda, la construcci\u00f3n y la log\u00edstica, este remolque garantiza una descarga r\u00e1pida con un robusto sistema hidr\u00e1ulico, proporcionando una estabilidad y seguridad superiores durante las operaciones de servicio pesado en entornos dif\u00edciles.<\/p>\n<h2>China Remolque basculante de 45m3 Im\u00e1genes<\/h2>\n<p><img fetchpriority=\"high\" decoding=\"async\" class=\"alignnone wp-image-58433 size-full\" src=\"https:\/\/www.pandamech.com\/wp-content\/uploads\/2022\/10\/tipper-trailer-7.jpg\" alt=\"China Bajo Precio 45m3 Volquete\" width=\"750\" height=\"399\" title=\"\" srcset=\"https:\/\/www.pandamech.com\/wp-content\/uploads\/2022\/10\/tipper-trailer-7.jpg 750w, https:\/\/www.pandamech.com\/wp-content\/uploads\/2022\/10\/tipper-trailer-7-300x160.jpg 300w, https:\/\/www.pandamech.com\/wp-content\/uploads\/2022\/10\/tipper-trailer-7-500x266.jpg 500w, https:\/\/www.pandamech.com\/wp-content\/uploads\/2022\/10\/tipper-trailer-7-18x10.jpg 18w\" sizes=\"(max-width: 750px) 100vw, 750px\" \/><\/p>\n<p>China Mayorista de Remolques Volquete de 45m3<\/p>\n<p><img decoding=\"async\" class=\"alignnone wp-image-58434 size-full\" src=\"https:\/\/www.pandamech.com\/wp-content\/uploads\/2022\/10\/tipper-trailer-8.jpg\" alt=\"ventas 45m3 remolque volquete mayoristas\" width=\"750\" height=\"400\" title=\"\" srcset=\"https:\/\/www.pandamech.com\/wp-content\/uploads\/2022\/10\/tipper-trailer-8.jpg 750w, https:\/\/www.pandamech.com\/wp-content\/uploads\/2022\/10\/tipper-trailer-8-300x160.jpg 300w, https:\/\/www.pandamech.com\/wp-content\/uploads\/2022\/10\/tipper-trailer-8-500x267.jpg 500w, https:\/\/www.pandamech.com\/wp-content\/uploads\/2022\/10\/tipper-trailer-8-18x10.jpg 18w\" sizes=\"(max-width: 750px) 100vw, 750px\" \/><\/p>\n<p>Ventas Alta calidad 45m3 Remolque basculante<\/p>\n<p><img decoding=\"async\" class=\"alignnone wp-image-58435 size-full\" src=\"https:\/\/www.pandamech.com\/wp-content\/uploads\/2022\/10\/tipper-trailer-9.jpg\" alt=\"mayorista de remolques volquete 45m3\" width=\"750\" height=\"399\" title=\"\" srcset=\"https:\/\/www.pandamech.com\/wp-content\/uploads\/2022\/10\/tipper-trailer-9.jpg 750w, https:\/\/www.pandamech.com\/wp-content\/uploads\/2022\/10\/tipper-trailer-9-300x160.jpg 300w, https:\/\/www.pandamech.com\/wp-content\/uploads\/2022\/10\/tipper-trailer-9-500x266.jpg 500w, https:\/\/www.pandamech.com\/wp-content\/uploads\/2022\/10\/tipper-trailer-9-18x10.jpg 18w\" sizes=\"(max-width: 750px) 100vw, 750px\" \/><\/p>\n<p>China 45m3 Volquete Remolque Personalizado<\/p>\n<h2>China Especificaci\u00f3n del remolque volquete de 45 m3<\/h2>\n<ul>\n<li data-start=\"387\" data-end=\"436\"><strong>Marca<\/strong>: Panda Mech<\/li>\n<li data-start=\"387\" data-end=\"436\">\n<p data-start=\"389\" data-end=\"436\"><strong data-start=\"389\" data-end=\"409\">Sistema hidr\u00e1ulico<\/strong>: Cilindro hidr\u00e1ulico HYVA<\/p>\n<\/li>\n<li data-start=\"437\" data-end=\"490\">\n<p data-start=\"439\" data-end=\"490\"><strong data-start=\"439\" data-end=\"457\">Tama\u00f1os de cilindro<\/strong>: 175, 191, 202, 214 \/ 4TG, 5TG<\/p>\n<\/li>\n<li data-start=\"491\" data-end=\"558\">\n<p data-start=\"493\" data-end=\"558\"><strong data-start=\"493\" data-end=\"507\">Suspensi\u00f3n<\/strong>: Suspensi\u00f3n mec\u00e1nica (suspensi\u00f3n neum\u00e1tica opcional)<\/p>\n<\/li>\n<li data-start=\"559\" data-end=\"594\">\n<p data-start=\"561\" data-end=\"594\"><strong data-start=\"561\" data-end=\"583\">Configuraci\u00f3n del eje<\/strong>: 3 Ejes<\/p>\n<\/li>\n<li data-start=\"595\" data-end=\"642\">\n<p data-start=\"597\" data-end=\"642\"><strong data-start=\"597\" data-end=\"608\">Kingpin<\/strong>: JOST 2\u2033 o 3,5 Tipo desmontable<\/p>\n<\/li>\n<li data-start=\"643\" data-end=\"688\">\n<p data-start=\"645\" data-end=\"688\"><strong data-start=\"645\" data-end=\"663\">Sistema de frenado<\/strong>: ABS o EBS (Opcional)<\/p>\n<\/li>\n<li data-start=\"689\" data-end=\"737\">\n<p data-start=\"691\" data-end=\"737\"><strong data-start=\"691\" data-end=\"703\">Material<\/strong>: Acero de alta resistencia de 5 mm o 6 mm<\/p>\n<\/li>\n<li data-start=\"738\" data-end=\"773\">\n<p data-start=\"740\" data-end=\"773\"><strong data-start=\"740\" data-end=\"748\">Neum\u00e1tico<\/strong>: 12R 22.5 315\/80 R22.5<\/p>\n<\/li>\n<li data-start=\"774\" data-end=\"804\">\n<p data-start=\"776\" data-end=\"804\"><strong data-start=\"776\" data-end=\"794\">C\u00e1maras de freno<\/strong>: T30\/30<\/p>\n<\/li>\n<li data-start=\"805\" data-end=\"828\">\n<p data-start=\"807\" data-end=\"828\"><strong data-start=\"807\" data-end=\"821\">\u00c1ngulo de inclinaci\u00f3n<\/strong>: 45\u00b0<\/p>\n<\/li>\n<\/ul>\n<h2>China Ventaja del remolque volquete de 45m3<\/h2>\n<ul>\n<li data-start=\"52\" data-end=\"193\">\n<p data-start=\"55\" data-end=\"193\"><strong data-start=\"55\" data-end=\"73\">Gran capacidad<\/strong>: El volumen de 45 m\u00b3 permite transportar grandes cantidades de material, por lo que es ideal para operaciones de acarreo a granel.<\/p>\n<\/li>\n<li data-start=\"194\" data-end=\"337\">\n<p data-start=\"197\" data-end=\"337\"><strong data-start=\"197\" data-end=\"211\">Eficacia<\/strong>: Con una mayor capacidad de carga \u00fatil, se necesitan menos viajes, lo que aumenta la eficacia operativa y reduce los costes de transporte.<\/p>\n<\/li>\n<li data-start=\"465\" data-end=\"589\">\n<p data-start=\"468\" data-end=\"589\"><strong data-start=\"468\" data-end=\"482\">Durabilidad<\/strong>: Construido para soportar cargas pesadas, el remolque est\u00e1 dise\u00f1ado para un rendimiento duradero en condiciones dif\u00edciles.<\/p>\n<\/li>\n<\/ul>\n<h2>Panda Mech<\/h2>\n<p>Panda Mech es 45m3 <a href=\"https:\/\/www.pandamech.com\/spanish\/category\/tipper-trailer\/\">Remolque basculante<\/a> fabricante de China. Suministramos diferentes tipos y tama\u00f1os de remolques volquete para la venta. Podemos personalizar seg\u00fan sus necesidades. Cualquier cosa sobre remolque volquete 45 m3, p\u00f3ngase en contacto con nosotros ahora.<\/p>","protected":false},"excerpt":{"rendered":"<p><strong>Modelo<\/strong>: 45 cm3<\/p>\n<p><strong>Precios<\/strong>: USD 15.500-31.500<\/p>\n<p><strong>Fecha de entrega<\/strong>7-25 d\u00edas<\/p>\n<p><strong>Aplicaci\u00f3n<\/strong>Transporte de carb\u00f3n, minerales y materiales de construcci\u00f3n<\/p>\n<p><strong>\u00c1ngulo de inclinaci\u00f3n<\/strong>: 45<\/p>\n<p><strong>Sistema hidr\u00e1ulico<\/strong>: Cilindro HYVA<\/p>","protected":false},"featured_media":58428,"template":"","meta":{"_acf_changed":false,"_kad_blocks_custom_css":"","_kad_blocks_head_custom_js":"","_kad_blocks_body_custom_js":"","_kad_blocks_footer_custom_js":"","_kad_post_transparent":"default","_kad_post_title":"","_kad_post_layout":"default","_kad_post_sidebar_id":"","_kad_post_content_style":"default","_kad_post_vertical_padding":"default","_kad_post_feature":"","_kad_post_feature_position":"","_kad_post_header":false,"_kad_post_footer":false,"_kad_post_classname":""},"product_brand":[],"product_cat":[96],"product_tag":[],"class_list":{"0":"post-91487","1":"product","2":"type-product","3":"status-publish","4":"has-post-thumbnail","6":"product_cat-tipper-trailer","8":"first","9":"instock","10":"shipping-taxable","11":"product-type-simple","12":"entry","13":"content-bg","14":"loop-entry"},"acf":[],"taxonomy_info":{"product_cat":[{"value":96,"label":"Tipper Trailer"}]},"featured_image_src_large":["https:\/\/www.pandamech.com\/wp-content\/uploads\/2022\/10\/tipper-trailer-1-500x500.jpg",500,500,true],"author_info":[],"comment_info":"","_links":{"self":[{"href":"https:\/\/www.pandamech.com\/spanish\/wp-json\/wp\/v2\/product\/91487","targetHints":{"allow":["GET"]}}],"collection":[{"href":"https:\/\/www.pandamech.com\/spanish\/wp-json\/wp\/v2\/product"}],"about":[{"href":"https:\/\/www.pandamech.com\/spanish\/wp-json\/wp\/v2\/types\/product"}],"version-history":[{"count":2,"href":"https:\/\/www.pandamech.com\/spanish\/wp-json\/wp\/v2\/product\/91487\/revisions"}],"predecessor-version":[{"id":91504,"href":"https:\/\/www.pandamech.com\/spanish\/wp-json\/wp\/v2\/product\/91487\/revisions\/91504"}],"wp:featuredmedia":[{"embeddable":true,"href":"https:\/\/www.pandamech.com\/spanish\/wp-json\/wp\/v2\/media\/58428"}],"wp:attachment":[{"href":"https:\/\/www.pandamech.com\/spanish\/wp-json\/wp\/v2\/media?parent=91487"}],"wp:term":[{"taxonomy":"product_brand","embeddable":true,"href":"https:\/\/www.pandamech.com\/spanish\/wp-json\/wp\/v2\/product_brand?post=91487"},{"taxonomy":"product_cat","embeddable":true,"href":"https:\/\/www.pandamech.com\/spanish\/wp-json\/wp\/v2\/product_cat?post=91487"},{"taxonomy":"product_tag","embeddable":true,"href":"https:\/\/www.pandamech.com\/spanish\/wp-json\/wp\/v2\/product_tag?post=91487"}],"curies":[{"name":"wp","href":"https:\/\/api.w.org\/{rel}","templated":true}]}}