{"id":91486,"date":"2025-08-19T11:54:46","date_gmt":"2025-08-19T03:54:46","guid":{"rendered":"https:\/\/www.pandamech.com\/?post_type=product&#038;p=91486"},"modified":"2025-08-24T10:02:22","modified_gmt":"2025-08-24T02:02:22","slug":"3-axle-rear-end-tipper-semi-trailer-price","status":"publish","type":"product","link":"https:\/\/www.pandamech.com\/spanish\/product\/3-axle-rear-end-tipper-semi-trailer-price\/","title":{"rendered":"Semirremolque basculante de 3 ejes Precio"},"content":{"rendered":"<p>3 ejes traseros <a href=\"https:\/\/www.pandamech.com\/spanish\/category\/tipper-trailer\/\">Semirremolque basculante<\/a> conocido como semirremolque basculante trasero de 3 ejes. Si est\u00e1 buscando un semirremolque volquete trasero duradero y eficiente, el semirremolque volquete trasero de 3 ejes es una excelente opci\u00f3n. Dise\u00f1ado para el transporte de servicio pesado, este remolque es ideal para el transporte de carb\u00f3n, arena, grava y otros materiales de construcci\u00f3n. Con una configuraci\u00f3n robusta de 3 ejes y un mecanismo de vuelco trasero fiable, garantiza una descarga r\u00e1pida y segura.<\/p>\n<h2>Semirremolque basculante trasero de 3 ejes Im\u00e1genes<\/h2>\n<p><img fetchpriority=\"high\" decoding=\"async\" class=\"alignnone wp-image-58115 size-full\" src=\"https:\/\/www.pandamech.com\/wp-content\/uploads\/2022\/10\/28cbm-tipper-trailer-7.jpg\" alt=\"Venta de semirremolque basculante trasero de 3 ejes\" width=\"750\" height=\"399\" title=\"\" srcset=\"https:\/\/www.pandamech.com\/wp-content\/uploads\/2022\/10\/28cbm-tipper-trailer-7.jpg 750w, https:\/\/www.pandamech.com\/wp-content\/uploads\/2022\/10\/28cbm-tipper-trailer-7-300x160.jpg 300w, https:\/\/www.pandamech.com\/wp-content\/uploads\/2022\/10\/28cbm-tipper-trailer-7-500x266.jpg 500w, https:\/\/www.pandamech.com\/wp-content\/uploads\/2022\/10\/28cbm-tipper-trailer-7-18x10.jpg 18w\" sizes=\"(max-width: 750px) 100vw, 750px\" \/><\/p>\n<p>Fabricante de semirremolques basculantes de 3 ejes traseros<\/p>\n<p><img decoding=\"async\" class=\"alignnone wp-image-58433 size-full\" src=\"https:\/\/www.pandamech.com\/wp-content\/uploads\/2022\/10\/tipper-trailer-7.jpg\" alt=\"Venta de semirremolque basculante trasero de 3 ejes\" width=\"750\" height=\"399\" title=\"\" srcset=\"https:\/\/www.pandamech.com\/wp-content\/uploads\/2022\/10\/tipper-trailer-7.jpg 750w, https:\/\/www.pandamech.com\/wp-content\/uploads\/2022\/10\/tipper-trailer-7-300x160.jpg 300w, https:\/\/www.pandamech.com\/wp-content\/uploads\/2022\/10\/tipper-trailer-7-500x266.jpg 500w, https:\/\/www.pandamech.com\/wp-content\/uploads\/2022\/10\/tipper-trailer-7-18x10.jpg 18w\" sizes=\"(max-width: 750px) 100vw, 750px\" \/><\/p>\n<p>Semirremolque basculante de 3 ejes al por mayor<\/p>\n<p><img decoding=\"async\" class=\"alignnone wp-image-58109 size-full\" src=\"https:\/\/www.pandamech.com\/wp-content\/uploads\/2022\/10\/25cbm-tipper-8.jpg\" alt=\"F\u00e1brica de semirremolques basculantes de 3 ejes traseros\" width=\"750\" height=\"399\" title=\"\" srcset=\"https:\/\/www.pandamech.com\/wp-content\/uploads\/2022\/10\/25cbm-tipper-8.jpg 750w, https:\/\/www.pandamech.com\/wp-content\/uploads\/2022\/10\/25cbm-tipper-8-300x160.jpg 300w, https:\/\/www.pandamech.com\/wp-content\/uploads\/2022\/10\/25cbm-tipper-8-500x266.jpg 500w, https:\/\/www.pandamech.com\/wp-content\/uploads\/2022\/10\/25cbm-tipper-8-18x10.jpg 18w\" sizes=\"(max-width: 750px) 100vw, 750px\" \/><\/p>\n<p>Semirremolque basculante trasero de 3 ejes China<\/p>\n<h2>Especificaci\u00f3n del semirremolque basculante trasero de 3 ejes<\/h2>\n<ul>\n<li data-start=\"170\" data-end=\"241\">\n<p data-start=\"172\" data-end=\"241\"><strong data-start=\"172\" data-end=\"188\">Fabricante<\/strong>: Panda Mech<\/p>\n<\/li>\n<li data-start=\"242\" data-end=\"273\">\n<p data-start=\"244\" data-end=\"273\"><strong data-start=\"244\" data-end=\"263\">Carga \u00fatil m\u00e1xima<\/strong>: 30-60 toneladas<\/p>\n<\/li>\n<li data-start=\"387\" data-end=\"436\">\n<p data-start=\"389\" data-end=\"436\"><strong data-start=\"389\" data-end=\"409\">Sistema hidr\u00e1ulico<\/strong>: Cilindro hidr\u00e1ulico HYVA<\/p>\n<\/li>\n<li data-start=\"437\" data-end=\"490\">\n<p data-start=\"439\" data-end=\"490\"><strong data-start=\"439\" data-end=\"457\">Tama\u00f1os de cilindro<\/strong>: 175, 191, 202, 214 \/ 4TG, 5TG<\/p>\n<\/li>\n<li data-start=\"491\" data-end=\"558\">\n<p data-start=\"493\" data-end=\"558\"><strong data-start=\"493\" data-end=\"507\">Suspensi\u00f3n<\/strong>: Suspensi\u00f3n mec\u00e1nica (suspensi\u00f3n neum\u00e1tica opcional)<\/p>\n<\/li>\n<li data-start=\"559\" data-end=\"594\">\n<p data-start=\"561\" data-end=\"594\"><strong data-start=\"561\" data-end=\"583\">Configuraci\u00f3n del eje<\/strong>: 3 Ejes<\/p>\n<\/li>\n<li data-start=\"595\" data-end=\"642\">\n<p data-start=\"597\" data-end=\"642\"><strong data-start=\"597\" data-end=\"608\">Kingpin<\/strong>: JOST 2\u2033 o 3,5 Tipo desmontable<\/p>\n<\/li>\n<li data-start=\"643\" data-end=\"688\">\n<p data-start=\"645\" data-end=\"688\"><strong data-start=\"645\" data-end=\"663\">Sistema de frenado<\/strong>: ABS o EBS (Opcional)<\/p>\n<\/li>\n<li data-start=\"689\" data-end=\"737\">\n<p data-start=\"691\" data-end=\"737\"><strong data-start=\"691\" data-end=\"703\">Material<\/strong>: Acero de alta resistencia de 5 mm o 6 mm<\/p>\n<\/li>\n<li data-start=\"738\" data-end=\"773\">\n<p data-start=\"740\" data-end=\"773\"><strong data-start=\"740\" data-end=\"748\">Neum\u00e1tico<\/strong>: 12R 22.5 315\/80 R22.5<\/p>\n<\/li>\n<li data-start=\"774\" data-end=\"804\">\n<p data-start=\"776\" data-end=\"804\"><strong data-start=\"776\" data-end=\"794\">C\u00e1maras de freno<\/strong>: T30\/30<\/p>\n<\/li>\n<li data-start=\"805\" data-end=\"828\">\n<p data-start=\"807\" data-end=\"828\"><strong data-start=\"807\" data-end=\"821\">\u00c1ngulo de inclinaci\u00f3n<\/strong>: 45\u00b0<\/p>\n<\/li>\n<\/ul>\n<h2>Semirremolque basculante trasero de 3 ejes Advantage<\/h2>\n<ul>\n<li data-start=\"281\" data-end=\"433\">\n<p data-start=\"284\" data-end=\"433\"><strong data-start=\"284\" data-end=\"314\">Vuelco trasero eficiente<\/strong>: El mecanismo de volteo trasero garantiza una descarga m\u00e1s r\u00e1pida, reduciendo el tiempo de entrega y aumentando la eficiencia in situ. \u23f1\ufe0f<\/p>\n<\/li>\n<li data-start=\"435\" data-end=\"609\">\n<p data-start=\"438\" data-end=\"609\"><strong data-start=\"438\" data-end=\"466\">Construcci\u00f3n robusta y duradera<\/strong>: Construido con acero de alta resistencia de 5 mm\/6 mm, este remolque est\u00e1 dise\u00f1ado para soportar condiciones duras y ofrecer un rendimiento duradero. \ud83d\udcaa<\/p>\n<\/li>\n<li data-start=\"611\" data-end=\"781\">\n<p data-start=\"614\" data-end=\"781\"><strong data-start=\"614\" data-end=\"647\">Estabilidad y seguridad superiores<\/strong>: La configuraci\u00f3n de 3 ejes y el bastidor de soporte auxiliar proporcionan una estabilidad excepcional, por lo que es m\u00e1s seguro operar con cargas pesadas. \ud83d\udd12<\/p>\n<\/li>\n<\/ul>\n<h2>Panda Mech<\/h2>\n<p>Panda Mech es un fabricante de semirremolques basculantes traseros de 3 ejes de China. Nos especializamos en la fabricaci\u00f3n de soluciones de transporte de alta calidad, duraderas y eficientes. Con m\u00e1s de 20 a\u00f1os de experiencia, estamos orgullosos de ofrecer una amplia gama de remolques, incluyendo nuestro Semirremolque Volquete Trasero de 3 Ejes, dise\u00f1ado para satisfacer las demandas de industrias como la construcci\u00f3n, la miner\u00eda y la log\u00edstica. Estamos comprometidos a proporcionar dise\u00f1os innovadores, un rendimiento fiable y un servicio al cliente excepcional.\ud83c\udf0d\ud83d\ude9b<\/p>","protected":false},"excerpt":{"rendered":"<p><strong>Capacidad<\/strong>: 30- 60 toneladas<\/p>\n<p><strong>Precios<\/strong>: USD 12.000-34.000<\/p>\n<p><strong>Fecha de entrega<\/strong>7-25 d\u00edas<\/p>\n<p><strong>Aplicaci\u00f3n<\/strong>Transporte de carb\u00f3n, minerales y materiales de construcci\u00f3n<\/p>\n<p><strong>\u00c1ngulo de inclinaci\u00f3n<\/strong>: 45\u00b0<\/p>","protected":false},"featured_media":58114,"template":"","meta":{"_acf_changed":false,"_kad_blocks_custom_css":"","_kad_blocks_head_custom_js":"","_kad_blocks_body_custom_js":"","_kad_blocks_footer_custom_js":"","_kad_post_transparent":"default","_kad_post_title":"","_kad_post_layout":"default","_kad_post_sidebar_id":"","_kad_post_content_style":"default","_kad_post_vertical_padding":"default","_kad_post_feature":"","_kad_post_feature_position":"","_kad_post_header":false,"_kad_post_footer":false,"_kad_post_classname":""},"product_brand":[],"product_cat":[96],"product_tag":[],"class_list":{"0":"post-91486","1":"product","2":"type-product","3":"status-publish","4":"has-post-thumbnail","6":"product_cat-tipper-trailer","8":"first","9":"instock","10":"shipping-taxable","11":"product-type-simple","12":"entry","13":"content-bg","14":"loop-entry"},"acf":[],"taxonomy_info":{"product_cat":[{"value":96,"label":"Tipper Trailer"}]},"featured_image_src_large":["https:\/\/www.pandamech.com\/wp-content\/uploads\/2022\/10\/28cbm-tipper-trailer-5-500x500.jpg",500,500,true],"author_info":[],"comment_info":"","_links":{"self":[{"href":"https:\/\/www.pandamech.com\/spanish\/wp-json\/wp\/v2\/product\/91486","targetHints":{"allow":["GET"]}}],"collection":[{"href":"https:\/\/www.pandamech.com\/spanish\/wp-json\/wp\/v2\/product"}],"about":[{"href":"https:\/\/www.pandamech.com\/spanish\/wp-json\/wp\/v2\/types\/product"}],"version-history":[{"count":2,"href":"https:\/\/www.pandamech.com\/spanish\/wp-json\/wp\/v2\/product\/91486\/revisions"}],"predecessor-version":[{"id":91500,"href":"https:\/\/www.pandamech.com\/spanish\/wp-json\/wp\/v2\/product\/91486\/revisions\/91500"}],"wp:featuredmedia":[{"embeddable":true,"href":"https:\/\/www.pandamech.com\/spanish\/wp-json\/wp\/v2\/media\/58114"}],"wp:attachment":[{"href":"https:\/\/www.pandamech.com\/spanish\/wp-json\/wp\/v2\/media?parent=91486"}],"wp:term":[{"taxonomy":"product_brand","embeddable":true,"href":"https:\/\/www.pandamech.com\/spanish\/wp-json\/wp\/v2\/product_brand?post=91486"},{"taxonomy":"product_cat","embeddable":true,"href":"https:\/\/www.pandamech.com\/spanish\/wp-json\/wp\/v2\/product_cat?post=91486"},{"taxonomy":"product_tag","embeddable":true,"href":"https:\/\/www.pandamech.com\/spanish\/wp-json\/wp\/v2\/product_tag?post=91486"}],"curies":[{"name":"wp","href":"https:\/\/api.w.org\/{rel}","templated":true}]}}