{"id":87374,"date":"2025-05-30T17:03:16","date_gmt":"2025-05-30T09:03:16","guid":{"rendered":"https:\/\/pandamech.com\/?post_type=product&#038;p=87374"},"modified":"2025-08-23T01:06:36","modified_gmt":"2025-08-22T17:06:36","slug":"30-cbm-tipper-trailer-wholesale","status":"publish","type":"product","link":"https:\/\/www.pandamech.com\/spanish\/product\/30-cbm-tipper-trailer-wholesale\/","title":{"rendered":"Remolque volquete de 30 CBM al por mayor"},"content":{"rendered":"<p dir=\"ltr\" data-pm-slice=\"1 3 []\">\u00bfBusca una fuente fiable de remolques basculantes de 30 CBM al por mayor? En Panda Mech, fabricamos remolques basculantes de 30 CBM de alta calidad dise\u00f1ados para simplificar el transporte y la descarga de materiales a granel como grava, arena, carb\u00f3n y otros agregados. Nuestros remolques cuentan con un dise\u00f1o robusto que le permite posicionar el remolque, levantarlo y descargar de manera eficiente. Con Panda Mech, nos aseguramos de que nuestros semirremolques basculantes sean f\u00e1ciles de usar y est\u00e9n construidos para una descarga r\u00e1pida, perfecta para las necesidades de su proyecto.<\/p>\n<h2 dir=\"ltr\">Im\u00e1genes<\/h2>\n<p><img fetchpriority=\"high\" decoding=\"async\" class=\"size-full wp-image-58108\" src=\"https:\/\/pandamech.com\/wp-content\/uploads\/2022\/10\/25cbm-tipper-7.jpg\" alt=\"Remolque volquete 25cbm\" width=\"750\" height=\"400\" title=\"\" srcset=\"https:\/\/www.pandamech.com\/wp-content\/uploads\/2022\/10\/25cbm-tipper-7.jpg 750w, https:\/\/www.pandamech.com\/wp-content\/uploads\/2022\/10\/25cbm-tipper-7-300x160.jpg 300w, https:\/\/www.pandamech.com\/wp-content\/uploads\/2022\/10\/25cbm-tipper-7-500x267.jpg 500w, https:\/\/www.pandamech.com\/wp-content\/uploads\/2022\/10\/25cbm-tipper-7-18x10.jpg 18w\" sizes=\"(max-width: 750px) 100vw, 750px\" \/><\/p>\n<p><img decoding=\"async\" class=\"size-full wp-image-58109\" src=\"https:\/\/pandamech.com\/wp-content\/uploads\/2022\/10\/25cbm-tipper-8.jpg\" alt=\"Remolque volquete 25cbm\" width=\"750\" height=\"399\" title=\"\" srcset=\"https:\/\/www.pandamech.com\/wp-content\/uploads\/2022\/10\/25cbm-tipper-8.jpg 750w, https:\/\/www.pandamech.com\/wp-content\/uploads\/2022\/10\/25cbm-tipper-8-300x160.jpg 300w, https:\/\/www.pandamech.com\/wp-content\/uploads\/2022\/10\/25cbm-tipper-8-500x266.jpg 500w, https:\/\/www.pandamech.com\/wp-content\/uploads\/2022\/10\/25cbm-tipper-8-18x10.jpg 18w\" sizes=\"(max-width: 750px) 100vw, 750px\" \/><\/p>\n<h2 dir=\"ltr\">30 CBM Volquete Caracter\u00edsticas<\/h2>\n<ul class=\"tight\" dir=\"ltr\" data-tight=\"true\">\n<li>\n<p dir=\"ltr\"><strong>Controles de calidad exhaustivos<\/strong>: En Panda Mech, sometemos cada 30 CBM Tipper Trailer Wholesale a pruebas exhaustivas para garantizar la fiabilidad y el rendimiento.<\/p>\n<\/li>\n<li>\n<p dir=\"ltr\"><strong>Iluminaci\u00f3n de larga duraci\u00f3n<\/strong>: Equipamos nuestros remolques con luces LED de \u00faltima generaci\u00f3n, lo que garantiza su durabilidad y una excelente visibilidad.<\/p>\n<\/li>\n<li>\n<p dir=\"ltr\"><strong>Hidr\u00e1ulica de alto nivel<\/strong>: Nuestros remolques est\u00e1n equipados con cilindros hidr\u00e1ulicos de alta calidad, dise\u00f1ados para una elevaci\u00f3n fiable y una larga vida \u00fatil.<\/p>\n<\/li>\n<\/ul>\n<h2 dir=\"ltr\">Especificaciones del remolque volquete de 30 CBM<\/h2>\n<ul class=\"tight\" dir=\"ltr\" data-tight=\"true\">\n<li>\n<p dir=\"ltr\"><strong>Fabricante<\/strong>: <strong>Panda Mech<\/strong><\/p>\n<\/li>\n<li>\n<p dir=\"ltr\"><strong>Ejes<\/strong>: Tres ejes<\/p>\n<\/li>\n<li>\n<p dir=\"ltr\"><strong>Sistema hidr\u00e1ulico<\/strong>: Utilizamos cilindros hidr\u00e1ulicos HYVA<\/p>\n<\/li>\n<li>\n<p dir=\"ltr\"><strong>Suspensi\u00f3n<\/strong>Suspensi\u00f3n neum\u00e1tica o por muelles<\/p>\n<\/li>\n<li>\n<p dir=\"ltr\"><strong>Kingpin<\/strong>: JOST 2\u2033 o 3.5\u2033 pivote desmontable<\/p>\n<\/li>\n<li>\n<p dir=\"ltr\"><strong>Tren de aterrizaje<\/strong>: Tren de aterrizaje JOST 28T<\/p>\n<\/li>\n<li>\n<p dir=\"ltr\"><strong>Sistema de frenado<\/strong>: Sistemas ABS o EBS opcionales<\/p>\n<\/li>\n<li>\n<p dir=\"ltr\"><strong>Neum\u00e1ticos<\/strong>: Equipado con neum\u00e1ticos 12R 22.5 o 315\/80 R22.5<\/p>\n<\/li>\n<li>\n<p dir=\"ltr\"><strong>C\u00e1maras de freno<\/strong>: Las c\u00e1maras T30\/30 garantizan una potencia de frenado fiable.<\/p>\n<\/li>\n<\/ul>\n<h2 dir=\"ltr\">Aplicaciones<\/h2>\n<ul class=\"tight\" dir=\"ltr\" data-tight=\"true\">\n<li>\n<p dir=\"ltr\"><strong>Proyectos de construcci\u00f3n<\/strong>: En Panda Mech dise\u00f1amos nuestros 30 CBM Remolques Volquete para entregar arena, grava y agregados de manera eficiente para las obras de construcci\u00f3n.<\/p>\n<\/li>\n<li>\n<p dir=\"ltr\"><strong>Explotaciones mineras<\/strong>: Nuestros remolques hacen que el transporte de carb\u00f3n, mineral y materiales a granel desde las minas se realice sin problemas.<\/p>\n<\/li>\n<li>\n<p dir=\"ltr\"><strong>Desarrollo de infraestructuras<\/strong>: <strong>Panda Mech<\/strong> apoya la construcci\u00f3n de carreteras y las obras p\u00fablicas con nuestra fiable <strong>volcado de remolques de transporte<\/strong>.<\/p>\n<\/li>\n<li>\n<p dir=\"ltr\"><strong>Necesidades agr\u00edcolas<\/strong>: Disponemos de remolques perfectos para el transporte de tierra, fertilizantes y otros materiales agr\u00edcolas a granel.<\/p>\n<\/li>\n<li>\n<p dir=\"ltr\"><strong>Manipulaci\u00f3n de residuos<\/strong>: Nuestra <strong>semirremolques basculantes<\/strong> agilizar el transporte de escombros de construcci\u00f3n y materiales de desecho a granel.<\/p>\n<\/li>\n<\/ul>\n<h2 dir=\"ltr\">\u00bfPor qu\u00e9 elegir Panda Mech?<\/h2>\n<ul>\n<li dir=\"ltr\"><strong>Soluciones a medida<\/strong>: En <strong>Panda Mech<\/strong>, adaptamos nuestros <strong>Remolque volquete de 30 CBM al por mayor<\/strong> para satisfacer sus necesidades espec\u00edficas, desde la capacidad hasta la configuraci\u00f3n de los ejes.<\/li>\n<li dir=\"ltr\"><strong>Calidad inigualable<\/strong>: Garantizamos que nuestros remolques cumplen las normas CCC, ISO9001 y SGS mediante rigurosas pruebas de calidad.<\/li>\n<li dir=\"ltr\"><strong>Fabricaci\u00f3n de vanguardia<\/strong>: Nuestros avanzados procesos de soldadura y montaje producen remolques basculantes resistentes y duraderos.<\/li>\n<li dir=\"ltr\"><strong>Fiabilidad mundial<\/strong>: <strong>Panda Mech<\/strong> se ha ganado la confianza de clientes de m\u00e1s de 60 pa\u00edses, entre ellos Filipinas, Nigeria y Tanzania, con nuestros <strong>remolques volquete para material a granel<\/strong>.<\/li>\n<li dir=\"ltr\"><strong>Apoyo excepcional<\/strong>: Ofrecemos un servicio posventa completo, que incluye piezas de repuesto y asesoramiento t\u00e9cnico especializado.<\/li>\n<\/ul>","protected":false},"excerpt":{"rendered":"<p><strong>Modelo<\/strong>: 30 cbm<\/p>\n<p><strong>Precios<\/strong>: USD 12.900-30.000<\/p>\n<p><strong>Fecha de entrega<\/strong>7-25 d\u00edas<\/p>\n<p><strong>Aplicaci\u00f3n<\/strong>Transporte de carb\u00f3n, minerales y materiales de construcci\u00f3n<\/p>\n<p><strong>\u00c1ngulo de inclinaci\u00f3n<\/strong>: 45<\/p>\n<p><strong>Sistema hidr\u00e1ulico<\/strong>: Cilindro HYVA<\/p>","protected":false},"featured_media":58105,"template":"","meta":{"_acf_changed":false,"_kad_blocks_custom_css":"","_kad_blocks_head_custom_js":"","_kad_blocks_body_custom_js":"","_kad_blocks_footer_custom_js":"","_kad_post_transparent":"default","_kad_post_title":"","_kad_post_layout":"default","_kad_post_sidebar_id":"","_kad_post_content_style":"default","_kad_post_vertical_padding":"default","_kad_post_feature":"","_kad_post_feature_position":"","_kad_post_header":false,"_kad_post_footer":false,"_kad_post_classname":""},"product_brand":[],"product_cat":[15],"product_tag":[],"class_list":{"0":"post-87374","1":"product","2":"type-product","3":"status-publish","4":"has-post-thumbnail","6":"product_cat-uncategorized","8":"first","9":"instock","10":"sold-individually","11":"shipping-taxable","12":"product-type-simple","13":"entry","14":"content-bg","15":"loop-entry"},"acf":[],"taxonomy_info":{"product_cat":[{"value":15,"label":"Uncategorized"}]},"featured_image_src_large":["https:\/\/www.pandamech.com\/wp-content\/uploads\/2022\/10\/25cbm-tipper-4-500x500.jpg",500,500,true],"author_info":[],"comment_info":"","_links":{"self":[{"href":"https:\/\/www.pandamech.com\/spanish\/wp-json\/wp\/v2\/product\/87374","targetHints":{"allow":["GET"]}}],"collection":[{"href":"https:\/\/www.pandamech.com\/spanish\/wp-json\/wp\/v2\/product"}],"about":[{"href":"https:\/\/www.pandamech.com\/spanish\/wp-json\/wp\/v2\/types\/product"}],"version-history":[{"count":3,"href":"https:\/\/www.pandamech.com\/spanish\/wp-json\/wp\/v2\/product\/87374\/revisions"}],"predecessor-version":[{"id":88470,"href":"https:\/\/www.pandamech.com\/spanish\/wp-json\/wp\/v2\/product\/87374\/revisions\/88470"}],"wp:featuredmedia":[{"embeddable":true,"href":"https:\/\/www.pandamech.com\/spanish\/wp-json\/wp\/v2\/media\/58105"}],"wp:attachment":[{"href":"https:\/\/www.pandamech.com\/spanish\/wp-json\/wp\/v2\/media?parent=87374"}],"wp:term":[{"taxonomy":"product_brand","embeddable":true,"href":"https:\/\/www.pandamech.com\/spanish\/wp-json\/wp\/v2\/product_brand?post=87374"},{"taxonomy":"product_cat","embeddable":true,"href":"https:\/\/www.pandamech.com\/spanish\/wp-json\/wp\/v2\/product_cat?post=87374"},{"taxonomy":"product_tag","embeddable":true,"href":"https:\/\/www.pandamech.com\/spanish\/wp-json\/wp\/v2\/product_tag?post=87374"}],"curies":[{"name":"wp","href":"https:\/\/api.w.org\/{rel}","templated":true}]}}