{"id":77640,"date":"2025-03-12T14:09:51","date_gmt":"2025-03-12T06:09:51","guid":{"rendered":"https:\/\/pandamech.com\/?post_type=product&#038;p=77640"},"modified":"2025-08-23T01:06:39","modified_gmt":"2025-08-22T17:06:39","slug":"45-cbm-cement-bulk-tanker-trailer","status":"publish","type":"product","link":"https:\/\/www.pandamech.com\/spanish\/product\/45-cbm-cement-bulk-tanker-trailer\/","title":{"rendered":"Cami\u00f3n cisterna para cemento 45 CBM"},"content":{"rendered":"<p data-start=\"187\" data-end=\"484\">\u00bfBusca una soluci\u00f3n fiable y eficaz para transportar cemento a granel? Nuestro <strong data-start=\"263\" data-end=\"300\">Cami\u00f3n cisterna para cemento 45 CBM<\/strong> es la elecci\u00f3n perfecta. Tanto si necesita mover cemento para la construcci\u00f3n, la distribuci\u00f3n o la fabricaci\u00f3n, este remolque est\u00e1 dise\u00f1ado para ofrecer un alto rendimiento, durabilidad y facilidad de descarga.<\/p>\n<h2 data-start=\"187\" data-end=\"484\">im\u00e1genes<\/h2>\n<p><img fetchpriority=\"high\" decoding=\"async\" class=\"alignnone size-full wp-image-76648\" src=\"https:\/\/pandamech.com\/wp-content\/uploads\/2025\/02\/3-axles-45-cubic-meters-v-type-cement-tanker-8.jpg\" alt=\"remolque cisterna para polvo de 45 cbm\" width=\"750\" height=\"399\" title=\"\" srcset=\"https:\/\/www.pandamech.com\/wp-content\/uploads\/2025\/02\/3-axles-45-cubic-meters-v-type-cement-tanker-8.jpg 750w, https:\/\/www.pandamech.com\/wp-content\/uploads\/2025\/02\/3-axles-45-cubic-meters-v-type-cement-tanker-8-300x160.jpg 300w, https:\/\/www.pandamech.com\/wp-content\/uploads\/2025\/02\/3-axles-45-cubic-meters-v-type-cement-tanker-8-500x266.jpg 500w, https:\/\/www.pandamech.com\/wp-content\/uploads\/2025\/02\/3-axles-45-cubic-meters-v-type-cement-tanker-8-18x10.jpg 18w\" sizes=\"(max-width: 750px) 100vw, 750px\" \/><\/p>\n<p>45 CBM cemento a granel cisterna remolque para la venta<\/p>\n<p><img decoding=\"async\" class=\"alignnone size-full wp-image-76647\" src=\"https:\/\/pandamech.com\/wp-content\/uploads\/2025\/02\/3-axles-45-cubic-meters-v-type-cement-tanker-6.jpg\" alt=\"remolque cisterna para polvo de 45 cbm\" width=\"750\" height=\"450\" title=\"\" srcset=\"https:\/\/www.pandamech.com\/wp-content\/uploads\/2025\/02\/3-axles-45-cubic-meters-v-type-cement-tanker-6.jpg 750w, https:\/\/www.pandamech.com\/wp-content\/uploads\/2025\/02\/3-axles-45-cubic-meters-v-type-cement-tanker-6-300x180.jpg 300w, https:\/\/www.pandamech.com\/wp-content\/uploads\/2025\/02\/3-axles-45-cubic-meters-v-type-cement-tanker-6-500x300.jpg 500w, https:\/\/www.pandamech.com\/wp-content\/uploads\/2025\/02\/3-axles-45-cubic-meters-v-type-cement-tanker-6-18x12.jpg 18w\" sizes=\"(max-width: 750px) 100vw, 750px\" \/><\/p>\n<p>Fabricante de camiones cisterna para cemento 45 CBM<\/p>\n<p><img decoding=\"async\" class=\"alignnone size-full wp-image-76646\" src=\"https:\/\/pandamech.com\/wp-content\/uploads\/2025\/02\/3-axles-45-cubic-meters-v-type-cement-tanker-5.jpg\" alt=\"remolque cisterna para polvo de 45 cbm\" width=\"750\" height=\"501\" title=\"\" srcset=\"https:\/\/www.pandamech.com\/wp-content\/uploads\/2025\/02\/3-axles-45-cubic-meters-v-type-cement-tanker-5.jpg 750w, https:\/\/www.pandamech.com\/wp-content\/uploads\/2025\/02\/3-axles-45-cubic-meters-v-type-cement-tanker-5-300x200.jpg 300w, https:\/\/www.pandamech.com\/wp-content\/uploads\/2025\/02\/3-axles-45-cubic-meters-v-type-cement-tanker-5-500x334.jpg 500w, https:\/\/www.pandamech.com\/wp-content\/uploads\/2025\/02\/3-axles-45-cubic-meters-v-type-cement-tanker-5-18x12.jpg 18w\" sizes=\"(max-width: 750px) 100vw, 750px\" \/><\/p>\n<p>Remolque cisterna para cemento a granel de 45 CBM Proveedor China<\/p>\n<h2>Especificaci\u00f3n<\/h2>\n<ul>\n<li class=\"break-words\"><strong>Capacidad:<\/strong> 45 CBM<\/li>\n<li class=\"break-words\"><strong>Carga \u00fatil:<\/strong> Hasta 55 toneladas<\/li>\n<li class=\"break-words\"><strong>Material del dep\u00f3sito:<\/strong> Acero de alta resistencia de 6 mm<\/li>\n<li class=\"break-words\"><strong>Dimensiones:<\/strong> 11.000 mm x 2.500 mm x 3.500 mm<\/li>\n<li class=\"break-words\"><strong>Ejes:<\/strong>\u00a03 ejes, capacidad de 16 toneladas cada uno, marca BPW<\/li>\n<li class=\"break-words\"><strong>Suspensi\u00f3n:<\/strong>\u00a0Suspensi\u00f3n mec\u00e1nica con ballestas<\/li>\n<li class=\"break-words\"><strong>Sistema de frenos:<\/strong>\u00a0C\u00e1mara T30\/30, v\u00e1lvula de emergencia WABCO<\/li>\n<li class=\"break-words\"><strong>Neum\u00e1ticos:<\/strong>\u00a012R22.5, 12 unidades<\/li>\n<li class=\"break-words\"><strong>Motor:<\/strong>\u00a0Motor diesel Deutz WeiCai<\/li>\n<li class=\"break-words\"><strong>Tapas de alcantarilla:<\/strong>\u00a03 juegos, 500 mm de di\u00e1metro<\/li>\n<\/ul>\n<h2 data-start=\"486\" data-end=\"501\">Caracter\u00edsticas principales<\/h2>\n<ul data-start=\"503\" data-end=\"1152\">\n<li data-start=\"503\" data-end=\"680\">\ud83d\ude9b <strong data-start=\"508\" data-end=\"527\">45 CBM Capacidad<\/strong>: Transporte grandes vol\u00famenes de cemento en un solo viaje. El <strong data-start=\"585\" data-end=\"614\">45 CBM granelero de cemento<\/strong> le permite hacer m\u00e1s con menos transportes, ahorrando tiempo y combustible.<\/li>\n<li data-start=\"681\" data-end=\"848\">\ud83d\udee0\ufe0f <strong data-start=\"687\" data-end=\"707\">Construcci\u00f3n resistente<\/strong>: Fabricado con acero de alta calidad para una resistencia duradera. Este <strong data-start=\"770\" data-end=\"800\">Remolque para cemento a granel de 45 CBM<\/strong> es lo suficientemente resistente como para soportar condiciones exigentes.<\/li>\n<li data-start=\"849\" data-end=\"1011\">\ud83d\udca8 <strong data-start=\"854\" data-end=\"883\">Descarga neum\u00e1tica r\u00e1pida<\/strong>: Nuestro avanzado sistema de descarga neum\u00e1tica hace que la descarga sea m\u00e1s r\u00e1pida y limpia, consiguiendo que sus materiales lleguen r\u00e1pidamente a su destino.<\/li>\n<li data-start=\"1012\" data-end=\"1152\">\ud83d\udd12 <strong data-start=\"1017\" data-end=\"1034\">Seguro y estable<\/strong>: La suspensi\u00f3n reforzada del remolque y su fiable sistema de frenado lo mantienen estable y seguro, incluso en condiciones adversas.<\/li>\n<\/ul>\n<h2 data-start=\"1154\" data-end=\"1169\">Aplicaciones<\/h2>\n<p data-start=\"1171\" data-end=\"1226\">En <strong data-start=\"1175\" data-end=\"1212\">Cami\u00f3n cisterna para cemento 45 CBM<\/strong> es ideal para:<\/p>\n<ul data-start=\"1228\" data-end=\"1547\">\n<li data-start=\"1228\" data-end=\"1337\">\ud83c\udfd7\ufe0f <strong data-start=\"1234\" data-end=\"1256\">Obras de construcci\u00f3n<\/strong>: Transporte de cemento directamente a las obras, garantizando un flujo continuo de material.<\/li>\n<li data-start=\"1338\" data-end=\"1444\">\ud83d\ude9a <strong data-start=\"1343\" data-end=\"1367\">Fabricantes de cemento<\/strong>: Trasladar cemento a granel de las plantas de producci\u00f3n a los centros de almacenamiento o distribuci\u00f3n.<\/li>\n<li data-start=\"1445\" data-end=\"1547\">\ud83c\udf0d <strong data-start=\"1450\" data-end=\"1473\">Proveedores log\u00edsticos<\/strong>: Transporte cemento, cenizas volantes y otros materiales a granel con facilidad y eficacia.<\/li>\n<\/ul>\n<h2 data-start=\"1549\" data-end=\"1566\">\u00bfPor qu\u00e9 elegirnos?<\/h2>\n<ul data-start=\"1568\" data-end=\"1975\">\n<li data-start=\"1568\" data-end=\"1697\">\ud83c\udf1f <strong data-start=\"1573\" data-end=\"1593\">Experiencia demostrada<\/strong>: Con m\u00e1s de 20 a\u00f1os en el sector, sabemos lo que funciona. Construimos remolques que resisten el paso del tiempo.<\/li>\n<li data-start=\"1698\" data-end=\"1840\">\ud83d\udd27 <strong data-start=\"1703\" data-end=\"1721\">Opciones personalizadas<\/strong>: Soluciones a medida para satisfacer sus necesidades, ya sean compartimentos adicionales, configuraciones especiales u opciones de color.<\/li>\n<li data-start=\"1841\" data-end=\"1975\">\ud83d\udcbc <strong data-start=\"1846\" data-end=\"1864\">Servicio mundial<\/strong>: Prestamos servicio a clientes de todo el mundo, con entrega r\u00e1pida, asistencia local y opciones de garant\u00eda para su tranquilidad.<\/li>\n<\/ul>\n<h2 data-start=\"1977\" data-end=\"1992\">Ponte en contacto<\/h2>\n<p data-start=\"1994\" data-end=\"2183\">\u00bfEst\u00e1 listo para mejorar su transporte de cemento a granel? Rellene el siguiente formulario de contacto para obtener m\u00e1s informaci\u00f3n o env\u00edenos su consulta ahora mismo. Consiga su <strong data-start=\"2133\" data-end=\"2170\">Cami\u00f3n cisterna para cemento 45 CBM<\/strong> en la carretera.<\/p>\n<p data-start=\"2185\" data-end=\"2222\"><strong data-start=\"2185\" data-end=\"2222\">Cami\u00f3n cisterna para cemento 45 CBM<\/strong><\/p>","protected":false},"excerpt":{"rendered":"<p><strong>Capacidad<\/strong>: 45m3, 55ton<\/p>\n<p><strong>Precios<\/strong>: $18,800-34,800<\/p>\n<p><strong>Fecha de entrega<\/strong>7-25 d\u00edas<\/p>\n<p><strong>Descarga m\u00e1s r\u00e1pida<\/strong>: &gt;1,5ton\/min<\/p>\n<p><strong>Aplicaci\u00f3n<\/strong>Transporte de cemento, part\u00edculas de PVC, cenizas volantes, materiales granulares, etc.<\/p>","protected":false},"featured_media":76645,"template":"","meta":{"_acf_changed":false,"_kad_blocks_custom_css":"","_kad_blocks_head_custom_js":"","_kad_blocks_body_custom_js":"","_kad_blocks_footer_custom_js":"","_kad_post_transparent":"default","_kad_post_title":"","_kad_post_layout":"default","_kad_post_sidebar_id":"","_kad_post_content_style":"default","_kad_post_vertical_padding":"default","_kad_post_feature":"","_kad_post_feature_position":"","_kad_post_header":false,"_kad_post_footer":false,"_kad_post_classname":""},"product_brand":[],"product_cat":[15],"product_tag":[],"class_list":{"0":"post-77640","1":"product","2":"type-product","3":"status-publish","4":"has-post-thumbnail","6":"product_cat-uncategorized","8":"first","9":"instock","10":"sold-individually","11":"shipping-taxable","12":"product-type-simple","13":"entry","14":"content-bg","15":"loop-entry"},"acf":[],"taxonomy_info":{"product_cat":[{"value":15,"label":"Uncategorized"}]},"featured_image_src_large":["https:\/\/www.pandamech.com\/wp-content\/uploads\/2025\/02\/3-axles-45-cubic-meters-v-type-cement-tanker-3-500x500.jpg",500,500,true],"author_info":[],"comment_info":"","_links":{"self":[{"href":"https:\/\/www.pandamech.com\/spanish\/wp-json\/wp\/v2\/product\/77640","targetHints":{"allow":["GET"]}}],"collection":[{"href":"https:\/\/www.pandamech.com\/spanish\/wp-json\/wp\/v2\/product"}],"about":[{"href":"https:\/\/www.pandamech.com\/spanish\/wp-json\/wp\/v2\/types\/product"}],"version-history":[{"count":1,"href":"https:\/\/www.pandamech.com\/spanish\/wp-json\/wp\/v2\/product\/77640\/revisions"}],"predecessor-version":[{"id":91226,"href":"https:\/\/www.pandamech.com\/spanish\/wp-json\/wp\/v2\/product\/77640\/revisions\/91226"}],"wp:featuredmedia":[{"embeddable":true,"href":"https:\/\/www.pandamech.com\/spanish\/wp-json\/wp\/v2\/media\/76645"}],"wp:attachment":[{"href":"https:\/\/www.pandamech.com\/spanish\/wp-json\/wp\/v2\/media?parent=77640"}],"wp:term":[{"taxonomy":"product_brand","embeddable":true,"href":"https:\/\/www.pandamech.com\/spanish\/wp-json\/wp\/v2\/product_brand?post=77640"},{"taxonomy":"product_cat","embeddable":true,"href":"https:\/\/www.pandamech.com\/spanish\/wp-json\/wp\/v2\/product_cat?post=77640"},{"taxonomy":"product_tag","embeddable":true,"href":"https:\/\/www.pandamech.com\/spanish\/wp-json\/wp\/v2\/product_tag?post=77640"}],"curies":[{"name":"wp","href":"https:\/\/api.w.org\/{rel}","templated":true}]}}