{"id":77639,"date":"2025-03-11T15:09:49","date_gmt":"2025-03-11T07:09:49","guid":{"rendered":"https:\/\/pandamech.com\/?post_type=product&#038;p=77639"},"modified":"2025-08-23T01:06:39","modified_gmt":"2025-08-22T17:06:39","slug":"45-cbm-cement-bulker-truck-trailer","status":"publish","type":"product","link":"https:\/\/www.pandamech.com\/spanish\/product\/45-cbm-cement-bulker-truck-trailer\/","title":{"rendered":"Cami\u00f3n remolque para cemento de 45 CBM"},"content":{"rendered":"<p>\u00bfBusca una soluci\u00f3n de transporte de cemento a granel de alto rendimiento que mantenga sus proyectos en marcha? Comprendo los retos que supone mover toneladas de cemento seco y en polvo de forma eficiente. Es por eso que en Panda Mech, hemos dise\u00f1ado el 45 CBM Cement Bulker Truck Trailer para ser la respuesta definitiva a sus necesidades. Este granelero de servicio pesado, tambi\u00e9n conocido como cami\u00f3n granelero de cemento de 45 CBM o cami\u00f3n granelero de cemento de 45 CBM, es la respuesta definitiva a sus necesidades. <em data-start=\"518\" data-end=\"541\">remolque cisterna para polvo<\/em> - facilita su trabajo. Con una amplia capacidad de 45 CBM y un avanzado sistema de descarga neum\u00e1tica, revoluciona la log\u00edstica de materiales secos a granel transportando m\u00e1s material en cada viaje y descargando m\u00e1s r\u00e1pido que nunca. Menos viajes, descarga m\u00e1s r\u00e1pida y fiabilidad robusta significan que ahorrar\u00e1 tiempo y dinero en cada transporte.<\/p>\n<h2>im\u00e1genes<\/h2>\n<p><img fetchpriority=\"high\" decoding=\"async\" class=\"alignnone size-full wp-image-76607\" src=\"https:\/\/pandamech.com\/wp-content\/uploads\/2025\/02\/7.jpg\" alt=\"Remolque cisterna para cemento de 45 CBM\" width=\"800\" height=\"533\" title=\"\" srcset=\"https:\/\/www.pandamech.com\/wp-content\/uploads\/2025\/02\/7.jpg 800w, https:\/\/www.pandamech.com\/wp-content\/uploads\/2025\/02\/7-300x200.jpg 300w, https:\/\/www.pandamech.com\/wp-content\/uploads\/2025\/02\/7-500x333.jpg 500w, https:\/\/www.pandamech.com\/wp-content\/uploads\/2025\/02\/7-18x12.jpg 18w\" sizes=\"(max-width: 800px) 100vw, 800px\" \/><\/p>\n<p>45 CBM Cemento Bulker Cami\u00f3n Remolque para la venta<\/p>\n<p><img decoding=\"async\" class=\"alignnone size-full wp-image-76608\" src=\"https:\/\/pandamech.com\/wp-content\/uploads\/2025\/02\/8-cement-trailer.jpg\" alt=\"Remolque cisterna para cemento de 45 CBM\" width=\"800\" height=\"533\" title=\"\" srcset=\"https:\/\/www.pandamech.com\/wp-content\/uploads\/2025\/02\/8-cement-trailer.jpg 800w, https:\/\/www.pandamech.com\/wp-content\/uploads\/2025\/02\/8-cement-trailer-300x200.jpg 300w, https:\/\/www.pandamech.com\/wp-content\/uploads\/2025\/02\/8-cement-trailer-500x333.jpg 500w, https:\/\/www.pandamech.com\/wp-content\/uploads\/2025\/02\/8-cement-trailer-18x12.jpg 18w\" sizes=\"(max-width: 800px) 100vw, 800px\" \/><\/p>\n<p>Fabricante de remolques para camiones cisterna de cemento de 45 CBM<\/p>\n<p><img decoding=\"async\" class=\"alignnone size-full wp-image-76611\" src=\"https:\/\/pandamech.com\/wp-content\/uploads\/2025\/02\/10.jpg\" alt=\"Remolque cisterna para cemento de 45 CBM\" width=\"800\" height=\"533\" title=\"\" srcset=\"https:\/\/www.pandamech.com\/wp-content\/uploads\/2025\/02\/10.jpg 800w, https:\/\/www.pandamech.com\/wp-content\/uploads\/2025\/02\/10-300x200.jpg 300w, https:\/\/www.pandamech.com\/wp-content\/uploads\/2025\/02\/10-500x333.jpg 500w, https:\/\/www.pandamech.com\/wp-content\/uploads\/2025\/02\/10-18x12.jpg 18w\" sizes=\"(max-width: 800px) 100vw, 800px\" \/><\/p>\n<p>45 CBM Cement Bulker Truck Trailer proveedor<\/p>\n<h2>Especificaci\u00f3n<\/h2>\n<ul>\n<li class=\"break-words\"><strong>Capacidad:<\/strong>\u00a045 CBM (45 metros c\u00fabicos)<\/li>\n<li class=\"break-words\"><strong>Carga \u00fatil:<\/strong>\u00a0Hasta 55 toneladas (dependiendo de la densidad del material)<\/li>\n<li class=\"break-words\"><strong>Material del dep\u00f3sito:<\/strong>\u00a0Acero de alta resistencia de 6 mm (Q345)<\/li>\n<li class=\"break-words\"><strong>Dimensiones:<\/strong>\u00a011.000 mm (largo) x 2.500 mm (ancho) x 3.500 mm (alto)<\/li>\n<li class=\"break-words\"><strong>Ejes:<\/strong>\u00a03 ejes, capacidad de 16 toneladas cada uno, marca BPW<\/li>\n<li class=\"break-words\"><strong>Suspensi\u00f3n:<\/strong>\u00a0Suspensi\u00f3n mec\u00e1nica con ballestas<\/li>\n<li class=\"break-words\"><strong>Sistema de frenos:<\/strong>\u00a0C\u00e1mara T30\/30, v\u00e1lvula de emergencia WABCO<\/li>\n<li class=\"break-words\"><strong>Neum\u00e1ticos:<\/strong>\u00a012R22.5, 12 unidades<\/li>\n<li class=\"break-words\"><strong>Motor:<\/strong>\u00a0Motor diesel Deutz WeiCai<\/li>\n<li class=\"break-words\"><strong>Tapas de alcantarilla:<\/strong>\u00a03 juegos, 500 mm de di\u00e1metro<\/li>\n<\/ul>\n<h2 data-start=\"882\" data-end=\"897\">Caracter\u00edsticas principales<\/h2>\n<ul data-start=\"990\" data-end=\"2440\">\n<li data-start=\"990\" data-end=\"1258\">\ud83d\ude9b <strong data-start=\"995\" data-end=\"1020\">Enorme capacidad de 45 CBM:<\/strong> Mueva grandes vol\u00famenes de cemento o polvo de una sola vez. Nuestros remolques <strong data-start=\"1087\" data-end=\"1105\">45 metros c\u00fabicos<\/strong> tanque significa que transporta m\u00e1s por viaje, reduciendo el n\u00famero de transportes y recortando los costes de combustible y mano de obra. Menos cargas = m\u00e1s eficiencia para su operaci\u00f3n.<\/li>\n<li data-start=\"1259\" data-end=\"1531\">\ud83d\udee1\ufe0f <strong data-start=\"1265\" data-end=\"1292\">Construcci\u00f3n robusta y duradera:<\/strong> Fabricado para resistir. Utilizamos acero de alta resistencia y un chasis reforzado para que este remolque resista las carreteras m\u00e1s duras y el uso m\u00e1s intenso. Su construcci\u00f3n de alta resistencia garantiza <strong data-start=\"1470\" data-end=\"1514\">rendimiento fiable en condiciones dif\u00edciles<\/strong> viaje tras viaje.<\/li>\n<li data-start=\"1532\" data-end=\"1847\">\ud83d\udca8 <strong data-start=\"1537\" data-end=\"1577\">Sistema avanzado de descarga neum\u00e1tica:<\/strong> La descarga es r\u00e1pida y sin esfuerzo. El remolque <strong data-start=\"1627\" data-end=\"1657\">sistema de descarga neum\u00e1tica<\/strong> (accionado por un robusto compresor de aire a bordo) sopla cemento a m\u00e1s de 1,5 toneladas por minuto. Pasar\u00e1 menos tiempo en el silo de destino y m\u00e1s tiempo en la carretera, lo que aumentar\u00e1 su productividad.<\/li>\n<li data-start=\"1848\" data-end=\"2106\">\ud83d\udd04 <strong data-start=\"1853\" data-end=\"1880\">Dise\u00f1o de residuos m\u00ednimos:<\/strong> Saque casi todo el material. El dise\u00f1o interno de la tolva garantiza <strong data-start=\"1954\" data-end=\"1981\">restos m\u00ednimos de cemento<\/strong> dentro del dep\u00f3sito despu\u00e9s de la descarga. Esto significa menos residuos, f\u00e1cil limpieza y ausencia de contaminaci\u00f3n cruzada al cambiar de material.<\/li>\n<li data-start=\"2107\" data-end=\"2440\">\u2699\ufe0f <strong data-start=\"2112\" data-end=\"2137\">Seguridad y estabilidad:<\/strong> Sus conductores y su carga est\u00e1n en buenas manos. A <strong data-start=\"2182\" data-end=\"2216\">suspensi\u00f3n triaxial reforzada<\/strong>, El fiable sistema de frenado (con v\u00e1lvulas y c\u00e1maras de calidad) y las escaleras y barandillas antideslizantes contribuyen a la seguridad de las operaciones. Tanto en autopistas como en obras accidentadas, el remolque se mantiene estable y seguro.<\/li>\n<\/ul>\n<h2 data-start=\"2442\" data-end=\"2457\">Aplicaciones<\/h2>\n<p data-start=\"2459\" data-end=\"2676\">El 45 CBM Cement Bulker Trailer no se limita a un solo tipo de trabajo: es un activo vers\u00e1til para todo tipo de trabajos. <strong data-start=\"2557\" data-end=\"2608\">sectores de la construcci\u00f3n, la log\u00edstica y la industria<\/strong>. He aqu\u00ed algunos usos reales de este motor de transporte a granel:<\/p>\n<ul data-start=\"2678\" data-end=\"4053\">\n<li data-start=\"2678\" data-end=\"2995\">\ud83c\udfd7\ufe0f <strong data-start=\"2684\" data-end=\"2710\">Proyectos de construcci\u00f3n:<\/strong> Mantenga su obra abastecida de cemento sin parar. Desde proyectos de construcci\u00f3n a gran escala hasta obras de infraestructura remotas, este remolque <strong data-start=\"2849\" data-end=\"2873\">suministra cemento a granel<\/strong> y cenizas volantes para que sus hormigoneras nunca tengan que esperar. Sin retrasos ni cuellos de botella: solo suministro de hormig\u00f3n a tiempo.<\/li>\n<li data-start=\"2996\" data-end=\"3328\">\ud83d\ude9a <strong data-start=\"3001\" data-end=\"3041\">Fabricaci\u00f3n y distribuci\u00f3n de cemento:<\/strong> Transporte eficazmente el producto desde su planta de cemento hasta los centros de distribuci\u00f3n o las instalaciones del cliente. A los fabricantes de cemento les encanta este remolque para transportar grandes vol\u00famenes desde la f\u00e1brica hasta las plantas de dosificaci\u00f3n o las instalaciones de almacenamiento. Garantiza <strong data-start=\"3263\" data-end=\"3288\">transporte de cemento a granel<\/strong> funcione sin problemas en toda su cadena de suministro.<\/li>\n<li data-start=\"3329\" data-end=\"3679\">\ud83c\udf0d <strong data-start=\"3334\" data-end=\"3370\">Empresas de log\u00edstica y transporte:<\/strong> Ampl\u00ede sus servicios a <strong data-start=\"3397\" data-end=\"3428\">log\u00edstica de materiales secos a granel<\/strong>. Si es un proveedor de servicios de transporte o log\u00edstica, a\u00f1adir este remolque para cemento a su flota le permitir\u00e1 gestionar contratos de transporte de cemento, cal u otros productos en polvo. Su fiabilidad y capacidad lo convierten en una opci\u00f3n rentable para el transporte de mercanc\u00edas a granel.<\/li>\n<li data-start=\"3680\" data-end=\"4053\">\ud83c\udfed <strong data-start=\"3685\" data-end=\"3719\">Industria y generaci\u00f3n de energ\u00eda:<\/strong> Manipule materiales a granel especializados con facilidad. Las centrales el\u00e9ctricas y las instalaciones industriales a menudo necesitan transportar materiales como cenizas volantes, yeso en polvo o cal para su procesamiento o eliminaci\u00f3n. El remolque para graneles de 45 CBM transporta con seguridad estos materiales. <strong data-start=\"3950\" data-end=\"3972\">materiales secos a granel<\/strong>, ayudando a las industrias a mantener las normas medioambientales y la eficiencia operativa.<\/li>\n<\/ul>\n<h2 data-start=\"4240\" data-end=\"4265\">\u00bfPor qu\u00e9 elegir Panda Mech?<\/h2>\n<ul data-start=\"4535\" data-end=\"6208\">\n<li data-start=\"4535\" data-end=\"4811\">\ud83c\udfed <strong data-start=\"4540\" data-end=\"4571\">M\u00e1s de 20 a\u00f1os de experiencia:<\/strong> Con dos d\u00e9cadas de experiencia en el sector, conocemos el transporte a granel por dentro y por fuera. Nuestro equipo ha perfeccionado el dise\u00f1o de los remolques para cemento a lo largo de los a\u00f1os, por lo que usted obtiene un producto de eficacia probada elaborado por expertos que entienden sus retos.<\/li>\n<li data-start=\"4812\" data-end=\"5147\">\u2705 <strong data-start=\"4816\" data-end=\"4843\">Calidad sin concesiones:<\/strong> Todos los remolques para cemento de 45 CBM se fabrican de acuerdo con las normas m\u00e1s exigentes. Utilizamos materiales de primera calidad, como acero Q345 de alta resistencia, y componentes de primer nivel (frenos, ejes, neum\u00e1ticos) para garantizar la durabilidad y una larga vida \u00fatil. Las rigurosas inspecciones de calidad a cada paso le proporcionan un remolque en el que puede confiar durante a\u00f1os.<\/li>\n<li data-start=\"5148\" data-end=\"5488\">\ud83d\udee0\ufe0f <strong data-start=\"5154\" data-end=\"5179\">A su medida:<\/strong> Entendemos que una talla no sirve para todos. \u00bfNecesita una configuraci\u00f3n de ejes diferente, un color de pintura espec\u00edfico o accesorios especiales? Le ofrecemos <strong data-start=\"5316\" data-end=\"5341\">opciones de personalizaci\u00f3n<\/strong> para adaptar el remolque a sus requisitos exactos y a la normativa local. Su cami\u00f3n cementero de 45 CBM se adaptar\u00e1 perfectamente a las necesidades de su negocio.<\/li>\n<li data-start=\"5489\" data-end=\"5847\">\ud83e\udd1d <strong data-start=\"5494\" data-end=\"5527\">Asistencia y garant\u00eda dedicadas:<\/strong> Cuando elige Panda Mech, cuenta con todo nuestro respaldo. Disfrute de la tranquilidad de una garant\u00eda completa de 12 meses y asistencia t\u00e9cnica de por vida. Proporcionamos piezas de repuesto r\u00e1pidamente y contamos con un equipo de asistencia experimentado listo para ayudarle a solucionar problemas o responder a cualquier pregunta: estamos con usted en cada paso del camino.<\/li>\n<li data-start=\"5848\" data-end=\"6208\">\ud83c\udf0e <strong data-start=\"5853\" data-end=\"5878\">Alcance mundial y confianza:<\/strong> Los remolques Panda Mech est\u00e1n en la carretera en m\u00e1s de 100 pa\u00edses, y sumando. Tenemos la experiencia para enviar su remolque de cemento a granel de forma segura a su ubicaci\u00f3n, est\u00e9 donde est\u00e9. Nuestra base de clientes en todo el mundo es un testimonio de nuestra fiabilidad y servicio. Cuando se asocia con nosotros, se une a una familia global de clientes satisfechos de Panda Mech.<\/li>\n<\/ul>\n<h2 data-start=\"6210\" data-end=\"6229\">P\u00f3ngase en contacto con nosotros<\/h2>\n<p data-start=\"6231\" data-end=\"6712\">No deje que un equipo obsoleto frene su negocio. <strong data-start=\"6285\" data-end=\"6335\">\u00bfEst\u00e1 preparado para aumentar la eficacia de su transporte a granel?<\/strong> Env\u00edenos una consulta hoy mismo y empecemos a mejorar su flota. Estaremos encantados de responder a sus preguntas, proporcionarle especificaciones detalladas y guiarle a trav\u00e9s del proceso de compra. En Panda Mech, nuestro equipo est\u00e1 comprometido a encontrar la soluci\u00f3n perfecta de transporte a granel para usted, y estamos seguros de que el 45 CBM Cement Bulker Truck Trailer superar\u00e1 sus expectativas.<\/p>","protected":false},"excerpt":{"rendered":"<p><strong>Capacidad<\/strong>: 45m3, 55ton<\/p>\n<p><strong>Precios<\/strong>: $18,800-34,800<\/p>\n<p><strong>Fecha de entrega<\/strong>7-25 d\u00edas<\/p>\n<p><strong>Descarga m\u00e1s r\u00e1pida<\/strong>: &gt;1,5ton\/min<\/p>\n<p><strong>Aplicaci\u00f3n<\/strong>Transporte de cemento, part\u00edculas de PVC, cenizas volantes, materiales granulares, etc.<\/p>","protected":false},"featured_media":76604,"template":"","meta":{"_acf_changed":false,"_kad_blocks_custom_css":"","_kad_blocks_head_custom_js":"","_kad_blocks_body_custom_js":"","_kad_blocks_footer_custom_js":"","_kad_post_transparent":"default","_kad_post_title":"","_kad_post_layout":"default","_kad_post_sidebar_id":"","_kad_post_content_style":"default","_kad_post_vertical_padding":"default","_kad_post_feature":"","_kad_post_feature_position":"","_kad_post_header":false,"_kad_post_footer":false,"_kad_post_classname":""},"product_brand":[],"product_cat":[15],"product_tag":[],"class_list":{"0":"post-77639","1":"product","2":"type-product","3":"status-publish","4":"has-post-thumbnail","6":"product_cat-uncategorized","8":"first","9":"instock","10":"sold-individually","11":"shipping-taxable","12":"product-type-simple","13":"entry","14":"content-bg","15":"loop-entry"},"acf":[],"taxonomy_info":{"product_cat":[{"value":15,"label":"Uncategorized"}]},"featured_image_src_large":["https:\/\/www.pandamech.com\/wp-content\/uploads\/2025\/02\/3-500x500.jpg",500,500,true],"author_info":[],"comment_info":"","_links":{"self":[{"href":"https:\/\/www.pandamech.com\/spanish\/wp-json\/wp\/v2\/product\/77639","targetHints":{"allow":["GET"]}}],"collection":[{"href":"https:\/\/www.pandamech.com\/spanish\/wp-json\/wp\/v2\/product"}],"about":[{"href":"https:\/\/www.pandamech.com\/spanish\/wp-json\/wp\/v2\/types\/product"}],"version-history":[{"count":1,"href":"https:\/\/www.pandamech.com\/spanish\/wp-json\/wp\/v2\/product\/77639\/revisions"}],"predecessor-version":[{"id":91227,"href":"https:\/\/www.pandamech.com\/spanish\/wp-json\/wp\/v2\/product\/77639\/revisions\/91227"}],"wp:featuredmedia":[{"embeddable":true,"href":"https:\/\/www.pandamech.com\/spanish\/wp-json\/wp\/v2\/media\/76604"}],"wp:attachment":[{"href":"https:\/\/www.pandamech.com\/spanish\/wp-json\/wp\/v2\/media?parent=77639"}],"wp:term":[{"taxonomy":"product_brand","embeddable":true,"href":"https:\/\/www.pandamech.com\/spanish\/wp-json\/wp\/v2\/product_brand?post=77639"},{"taxonomy":"product_cat","embeddable":true,"href":"https:\/\/www.pandamech.com\/spanish\/wp-json\/wp\/v2\/product_cat?post=77639"},{"taxonomy":"product_tag","embeddable":true,"href":"https:\/\/www.pandamech.com\/spanish\/wp-json\/wp\/v2\/product_tag?post=77639"}],"curies":[{"name":"wp","href":"https:\/\/api.w.org\/{rel}","templated":true}]}}