{"id":66922,"date":"2022-05-08T17:24:38","date_gmt":"2022-05-08T09:24:38","guid":{"rendered":"https:\/\/pandamech.com\/?post_type=product&#038;p=66922"},"modified":"2026-01-05T14:58:31","modified_gmt":"2026-01-05T06:58:31","slug":"2-axle-fuel-tank-trailer-with-bogie-for-sale","status":"publish","type":"product","link":"https:\/\/www.pandamech.com\/spanish\/product\/2-axle-fuel-tank-trailer-with-bogie-for-sale\/","title":{"rendered":"2 ejes del tanque de combustible remolque con Bogie Para la venta"},"content":{"rendered":"<p>El remolque cisterna de combustible con bogie se utiliza principalmente para el transporte de diesel, petr\u00f3leo, aceite, gasolina, etc. Se utiliza generalmente para el transporte de larga distancia, utilizado principalmente en gasolineras, f\u00e1bricas y otros lugares.<\/p>\n<h2>Remolque cisterna de combustible de 2 ejes con especificaci\u00f3n de bogie<\/h2>\n<table style=\"width: 800px;\" border=\"1\" cellspacing=\"1\" cellpadding=\"1\">\n<tbody>\n<tr>\n<td width=\"300\" height=\"41\">\u00a0Marca<\/td>\n<td width=\"706\">\u00a0PANDA mech<\/td>\n<\/tr>\n<tr>\n<td height=\"41\">\u00a0Art\u00edculo<\/td>\n<td>Remolque cisterna de combustible de 2 ejes con bogie<\/td>\n<\/tr>\n<tr>\n<td height=\"41\">\u00a0Dimensi\u00f3n<\/td>\n<td>\u00a010900*2500*1800 (Referencia, personalizado seg\u00fan necesidades)<\/td>\n<\/tr>\n<tr>\n<td height=\"41\">\u00a0Capacidad<\/td>\n<td>\u00a040 KL 40.000litros<\/td>\n<\/tr>\n<tr>\n<td height=\"41\">\u00a0Compartimento<\/td>\n<td>\u00a02-10<\/td>\n<\/tr>\n<tr>\n<td height=\"41\">\u00a0Carga \u00fatil<\/td>\n<td>\u00a034-37T (Referencia)<\/td>\n<\/tr>\n<tr>\n<td height=\"41\">\u00a0Peso<\/td>\n<td>\u00a09.2T<\/td>\n<\/tr>\n<tr>\n<td height=\"41\">\u00a0Material<\/td>\n<td>\u00a0Hierro Acero, Acero inoxidable<\/td>\n<\/tr>\n<tr>\n<td height=\"41\">\u00a0Chasis<\/td>\n<td>\u00a0Acero de alta resistencia<\/td>\n<\/tr>\n<tr>\n<td height=\"41\">\u00a0V\u00e1lvula<\/td>\n<td>\u00a0Civacon, EMCO, HELI, JLME, HENGHE<\/td>\n<\/tr>\n<tr>\n<td height=\"41\">\u00a0Eje<\/td>\n<td>\u00a02\/3\/4 ejes; BPW, FUWA, L1, HO'S, SAF, PDME<\/td>\n<\/tr>\n<tr>\n<td height=\"41\">\u00a0Suspensi\u00f3n<\/td>\n<td>\u00a0Suspensi\u00f3n neum\u00e1tica, Mec\u00e1nica, Bogie<\/td>\n<\/tr>\n<tr>\n<td height=\"41\">\u00a0Sistema de frenos<\/td>\n<td>\u00a0Sistema de frenos Dual Line, c\u00e1mara T30\/30, v\u00e1lvula de emergencia Wabco, ABS\/EBS opcional<\/td>\n<\/tr>\n<tr>\n<td height=\"41\">\u00a0Piezas<\/td>\n<td>\u00a0Guardabarros, Escalera, 1 caja de herramientas est\u00e1ndar, 1 capa de imprimaci\u00f3n anticorrosiva, 2 capas de pintura final, Pintura de poliuretano, Tren de aterrizaje, Llanta de acero 9.0-22.5, Extintor, V\u00e1lvula de fondo neum\u00e1tica de 4 pulgadas, Tapa de registro de aleaci\u00f3n de aluminio de 500mm, Chapa de acero Q345\/6mm, conforme ADR (Seg\u00fan necesidades del cliente).<\/td>\n<\/tr>\n<tr>\n<td height=\"41\">\u00a0Aplicaci\u00f3n<\/td>\n<td>\u00a0Combustible, petr\u00f3leo, crudo, gas\u00f3leo, gasolina, petr\u00f3leo, gasolina<\/td>\n<\/tr>\n<tr>\n<td height=\"41\"><a href=\"\/spanish\/contact-us\/\">Consulta<\/a><\/td>\n<td><a href=\"https:\/\/www.pandamech.com\/spanish\/about\/\" target=\"_blank\" rel=\"noopener\">Acerca de Panda Mech<\/a><\/td>\n<\/tr>\n<\/tbody>\n<\/table>\n<h2>Remolque cisterna de combustible de 2 ejes con bogie im\u00e1genes<\/h2>\n<p><img decoding=\"async\" src=\"\/wp-content\/uploads\/u_file\/6e4bf02796.jpg\" alt=\"Remolque cisterna de combustible de 40000 litros con bogie\" title=\"\"><\/p>\n<p><img decoding=\"async\" src=\"\/wp-content\/uploads\/u_file\/0a1f63260c.jpg\" alt=\"remolque cisterna de combustible con bogie\" title=\"\"><\/p>\n<h2>Aplicaci\u00f3n:<\/h2>\n<p>El remolque cisterna de combustible se utiliza generalmente para transportar gasolina, queroseno, diesel, aceite vegetal, aceite comestible, aceite pesado, alquitr\u00e1n de hulla y productos no derivados del petr\u00f3leo como alcohol, aldeh\u00eddo, benceno, \u00e9ter y otras sustancias l\u00edquidas.<\/p>\n<p>El remolque cisterna de combustible tiene una capacidad de 30000-60000 litros, que se utiliza generalmente para el transporte de larga distancia, el transporte de sustancias l\u00edquidas en todo el mundo, a fin de realizar la distribuci\u00f3n razonable y el uso de los recursos.<\/p>\n<h2>Caracter\u00edsticas:<\/h2>\n<p>1. Dibujo 3D e HyperMesh &amp; Ansys<\/p>\n<p>Aprovechar al m\u00e1ximo las propiedades f\u00edsicas, aumentar el rendimiento y reducir los costes de explotaci\u00f3n.<\/p>\n<p>2. Adaptador API est\u00e1ndar ADR<\/p>\n<p>Crucial para cualquier sistema de carga inferior API, coincide con acopladores de 3\u2033 o 4\u2033.<\/p>\n<p>3. Tomas API \u00d3pticas<\/p>\n<p>Sistema de carga inferior del soporte<\/p>\n<p>4. Est\u00e1ndar ADR Boca de hombre con ventilaci\u00f3n de vapor<\/p>\n<p>16\u2033 o 20\u2033, Material de aluminio para una mayor vida \u00fatil.<\/p>\n<p>5. M\u00e1s seguridad por 7ntro de gravedad m\u00e1s bajo Dise\u00f1o de cuello de cisne<\/p>\n<p>6. 12% Mayor volumen gracias al dise\u00f1o del ca\u00f1\u00f3n de secci\u00f3n semiel\u00edptica<\/p>\n<p>7. Larga vida \u00fatil gracias a la soldadura por arco autom\u00e1tica de cisternas<\/p>\n<h2>Transporte mar\u00edtimo de remolques cisterna de combustible<\/h2>\n<p>Para evitar que la pintura del remolque cisterna de combustible se corroa por el agua de mar, rociaremos una capa de cera en la superficie del remolque cisterna de combustible antes del transporte.<\/p>","protected":false},"excerpt":{"rendered":"<p>Tipo: remolques cisterna de aluminio para combustible<\/p>\n<p>Gama de precios: $15.900-36.500<\/p>\n<p>Entrega: 7-5 d\u00edas<\/p>\n<p>Material: acero al carbono<\/p>\n<p>Aplicaciones: transporte de gasolina, gasolina l\u00edquida<\/p>","protected":false},"featured_media":57812,"template":"","meta":{"_acf_changed":false,"_kad_blocks_custom_css":"","_kad_blocks_head_custom_js":"","_kad_blocks_body_custom_js":"","_kad_blocks_footer_custom_js":"","_kad_post_transparent":"default","_kad_post_title":"","_kad_post_layout":"default","_kad_post_sidebar_id":"","_kad_post_content_style":"default","_kad_post_vertical_padding":"default","_kad_post_feature":"","_kad_post_feature_position":"","_kad_post_header":false,"_kad_post_footer":false,"_kad_post_classname":""},"product_brand":[],"product_cat":[109],"product_tag":[],"class_list":{"0":"post-66922","1":"product","2":"type-product","3":"status-publish","4":"has-post-thumbnail","6":"product_cat-fuel-tanker","8":"first","9":"instock","10":"sold-individually","11":"shipping-taxable","12":"purchasable","13":"product-type-simple","14":"entry","15":"content-bg","16":"loop-entry"},"acf":[],"taxonomy_info":{"product_cat":[{"value":109,"label":"Fuel Tanker Trailer"}]},"featured_image_src_large":["https:\/\/www.pandamech.com\/wp-content\/uploads\/2022\/08\/3-46-500x500.jpg",500,500,true],"author_info":[],"comment_info":"","_links":{"self":[{"href":"https:\/\/www.pandamech.com\/spanish\/wp-json\/wp\/v2\/product\/66922","targetHints":{"allow":["GET"]}}],"collection":[{"href":"https:\/\/www.pandamech.com\/spanish\/wp-json\/wp\/v2\/product"}],"about":[{"href":"https:\/\/www.pandamech.com\/spanish\/wp-json\/wp\/v2\/types\/product"}],"version-history":[{"count":1,"href":"https:\/\/www.pandamech.com\/spanish\/wp-json\/wp\/v2\/product\/66922\/revisions"}],"predecessor-version":[{"id":91422,"href":"https:\/\/www.pandamech.com\/spanish\/wp-json\/wp\/v2\/product\/66922\/revisions\/91422"}],"wp:featuredmedia":[{"embeddable":true,"href":"https:\/\/www.pandamech.com\/spanish\/wp-json\/wp\/v2\/media\/57812"}],"wp:attachment":[{"href":"https:\/\/www.pandamech.com\/spanish\/wp-json\/wp\/v2\/media?parent=66922"}],"wp:term":[{"taxonomy":"product_brand","embeddable":true,"href":"https:\/\/www.pandamech.com\/spanish\/wp-json\/wp\/v2\/product_brand?post=66922"},{"taxonomy":"product_cat","embeddable":true,"href":"https:\/\/www.pandamech.com\/spanish\/wp-json\/wp\/v2\/product_cat?post=66922"},{"taxonomy":"product_tag","embeddable":true,"href":"https:\/\/www.pandamech.com\/spanish\/wp-json\/wp\/v2\/product_tag?post=66922"}],"curies":[{"name":"wp","href":"https:\/\/api.w.org\/{rel}","templated":true}]}}