{"id":40154,"date":"2025-08-22T16:02:10","date_gmt":"2025-08-22T08:02:10","guid":{"rendered":"https:\/\/pandamech.com\/?post_type=product&#038;p=40154"},"modified":"2025-08-24T13:09:35","modified_gmt":"2025-08-24T05:09:35","slug":"20ft-container-tipping-skeleton-trailer-for-sale","status":"publish","type":"product","link":"https:\/\/www.pandamech.com\/spanish\/product\/20ft-container-tipping-skeleton-trailer-for-sale\/","title":{"rendered":"20FT remolque volquete de contenedores para la venta"},"content":{"rendered":"<p>20FT Container Tipper Trailer como se conoce como 20ft volcar remolque esqueleto. Se utiliza principalmente para el transporte de contenedores, a menudo se utiliza en el muelle, (recomendado: <a href=\"https:\/\/www.pandamech.com\/product\/bomb-cart-chassis-trailer\/\">remolque carro bomba<\/a>), puede facilitar la vida de las personas, descargando directamente la carga del contenedor, sin necesidad de descargar primero el contenedor.<\/p>\n<h2>Imagen del remolque volquete portacontenedores de 20 pies<\/h2>\n<figure id=\"attachment_21420\" aria-describedby=\"caption-attachment-21420\" style=\"width: 800px\" class=\"wp-caption alignnone\"><img fetchpriority=\"high\" decoding=\"async\" class=\"size-full wp-image-21420\" title=\"Remolque con chasis basculante de 20 pies\" src=\"https:\/\/pandamech.com\/wp-content\/uploads\/2022\/08\/0-29.jpg\" alt=\"Remolque con chasis basculante de 20 pies\" width=\"800\" height=\"800\" \/><figcaption id=\"caption-attachment-21420\" class=\"wp-caption-text\">20FT Contenedor TIpper Remolque<\/figcaption><\/figure>\n<h2>Especificaciones del remolque volquete portacontenedores de 20 pies<\/h2>\n<ul>\n<li><strong>Marca<\/strong>: Panda Mech<\/li>\n<li><strong>Muelle de acero<\/strong>: 10\/10\/10<\/li>\n<li><strong>Llanta<\/strong>: Llanta de acero 9.0-22.5\/8.5-20<\/li>\n<li><strong>Neum\u00e1tico<\/strong>: Spe:12R22.5volumen 11.00R20 alambre de acero; N\u00famero de neum\u00e1tico:8 piezas<\/li>\n<li><strong>V\u00e1lvula de freno<\/strong>: Marca KTL\/WABCO<\/li>\n<li><strong>Sistema de frenos<\/strong>: Sistema de frenos de doble l\u00ednea<\/li>\n<li><strong>Engranaje principal<\/strong>: 28T Accionamiento manual, Tren de aterrizaje pesado<\/li>\n<li><strong>Carga por eje<\/strong>: 13T<\/li>\n<\/ul>\n<h2>20 Ft Contenedor Volquete Remolque Caracter\u00edstica<\/h2>\n<p><strong>Materiales de primera calidad<\/strong> \ud83d\udcaa: Nuestro 20 Ft Container Tipper Trailer est\u00e1 construido con acero de alta calidad, lo que garantiza una robusta durabilidad y resistencia al desgaste. Panda Mech utiliza s\u00f3lo los mejores materiales para garantizar un producto duradero. \ud83d\udee0\ufe0f<\/p>\n<p><strong>Dise\u00f1o hidr\u00e1ulico eficiente<\/strong> \u2699\ufe0f: Con un avanzado sistema hidr\u00e1ulico, el remolque permite un vuelco suave y una descarga r\u00e1pida. Dise\u00f1ado para ser eficiente, minimiza el tiempo de inactividad y aumenta la productividad en cada obra. \u23f1\ufe0f<\/p>\n<p><strong>Amplia y fuerte capacidad de carga<\/strong> \ud83d\ude9b: Con un gran contenedor de 20 pies, este remolque puede transportar cargas pesadas con facilidad. Ya sea transportando arena, grava u otros materiales, garantiza la m\u00e1xima capacidad de carga sin comprometer la estabilidad. \ud83c\udfcb\ufe0f\u200d\u2642\ufe0f<\/p>\n<h2>Panda Mech<\/h2>\n<p>Panda Mech es un fabricante de Remolque Volquete Contenedor 20FT de China. Suministramos un Remolque Volquete de Contenedor de 20FT para la venta. Los fabricantes de PANDA MECH han tenido \u00e9xito en el Sudeste Asi\u00e1tico, Medio Oriente, \u00c1frica y Am\u00e9rica del Sur, como Filipinas, Tanzania, Nigeria, etc...<u><a href=\"https:\/\/www.pandamech.com\/spanish\/about\/\" rel=\"nofollow noopener\" name=\"662ae8fb-4e4e-4cc5-876a-6bfaecae5a2d\" target=\"_blank\">M\u00e1s sobre el panda<\/a><\/u><\/p>\n<p><a href=\"\/spanish\/contact-us\/\" rel=\"nofollow\"><img decoding=\"async\" src=\"https:\/\/pandamech.com\/wp-content\/uploads\/u_file\/db8ce19fe3.jpg\" alt=\"Chasis de contenedor de 40 pies\" title=\"\"><\/a><\/p>\n<p><!--\u04bb?\u043f?\u02bc--><\/p>\n<p><!--\u04bb?\u043d, ?--><\/p>","protected":false},"excerpt":{"rendered":"<p>Tipo: Remolque esqueleto basculante de contenedores de 20 pies<\/p>\n<p>Gama de precios: $10.000-22.900<\/p>\n<p>Plazo de entrega: 7-25 d\u00edas<\/p>\n<p>Capacidad de carga: 17-30 toneladas<\/p>\n<p>Aplicaciones: contenedor de transporte<\/p>","protected":false},"featured_media":57704,"template":"","meta":{"_acf_changed":false,"_kad_blocks_custom_css":"","_kad_blocks_head_custom_js":"","_kad_blocks_body_custom_js":"","_kad_blocks_footer_custom_js":"","_kad_post_transparent":"default","_kad_post_title":"","_kad_post_layout":"default","_kad_post_sidebar_id":"","_kad_post_content_style":"default","_kad_post_vertical_padding":"default","_kad_post_feature":"","_kad_post_feature_position":"","_kad_post_header":false,"_kad_post_footer":false,"_kad_post_classname":""},"product_brand":[],"product_cat":[172],"product_tag":[],"class_list":{"0":"post-40154","1":"product","2":"type-product","3":"status-publish","4":"has-post-thumbnail","6":"product_cat-dump-truck-trailer","8":"first","9":"instock","10":"sold-individually","11":"shipping-taxable","12":"purchasable","13":"product-type-simple","14":"entry","15":"content-bg","16":"loop-entry"},"acf":[],"taxonomy_info":{"product_cat":[{"value":172,"label":"Dump Truck Trailer"}]},"featured_image_src_large":["https:\/\/www.pandamech.com\/wp-content\/uploads\/2022\/08\/0-29-500x500.jpg",500,500,true],"author_info":[],"comment_info":"","_links":{"self":[{"href":"https:\/\/www.pandamech.com\/spanish\/wp-json\/wp\/v2\/product\/40154","targetHints":{"allow":["GET"]}}],"collection":[{"href":"https:\/\/www.pandamech.com\/spanish\/wp-json\/wp\/v2\/product"}],"about":[{"href":"https:\/\/www.pandamech.com\/spanish\/wp-json\/wp\/v2\/types\/product"}],"version-history":[{"count":3,"href":"https:\/\/www.pandamech.com\/spanish\/wp-json\/wp\/v2\/product\/40154\/revisions"}],"predecessor-version":[{"id":91523,"href":"https:\/\/www.pandamech.com\/spanish\/wp-json\/wp\/v2\/product\/40154\/revisions\/91523"}],"wp:featuredmedia":[{"embeddable":true,"href":"https:\/\/www.pandamech.com\/spanish\/wp-json\/wp\/v2\/media\/57704"}],"wp:attachment":[{"href":"https:\/\/www.pandamech.com\/spanish\/wp-json\/wp\/v2\/media?parent=40154"}],"wp:term":[{"taxonomy":"product_brand","embeddable":true,"href":"https:\/\/www.pandamech.com\/spanish\/wp-json\/wp\/v2\/product_brand?post=40154"},{"taxonomy":"product_cat","embeddable":true,"href":"https:\/\/www.pandamech.com\/spanish\/wp-json\/wp\/v2\/product_cat?post=40154"},{"taxonomy":"product_tag","embeddable":true,"href":"https:\/\/www.pandamech.com\/spanish\/wp-json\/wp\/v2\/product_tag?post=40154"}],"curies":[{"name":"wp","href":"https:\/\/api.w.org\/{rel}","templated":true}]}}