{"id":40153,"date":"2023-05-23T21:02:06","date_gmt":"2023-05-23T13:02:06","guid":{"rendered":"https:\/\/pandamech.com\/?post_type=product&#038;p=40153"},"modified":"2025-12-10T16:46:37","modified_gmt":"2025-12-10T08:46:37","slug":"20-ft-shipping-container-chassis-with-10ft-locks","status":"publish","type":"product","link":"https:\/\/www.pandamech.com\/spanish\/product\/20-ft-shipping-container-chassis-with-10ft-locks\/","title":{"rendered":"20 FT Contenedor Chasis Con 10FT Cerraduras"},"content":{"rendered":"<p>Chasis de contenedor de 20 pies, tambi\u00e9n llamado semirremolque esqueleto, remolque chasis de contenedor, etc. Generalmente utilizado para el transporte de contenedores ISO en puertos, astilleros, rutas, puentes, t\u00faneles, estaciones de transferencia, apoyando el sistema log\u00edstico de transporte multimodal. 20 pies de largo encajan 8 juegos de cerraduras de contenedores adecuados para 10\u2032 contenedor seco, contenedor cisterna, y contenedor refrigerado, etc.<\/p>\n<h2>20 FT Contenedor Chasis con cerraduras de 10 pies<\/h2>\n<p><img decoding=\"async\" style=\"width: 800px;\" src=\"https:\/\/pandamech.com\/wp-content\/uploads\/2021\/08\/7-106.jpg\" alt=\"Remolque esqueleto de 20 pies con esclusas de 10 pies\" height=\"533\" title=\"\"><\/p>\n<p>20 pies contenedor chasis remolque para la venta<\/p>\n<h2>20 FT Contenedor Chasis con 10 pies de bloqueo especificaci\u00f3n<\/h2>\n<table style=\"width: 800px;\" border=\"1\" cellspacing=\"1\" cellpadding=\"1\">\n<tbody>\n<tr>\n<td width=\"208\" height=\"32\">Dimensi\u00f3n<\/td>\n<td width=\"457\">7500*2500*1550mm<\/td>\n<\/tr>\n<tr>\n<td height=\"32\">Altura del remolque esquel\u00e9tico<\/td>\n<td>1550 mm<\/td>\n<\/tr>\n<tr>\n<td height=\"32\">Anchura<\/td>\n<td>2500mm<\/td>\n<\/tr>\n<tr>\n<td height=\"32\">Peso esquel\u00e9tico del remolque<\/td>\n<td>5600Kg<\/td>\n<\/tr>\n<tr>\n<td height=\"32\">Viga principal<\/td>\n<td>\u201cSecci\u00f3n \u201dI\" altura 500mm Material Q345\/T700<\/td>\n<\/tr>\n<tr>\n<td height=\"32\">Bloqueo giratorio<\/td>\n<td>8 set Norma ISO<\/td>\n<\/tr>\n<tr>\n<td height=\"32\">Suspensi\u00f3n<\/td>\n<td>Mec\u00e1nica \/ Aire \/ Bogie<\/td>\n<\/tr>\n<tr>\n<td height=\"32\">Eje<\/td>\n<td>2 ejes BPW\/FUWA\/PDME, etc.<\/td>\n<\/tr>\n<tr>\n<td height=\"32\">Llanta<\/td>\n<td>8\/12 piezas 9,0-22,5 Acero\/Aluminio<\/td>\n<\/tr>\n<tr>\n<td height=\"32\">Neum\u00e1tico<\/td>\n<td>8\/12 piezas 12R22.5 Bridgestone\/Triangle\/Linglong etc.<\/td>\n<\/tr>\n<tr>\n<td height=\"32\">V\u00e1lvula de freno<\/td>\n<td>WABCO<\/td>\n<\/tr>\n<tr>\n<td height=\"32\">C\u00e1mara de frenado<\/td>\n<td>4\/6 juegos T30\/30<\/td>\n<\/tr>\n<tr>\n<td height=\"32\">Dep\u00f3sito de aire<\/td>\n<td>28L<\/td>\n<\/tr>\n<tr>\n<td height=\"32\">Tubo de freno<\/td>\n<td>Tubo de alambre de nailon<\/td>\n<\/tr>\n<tr>\n<td height=\"32\">Tren de aterrizaje<\/td>\n<td>28T Elevaci\u00f3n JOST\/YAHUA<\/td>\n<\/tr>\n<tr>\n<td height=\"32\">Kingpin<\/td>\n<td>2\u2033(50mm)\/3.5\u2033(90mm) Tipo de atornillado JOST<\/td>\n<\/tr>\n<tr>\n<td height=\"32\">Luces<\/td>\n<td>12v\/24v LED estancos<\/td>\n<\/tr>\n<tr>\n<td height=\"32\">Color<\/td>\n<td>Personalizado<\/td>\n<\/tr>\n<tr>\n<td height=\"32\"><u><a href=\"\/spanish\/contact-us\/\">Consulta<\/a><\/u><\/td>\n<td><u><a href=\"\/spanish\/contact-us\/\">Obtener presupuesto<\/a><\/u><\/td>\n<\/tr>\n<\/tbody>\n<\/table>\n<h2>Caracter\u00edstica:<\/h2>\n<p><strong>Viga principal:<\/strong><\/p>\n<p>Material de acero de alta resistencia Q345 o T700 soldado por arco sumergido<\/p>\n<p><strong>Twist Lock:<\/strong><\/p>\n<p>Cerradura est\u00e1ndar ISO apta para contenedores de todo el mundo, interruptor de protecci\u00f3n adicional para evitar errores de funcionamiento<\/p>\n<p><strong>Kingpin:<\/strong><\/p>\n<p>Tipo de atornillado marca JOST, posibilidad de cambio entre 2\u201d o 3,5\u2033.<\/p>\n<p><strong>Eje:\u00a0<\/strong><\/p>\n<p>Las marcas BPW, FUWA y PD admiten opcionalmente un funcionamiento m\u00e1s prolongado sin mantenimiento<\/p>\n<p><strong>Neum\u00e1tico:<\/strong><\/p>\n<p>Neum\u00e1tico de marca famosa opcional, tama\u00f1o personalizado<\/p>\n<p><strong>Llanta:<\/strong><\/p>\n<p>Llanta de acero o aluminio de calidad personalizada<\/p>\n<p><strong>Suspensi\u00f3n:\u00a0<\/strong><\/p>\n<p>Suspensi\u00f3n mec\u00e1nica de alta resistencia con muelle de calidad ecualizador<\/p>\n<p><strong>Sistema de frenos:<\/strong><\/p>\n<p>Sistema de freno neum\u00e1tico de doble l\u00ednea, c\u00e1mara T30\/30 y v\u00e1lvula de emergencia de rel\u00e9 WABCO, ABS y sistema EBS opcionales<\/p>\n<p><strong>Tubo de freno:<\/strong><\/p>\n<p>Tubo de alambre de nylon m\u00e1s seguridad para el frenado de alta presi\u00f3n<\/p>\n<h2>PANDA Mech<\/h2>\n<p>Panda Mech es un fabricante de Chasis para Contenedor de 20 pies con una cerradura de 10 pies de China. Suministramos 20 FT Contenedor Chasis para la venta. PANDA MECH fabricantes han tenido \u00e9xito en el sudeste de Asia, Oriente Medio, \u00c1frica y Am\u00e9rica del Sur, como Filipinas, Tanzania, etc ...<u><a href=\"https:\/\/www.pandamech.com\/spanish\/about\/\" rel=\"nofollow noopener\" name=\"662ae8fb-4e4e-4cc5-876a-6bfaecae5a2d\" target=\"_blank\">M\u00e1s sobre el panda<\/a><\/u><\/p>\n<p><a href=\"\/spanish\/contact-us\/\" rel=\"nofollow\"><img decoding=\"async\" src=\"https:\/\/pandamech.com\/wp-content\/uploads\/u_file\/db8ce19fe3.jpg\" alt=\"Chasis de contenedor de 40 pies\" title=\"\"><\/a><\/p>","protected":false},"excerpt":{"rendered":"<p>Tipo: 20 FT<\/p>\n<p>Rango de precios: $6,900-12,500<\/p>\n<p>Entrega: 7-23 d\u00edas<\/p>\n<p>Aplicaci\u00f3n: transporte de contenedores de 1*20 pies o 2*10 pies.<\/p>\n<p>Material: acero al carbono de alta resistencia<\/p>","protected":false},"featured_media":57732,"template":"","meta":{"_acf_changed":false,"_kad_blocks_custom_css":"","_kad_blocks_head_custom_js":"","_kad_blocks_body_custom_js":"","_kad_blocks_footer_custom_js":"","_kad_post_transparent":"default","_kad_post_title":"","_kad_post_layout":"default","_kad_post_sidebar_id":"","_kad_post_content_style":"default","_kad_post_vertical_padding":"default","_kad_post_feature":"","_kad_post_feature_position":"","_kad_post_header":false,"_kad_post_footer":false,"_kad_post_classname":""},"product_brand":[],"product_cat":[103],"product_tag":[],"class_list":{"0":"post-40153","1":"product","2":"type-product","3":"status-publish","4":"has-post-thumbnail","6":"product_cat-container-chassis-trailer","8":"first","9":"instock","10":"sold-individually","11":"shipping-taxable","12":"purchasable","13":"product-type-simple","14":"entry","15":"content-bg","16":"loop-entry"},"acf":[],"taxonomy_info":{"product_cat":[{"value":103,"label":"Container Chassis"}]},"featured_image_src_large":["https:\/\/www.pandamech.com\/wp-content\/uploads\/2022\/08\/2-106-500x500.jpg",500,500,true],"author_info":[],"comment_info":"","_links":{"self":[{"href":"https:\/\/www.pandamech.com\/spanish\/wp-json\/wp\/v2\/product\/40153","targetHints":{"allow":["GET"]}}],"collection":[{"href":"https:\/\/www.pandamech.com\/spanish\/wp-json\/wp\/v2\/product"}],"about":[{"href":"https:\/\/www.pandamech.com\/spanish\/wp-json\/wp\/v2\/types\/product"}],"version-history":[{"count":1,"href":"https:\/\/www.pandamech.com\/spanish\/wp-json\/wp\/v2\/product\/40153\/revisions"}],"predecessor-version":[{"id":91247,"href":"https:\/\/www.pandamech.com\/spanish\/wp-json\/wp\/v2\/product\/40153\/revisions\/91247"}],"wp:featuredmedia":[{"embeddable":true,"href":"https:\/\/www.pandamech.com\/spanish\/wp-json\/wp\/v2\/media\/57732"}],"wp:attachment":[{"href":"https:\/\/www.pandamech.com\/spanish\/wp-json\/wp\/v2\/media?parent=40153"}],"wp:term":[{"taxonomy":"product_brand","embeddable":true,"href":"https:\/\/www.pandamech.com\/spanish\/wp-json\/wp\/v2\/product_brand?post=40153"},{"taxonomy":"product_cat","embeddable":true,"href":"https:\/\/www.pandamech.com\/spanish\/wp-json\/wp\/v2\/product_cat?post=40153"},{"taxonomy":"product_tag","embeddable":true,"href":"https:\/\/www.pandamech.com\/spanish\/wp-json\/wp\/v2\/product_tag?post=40153"}],"curies":[{"name":"wp","href":"https:\/\/api.w.org\/{rel}","templated":true}]}}