{"id":40152,"date":"2023-05-24T21:02:01","date_gmt":"2023-05-24T13:02:01","guid":{"rendered":"https:\/\/pandamech.com\/?post_type=product&#038;p=40152"},"modified":"2025-08-23T01:07:06","modified_gmt":"2025-08-22T17:07:06","slug":"45ft-skeleton-trailer-for-sale","status":"publish","type":"product","link":"https:\/\/www.pandamech.com\/spanish\/product\/45ft-skeleton-trailer-for-sale\/","title":{"rendered":"45FT esqueleto remolque para la venta"},"content":{"rendered":"<p>Semirremolque esqueleto de 45 pies, tambi\u00e9n llamado semirremolque esqueleto de 45 pies, remolque chasis de contenedor, etc. Se utilizan generalmente para el transporte de contenedores ISO en puerto, astillero, rutas, puentes, t\u00faneles, estaci\u00f3n de transferencia, apoyando el sistema log\u00edstico de transporte multimodal. 45 pies de largo encajan de 4 a 14 juegos de esclusas de contenedores adecuados para 45\u2032 contenedor seco, contenedor cisterna y contenedor refrigerado, etc.<\/p>\n<h2>45FT Skeleton Trailer im\u00e1genes<\/h2>\n<p><img fetchpriority=\"high\" decoding=\"async\" class=\"size-full wp-image-40158\" src=\"https:\/\/pandamech.com\/wp-content\/uploads\/2023\/05\/45ft-chassis-7.jpg\" alt=\"Se vende remolque esqueleto de 45 pies\" width=\"750\" height=\"399\" title=\"\"><\/p>\n<p><img decoding=\"async\" class=\"size-full wp-image-40159\" src=\"https:\/\/pandamech.com\/wp-content\/uploads\/2023\/05\/45ft-chassis-8.jpg\" alt=\"Se vende remolque esqueleto de 45 pies\" width=\"750\" height=\"399\" title=\"\"><\/p>\n<p>Venta de remolques contenedores de 45 pies<\/p>\n<h2>Especificaciones del remolque esqueleto de 45 pies<\/h2>\n<table style=\"width: 800px;\" border=\"1\" cellspacing=\"1\" cellpadding=\"1\">\n<tbody>\n<tr>\n<td width=\"457\" height=\"32\">Dimensi\u00f3n<\/td>\n<td width=\"492\">13950*2500*1550mm<\/td>\n<\/tr>\n<tr>\n<td width=\"457\" height=\"32\">Altura<\/td>\n<td>1550 mm<\/td>\n<\/tr>\n<tr>\n<td width=\"457\" height=\"32\">45 anchura del chasis del contenedor<\/td>\n<td>2500mm<\/td>\n<\/tr>\n<tr>\n<td width=\"457\" height=\"32\">Peso esquel\u00e9tico del remolque<\/td>\n<td>6500Kg<\/td>\n<\/tr>\n<tr>\n<td width=\"457\" height=\"32\">Viga principal<\/td>\n<td>\u201cSecci\u00f3n \u201dI\" altura 500mm Material Q345\/T700<\/td>\n<\/tr>\n<tr>\n<td width=\"457\" height=\"32\">Twist-Lock<\/td>\n<td>12\/14 set Norma ISO<\/td>\n<\/tr>\n<tr>\n<td width=\"457\" height=\"32\">Suspensi\u00f3n<\/td>\n<td>Mec\u00e1nica \/ Aire \/ Bogie<\/td>\n<\/tr>\n<tr>\n<td width=\"457\" height=\"32\">Eje<\/td>\n<td>3 ejes BPW\/FUWA\/PDME, etc.<\/td>\n<\/tr>\n<tr>\n<td width=\"457\" height=\"32\">Llanta<\/td>\n<td>8\/12\/16 piezas 9,0-22,5 Acero\/Aluminio<\/td>\n<\/tr>\n<tr>\n<td width=\"457\" height=\"32\">Neum\u00e1tico<\/td>\n<td>8\/12\/16 piezas 12R22.5 Bridgestone\/Triangle\/Linglong etc<\/td>\n<\/tr>\n<tr>\n<td width=\"457\" height=\"32\">V\u00e1lvula de freno<\/td>\n<td>WABCO<\/td>\n<\/tr>\n<tr>\n<td width=\"457\" height=\"32\">C\u00e1mara de frenado<\/td>\n<td>4\/6 series T30\/30<\/td>\n<\/tr>\n<tr>\n<td width=\"457\" height=\"32\">Dep\u00f3sito de aire<\/td>\n<td>28L<\/td>\n<\/tr>\n<tr>\n<td width=\"457\" height=\"32\">Tubo de freno<\/td>\n<td>Tubo de alambre de nailon<\/td>\n<\/tr>\n<tr>\n<td width=\"457\" height=\"32\">Tren de aterrizaje<\/td>\n<td>28T Elevaci\u00f3n JOST\/YAHUA<\/td>\n<\/tr>\n<tr>\n<td width=\"457\" height=\"32\">Kingpin<\/td>\n<td>2\u2033(50mm)\/3.5\u2033(90mm) Tipo de atornillado JOST<\/td>\n<\/tr>\n<tr>\n<td width=\"457\" height=\"32\">Luces<\/td>\n<td>12v\/24v LED estancos<\/td>\n<\/tr>\n<tr>\n<td width=\"457\" height=\"32\">Color<\/td>\n<td>Personalizado<\/td>\n<\/tr>\n<\/tbody>\n<\/table>\n<h2>Caracter\u00edstica:<\/h2>\n<p><strong>Viga principal:<\/strong><\/p>\n<p>Material de acero de alta resistencia Q345 o T700 soldado por arco sumergido<\/p>\n<p><strong>Twist Lock:<\/strong><\/p>\n<p>Cerradura est\u00e1ndar ISO apta para contenedores de todo el mundo, interruptor de protecci\u00f3n adicional para evitar errores de funcionamiento<\/p>\n<p><strong>Kingpin:<\/strong><\/p>\n<p>Tipo de atornillado marca JOST, posibilidad de cambio entre 2\u201d o 3,5\u2033.<\/p>\n<p><strong>Eje:\u00a0<\/strong><\/p>\n<p>Las marcas BPW, FUWA y PD admiten opcionalmente un funcionamiento m\u00e1s prolongado sin mantenimiento<\/p>\n<p><strong>Neum\u00e1tico:<\/strong><\/p>\n<p>Neum\u00e1tico de marca famosa opcional, tama\u00f1o personalizado<\/p>\n<h2>Panda Mech<\/h2>\n<p>Panda Mech es un fabricante de remolques esqueleto de 45 pies de China. Suministramos remolques esqueleto de 45 pies para la venta. PANDA MECH fabricantes han tenido \u00e9xito en el sudeste de Asia, Oriente Medio, \u00c1frica y Am\u00e9rica del Sur, como Filipinas, Tanzania, etc ...<u><a href=\"https:\/\/www.pandamech.com\/spanish\/about\/\" rel=\"nofollow noopener\" name=\"662ae8fb-4e4e-4cc5-876a-6bfaecae5a2d\" target=\"_blank\">M\u00e1s sobre el panda<\/a><\/u><\/p>\n<p><a href=\"\/spanish\/contact-us\/\" rel=\"nofollow\"><img decoding=\"async\" src=\"https:\/\/pandamech.com\/wp-content\/uploads\/u_file\/db8ce19fe3.jpg\" alt=\"Chasis de contenedor de 40 pies\" title=\"\"><\/a><\/p>","protected":false},"excerpt":{"rendered":"<p>Tipo: Remolque esqueleto de 45 pies<\/p>\n<p>Gama de precios: $7,800-15,600<\/p>\n<p>Plazo de entrega: 7-25 d\u00edas<\/p>\n<p>Aplicaci\u00f3n: contenedor de transporte<\/p>\n<p>Capacidad de carga: 20-50 toneladas<\/p>","protected":false},"featured_media":57464,"template":"","meta":{"_acf_changed":false,"_kad_blocks_custom_css":"","_kad_blocks_head_custom_js":"","_kad_blocks_body_custom_js":"","_kad_blocks_footer_custom_js":"","_kad_post_transparent":"default","_kad_post_title":"","_kad_post_layout":"default","_kad_post_sidebar_id":"","_kad_post_content_style":"default","_kad_post_vertical_padding":"default","_kad_post_feature":"","_kad_post_feature_position":"","_kad_post_header":false,"_kad_post_footer":false,"_kad_post_classname":""},"product_brand":[],"product_cat":[164],"product_tag":[],"class_list":{"0":"post-40152","1":"product","2":"type-product","3":"status-publish","4":"has-post-thumbnail","6":"product_cat-skeletal-trailer","8":"first","9":"instock","10":"sold-individually","11":"shipping-taxable","12":"purchasable","13":"product-type-simple","14":"entry","15":"content-bg","16":"loop-entry"},"acf":[],"taxonomy_info":{"product_cat":[{"value":164,"label":"Skeletal Trailer"}]},"featured_image_src_large":["https:\/\/www.pandamech.com\/wp-content\/uploads\/2022\/06\/40ft-step-rf-container-chassis-2023-09-20_089965-500x500.jpg",500,500,true],"author_info":[],"comment_info":"","_links":{"self":[{"href":"https:\/\/www.pandamech.com\/spanish\/wp-json\/wp\/v2\/product\/40152","targetHints":{"allow":["GET"]}}],"collection":[{"href":"https:\/\/www.pandamech.com\/spanish\/wp-json\/wp\/v2\/product"}],"about":[{"href":"https:\/\/www.pandamech.com\/spanish\/wp-json\/wp\/v2\/types\/product"}],"version-history":[{"count":1,"href":"https:\/\/www.pandamech.com\/spanish\/wp-json\/wp\/v2\/product\/40152\/revisions"}],"predecessor-version":[{"id":91246,"href":"https:\/\/www.pandamech.com\/spanish\/wp-json\/wp\/v2\/product\/40152\/revisions\/91246"}],"wp:featuredmedia":[{"embeddable":true,"href":"https:\/\/www.pandamech.com\/spanish\/wp-json\/wp\/v2\/media\/57464"}],"wp:attachment":[{"href":"https:\/\/www.pandamech.com\/spanish\/wp-json\/wp\/v2\/media?parent=40152"}],"wp:term":[{"taxonomy":"product_brand","embeddable":true,"href":"https:\/\/www.pandamech.com\/spanish\/wp-json\/wp\/v2\/product_brand?post=40152"},{"taxonomy":"product_cat","embeddable":true,"href":"https:\/\/www.pandamech.com\/spanish\/wp-json\/wp\/v2\/product_cat?post=40152"},{"taxonomy":"product_tag","embeddable":true,"href":"https:\/\/www.pandamech.com\/spanish\/wp-json\/wp\/v2\/product_tag?post=40152"}],"curies":[{"name":"wp","href":"https:\/\/api.w.org\/{rel}","templated":true}]}}