{"id":40149,"date":"2023-05-27T21:01:42","date_gmt":"2023-05-27T13:01:42","guid":{"rendered":"https:\/\/pandamech.com\/?post_type=product&#038;p=40149"},"modified":"2025-08-23T01:07:06","modified_gmt":"2025-08-22T17:07:06","slug":"triple-axle-40ft-gooseneck-skel-trailer","status":"publish","type":"product","link":"https:\/\/www.pandamech.com\/spanish\/product\/triple-axle-40ft-gooseneck-skel-trailer\/","title":{"rendered":"Triple Eje 40FT cuello de cisne Skel Trailer"},"content":{"rendered":"<p>Semirremolque de cuello de cisne de tres ejes de 40 pies, tambi\u00e9n llamado semirremolque esqueleto de cuello de cisne, remolque chasis portacontenedores de cuello de cisne, etc. Generalmente utilizado para el transporte de contenedores ISO en puertos, astilleros, rutas, puentes, t\u00faneles y estaciones de transferencia, apoyando los sistemas log\u00edsticos de transporte multimodal. 40 pies de largo caben de 4 a 14 juegos de esclusas de contenedores adecuados para 10\u2032, 20\u2032, 40\u2032 contenedores secos, contenedores cisterna y contenedores refrigerados, etc.<\/p>\n<h2>40Ft cuello de cisne skel remolque especificaci\u00f3n<\/h2>\n<table style=\"width: 800px;\" border=\"1\" cellspacing=\"1\" cellpadding=\"1\">\n<tbody>\n<tr>\n<td width=\"457\" height=\"32\">Dimensi\u00f3n<\/td>\n<td width=\"492\">12500*2500*1550mm<\/td>\n<\/tr>\n<tr>\n<td width=\"457\" height=\"32\">Altura<\/td>\n<td>1550 mm<\/td>\n<\/tr>\n<tr>\n<td width=\"457\" height=\"32\">Anchura<\/td>\n<td>2500mm<\/td>\n<\/tr>\n<tr>\n<td width=\"457\" height=\"32\">Peso<\/td>\n<td>5600Kg<\/td>\n<\/tr>\n<tr>\n<td width=\"457\" height=\"32\">Viga principal<\/td>\n<td>\u201cSecci\u00f3n \u201dI\" 500mm altura Q345\/T700 material<\/td>\n<\/tr>\n<tr>\n<td width=\"457\" height=\"32\">Bloqueo giratorio<\/td>\n<td>12\/14 set Norma ISO<\/td>\n<\/tr>\n<tr>\n<td width=\"457\" height=\"32\">Suspensi\u00f3n<\/td>\n<td>Mec\u00e1nica \/ Aire \/ Bogie<\/td>\n<\/tr>\n<tr>\n<td width=\"457\" height=\"32\">Eje<\/td>\n<td>2\/3\/4 ejes BPW\/FUWA\/PDME, etc.<\/td>\n<\/tr>\n<tr>\n<td width=\"457\" height=\"32\">Llanta<\/td>\n<td>8\/12\/16 piezas 9,0-22,5 Acero\/Aluminio<\/td>\n<\/tr>\n<tr>\n<td width=\"457\" height=\"32\">Neum\u00e1tico<\/td>\n<td>8\/12\/16 piezas 12R22.5 Bridgeston\/Triangle\/Linglong etc.<\/td>\n<\/tr>\n<tr>\n<td width=\"457\" height=\"32\">V\u00e1lvula de freno<\/td>\n<td>WABCO<\/td>\n<\/tr>\n<tr>\n<td width=\"457\" height=\"32\">C\u00e1mara de frenado<\/td>\n<td>4\/6\/8 series T30\/30<\/td>\n<\/tr>\n<tr>\n<td width=\"457\" height=\"32\">Dep\u00f3sito de aire<\/td>\n<td>28L<\/td>\n<\/tr>\n<tr>\n<td width=\"457\" height=\"32\">Tubo de freno<\/td>\n<td>Tubo de alambre de nailon<\/td>\n<\/tr>\n<tr>\n<td width=\"457\" height=\"32\">Tren de aterrizaje<\/td>\n<td>28T Elevaci\u00f3n JOST\/YAHUA<\/td>\n<\/tr>\n<tr>\n<td width=\"457\" height=\"32\">Kingpin<\/td>\n<td>2\u2033(50mm)\/3.5\u2033(90mm) Tipo de atornillado JOST<\/td>\n<\/tr>\n<tr>\n<td width=\"457\" height=\"32\">Luces<\/td>\n<td>12v\/24v LED estancos<\/td>\n<\/tr>\n<tr>\n<td width=\"457\" height=\"32\">Color<\/td>\n<td>Personalizado<\/td>\n<\/tr>\n<\/tbody>\n<\/table>\n<h2>40ft gooseneck skel trailer drawing<\/h2>\n<p><img decoding=\"async\" style=\"width: 800px;\" src=\"https:\/\/pandamech.com\/wp-content\/uploads\/2022\/06\/40ft-gooseneck-skeletal-trailer-drawing.jpg\" alt=\"40ft gooseneck skeletal trailer drawing\" height=\"598\" title=\"\"><\/p>\n<h2>40Ft cuello de cisne skel remolque im\u00e1genes<\/h2>\n<p><img fetchpriority=\"high\" decoding=\"async\" class=\"alignnone size-full wp-image-22459\" src=\"https:\/\/pandamech.com\/wp-content\/uploads\/2022\/07\/6.jpg\" alt=\"3 ejes 40ft chasis de contenedor de cuello de cisne\" width=\"800\" height=\"533\" title=\"\"><\/p>\n<p>40ft cuello de cisne remolques esquel\u00e9ticos para la venta<\/p>\n<p><img decoding=\"async\" class=\"alignnone size-full wp-image-22460\" src=\"https:\/\/pandamech.com\/wp-content\/uploads\/2022\/07\/7-5.jpg\" alt=\"3 ejes 40ft chasis de contenedor de cuello de cisne\" width=\"800\" height=\"533\" title=\"\"><\/p>\n<p>40 pies remolques de chasis de cuello de cisne para la venta<\/p>\n<p><img decoding=\"async\" class=\"alignnone size-full wp-image-22461\" src=\"https:\/\/pandamech.com\/wp-content\/uploads\/2022\/07\/8-2.jpg\" alt=\"3 ejes 40ft chasis de contenedor de cuello de cisne\" width=\"800\" height=\"533\" title=\"\"><\/p>\n<p>40ft chasis de cuello de cisne para la venta<\/p>\n<h2>V\u00eddeo del remolque skel de cuello de cisne de 40\u2032.<\/h2>\n<p><iframe title=\"Reproductor de v\u00eddeo YouTube\" src=\"https:\/\/www.youtube.com\/embed\/pE3jvJZCKgM\" width=\"800\" height=\"533\" frameborder=\"0\" allowfullscreen=\"allowfullscreen\" data-mce-fragment=\"1\"><span data-mce-type=\"bookmark\" style=\"display: inline-block; width: 0px; overflow: hidden; line-height: 0;\" class=\"mce_SELRES_start\"><\/span><\/iframe><\/p>\n<h2>Caracter\u00edstica<\/h2>\n<p><strong>Viga principal:<\/strong><\/p>\n<p>Material de acero de alta resistencia Q345 o T700 soldado por arco sumergido<\/p>\n<p><strong>Twist Lock:<\/strong><\/p>\n<p>Cerradura est\u00e1ndar ISO apta para contenedores de todo el mundo, interruptor de protecci\u00f3n adicional para evitar errores de funcionamiento<\/p>\n<p><strong>Kingpin:<\/strong><\/p>\n<p>Tipo de atornillado marca JOST, posibilidad de cambio entre 2\u201d o 3,5\u2033.<\/p>\n<p><strong>Eje:\u00a0<\/strong><\/p>\n<p>Las marcas BPW, FUWA y PD admiten opcionalmente un funcionamiento m\u00e1s prolongado sin mantenimiento<\/p>\n<p><strong>Neum\u00e1tico:<\/strong><\/p>\n<p>Neum\u00e1tico de marca famosa opcional, tama\u00f1o personalizado<\/p>\n<p><strong>Llanta:<\/strong><\/p>\n<p>Llanta de acero o aluminio de calidad personalizada<\/p>\n<p><strong>Suspensi\u00f3n:\u00a0<\/strong><\/p>\n<p>Suspensi\u00f3n mec\u00e1nica de alta resistencia con muelle de calidad ecualizador<\/p>\n<p><strong>Sistema de frenos:<\/strong><\/p>\n<p>Sistema de freno neum\u00e1tico de doble l\u00ednea, c\u00e1mara T30\/30 y v\u00e1lvula de emergencia de rel\u00e9 WABCO, ABS y sistema EBS opcionales<\/p>\n<p><strong>Tubo de freno:<\/strong><\/p>\n<p>Tubo de alambre de nylon m\u00e1s seguridad para el frenado de alta presi\u00f3n<\/p>\n<h2>Transporte<\/h2>\n<p>Los remolques ISO de cuello de cisne son m\u00e1s adecuados para el transporte de contenedores, el ahorro de costes y la entrega r\u00e1pida.<br \/>\n<img loading=\"lazy\" decoding=\"async\" class=\"alignnone size-full wp-image-21454\" src=\"https:\/\/pandamech.com\/wp-content\/uploads\/2021\/08\/container-chassis-trailers-transport.jpg\" alt=\"40ft intermodal contenedor chasis remolque de transporte\" width=\"800\" height=\"246\" title=\"\"><\/p>\n<h2>Panda Mech<\/h2>\n<p>Panda Mech es un fabricante de cuello de cisne skel remolque de China. Suministramos 40Ft cuello de cisne skel remolques para la venta. PANDA MECH fabricantes han tenido \u00e9xito en el sudeste de Asia, Oriente Medio, \u00c1frica y Am\u00e9rica del Sur, como Filipinas, Tanzania, etc ...<\/p>\n<p><a href=\"#elementor-action%3Aaction%3Dpopup%3Aopen%26settings%3DeyJpZCI6Ijk5MDciLCJ0b2dnbGUiOmZhbHNlfQ%3D%3D\" rel=\"nofollow\"><img loading=\"lazy\" decoding=\"async\" class=\"alignnone\" src=\"https:\/\/pandamech.com\/wp-content\/uploads\/u_file\/db8ce19fe3.jpg\" alt=\"Chasis de contenedor de 40 pies\" width=\"864\" height=\"213\" title=\"\"><\/a><\/p>","protected":false},"excerpt":{"rendered":"<p>Tipo: 3 Ejes 40 pies de cuello de cisne skel remolque<\/p>\n<p>Rango de precios: $8900-17,900<\/p>\n<p>Plazo de entrega: 7-25 d\u00edas<\/p>\n<p>Capacidad de carga: 15-40 toneladas<\/p>\n<p>Aplicaciones: contenedor de transporte, cisterna iso<\/p>","protected":false},"featured_media":57715,"template":"","meta":{"_acf_changed":false,"_kad_blocks_custom_css":"","_kad_blocks_head_custom_js":"","_kad_blocks_body_custom_js":"","_kad_blocks_footer_custom_js":"","_kad_post_transparent":"default","_kad_post_title":"","_kad_post_layout":"default","_kad_post_sidebar_id":"","_kad_post_content_style":"default","_kad_post_vertical_padding":"default","_kad_post_feature":"","_kad_post_feature_position":"","_kad_post_header":false,"_kad_post_footer":false,"_kad_post_classname":""},"product_brand":[],"product_cat":[164],"product_tag":[60],"class_list":{"0":"post-40149","1":"product","2":"type-product","3":"status-publish","4":"has-post-thumbnail","6":"product_cat-skeletal-trailer","7":"product_tag-3-axle-trailer","9":"first","10":"instock","11":"sold-individually","12":"shipping-taxable","13":"purchasable","14":"product-type-simple","15":"entry","16":"content-bg","17":"loop-entry"},"acf":[],"taxonomy_info":{"product_cat":[{"value":164,"label":"Skeletal Trailer"}],"product_tag":[{"value":60,"label":"3 Axle Trailer"}]},"featured_image_src_large":["https:\/\/www.pandamech.com\/wp-content\/uploads\/2022\/08\/1-1-500-500.jpg",500,500,false],"author_info":[],"comment_info":"","_links":{"self":[{"href":"https:\/\/www.pandamech.com\/spanish\/wp-json\/wp\/v2\/product\/40149","targetHints":{"allow":["GET"]}}],"collection":[{"href":"https:\/\/www.pandamech.com\/spanish\/wp-json\/wp\/v2\/product"}],"about":[{"href":"https:\/\/www.pandamech.com\/spanish\/wp-json\/wp\/v2\/types\/product"}],"version-history":[{"count":1,"href":"https:\/\/www.pandamech.com\/spanish\/wp-json\/wp\/v2\/product\/40149\/revisions"}],"predecessor-version":[{"id":91244,"href":"https:\/\/www.pandamech.com\/spanish\/wp-json\/wp\/v2\/product\/40149\/revisions\/91244"}],"wp:featuredmedia":[{"embeddable":true,"href":"https:\/\/www.pandamech.com\/spanish\/wp-json\/wp\/v2\/media\/57715"}],"wp:attachment":[{"href":"https:\/\/www.pandamech.com\/spanish\/wp-json\/wp\/v2\/media?parent=40149"}],"wp:term":[{"taxonomy":"product_brand","embeddable":true,"href":"https:\/\/www.pandamech.com\/spanish\/wp-json\/wp\/v2\/product_brand?post=40149"},{"taxonomy":"product_cat","embeddable":true,"href":"https:\/\/www.pandamech.com\/spanish\/wp-json\/wp\/v2\/product_cat?post=40149"},{"taxonomy":"product_tag","embeddable":true,"href":"https:\/\/www.pandamech.com\/spanish\/wp-json\/wp\/v2\/product_tag?post=40149"}],"curies":[{"name":"wp","href":"https:\/\/api.w.org\/{rel}","templated":true}]}}