{"id":38959,"date":"2025-08-22T17:06:35","date_gmt":"2025-08-22T09:06:35","guid":{"rendered":"https:\/\/pandamech.com\/?post_type=product&#038;p=38959"},"modified":"2025-08-24T13:30:43","modified_gmt":"2025-08-24T05:30:43","slug":"40-yard-dump-trailer-for-sale","status":"publish","type":"product","link":"https:\/\/www.pandamech.com\/spanish\/product\/40-yard-dump-trailer-for-sale\/","title":{"rendered":"40 Yard Dump Trailer For Sale"},"content":{"rendered":"<p>El remolque volquete de 40 yardas tambi\u00e9n conocido como remolque volquete trasero de 40 yardas, consta de un chasis, una caja y un sistema de elevaci\u00f3n. Funciona utilizando una toma de fuerza para suministrar aceite al cilindro, lo que eleva la caja, descarga la carga y mejora la eficiencia de descarga.<\/p>\n<p>El remolque volquete de 40 yardas es ampliamente utilizado en plantas de arenisca, sitios de construcci\u00f3n y minas para el transporte de materiales como arena, grava, movimiento de tierras y escombros de miner\u00eda.<\/p>\n<h2>40 Yard Dump Trailer Im\u00e1genes<\/h2>\n<p><img fetchpriority=\"high\" decoding=\"async\" class=\"alignnone wp-image-32383 size-full\" src=\"https:\/\/pandamech.com\/wp-content\/uploads\/2022\/10\/tipper-trailer-9.jpg\" alt=\"40 yardas cami\u00f3n volquete remolque para la venta\" width=\"750\" height=\"399\" title=\"\"><\/p>\n<p>tri eje de 40 yardas semi remolque volquete para la venta<\/p>\n<p><img decoding=\"async\" class=\"alignnone wp-image-32384 size-full\" src=\"https:\/\/pandamech.com\/wp-content\/uploads\/2022\/10\/tipper-trailer-10.jpg\" alt=\"40 yardas volcado semirremolque para la venta\" width=\"750\" height=\"400\" title=\"\"><\/p>\n<p>Proveedor\/fabricante de remolques volquete de 40 yardas<\/p>\n<p><img decoding=\"async\" class=\"alignnone wp-image-32382 size-full\" src=\"https:\/\/pandamech.com\/wp-content\/uploads\/2022\/10\/tipper-trailer-8.jpg\" alt=\"40 yardas extremo del remolque del cami\u00f3n volquete para la venta\" width=\"750\" height=\"400\" title=\"\"><\/p>\n<p>Remolque volquete de 40 yardas en venta en China<\/p>\n<p style=\"text-align: center;\"><a class=\"product_button\" href=\"#elementor-action%3Aaction%3Dpopup%3Aopen%26settings%3DeyJpZCI6Ijk5MDciLCJ0b2dnbGUiOmZhbHNlfQ%3D%3D\">Haga clic para m\u00e1s detalles<\/a><\/p>\n<h2>40 Yard Dump TrailerVideo<\/h2>\n<p><iframe title=\"Reproductor de v\u00eddeo YouTube\" src=\"https:\/\/www.youtube.com\/embed\/uV4awegJhLI\" width=\"800\" height=\"533\" frameborder=\"0\" allowfullscreen=\"allowfullscreen\" data-mce-fragment=\"1\"><\/iframe><\/p>\n<h2>40 Yard Dump remolque Especificaci\u00f3n<\/h2>\n<table style=\"width: 800px;\" border=\"1\" cellspacing=\"1\" cellpadding=\"1\">\n<tbody>\n<tr>\n<td width=\"313\">\u00a0Fabricante<\/td>\n<td width=\"425\">\u00a0Panda Mech<\/td>\n<\/tr>\n<tr>\n<td>\u00a0Dimensi\u00f3n<\/td>\n<td>\u00a026\u2019\u00d78\u2032 6\u201d\u00d711\u2032 4\u201d, 330\u201d\u00d7102\u201d\u00d7135\u201d (L*W*H)<\/td>\n<\/tr>\n<tr>\n<td>\u00a0Volumen<\/td>\n<td>\u00a030-60 toneladas<\/td>\n<\/tr>\n<tr>\n<td>\u00a0Suelo<\/td>\n<td>\u00a06-8 mm<\/td>\n<\/tr>\n<tr>\n<td>\u00a0Pared lateral<\/td>\n<td>\u00a03-5 mm<\/td>\n<\/tr>\n<tr>\n<td>\u00a0Viga<\/td>\n<td>\u00a0Domex 600 o igual secci\u00f3n en \u201cI\u201d de acero de doble alma<\/td>\n<\/tr>\n<tr>\n<td>\u00a0Cilindro<\/td>\n<td>\u00a06 juego cilindro inferior<\/td>\n<\/tr>\n<tr>\n<td>\u00a0Eje<\/td>\n<td>\u00a03 ejes<\/td>\n<\/tr>\n<tr>\n<td>\u00a0Neum\u00e1tico<\/td>\n<td>\u00a012.00R20 \/ 13R22.5 o personalizado<\/td>\n<\/tr>\n<tr>\n<td>\u00a0Suspensi\u00f3n<\/td>\n<td>\u00a0Mec\u00e1nica \/ Aire \/ Bogie opcional<\/td>\n<\/tr>\n<tr>\n<td>\u00a0Pierna<\/td>\n<td>\u00a0Tipo intercambiable JOST<\/td>\n<\/tr>\n<tr>\n<td>\u00a0Freno<\/td>\n<td>\u00a0Sistema de freno neum\u00e1tico doble, c\u00e1mara y v\u00e1lvula WABCO<\/td>\n<\/tr>\n<\/tbody>\n<\/table>\n<p style=\"text-align: center;\"><a class=\"product_button\" href=\"#elementor-action%3Aaction%3Dpopup%3Aopen%26settings%3DeyJpZCI6Ijk5MDciLCJ0b2dnbGUiOmZhbHNlfQ%3D%3D\">Haga clic para m\u00e1s detalles<\/a><\/p>\n<h2>40 Yard Dump Trailer Advantage<\/h2>\n<ul>\n<li><strong>Soportes<\/strong>: m\u00e1s resistentes a la tensi\u00f3n y la fatiga, lo que garantiza que puedan soportar un uso intensivo a lo largo del tiempo.<\/li>\n<li><strong>Eje de inclinaci\u00f3n<\/strong>: El eje de inclinaci\u00f3n tiene un dise\u00f1o resistente que ayuda a un funcionamiento estable cuando se inclina, por lo que es m\u00e1s duradero y m\u00e1s seguro de usar.<\/li>\n<li><strong>Knock off<\/strong>: Dise\u00f1o robusto que proporciona un accionamiento preciso y protege la caja, garantizando que pueda trabajar con seguridad.<\/li>\n<li><strong>Sistema de fijaci\u00f3n<\/strong>: El sistema de cierre de la puerta trasera tiene un bloqueo autom\u00e1tico que mejora la eficacia en el trabajo. Dise\u00f1o ajustable, f\u00e1cil mantenimiento y sustituci\u00f3n.<\/li>\n<\/ul>\n<h2>40 Yard remolque volquete para la venta<\/h2>\n<p style=\"text-align: left;\">Panda Mech es un fabricante de remolques volquete de 40 yardas de China. Suministramos remolques volquete de 40 yardas para la venta. PANDA MECH fabricantes han tenido \u00e9xito en el sudeste de Asia, Oriente Medio, \u00c1frica y Am\u00e9rica del Sur, como Filipinas, Tanzania, Nigeria, etc ...<\/p>\n<p style=\"text-align: left;\"><a href=\"\/spanish\/contact-us\/\" rel=\"nofollow\"><img loading=\"lazy\" decoding=\"async\" class=\"alignnone\" src=\"https:\/\/pandamech.com\/wp-content\/uploads\/u_file\/db8ce19fe3.jpg\" alt=\"40 Yard remolque volquete para la venta\" width=\"864\" height=\"213\" title=\"\"><\/a><\/p>\n<p>Relacionado:<\/p>\n<p><a href=\"https:\/\/www.pandamech.com\/spanish\/category\/tipper-trailer\/\" target=\"_blank\" rel=\"noopener\">Venta de remolques basculantes<\/a><\/p>\n<p><a href=\"https:\/\/www.pandamech.com\/spanish\/product\/40-ton-half-round-end-dump-trailer\/\">Semirremolque volquete de 40 toneladas al por mayor<\/a><\/p>\n<p><a href=\"https:\/\/www.pandamech.com\/product\/60-yard-dump-trailer-for-sale\/\">Remolque volquete de 60 yardas<\/a><\/p>\n<p><a href=\"https:\/\/www.pandamech.com\/product\/40-cbm-dump-semi-truck-trailer\/\">Venta al por mayor de Remolques basculantes de 40 cbm<\/a><\/p>\n<p><a href=\"https:\/\/www.pandamech.com\/spanish\/product\/40-foot-dump-truck-trailer-for-sale\/\">Remolque basculante de 40 pies<\/a><\/p>\n<p>FAQ<\/p>\n<h2>Cu\u00e1ntos metros tiene un semirremolque basculante<\/h2>\n<p>40 yardas. Otros semi remolque volquete capacidad: 30 - 60 yardas.<\/p>","protected":false},"excerpt":{"rendered":"<p>Modelo: 40 yardas<\/p>\n<p>Gama de precios: USD 15.000-34.000<\/p>\n<p>Plazo de entrega: 7-25 d\u00edas<\/p>\n<p>Aplicaci\u00f3n: transporte de carb\u00f3n, mineral, materiales de construcci\u00f3n<\/p>\n<p>\u00c1ngulo de inclinaci\u00f3n: 45\u00b0<\/p>\n<p>Sistema hidr\u00e1ulico: Cilindro HYVA<\/p>","protected":false},"featured_media":58430,"template":"","meta":{"_acf_changed":false,"_kad_blocks_custom_css":"","_kad_blocks_head_custom_js":"","_kad_blocks_body_custom_js":"","_kad_blocks_footer_custom_js":"","_kad_post_transparent":"default","_kad_post_title":"","_kad_post_layout":"default","_kad_post_sidebar_id":"","_kad_post_content_style":"default","_kad_post_vertical_padding":"default","_kad_post_feature":"","_kad_post_feature_position":"","_kad_post_header":false,"_kad_post_footer":false,"_kad_post_classname":""},"product_brand":[],"product_cat":[172],"product_tag":[],"class_list":{"0":"post-38959","1":"product","2":"type-product","3":"status-publish","4":"has-post-thumbnail","6":"product_cat-dump-truck-trailer","8":"first","9":"instock","10":"sold-individually","11":"shipping-taxable","12":"purchasable","13":"product-type-simple","14":"entry","15":"content-bg","16":"loop-entry"},"acf":[],"taxonomy_info":{"product_cat":[{"value":172,"label":"Dump Truck Trailer"}]},"featured_image_src_large":["https:\/\/www.pandamech.com\/wp-content\/uploads\/2022\/10\/tipper-trailer-2-500x500.jpg",500,500,true],"author_info":[],"comment_info":"","_links":{"self":[{"href":"https:\/\/www.pandamech.com\/spanish\/wp-json\/wp\/v2\/product\/38959","targetHints":{"allow":["GET"]}}],"collection":[{"href":"https:\/\/www.pandamech.com\/spanish\/wp-json\/wp\/v2\/product"}],"about":[{"href":"https:\/\/www.pandamech.com\/spanish\/wp-json\/wp\/v2\/types\/product"}],"version-history":[{"count":3,"href":"https:\/\/www.pandamech.com\/spanish\/wp-json\/wp\/v2\/product\/38959\/revisions"}],"predecessor-version":[{"id":91525,"href":"https:\/\/www.pandamech.com\/spanish\/wp-json\/wp\/v2\/product\/38959\/revisions\/91525"}],"wp:featuredmedia":[{"embeddable":true,"href":"https:\/\/www.pandamech.com\/spanish\/wp-json\/wp\/v2\/media\/58430"}],"wp:attachment":[{"href":"https:\/\/www.pandamech.com\/spanish\/wp-json\/wp\/v2\/media?parent=38959"}],"wp:term":[{"taxonomy":"product_brand","embeddable":true,"href":"https:\/\/www.pandamech.com\/spanish\/wp-json\/wp\/v2\/product_brand?post=38959"},{"taxonomy":"product_cat","embeddable":true,"href":"https:\/\/www.pandamech.com\/spanish\/wp-json\/wp\/v2\/product_cat?post=38959"},{"taxonomy":"product_tag","embeddable":true,"href":"https:\/\/www.pandamech.com\/spanish\/wp-json\/wp\/v2\/product_tag?post=38959"}],"curies":[{"name":"wp","href":"https:\/\/api.w.org\/{rel}","templated":true}]}}