{"id":37933,"date":"2023-03-30T11:52:51","date_gmt":"2023-03-30T03:52:51","guid":{"rendered":"https:\/\/pandamech.com\/?post_type=product&#038;p=37933"},"modified":"2025-08-23T01:07:07","modified_gmt":"2025-08-22T17:07:07","slug":"scrap-end-dump-trailers-for-sale","status":"publish","type":"product","link":"https:\/\/www.pandamech.com\/spanish\/product\/scrap-end-dump-trailers-for-sale\/","title":{"rendered":"Venta de remolques basculantes para chatarra"},"content":{"rendered":"<p>El remolque volquete para chatarra est\u00e1 dise\u00f1ado para el transporte y vertido de materiales de desecho, como metal, pl\u00e1stico y madera. Estos remolques se utilizan habitualmente en industrias que generan una cantidad importante de materiales de desecho, como obras de construcci\u00f3n y f\u00e1bricas.<\/p>\n<p>Los remolques volquete para chatarra vienen en varios tama\u00f1os y capacidades de peso, por lo que son adecuados para diferentes tipos y cantidades de materiales de desecho. Tambi\u00e9n est\u00e1n dise\u00f1ados con elementos de seguridad como frenos e iluminaci\u00f3n para garantizar un transporte seguro por carretera.<\/p>\n<h2>\u00a0Im\u00e1genes de remolques para chatarra<\/h2>\n<p><img fetchpriority=\"high\" decoding=\"async\" class=\"alignnone wp-image-32384 size-full\" src=\"https:\/\/pandamech.com\/wp-content\/uploads\/2022\/10\/tipper-trailer-10.jpg\" alt=\"venta de remolques basculantes para chatarra\" width=\"750\" height=\"400\" title=\"\"><\/p>\n<p>desguace <a class=\"wpil_keyword_link\" title=\"remolque volquete\" href=\"https:\/\/www.pandamech.com\/spanish\/category\/dump-truck-trailer\/\" target=\"_blank\" rel=\"noopener\" data-wpil-keyword-link=\"linked\">remolque volquete<\/a> en venta<\/p>\n<p><img decoding=\"async\" class=\"alignnone wp-image-32383 size-full\" src=\"https:\/\/pandamech.com\/wp-content\/uploads\/2022\/10\/tipper-trailer-9.jpg\" alt=\"venta de semirremolques basculantes para chatarra\" width=\"750\" height=\"399\" title=\"\"><\/p>\n<p>chatarra <a class=\"wpil_keyword_link\" title=\"remolque basculante extremo\" href=\"https:\/\/www.pandamech.com\/spanish\/category\/tipper-trailer\/semi-dump-trailer\/\" target=\"_blank\" rel=\"noopener\" data-wpil-keyword-link=\"linked\">remolque basculante extremo<\/a> fabricante<\/p>\n<p><img decoding=\"async\" class=\"alignnone wp-image-32381 size-full\" src=\"https:\/\/pandamech.com\/wp-content\/uploads\/2022\/10\/tipper-trailer-7.jpg\" alt=\"venta de semirremolque basculante para chatarra\" width=\"750\" height=\"399\" title=\"\"><\/p>\n<p>proveedor de remolques volquete para chatarra<\/p>\n<p>Relacionado: <a href=\"https:\/\/www.pandamech.com\/spanish\/product\/aggregate-tipping-trailers-for-sale\/\" target=\"_blank\" rel=\"noopener\"><span style=\"color: #0000ff;\">Remolque volquete para \u00e1ridos<\/span><\/a>, <a href=\"https:\/\/www.pandamech.com\/spanish\/product\/4-axle-tipper-trailer-for-sale\/\" target=\"_blank\" rel=\"noopener\"><span style=\"color: #0000ff;\">Remolque de cami\u00f3n basculante de 4 ejes<\/span><\/a><\/p>\n<p style=\"text-align: center;\"><a class=\"product_button\" href=\"#elementor-action%3Aaction%3Dpopup%3Aopen%26settings%3DeyJpZCI6Ijk5MDciLCJ0b2dnbGUiOmZhbHNlfQ%3D%3D\">Obtenga un presupuesto instant\u00e1neo<\/a><\/p>\n<h2>V\u00eddeo del remolque de desguace<\/h2>\n<p><iframe title=\"Reproductor de v\u00eddeo YouTube\" src=\"https:\/\/www.youtube.com\/embed\/d_bhwUd_um4\" width=\"750\" height=\"450\" frameborder=\"0\" allowfullscreen=\"allowfullscreen\"><span data-mce-type=\"bookmark\" style=\"display: inline-block; width: 0px; overflow: hidden; line-height: 0;\" class=\"mce_SELRES_start\"><\/span><\/iframe><\/p>\n<h2>Especificaciones del remolque volquete para chatarra<\/h2>\n<table style=\"width: 750px;\" border=\"1\" cellspacing=\"1\" cellpadding=\"1\">\n<tbody>\n<tr>\n<td width=\"208\" height=\"33\">Fabricante<\/td>\n<td width=\"598\">Remolque volquete para chatarra Panda Mech<\/td>\n<\/tr>\n<tr>\n<td height=\"33\">Dimensi\u00f3n<\/td>\n<td>8000-12000*2500-2800*3500 mm<\/td>\n<\/tr>\n<tr>\n<td height=\"33\">Capacidad<\/td>\n<td>30-150 toneladas<\/td>\n<\/tr>\n<tr>\n<td height=\"33\">Eje<\/td>\n<td>Ejes 2\/3\/4<\/td>\n<\/tr>\n<tr>\n<td height=\"33\">Sistema hidr\u00e1ulico<\/td>\n<td>Cilindro hidr\u00e1ulico HYVA<\/td>\n<\/tr>\n<tr>\n<td height=\"33\">Cilindro<\/td>\n<td>175, 191, 202, 214 \/ 4TG, 5TG<\/td>\n<\/tr>\n<tr>\n<td height=\"33\">Suspensi\u00f3n<\/td>\n<td>Mec\u00e1nico, aire, muelle<\/td>\n<\/tr>\n<tr>\n<td height=\"33\">Kingpin<\/td>\n<td>Tipo desmontable JOST 2\u2033 o 3,5<\/td>\n<\/tr>\n<tr>\n<td height=\"33\">Tren de aterrizaje<\/td>\n<td>JOST 28T<\/td>\n<\/tr>\n<tr>\n<td height=\"33\">Sistema de frenado<\/td>\n<td>ABS o EBS (opcional)<\/td>\n<\/tr>\n<tr>\n<td height=\"33\">Neum\u00e1tico<\/td>\n<td>12R 22.5 315\/80 R22.5<\/td>\n<\/tr>\n<tr>\n<td height=\"33\">C\u00e1maras de freno<\/td>\n<td>T30\/30<\/td>\n<\/tr>\n<\/tbody>\n<\/table>\n<p style=\"text-align: center;\"><a class=\"product_button\" href=\"#elementor-action%3Aaction%3Dpopup%3Aopen%26settings%3DeyJpZCI6Ijk5MDciLCJ0b2dnbGUiOmZhbHNlfQ%3D%3D\">Haga clic para m\u00e1s detalles<\/a><\/p>\n<h2>Dibujo de semirremolque para chatarra<\/h2>\n<p><img loading=\"lazy\" decoding=\"async\" class=\"alignnone\" style=\"width: 750px;\" src=\"https:\/\/pandamech.com\/wp-content\/uploads\/2022\/08\/tipper-semi-trailer-3.jpg\" alt=\"dibujo del remolque volquete para chatarra\" width=\"800\" height=\"420\" title=\"\"><\/p>\n<h2>Remolque basculante para chatarra<\/h2>\n<ul>\n<li>1. Para garantizar la calidad, la soldadura se realiza autom\u00e1ticamente mediante m\u00e1quinas. 2. Despu\u00e9s de la soldadura, el lijado y el tratamiento de pintura garantizan que el remolque volquete para chatarra est\u00e9 bien protegido contra la corrosi\u00f3n y otros da\u00f1os.<\/li>\n<li>2. Utilizamos la norma SABS.<\/li>\n<li>3. Nuestros productos tienen una amplia gama de aplicaciones, lo que los convierte en un valioso activo para las industrias.<\/li>\n<\/ul>\n<p style=\"text-align: center;\"><a class=\"product_button\" href=\"#elementor-action%3Aaction%3Dpopup%3Aopen%26settings%3DeyJpZCI6Ijk5MDciLCJ0b2dnbGUiOmZhbHNlfQ%3D%3D\">Haga clic para m\u00e1s detalles<\/a><\/p>\n<h2>Panda Mech<\/h2>\n<p>Panda Mech es un fabricante de semirremolques basculantes de chatarra de China. Suministramos semirremolques basculantes para chatarra de 30\/40\/50\/60\/80...150 toneladas para la venta. Los fabricantes de Panda Mech han tenido \u00e9xito en el Sudeste Asi\u00e1tico, Oriente Medio, \u00c1frica y Am\u00e9rica del Sur, como Filipinas, Tanzania, Nigeria, etc....<\/p>\n<p><a href=\"\/spanish\/contact-us\/\" rel=\"nofollow\"><img loading=\"lazy\" decoding=\"async\" class=\"alignnone\" src=\"https:\/\/pandamech.com\/wp-content\/uploads\/u_file\/db8ce19fe3.jpg\" alt=\"oferta de semirremolque basculante para chatarra\" width=\"864\" height=\"213\" title=\"\"><\/a><\/p>","protected":false},"excerpt":{"rendered":"<p>Modelo: Remolque basculante para chatarra<\/p>\n<p>Gama de precios: USD 17.000-36.000<\/p>\n<p>Plazo de entrega: 7-25 d\u00edas<\/p>\n<p>Aplicaci\u00f3n: transporte de materiales de desecho<\/p>\n<p>\u00c1ngulo de inclinaci\u00f3n: 45<\/p>\n<p>Sistema hidr\u00e1ulico: Cilindro HYVA<\/p>","protected":false},"featured_media":58430,"template":"","meta":{"_acf_changed":false,"_kad_blocks_custom_css":"","_kad_blocks_head_custom_js":"","_kad_blocks_body_custom_js":"","_kad_blocks_footer_custom_js":"","_kad_post_transparent":"default","_kad_post_title":"","_kad_post_layout":"default","_kad_post_sidebar_id":"","_kad_post_content_style":"default","_kad_post_vertical_padding":"default","_kad_post_feature":"","_kad_post_feature_position":"","_kad_post_header":false,"_kad_post_footer":false,"_kad_post_classname":""},"product_brand":[],"product_cat":[172],"product_tag":[],"class_list":{"0":"post-37933","1":"product","2":"type-product","3":"status-publish","4":"has-post-thumbnail","6":"product_cat-dump-truck-trailer","8":"first","9":"instock","10":"sold-individually","11":"shipping-taxable","12":"purchasable","13":"product-type-simple","14":"entry","15":"content-bg","16":"loop-entry"},"acf":[],"taxonomy_info":{"product_cat":[{"value":172,"label":"Dump Truck Trailer"}]},"featured_image_src_large":["https:\/\/www.pandamech.com\/wp-content\/uploads\/2022\/10\/tipper-trailer-2-500x500.jpg",500,500,true],"author_info":[],"comment_info":"","_links":{"self":[{"href":"https:\/\/www.pandamech.com\/spanish\/wp-json\/wp\/v2\/product\/37933","targetHints":{"allow":["GET"]}}],"collection":[{"href":"https:\/\/www.pandamech.com\/spanish\/wp-json\/wp\/v2\/product"}],"about":[{"href":"https:\/\/www.pandamech.com\/spanish\/wp-json\/wp\/v2\/types\/product"}],"version-history":[{"count":1,"href":"https:\/\/www.pandamech.com\/spanish\/wp-json\/wp\/v2\/product\/37933\/revisions"}],"predecessor-version":[{"id":91252,"href":"https:\/\/www.pandamech.com\/spanish\/wp-json\/wp\/v2\/product\/37933\/revisions\/91252"}],"wp:featuredmedia":[{"embeddable":true,"href":"https:\/\/www.pandamech.com\/spanish\/wp-json\/wp\/v2\/media\/58430"}],"wp:attachment":[{"href":"https:\/\/www.pandamech.com\/spanish\/wp-json\/wp\/v2\/media?parent=37933"}],"wp:term":[{"taxonomy":"product_brand","embeddable":true,"href":"https:\/\/www.pandamech.com\/spanish\/wp-json\/wp\/v2\/product_brand?post=37933"},{"taxonomy":"product_cat","embeddable":true,"href":"https:\/\/www.pandamech.com\/spanish\/wp-json\/wp\/v2\/product_cat?post=37933"},{"taxonomy":"product_tag","embeddable":true,"href":"https:\/\/www.pandamech.com\/spanish\/wp-json\/wp\/v2\/product_tag?post=37933"}],"curies":[{"name":"wp","href":"https:\/\/api.w.org\/{rel}","templated":true}]}}