{"id":37807,"date":"2023-03-24T17:36:01","date_gmt":"2023-03-24T09:36:01","guid":{"rendered":"https:\/\/pandamech.com\/?post_type=product&#038;p=37807"},"modified":"2025-08-23T01:07:07","modified_gmt":"2025-08-22T17:07:07","slug":"40-foot-dump-truck-trailer-for-sale","status":"publish","type":"product","link":"https:\/\/www.pandamech.com\/spanish\/product\/40-foot-dump-truck-trailer-for-sale\/","title":{"rendered":"40Ft Dump remolque para la venta"},"content":{"rendered":"<p>PANDA MECH ha dedicado mucho tiempo y recursos a la investigaci\u00f3n y desarrollo de nuestros remolques basculantes de 40 pies, garantizando la m\u00e1xima eficiencia y cumplimiento. Mediante el empleo de materiales de alta resistencia y larga duraci\u00f3n, nos adaptamos a una amplia variedad de requisitos de transporte para los remolques basculantes.<\/p>\n<p>Al mismo tiempo, nuestros remolques basculantes de 40 pies proporcionan una descarga r\u00e1pida mientras manejan cargas considerables. Es esencial asegurarse de que un operador cuidadoso est\u00e1 a cargo de la descarga de estos remolques volquete final, ya que un manejo inadecuado podr\u00eda resultar en peligros potenciales.<\/p>\n<h2>40 Ft remolque volquete im\u00e1genes<\/h2>\n<p><img fetchpriority=\"high\" decoding=\"async\" class=\"alignnone\" src=\"https:\/\/pandamech.com\/wp-content\/uploads\/2022\/10\/25cbm-tipper-7.jpg\" alt=\"40 pies remolque volquete final para la venta\" width=\"750\" height=\"400\" title=\"\"><\/p>\n<p>Extremo de 40 pies <a class=\"wpil_keyword_link\" title=\"remolque volquete\" href=\"https:\/\/www.pandamech.com\/spanish\/category\/dump-truck-trailer\/\" target=\"_blank\" rel=\"noopener\" data-wpil-keyword-link=\"linked\">remolque volquete<\/a> en venta<\/p>\n<p><img decoding=\"async\" class=\"alignnone wp-image-32365\" src=\"https:\/\/pandamech.com\/wp-content\/uploads\/2022\/10\/25cbm-tipper-8.jpg\" alt=\"3 ejes 25cbm volquete semirremolque volquete para la venta\" width=\"750\" height=\"399\" title=\"\"><br \/>\n40 pies volcado tractor remolque para la venta<\/p>\n<p>Relacionado: <span style=\"color: #0000ff;\"><a style=\"color: #0000ff;\" href=\"https:\/\/www.pandamech.com\/spanish\/product\/40-ton-half-round-end-dump-trailer\/\" target=\"_blank\" rel=\"noopener\">Remolque volquete de 40 toneladas<\/a><\/span>, <a href=\"https:\/\/www.pandamech.com\/spanish\/product\/80-ton-dump-truck-trailer\/\" target=\"_blank\" rel=\"noopener\"><span style=\"color: #0000ff;\">Remolque de volquete de 80 toneladas<\/span><\/a><\/p>\n<p style=\"text-align: center;\"><a class=\"product_button\" href=\"#elementor-action%3Aaction%3Dpopup%3Aopen%26settings%3DeyJpZCI6Ijk5MDciLCJ0b2dnbGUiOmZhbHNlfQ%3D%3D\">Obtenga un presupuesto instant\u00e1neo<\/a><\/p>\n<h2>V\u00eddeo del remolque basculante de 40 pies<\/h2>\n<p><iframe title=\"Reproductor de v\u00eddeo YouTube\" src=\"https:\/\/www.youtube.com\/embed\/9CVtJSS1v64\" width=\"750\" height=\"450\" frameborder=\"0\" allowfullscreen=\"allowfullscreen\"><span data-mce-type=\"bookmark\" style=\"display: inline-block; width: 0px; overflow: hidden; line-height: 0;\" class=\"mce_SELRES_start\"><\/span><\/iframe><\/p>\n<h2>Especificaciones del remolque basculante de 40 pies<\/h2>\n<table style=\"width: 750px;\" border=\"1\" cellspacing=\"1\" cellpadding=\"1\">\n<tbody>\n<tr>\n<td width=\"208\" height=\"33\">Fabricante<\/td>\n<td width=\"598\">Remolque Panda Mech de 40 pies<\/td>\n<\/tr>\n<tr>\n<td height=\"33\">Capacidad<\/td>\n<td>50-100 toneladas<\/td>\n<\/tr>\n<tr>\n<td height=\"33\">Dimensi\u00f3n<\/td>\n<td>12000*2500*3500mm<\/td>\n<\/tr>\n<tr>\n<td height=\"33\">Eje<\/td>\n<td>3 ejes<\/td>\n<\/tr>\n<tr>\n<td height=\"33\">Sistema hidr\u00e1ulico<\/td>\n<td>Cilindro hidr\u00e1ulico HYVA<\/td>\n<\/tr>\n<tr>\n<td height=\"33\">Cilindro<\/td>\n<td>175, 191, 202, 214 \/ 4TG, 5TG<\/td>\n<\/tr>\n<tr>\n<td height=\"33\">Suspensi\u00f3n<\/td>\n<td>Mec\u00e1nico, aire, muelle<\/td>\n<\/tr>\n<tr>\n<td height=\"33\">Kingpin<\/td>\n<td>Tipo desmontable JOST 2\u2033 o 3,5<\/td>\n<\/tr>\n<tr>\n<td height=\"33\">Tren de aterrizaje<\/td>\n<td>JOST 28T<\/td>\n<\/tr>\n<tr>\n<td height=\"33\">Sistema de frenado<\/td>\n<td>ABS o EBS (opcional)<\/td>\n<\/tr>\n<tr>\n<td height=\"33\">Neum\u00e1tico<\/td>\n<td>12R 22.5 315\/80 R22.5<\/td>\n<\/tr>\n<tr>\n<td height=\"33\">C\u00e1maras de freno<\/td>\n<td>T30\/30<\/td>\n<\/tr>\n<\/tbody>\n<\/table>\n<p style=\"text-align: center;\"><a class=\"product_button\" href=\"#elementor-action%3Aaction%3Dpopup%3Aopen%26settings%3DeyJpZCI6Ijk5MDciLCJ0b2dnbGUiOmZhbHNlfQ%3D%3D\">Haga clic para m\u00e1s detalles<\/a><\/p>\n<h2>Dibujo de un remolque basculante de 40 pies<\/h2>\n<p><img decoding=\"async\" class=\"alignnone\" style=\"width: 750px;\" src=\"https:\/\/pandamech.com\/wp-content\/uploads\/2022\/08\/tipper-semi-trailer-3.jpg\" alt=\"Dibujo de un remolque basculante de 40 pies\" width=\"800\" height=\"420\" title=\"\"><\/p>\n<h2>Remolque basculante de 40 pies<\/h2>\n<ul>\n<li>1. El nuevo dise\u00f1o permite una mejor inclinaci\u00f3n del \u00e1ngulo para mejorar la velocidad de descarga.<\/li>\n<li>2. Marcas de alta visibilidad seg\u00fan la norma SABS.<\/li>\n<li>3. Luz LED de alta calidad.<\/li>\n<\/ul>\n<p style=\"text-align: center;\"><a class=\"product_button\" href=\"#elementor-action%3Aaction%3Dpopup%3Aopen%26settings%3DeyJpZCI6Ijk5MDciLCJ0b2dnbGUiOmZhbHNlfQ%3D%3D\">Haga clic para m\u00e1s detalles<\/a><\/p>\n<h2>Panda Mech<\/h2>\n<p>Panda Mech es un 40 pies <a class=\"wpil_keyword_link\" title=\"remolque basculante\" href=\"https:\/\/www.pandamech.com\/spanish\/category\/tipper-trailer\/semi-dump-trailer\/\" target=\"_blank\" rel=\"noopener\" data-wpil-keyword-link=\"linked\">remolque basculante<\/a> fabricante de China. Suministramos remolques volquete de 40 pies para la venta. Panda Mech fabricantes han tenido \u00e9xito en el sudeste de Asia, Oriente Medio, \u00c1frica y Am\u00e9rica del Sur, como Filipinas, Tanzania, Nigeria, etc ...<\/p>\n<p><a href=\"\/spanish\/contact-us\/\" rel=\"nofollow\"><img loading=\"lazy\" decoding=\"async\" class=\"alignnone\" src=\"https:\/\/pandamech.com\/wp-content\/uploads\/u_file\/db8ce19fe3.jpg\" alt=\"Oferta de remolque basculante de 40 pies\" width=\"864\" height=\"213\" title=\"\"><\/a><\/p>","protected":false},"excerpt":{"rendered":"<p>Modelo: Remolque volquete de 40 pies<\/p>\n<p>Gama de precios: USD 12.900-27.500<\/p>\n<p>Plazo de entrega: 7-25 d\u00edas<\/p>\n<p>Aplicaci\u00f3n: transporte de carb\u00f3n, mineral, materiales de construcci\u00f3n<\/p>\n<p>\u00c1ngulo de inclinaci\u00f3n: 45<\/p>\n<p>Sistema hidr\u00e1ulico: Cilindro HYVA<\/p>","protected":false},"featured_media":58105,"template":"","meta":{"_acf_changed":false,"_kad_blocks_custom_css":"","_kad_blocks_head_custom_js":"","_kad_blocks_body_custom_js":"","_kad_blocks_footer_custom_js":"","_kad_post_transparent":"default","_kad_post_title":"","_kad_post_layout":"default","_kad_post_sidebar_id":"","_kad_post_content_style":"default","_kad_post_vertical_padding":"default","_kad_post_feature":"","_kad_post_feature_position":"","_kad_post_header":false,"_kad_post_footer":false,"_kad_post_classname":""},"product_brand":[],"product_cat":[172],"product_tag":[],"class_list":{"0":"post-37807","1":"product","2":"type-product","3":"status-publish","4":"has-post-thumbnail","6":"product_cat-dump-truck-trailer","8":"first","9":"instock","10":"sold-individually","11":"shipping-taxable","12":"purchasable","13":"product-type-simple","14":"entry","15":"content-bg","16":"loop-entry"},"acf":[],"taxonomy_info":{"product_cat":[{"value":172,"label":"Dump Truck Trailer"}]},"featured_image_src_large":["https:\/\/www.pandamech.com\/wp-content\/uploads\/2022\/10\/25cbm-tipper-4-500x500.jpg",500,500,true],"author_info":[],"comment_info":"","_links":{"self":[{"href":"https:\/\/www.pandamech.com\/spanish\/wp-json\/wp\/v2\/product\/37807","targetHints":{"allow":["GET"]}}],"collection":[{"href":"https:\/\/www.pandamech.com\/spanish\/wp-json\/wp\/v2\/product"}],"about":[{"href":"https:\/\/www.pandamech.com\/spanish\/wp-json\/wp\/v2\/types\/product"}],"version-history":[{"count":1,"href":"https:\/\/www.pandamech.com\/spanish\/wp-json\/wp\/v2\/product\/37807\/revisions"}],"predecessor-version":[{"id":91254,"href":"https:\/\/www.pandamech.com\/spanish\/wp-json\/wp\/v2\/product\/37807\/revisions\/91254"}],"wp:featuredmedia":[{"embeddable":true,"href":"https:\/\/www.pandamech.com\/spanish\/wp-json\/wp\/v2\/media\/58105"}],"wp:attachment":[{"href":"https:\/\/www.pandamech.com\/spanish\/wp-json\/wp\/v2\/media?parent=37807"}],"wp:term":[{"taxonomy":"product_brand","embeddable":true,"href":"https:\/\/www.pandamech.com\/spanish\/wp-json\/wp\/v2\/product_brand?post=37807"},{"taxonomy":"product_cat","embeddable":true,"href":"https:\/\/www.pandamech.com\/spanish\/wp-json\/wp\/v2\/product_cat?post=37807"},{"taxonomy":"product_tag","embeddable":true,"href":"https:\/\/www.pandamech.com\/spanish\/wp-json\/wp\/v2\/product_tag?post=37807"}],"curies":[{"name":"wp","href":"https:\/\/api.w.org\/{rel}","templated":true}]}}