{"id":33630,"date":"2025-08-26T16:41:47","date_gmt":"2025-08-26T08:41:47","guid":{"rendered":"https:\/\/pandamech.com\/?post_type=product&#038;p=33630"},"modified":"2025-08-28T18:07:26","modified_gmt":"2025-08-28T10:07:26","slug":"25cbm-dump-semi-trailer","status":"publish","type":"product","link":"https:\/\/www.pandamech.com\/spanish\/product\/25cbm-dump-semi-trailer\/","title":{"rendered":"25CBM remolque volquete para la venta"},"content":{"rendered":"<p>El remolque volquete 25CBM es un tipo de semirremolque grande, normalmente, cuando lo descargamos, primero lo conducimos a la posici\u00f3n designada, luego lo levantamos y lo descargamos. 25M3 <span style=\"color: #0000ff;\"><a style=\"color: #0000ff;\" href=\"https:\/\/www.pandamech.com\/spanish\/category\/tipper-trailer\/semi-dump-trailer\/\" target=\"_blank\" rel=\"noopener\">Semirremolques basculantes<\/a><\/span> pueden ayudarle a transportar y descargar mercanc\u00edas con facilidad. Son muy sencillos de manejar y la carrocer\u00eda est\u00e1 dise\u00f1ada para permitir una descarga r\u00e1pida. Un remolque volquete de 25 M3 es otro nombre para un remolque volquete de 25 CBM<\/p>\n<h2>25 im\u00e1genes de remolques volquete CBM<\/h2>\n<p><img fetchpriority=\"high\" decoding=\"async\" class=\"alignnone\" src=\"https:\/\/pandamech.com\/wp-content\/uploads\/2022\/10\/25cbm-tipper-7.jpg\" alt=\"se vende remolque basculante de 25 cbm\" width=\"750\" height=\"400\" title=\"\"><\/p>\n<p>25 cbm cami\u00f3n volquete remolque para la venta<\/p>\n<p><img decoding=\"async\" class=\"alignnone\" src=\"https:\/\/pandamech.com\/wp-content\/uploads\/2022\/10\/25cbm-tipper-8.jpg\" alt=\"Remolque volquete de 3 ejes de 25 cbm\" width=\"750\" height=\"399\" title=\"\"><\/p>\n<p>25 cbm remolque de tractor de volteo de servicio pesado fabricante en China<\/p>\n<p>Relacionado: <a href=\"https:\/\/www.pandamech.com\/product\/40-cbm-dump-semi-truck-trailer\/\" target=\"_blank\" rel=\"noopener\"><span style=\"color: #0000ff;\">semirremolque basculante de 40 cbm<\/span><\/a>, <a href=\"https:\/\/www.pandamech.com\/product\/coal-dump-trailer-for-sale\/\" target=\"_blank\" rel=\"noopener\"><span style=\"color: #0000ff;\">remolque volquete para carb\u00f3n<\/span><\/a><\/p>\n<p style=\"text-align: center;\"><a class=\"product_button\" href=\"#elementor-action%3Aaction%3Dpopup%3Aopen%26settings%3DeyJpZCI6Ijk5MDciLCJ0b2dnbGUiOmZhbHNlfQ%3D%3D\">Obtenga un presupuesto instant\u00e1neo<\/a><\/p>\n<h2>V\u00eddeo del remolque basculante 25 M3<\/h2>\n<p><iframe title=\"Reproductor de v\u00eddeo YouTube\" src=\"https:\/\/www.youtube.com\/embed\/9CVtJSS1v64\" width=\"800\" height=\"533\" frameborder=\"0\" allowfullscreen=\"allowfullscreen\"><span data-mce-type=\"bookmark\" style=\"display: inline-block; width: 0px; overflow: hidden; line-height: 0;\" class=\"mce_SELRES_start\"><\/span><\/iframe><\/p>\n<h2>Especificaciones del remolque basculante de 25 CBM<\/h2>\n<table style=\"width: 800px;\" border=\"1\" cellspacing=\"1\" cellpadding=\"1\">\n<tbody>\n<tr>\n<td width=\"208\" height=\"33\">Fabricante<\/td>\n<td width=\"598\">Panda Mech 25 CBM <a class=\"wpil_keyword_link\" title=\"remolque volquete\" href=\"https:\/\/www.pandamech.com\/spanish\/category\/dump-truck-trailer\/\" target=\"_blank\" rel=\"noopener\" data-wpil-keyword-link=\"linked\">remolque volquete<\/a><\/td>\n<\/tr>\n<tr>\n<td height=\"33\">Eje<\/td>\n<td>3 ejes<\/td>\n<\/tr>\n<tr>\n<td height=\"33\">Sistema hidr\u00e1ulico<\/td>\n<td>Cilindro hidr\u00e1ulico HYVA<\/td>\n<\/tr>\n<tr>\n<td height=\"33\">Cilindro<\/td>\n<td>175, 191, 202, 214 \/ 4TG, 5TG<\/td>\n<\/tr>\n<tr>\n<td height=\"33\">Suspensi\u00f3n<\/td>\n<td>Mec\u00e1nico, aire, muelle<\/td>\n<\/tr>\n<tr>\n<td height=\"33\">Kingpin<\/td>\n<td>Tipo desmontable JOST 2\u2033 o 3,5<\/td>\n<\/tr>\n<tr>\n<td height=\"33\">Tren de aterrizaje<\/td>\n<td>JOST 28T<\/td>\n<\/tr>\n<tr>\n<td height=\"33\">Sistema de frenado<\/td>\n<td>ABS o EBS (opcional)<\/td>\n<\/tr>\n<tr>\n<td height=\"33\">Neum\u00e1tico<\/td>\n<td>12R 22.5 315\/80 R22.5<\/td>\n<\/tr>\n<tr>\n<td height=\"33\">C\u00e1maras de freno<\/td>\n<td>T30\/30<\/td>\n<\/tr>\n<\/tbody>\n<\/table>\n<p style=\"text-align: center;\"><a class=\"product_button\" href=\"#elementor-action%3Aaction%3Dpopup%3Aopen%26settings%3DeyJpZCI6Ijk5MDciLCJ0b2dnbGUiOmZhbHNlfQ%3D%3D\">Haga clic para m\u00e1s detalles<\/a><\/p>\n<h2>Plano del remolque basculante de 25 CBM<\/h2>\n<p><img decoding=\"async\" style=\"width: 800px;\" src=\"https:\/\/pandamech.com\/wp-content\/uploads\/2022\/08\/tipper-semi-trailer-3.jpg\" alt=\"triaxle half pipe dump truck trailer drawing\" height=\"420\" title=\"\"><\/p>\n<p>dibujo de un semirremolque basculante de tres ejes<\/p>\n<h2>Caracter\u00edsticas del remolque basculante 25 CBM<\/h2>\n<ul>\n<li>1. Tras la fabricaci\u00f3n de cada remolque volquete de 25 cbm, se somete a m\u00faltiples procesos para su comprobaci\u00f3n.<\/li>\n<li>2. Todas las l\u00edneas adoptan luces LED avanzadas para una larga vida \u00fatil.<\/li>\n<li>3. Cilindro hidr\u00e1ulico de marca mundialmente conocida con larga vida \u00fatil.<\/li>\n<\/ul>\n<p style=\"text-align: center;\"><a class=\"product_button\" href=\"#elementor-action%3Aaction%3Dpopup%3Aopen%26settings%3DeyJpZCI6Ijk5MDciLCJ0b2dnbGUiOmZhbHNlfQ%3D%3D\">Haga clic para m\u00e1s detalles<\/a><\/p>\n<h2>Panda Mech<\/h2>\n<p>Panda Mech es un fabricante de semirremolques volquete 25 CBM de China. Suministramos semirremolques volquete 25 CBM para la venta. Los fabricantes de Panda Mech han tenido \u00e9xito en el sudeste asi\u00e1tico, Oriente Medio, \u00c1frica y Am\u00e9rica del Sur, como Filipinas, Tanzania, Nigeria, etc....<\/p>\n<p><a href=\"\/spanish\/contact-us\/\" rel=\"nofollow\"><img decoding=\"async\" src=\"https:\/\/pandamech.com\/wp-content\/uploads\/u_file\/db8ce19fe3.jpg\" alt=\"30 CBM volquete de transporte semi veh\u00edculo de transporte cotizaci\u00f3n\" title=\"\"><\/a><\/p>\n<p>FAQ<\/p>\n<h2 data-start=\"1867\" data-end=\"1928\">\u00bfCu\u00e1l es la diferencia entre un remolque volquete de 25CBM y uno de 30CBM?<\/h2>\n<p>En realidad, los semirremolques basculantes 25CBM y 30CBM son diferentes <strong>en capacidad, dimensi\u00f3n y precio<\/strong>. La 25CBM es m\u00e1s flexible, adecuada para el transporte de tama\u00f1o medio, y tiene costes m\u00e1s bajos. Obviamente, la 30CBM puede transportar m\u00e1s que la 25CBM, alrededor de 20% m\u00e1s, por lo que es m\u00e1s adecuada para el transporte a gran escala y a larga distancia, pero el veh\u00edculo es m\u00e1s grande y tiene mayores requisitos para los tractores y las carreteras.<\/p>\n<h2 data-start=\"1933\" data-end=\"1982\">\u00bfCu\u00e1nto peso puede transportar un remolque volquete de 25CBM?<\/h2>\n<p data-start=\"1933\" data-end=\"1982\">A <strong data-start=\"2\" data-end=\"24\">Remolque basculante 25CBM<\/strong> suele llevar unos <strong data-start=\"47\" data-end=\"61\">30-40 toneladas<\/strong> de carga, en funci\u00f3n de su dise\u00f1o, n\u00famero de ejes y normativa vial local.<\/p>\n<p data-start=\"1933\" data-end=\"1982\">Relacionado:<\/p>\n<p data-start=\"1933\" data-end=\"1982\"><a href=\"https:\/\/www.pandamech.com\/spanish\/product\/china-30-cbm-tipper-trailer-wholesale\/\">Remolque basculante de 30 cbm<\/a><\/p>","protected":false},"excerpt":{"rendered":"<p><strong>Modelo<\/strong>: Remolque basculante de 25 cbm<\/p>\n<p><strong>Precios<\/strong>: USD 13.900-29.000<\/p>\n<p><strong>Fecha de entrega<\/strong>7-25 d\u00edas<\/p>\n<p><strong>Aplicaci\u00f3n<\/strong>Transporte de carb\u00f3n, minerales y materiales de construcci\u00f3n<\/p>\n<p><strong>\u00c1ngulo de inclinaci\u00f3n<\/strong>: 45<\/p>\n<p><strong>Sistema hidr\u00e1ulico<\/strong>: Cilindro HYVA<\/p>","protected":false},"featured_media":58103,"template":"","meta":{"_acf_changed":false,"_kad_blocks_custom_css":"","_kad_blocks_head_custom_js":"","_kad_blocks_body_custom_js":"","_kad_blocks_footer_custom_js":"","_kad_post_transparent":"default","_kad_post_title":"","_kad_post_layout":"default","_kad_post_sidebar_id":"","_kad_post_content_style":"default","_kad_post_vertical_padding":"default","_kad_post_feature":"","_kad_post_feature_position":"","_kad_post_header":false,"_kad_post_footer":false,"_kad_post_classname":""},"product_brand":[],"product_cat":[106],"product_tag":[],"class_list":{"0":"post-33630","1":"product","2":"type-product","3":"status-publish","4":"has-post-thumbnail","6":"product_cat-semi-dump-trailer","8":"first","9":"instock","10":"sold-individually","11":"shipping-taxable","12":"purchasable","13":"product-type-simple","14":"entry","15":"content-bg","16":"loop-entry"},"acf":[],"taxonomy_info":{"product_cat":[{"value":106,"label":"End Dump Trailer"}]},"featured_image_src_large":["https:\/\/www.pandamech.com\/wp-content\/uploads\/2022\/10\/25cbm-tipper-2-500x500.jpg",500,500,true],"author_info":[],"comment_info":"","_links":{"self":[{"href":"https:\/\/www.pandamech.com\/spanish\/wp-json\/wp\/v2\/product\/33630","targetHints":{"allow":["GET"]}}],"collection":[{"href":"https:\/\/www.pandamech.com\/spanish\/wp-json\/wp\/v2\/product"}],"about":[{"href":"https:\/\/www.pandamech.com\/spanish\/wp-json\/wp\/v2\/types\/product"}],"version-history":[{"count":4,"href":"https:\/\/www.pandamech.com\/spanish\/wp-json\/wp\/v2\/product\/33630\/revisions"}],"predecessor-version":[{"id":91550,"href":"https:\/\/www.pandamech.com\/spanish\/wp-json\/wp\/v2\/product\/33630\/revisions\/91550"}],"wp:featuredmedia":[{"embeddable":true,"href":"https:\/\/www.pandamech.com\/spanish\/wp-json\/wp\/v2\/media\/58103"}],"wp:attachment":[{"href":"https:\/\/www.pandamech.com\/spanish\/wp-json\/wp\/v2\/media?parent=33630"}],"wp:term":[{"taxonomy":"product_brand","embeddable":true,"href":"https:\/\/www.pandamech.com\/spanish\/wp-json\/wp\/v2\/product_brand?post=33630"},{"taxonomy":"product_cat","embeddable":true,"href":"https:\/\/www.pandamech.com\/spanish\/wp-json\/wp\/v2\/product_cat?post=33630"},{"taxonomy":"product_tag","embeddable":true,"href":"https:\/\/www.pandamech.com\/spanish\/wp-json\/wp\/v2\/product_tag?post=33630"}],"curies":[{"name":"wp","href":"https:\/\/api.w.org\/{rel}","templated":true}]}}