{"id":33417,"date":"2022-11-10T16:28:23","date_gmt":"2022-11-10T08:28:23","guid":{"rendered":"https:\/\/pandamech.com\/?post_type=product&#038;p=33417"},"modified":"2025-11-10T18:06:51","modified_gmt":"2025-11-10T10:06:51","slug":"40-tons-cement-bulk-carrier","status":"publish","type":"product","link":"https:\/\/www.pandamech.com\/spanish\/product\/40-tons-cement-bulk-carrier\/","title":{"rendered":"Granelero de cemento de 3 ejes y 40 CBM"},"content":{"rendered":"<p>El transporte de cemento a granel tambi\u00e9n se denomina cami\u00f3n cisterna de cemento o cami\u00f3n cisterna de polvo. Se utiliza principalmente para el transporte de materiales en polvo con un di\u00e1metro no superior a 0,1 mm, incluyendo principalmente cenizas volantes, cal y as\u00ed sucesivamente.<\/p>\n<p>El \u00e1rea de aplicaci\u00f3n del remolque de cemento a granel es muy amplia, incluyendo la agricultura, la industria, la construcci\u00f3n, la industria el\u00e9ctrica, etc., que se utiliza sobre todo en la industria de la construcci\u00f3n, especialmente en las plantas de cemento, y las obras de construcci\u00f3n.<\/p>\n<h2>Granelero de cemento<\/h2>\n<ul>\n<li>1. PANDA MECH puede proporcionar 20\/30\/40\/50\/60\/70\/100cbm 30\/40\/50\/60\/70\/80\/120 toneladas remolques cisterna de cemento para la venta.<\/li>\n<li>2. Es muy importante realizar pruebas estrictas en la soldadura, la prueba de estanqueidad y la prueba de fuga de aire del tanque.<\/li>\n<li>3. Primero hay que chorrear y limpiar todo el veh\u00edculo y luego pintarlo, y la segunda imprimaci\u00f3n puede tener una vida \u00fatil m\u00e1s larga.<\/li>\n<li>4. El semirremolque cisterna de cemento est\u00e1 equipado con una gu\u00eda del usuario y un manual de mantenimiento para que el veh\u00edculo cisterna de polvo pueda funcionar mejor.<\/li>\n<li>5. El remolque de transporte de cemento est\u00e1 hecho de material de acero de resistencia r\u00edgida, que puede tener mayor vida \u00fatil y capacidad de carga.<\/li>\n<\/ul>\n<p style=\"text-align: center;\"><a class=\"product_button\" href=\"#elementor-action%3Aaction%3Dpopup%3Aopen%26settings%3DeyJpZCI6Ijk5MDciLCJ0b2dnbGUiOmZhbHNlfQ%3D%3D\">Haga clic para m\u00e1s detalles<\/a><\/p>\n<h2>V\u00eddeo de un granelero de cemento<\/h2>\n<p><iframe title=\"Reproductor de v\u00eddeo YouTube\" src=\"https:\/\/www.youtube.com\/embed\/6jNy8uXFBjc\" width=\"800\" height=\"533\" frameborder=\"0\" allowfullscreen=\"allowfullscreen\"><span data-mce-type=\"bookmark\" style=\"display: inline-block; width: 0px; overflow: hidden; line-height: 0;\" class=\"mce_SELRES_start\"><\/span><\/iframe><\/p>\n<h2>Especificaciones del granelero de cemento de 40 toneladas<\/h2>\n<table style=\"width: 800px;\" border=\"1\" cellspacing=\"1\" cellpadding=\"1\">\n<tbody>\n<tr>\n<td width=\"221\" height=\"40\">Marca<\/td>\n<td width=\"515\">PANDA Mech Cami\u00f3n remolque de cemento de 40 toneladas<\/td>\n<\/tr>\n<tr>\n<td width=\"221\" height=\"40\">Volumen<\/td>\n<td width=\"515\">30 cbm \/ m3<\/td>\n<\/tr>\n<tr>\n<td width=\"221\" height=\"40\">Capacidad<\/td>\n<td width=\"515\">40 toneladas, 40t<\/td>\n<\/tr>\n<tr>\n<td width=\"221\" height=\"40\">Motor<\/td>\n<td width=\"515\">WeiCai Deutz diesel moto<\/td>\n<\/tr>\n<tr>\n<td width=\"221\" height=\"40\">V\u00e1lvula de descarga<\/td>\n<td width=\"515\">V\u00e1lvula de disco de 4<\/td>\n<\/tr>\n<tr>\n<td width=\"221\" height=\"40\">Dimensi\u00f3n<\/td>\n<td>9500*2500*3600 mm<\/td>\n<\/tr>\n<tr>\n<td width=\"221\" height=\"40\">Material del dep\u00f3sito<\/td>\n<td width=\"515\">Acero de alta resistencia de 5 mm o 6 mm<\/td>\n<\/tr>\n<tr>\n<td width=\"221\" height=\"40\">Tren de aterrizaje<\/td>\n<td width=\"515\">JOST 28T<\/td>\n<\/tr>\n<tr>\n<td width=\"221\" height=\"40\">Suspensi\u00f3n<\/td>\n<td width=\"515\">Suspensi\u00f3n mec\u00e1nica o neum\u00e1tica<\/td>\n<\/tr>\n<tr>\n<td width=\"221\" height=\"40\">Sistema de frenos<\/td>\n<td width=\"515\">C\u00e1mara T30\/30, v\u00e1lvula de emergencia WABCO<\/td>\n<\/tr>\n<tr>\n<td width=\"221\" height=\"40\">Eje<\/td>\n<td width=\"515\">3 ejes<\/td>\n<\/tr>\n<tr>\n<td width=\"221\" height=\"40\">Neum\u00e1tico<\/td>\n<td width=\"515\">12R22.5, 385\/65R22.5, 13R22.5, 12.00R24, 315\/80R22.5<\/td>\n<\/tr>\n<\/tbody>\n<\/table>\n<p style=\"text-align: center;\"><a class=\"product_button\" href=\"#elementor-action%3Aaction%3Dpopup%3Aopen%26settings%3DeyJpZCI6Ijk5MDciLCJ0b2dnbGUiOmZhbHNlfQ%3D%3D\">Haga clic para m\u00e1s detalles<\/a><\/p>\n<h2>Im\u00e1genes de graneleros de cemento de 40 toneladas<\/h2>\n<p><img fetchpriority=\"high\" decoding=\"async\" class=\"alignnone wp-image-18918 size-full\" style=\"width: 800px;\" title=\"40 Ton Cemento Cisterna Remolque Para la Venta\" src=\"https:\/\/pandamech.com\/wp-content\/uploads\/2022\/06\/40-ton-cement-tanker-trailer-for-sale.jpg\" alt=\"40 Ton cami\u00f3n de cemento remolque portador para la venta Filipinas\" width=\"800\" height=\"533\" \/><\/p>\n<p>40 Ton remolque de cemento fabricante Filipinas<\/p>\n<p><img decoding=\"async\" class=\"alignnone wp-image-18920 size-full\" style=\"width: 800px;\" title=\"40 Ton Cemento Cisterna Remolque Para la Venta\" src=\"https:\/\/pandamech.com\/wp-content\/uploads\/2022\/06\/40-ton-cement-tanker-trailer-for-sale-1.jpg\" alt=\"40 Ton cami\u00f3n de cemento a granel para la venta Filipinas\" width=\"800\" height=\"533\" \/><\/p>\n<p>tri axle 40 Ton remolque de transporte de cemento proveedor Filipinas<\/p>\n<p style=\"text-align: center;\"><a class=\"product_button\" href=\"#elementor-action%3Aaction%3Dpopup%3Aopen%26settings%3DeyJpZCI6Ijk5MDciLCJ0b2dnbGUiOmZhbHNlfQ%3D%3D\">Obtenga un presupuesto instant\u00e1neo<\/a><\/p>\n<h2>Transporte mar\u00edtimo de cemento a granel<\/h2>\n<p>Pediremos el Freightliner por adelantado antes de que se complete la producci\u00f3n y realizaremos una inspecci\u00f3n despu\u00e9s de que se complete la producci\u00f3n. El cami\u00f3n cisterna de cemento inspeccionado ser\u00e1 enviado a usted de acuerdo con el \u00faltimo tiempo de env\u00edo.<\/p>\n<p>Para evitar que la pintura del remolque de transporte de cemento se corroa por el agua de mar, rociaremos una capa de cera en la superficie del remolque de cami\u00f3n granelero antes del transporte.<\/p>\n<p>Envolveremos todos los motores di\u00e9sel de los remolques cisterna de cemento a granel de 40 toneladas con tela impermeable.<\/p>\n<p><img decoding=\"async\" class=\"alignnone wp-image-33094 size-full\" src=\"https:\/\/pandamech.com\/wp-content\/uploads\/2022\/10\/cement-trailer-transport-1.jpg\" alt=\"remolque cisterna para el transporte de cemento\" width=\"750\" height=\"400\" title=\"\"><\/p>\n<h2>Panda Mech<\/h2>\n<p>Panda Mech es un fabricante de graneleros de cemento de 40 toneladas de China. Suministramos remolques graneleros de cemento de 40 toneladas para la venta. Los fabricantes de Panda Mech han tenido \u00e9xito en el sudeste asi\u00e1tico, Oriente Medio, \u00c1frica y Am\u00e9rica del Sur, como Filipinas, Tanzania, etc....<\/p>\n<p><a href=\"https:\/\/www.pandamech.com\/spanish\/contact-us\/\" target=\"_blank\" rel=\"noopener\"><img loading=\"lazy\" decoding=\"async\" class=\"alignnone\" src=\"https:\/\/pandamech.com\/wp-content\/uploads\/2021\/08\/quotation.jpg\" alt=\"40 toneladas de cemento remolques de camiones para la venta Filipinas\" width=\"864\" height=\"213\" title=\"\"><\/a><\/p>","protected":false},"excerpt":{"rendered":"<p>Tipo: Remolque cisterna de cemento de 3 ejes y 40 toneladas<\/p>\n<p>Gama de precios: $15.900-28.500<\/p>\n<p>Plazo de entrega: 7-25 d\u00edas<\/p>\n<p>Descarga m\u00e1s r\u00e1pida: &gt;1,5 toneladas\/min<\/p>\n<p>Aplicaci\u00f3n: transporte de cemento, part\u00edculas de PVC, cenizas volantes, materiales granulares, etc.<\/p>","protected":false},"featured_media":57806,"template":"","meta":{"_acf_changed":false,"_kad_blocks_custom_css":"","_kad_blocks_head_custom_js":"","_kad_blocks_body_custom_js":"","_kad_blocks_footer_custom_js":"","_kad_post_transparent":"default","_kad_post_title":"","_kad_post_layout":"default","_kad_post_sidebar_id":"","_kad_post_content_style":"default","_kad_post_vertical_padding":"default","_kad_post_feature":"","_kad_post_feature_position":"","_kad_post_header":false,"_kad_post_footer":false,"_kad_post_classname":""},"product_brand":[],"product_cat":[101],"product_tag":[],"class_list":{"0":"post-33417","1":"product","2":"type-product","3":"status-publish","4":"has-post-thumbnail","6":"product_cat-cement-tanker","8":"first","9":"instock","10":"sold-individually","11":"shipping-taxable","12":"purchasable","13":"product-type-simple","14":"entry","15":"content-bg","16":"loop-entry"},"acf":[],"taxonomy_info":{"product_cat":[{"value":101,"label":"Cement Tanker For Sale"}]},"featured_image_src_large":["https:\/\/www.pandamech.com\/wp-content\/uploads\/2022\/08\/3-1-500x500.jpg",500,500,true],"author_info":[],"comment_info":"","_links":{"self":[{"href":"https:\/\/www.pandamech.com\/spanish\/wp-json\/wp\/v2\/product\/33417","targetHints":{"allow":["GET"]}}],"collection":[{"href":"https:\/\/www.pandamech.com\/spanish\/wp-json\/wp\/v2\/product"}],"about":[{"href":"https:\/\/www.pandamech.com\/spanish\/wp-json\/wp\/v2\/types\/product"}],"version-history":[{"count":1,"href":"https:\/\/www.pandamech.com\/spanish\/wp-json\/wp\/v2\/product\/33417\/revisions"}],"predecessor-version":[{"id":91277,"href":"https:\/\/www.pandamech.com\/spanish\/wp-json\/wp\/v2\/product\/33417\/revisions\/91277"}],"wp:featuredmedia":[{"embeddable":true,"href":"https:\/\/www.pandamech.com\/spanish\/wp-json\/wp\/v2\/media\/57806"}],"wp:attachment":[{"href":"https:\/\/www.pandamech.com\/spanish\/wp-json\/wp\/v2\/media?parent=33417"}],"wp:term":[{"taxonomy":"product_brand","embeddable":true,"href":"https:\/\/www.pandamech.com\/spanish\/wp-json\/wp\/v2\/product_brand?post=33417"},{"taxonomy":"product_cat","embeddable":true,"href":"https:\/\/www.pandamech.com\/spanish\/wp-json\/wp\/v2\/product_cat?post=33417"},{"taxonomy":"product_tag","embeddable":true,"href":"https:\/\/www.pandamech.com\/spanish\/wp-json\/wp\/v2\/product_tag?post=33417"}],"curies":[{"name":"wp","href":"https:\/\/api.w.org\/{rel}","templated":true}]}}