{"id":33042,"date":"2022-10-26T15:58:21","date_gmt":"2022-10-26T07:58:21","guid":{"rendered":"https:\/\/pandamech.com\/product\/58-60m3-bulk-cement-tanker"},"modified":"2025-11-10T18:06:52","modified_gmt":"2025-11-10T10:06:52","slug":"58-60m3-bulk-cement-tanker","status":"publish","type":"product","link":"https:\/\/www.pandamech.com\/spanish\/product\/58-60m3-bulk-cement-tanker\/","title":{"rendered":"Cisterna de cemento a granel 58\/60M3"},"content":{"rendered":"<p>El remolque de cemento PANDA se utiliza principalmente para el transporte de cemento en polvo, cal en polvo, cenizas volantes y otros materiales a granel. Su m\u00e9todo de descarga es muy simple, a trav\u00e9s del compresor de aire para elevar la presi\u00f3n del tanque a 0.2Mpa, y luego abrir el puerto de descarga, a trav\u00e9s de la tuber\u00eda de descarga para descargar.<\/p>\n<p>La velocidad de descarga es un \u00edndice muy importante. La velocidad de descarga puede mejorar la eficiencia. PANDA <span style=\"color: #0000ff;\"><a style=\"color: #0000ff;\" href=\"https:\/\/www.pandamech.com\/product\/3-axle-55-ton-cement-bulker-trailer\/\" target=\"_blank\" rel=\"noopener\">granelero de cemento<\/a><\/span> La eficiencia de descarga es superior a 1,5t\/min, en general, una capacidad de 50t <span style=\"color: #0000ff;\"><a style=\"color: #0000ff;\" href=\"https:\/\/www.pandamech.com\/spanish\/product\/bulk-powder-tanker-p00149p1-html\/\" target=\"_blank\" rel=\"noopener\">cementero<\/a><\/span> s\u00f3lo necesita unos 30 minutos para completar la descarga.<\/p>\n<h2>60CBM remolque cisterna de cemento caracter\u00edstica<\/h2>\n<ul>\n<li>1. <a class=\"wpil_keyword_link\" title=\"Remolque de cemento\" href=\"https:\/\/www.pandamech.com\/spanish\/category\/pneumatic-trailer\/cement-tanker\/\" target=\"_blank\" rel=\"noopener\" data-wpil-keyword-link=\"linked\">Remolque de cemento<\/a> es de acero de alta resistencia al desgaste, m\u00e1s ligero y duradero.<\/li>\n<li>2. El buld\u00f3cer de cemento adopta la estructura sin placa gu\u00eda, que es m\u00e1s ligera.<\/li>\n<li>3. El interior del tanque est\u00e1 dise\u00f1ado con un lecho fluidizado, lo que hace que la velocidad de descarga sea r\u00e1pida y la tasa residual baja.<\/li>\n<li>4. La entrada est\u00e1 en la parte superior del cami\u00f3n y la carga se realiza por gravedad.<\/li>\n<\/ul>\n<p style=\"text-align: center;\"><a class=\"product_button\" href=\"#elementor-action%3Aaction%3Dpopup%3Aopen%26settings%3DeyJpZCI6Ijk5MDciLCJ0b2dnbGUiOmZhbHNlfQ%3D%3D\">Haga clic para m\u00e1s detalles<\/a><\/p>\n<h2>V\u00eddeo del remolque para camiones cisterna<\/h2>\n<p><iframe title=\"Reproductor de v\u00eddeo YouTube\" src=\"https:\/\/www.youtube.com\/embed\/6jNy8uXFBjc\" width=\"800\" height=\"533\" frameborder=\"0\" allowfullscreen=\"allowfullscreen\"><\/iframe><\/p>\n<h2>60CBM remolque cisterna de cemento especificaci\u00f3n<\/h2>\n<table style=\"width: 800px;\" border=\"1\" cellspacing=\"1\" cellpadding=\"1\">\n<tbody>\n<tr>\n<td width=\"221\" height=\"40\">Marca<\/td>\n<td width=\"515\">PANDA Mech 60m3\/cbm cami\u00f3n remolque para cenizas volantes<\/td>\n<\/tr>\n<tr>\n<td width=\"221\" height=\"40\">Motor<\/td>\n<td width=\"515\">WeiCai Deutz diesel moto<\/td>\n<\/tr>\n<tr>\n<td width=\"221\" height=\"40\">Compresor<\/td>\n<td width=\"515\">SK 12m3<\/td>\n<\/tr>\n<tr>\n<td width=\"221\" height=\"40\">Tapa de alcantarilla<\/td>\n<td width=\"515\">De 2 a 4 juegos de 300 mm de di\u00e1metro<\/td>\n<\/tr>\n<tr>\n<td width=\"221\" height=\"40\">V\u00e1lvula de descarga<\/td>\n<td width=\"515\">V\u00e1lvula de disco de 4<\/td>\n<\/tr>\n<tr>\n<td width=\"221\" height=\"40\">Material del dep\u00f3sito<\/td>\n<td width=\"515\">Acero de alta resistencia de 5 mm o 6 mm<\/td>\n<\/tr>\n<tr>\n<td width=\"221\" height=\"40\">Estructura<\/td>\n<td width=\"515\">Acero Q330 de alta rectitud<\/td>\n<\/tr>\n<tr>\n<td width=\"221\" height=\"40\">Tren de aterrizaje<\/td>\n<td width=\"515\">JOST 28T<\/td>\n<\/tr>\n<tr>\n<td width=\"221\" height=\"40\">Suspensi\u00f3n<\/td>\n<td width=\"515\">Suspensi\u00f3n mec\u00e1nica o neum\u00e1tica<\/td>\n<\/tr>\n<tr>\n<td width=\"221\" height=\"40\">Eje<\/td>\n<td width=\"515\">2\/3\/4 ejes, 13,16,20 toneladas, BPW o SAF<\/td>\n<\/tr>\n<tr>\n<td width=\"221\" height=\"40\">Neum\u00e1tico<\/td>\n<td width=\"515\">12R22.5, 385\/65R22.5, 13R22.5, 12.00R24, 315\/80R22.5<\/td>\n<\/tr>\n<tr>\n<td width=\"221\" height=\"40\">Alfiler de rey<\/td>\n<td width=\"515\">Tipo desmontable JOST 2\u2033 o 3,5<\/td>\n<\/tr>\n<\/tbody>\n<\/table>\n<p style=\"text-align: center;\"><a class=\"product_button\" href=\"#elementor-action%3Aaction%3Dpopup%3Aopen%26settings%3DeyJpZCI6Ijk5MDciLCJ0b2dnbGUiOmZhbHNlfQ%3D%3D\">Haga clic para m\u00e1s detalles<\/a><\/p>\n<h2>60CBM remolque cisterna de cemento im\u00e1genes<\/h2>\n<p><img fetchpriority=\"high\" decoding=\"async\" class=\"alignnone wp-image-32905 size-full\" src=\"https:\/\/pandamech.com\/wp-content\/uploads\/2022\/10\/65cbm-cement-bulker-7.jpg\" alt=\"3 ejes 58cbm fabricante de remolques de cemento a granel seco\" width=\"750\" height=\"400\" title=\"\"><\/p>\n<p>triaxle 70 ton bulk cement transport truck manufacturer<\/p>\n<p><img decoding=\"async\" class=\"alignnone wp-image-32906 size-full\" src=\"https:\/\/pandamech.com\/wp-content\/uploads\/2022\/10\/65cbm-cement-bulker-8.jpg\" alt=\"triaxle 58m3 cal en polvo remolque cisterna para la venta\" width=\"750\" height=\"500\" title=\"\"><\/p>\n<p>fabricante de remolques de transporte de cemento 58\/60cbm 70 toneladas<\/p>\n<p>Relacionado: <a href=\"https:\/\/www.pandamech.com\/spanish\/product\/85-ton-cement-bulker-trailers-price\/\" target=\"_blank\" rel=\"noopener\"><span style=\"color: #0000ff;\">Petrolero de cemento de 70 cbm<\/span><\/a>, <a href=\"https:\/\/www.pandamech.com\/spanish\/product\/50-ton-cement-bulk-trailer-for-sale\/\" target=\"_blank\" rel=\"noopener\"><span style=\"color: #0000ff;\">Remolque de transporte de cemento de 50 toneladas<\/span><\/a><\/p>\n<p style=\"text-align: center;\"><a class=\"product_button\" href=\"#elementor-action%3Aaction%3Dpopup%3Aopen%26settings%3DeyJpZCI6Ijk5MDciLCJ0b2dnbGUiOmZhbHNlfQ%3D%3D\">Obtenga un presupuesto instant\u00e1neo<\/a><\/p>\n<h2>Transporte mar\u00edtimo de un remolque cisterna de cemento de 60 cbm<\/h2>\n<p>Pediremos el Freightliner por adelantado antes de que se complete la producci\u00f3n, y realizaremos una inspecci\u00f3n despu\u00e9s de la producci\u00f3n. El remolque de transporte de cemento de 70 toneladas inspeccionado se le enviar\u00e1 de acuerdo con el \u00faltimo tiempo de env\u00edo.<\/p>\n<p>Para evitar que el agua de mar corroa la pintura del cami\u00f3n cisterna de cemento en polvo de 60 m3, rociaremos una capa de cera en la superficie del remolque de 70 toneladas de cami\u00f3n de carga seca a granel antes del transporte.<\/p>\n<p>Envolveremos todos los motores di\u00e9sel del semirremolque de cemento de 70 toneladas con tela impermeable.<\/p>\n<p><img decoding=\"async\" class=\"alignnone size-full wp-image-33096\" src=\"https:\/\/pandamech.com\/wp-content\/uploads\/2022\/10\/cement-trailer-transport4.jpg\" alt=\"remolque cisterna para el transporte de cemento\" width=\"750\" height=\"400\" title=\"\"><\/p>\n<p style=\"text-align: center;\"><a class=\"product_button\" href=\"#elementor-action%3Aaction%3Dpopup%3Aopen%26settings%3DeyJpZCI6Ijk5MDciLCJ0b2dnbGUiOmZhbHNlfQ%3D%3D\">Obtenga un presupuesto instant\u00e1neo<\/a><\/p>\n<h2>Panda Mech<\/h2>\n<p>Panda Mech es un 58\/60cbm 70 toneladas <a class=\"wpil_keyword_link\" title=\"cami\u00f3n hormigonera\" href=\"https:\/\/www.pandamech.com\/category\/pneumatic-trailer\/cement-bulker\/\" target=\"_blank\" rel=\"noopener\" data-wpil-keyword-link=\"linked\">cami\u00f3n hormigonera<\/a> fabricante de remolques de China. Suministramos 58\/60m3 70 toneladas de remolques cisterna de cemento para la venta. Panda Mech fabricantes han tenido \u00e9xito en el sudeste de Asia, Oriente Medio, \u00c1frica y Am\u00e9rica del Sur, como Filipinas, Tanzania, etc ...<\/p>\n<p><a href=\"https:\/\/www.pandamech.com\/spanish\/contact-us\/\" target=\"_blank\" rel=\"noopener\"><img loading=\"lazy\" decoding=\"async\" class=\"alignnone\" src=\"https:\/\/pandamech.com\/wp-content\/uploads\/2021\/08\/quotation.jpg\" alt=\"58\/60 cbm 70 toneladas de cemento a granel seco remolque cotizaci\u00f3n\" width=\"864\" height=\"213\" title=\"\"><\/a><\/p>","protected":false},"excerpt":{"rendered":"<p>Tipo: Granelero de cemento de 58 cbm<\/p>\n<p>Rango de precios: $17,900-35,900<\/p>\n<p>Plazo de entrega: 7-25 d\u00edas<\/p>\n<p>Descarga m\u00e1s r\u00e1pida: &gt;1,5 toneladas\/min<\/p>\n<p>Aplicaci\u00f3n: transporte de cemento, part\u00edculas de PVC, cenizas volantes, materiales granulares, etc.<\/p>","protected":false},"featured_media":58258,"template":"","meta":{"_acf_changed":false,"_kad_blocks_custom_css":"","_kad_blocks_head_custom_js":"","_kad_blocks_body_custom_js":"","_kad_blocks_footer_custom_js":"","_kad_post_transparent":"default","_kad_post_title":"","_kad_post_layout":"default","_kad_post_sidebar_id":"","_kad_post_content_style":"default","_kad_post_vertical_padding":"default","_kad_post_feature":"","_kad_post_feature_position":"","_kad_post_header":false,"_kad_post_footer":false,"_kad_post_classname":""},"product_brand":[],"product_cat":[101],"product_tag":[],"class_list":{"0":"post-33042","1":"product","2":"type-product","3":"status-publish","4":"has-post-thumbnail","6":"product_cat-cement-tanker","8":"first","9":"instock","10":"sold-individually","11":"shipping-taxable","12":"purchasable","13":"product-type-simple","14":"entry","15":"content-bg","16":"loop-entry"},"acf":[],"taxonomy_info":{"product_cat":[{"value":101,"label":"Cement Tanker For Sale"}]},"featured_image_src_large":["https:\/\/www.pandamech.com\/wp-content\/uploads\/2022\/10\/65cbm-cement-bulker-2-500x500.jpg",500,500,true],"author_info":[],"comment_info":"","_links":{"self":[{"href":"https:\/\/www.pandamech.com\/spanish\/wp-json\/wp\/v2\/product\/33042","targetHints":{"allow":["GET"]}}],"collection":[{"href":"https:\/\/www.pandamech.com\/spanish\/wp-json\/wp\/v2\/product"}],"about":[{"href":"https:\/\/www.pandamech.com\/spanish\/wp-json\/wp\/v2\/types\/product"}],"version-history":[{"count":1,"href":"https:\/\/www.pandamech.com\/spanish\/wp-json\/wp\/v2\/product\/33042\/revisions"}],"predecessor-version":[{"id":91279,"href":"https:\/\/www.pandamech.com\/spanish\/wp-json\/wp\/v2\/product\/33042\/revisions\/91279"}],"wp:featuredmedia":[{"embeddable":true,"href":"https:\/\/www.pandamech.com\/spanish\/wp-json\/wp\/v2\/media\/58258"}],"wp:attachment":[{"href":"https:\/\/www.pandamech.com\/spanish\/wp-json\/wp\/v2\/media?parent=33042"}],"wp:term":[{"taxonomy":"product_brand","embeddable":true,"href":"https:\/\/www.pandamech.com\/spanish\/wp-json\/wp\/v2\/product_brand?post=33042"},{"taxonomy":"product_cat","embeddable":true,"href":"https:\/\/www.pandamech.com\/spanish\/wp-json\/wp\/v2\/product_cat?post=33042"},{"taxonomy":"product_tag","embeddable":true,"href":"https:\/\/www.pandamech.com\/spanish\/wp-json\/wp\/v2\/product_tag?post=33042"}],"curies":[{"name":"wp","href":"https:\/\/api.w.org\/{rel}","templated":true}]}}