{"id":33034,"date":"2022-10-26T11:32:52","date_gmt":"2022-10-26T03:32:52","guid":{"rendered":"https:\/\/pandamech.com\/product\/60-ton-cement-tanker-trailer"},"modified":"2025-08-23T01:07:09","modified_gmt":"2025-08-22T17:07:09","slug":"60-ton-cement-tanker-trailer","status":"publish","type":"product","link":"https:\/\/www.pandamech.com\/spanish\/product\/60-ton-cement-tanker-trailer\/","title":{"rendered":"Remolque cisterna de cemento de 3 ejes y 60 toneladas"},"content":{"rendered":"<p>El remolque de cemento transporta la mayor parte de cemento y otros materiales granulares en polvo, el cami\u00f3n cisterna de cemento a granel seco estar\u00e1 equipado con compresor de aire para cargar y descargar cemento f\u00e1cilmente, porque al descargar, es necesario a\u00f1adir presi\u00f3n al tanque, para que la estanqueidad de <a href=\"https:\/\/www.pandamech.com\/product\/3-axle-55-ton-cement-bulker-trailer\/\" target=\"_blank\" rel=\"noopener\"><span style=\"color: #0000ff;\">granelero de cemento<\/span><\/a> es muy importante.<\/p>\n<p>El remolque cisterna a granel tiene un buen almacenamiento de sellado, que puede proteger bien el cemento y evitar que el cemento se vea afectado por la humedad durante el transporte y el almacenamiento, as\u00ed como el mal tiempo, la practicidad es m\u00e1s mejorada, en comparaci\u00f3n con el m\u00e9todo tradicional de transporte de cemento, ahorrando costes y aumentando los ingresos.<\/p>\n<h2>V\u00eddeo del remolque para camiones cisterna<\/h2>\n<p><iframe title=\"Reproductor de v\u00eddeo YouTube\" src=\"https:\/\/www.youtube.com\/embed\/6jNy8uXFBjc\" width=\"800\" height=\"533\" frameborder=\"0\" allowfullscreen=\"allowfullscreen\"><\/iframe><\/p>\n<h2>60 Ton cemento bulker cisterna caracter\u00edstica<\/h2>\n<ul>\n<li>1. Fabricaci\u00f3n de tecnolog\u00eda avanzada, el \u00faltimo dise\u00f1o, duradero. 2. R\u00e1pida velocidad de descarga, baja tasa residual, buena rigidez del tanque, buen soporte de presi\u00f3n y buen rendimiento.<\/li>\n<li>2. Por lo general, adoptar\u00e1 la famosa marca BPW o eje FUWA, y para el frenado, adoptar\u00e1 pastillas de freno de 220 mm para un mejor rendimiento de frenado.<\/li>\n<li>3. El remolque de silo a granel est\u00e1 hecho de material de acero de resistencia r\u00edgida, que puede tener mayor vida \u00fatil y capacidad de carga.<\/li>\n<\/ul>\n<p style=\"text-align: center;\"><a class=\"product_button\" href=\"#elementor-action%3Aaction%3Dpopup%3Aopen%26settings%3DeyJpZCI6Ijk5MDciLCJ0b2dnbGUiOmZhbHNlfQ%3D%3D\">Haga clic para m\u00e1s detalles<\/a><\/p>\n<h2>Especificaci\u00f3n del cami\u00f3n cisterna de cemento de 60 toneladas<\/h2>\n<table style=\"width: 800px;\" border=\"1\" cellspacing=\"1\" cellpadding=\"1\">\n<tbody>\n<tr>\n<td width=\"221\" height=\"40\">Marca<\/td>\n<td width=\"515\">PANDA Mech 50m3\/cbm cami\u00f3n cisterna de cemento semirremolque<\/td>\n<\/tr>\n<tr>\n<td width=\"221\" height=\"40\">Motor<\/td>\n<td width=\"515\">WeiCai Deutz diesel moto<\/td>\n<\/tr>\n<tr>\n<td width=\"221\" height=\"40\">Compresor<\/td>\n<td width=\"515\">SK 12m3<\/td>\n<\/tr>\n<tr>\n<td width=\"221\" height=\"40\">Tapa de alcantarilla<\/td>\n<td width=\"515\">De 2 a 4 juegos de 300 mm de di\u00e1metro<\/td>\n<\/tr>\n<tr>\n<td width=\"221\" height=\"40\">V\u00e1lvula de descarga<\/td>\n<td width=\"515\">V\u00e1lvula de disco de 4<\/td>\n<\/tr>\n<tr>\n<td width=\"221\" height=\"40\">Material del dep\u00f3sito<\/td>\n<td width=\"515\">Acero de alta resistencia de 5 mm o 6 mm<\/td>\n<\/tr>\n<tr>\n<td width=\"221\" height=\"40\">Estructura<\/td>\n<td width=\"515\">Acero Q330 de alta rectitud<\/td>\n<\/tr>\n<tr>\n<td width=\"221\" height=\"40\">Tren de aterrizaje<\/td>\n<td width=\"515\">JOST 28T<\/td>\n<\/tr>\n<tr>\n<td width=\"221\" height=\"40\">Suspensi\u00f3n<\/td>\n<td width=\"515\">Suspensi\u00f3n mec\u00e1nica o neum\u00e1tica<\/td>\n<\/tr>\n<tr>\n<td width=\"221\" height=\"40\">Eje<\/td>\n<td width=\"515\">2\/3\/4 ejes, 13,16,20 toneladas, BPW o SAF<\/td>\n<\/tr>\n<tr>\n<td width=\"221\" height=\"40\">Neum\u00e1tico<\/td>\n<td width=\"515\">12R22.5, 385\/65R22.5, 13R22.5, 12.00R24, 315\/80R22.5<\/td>\n<\/tr>\n<tr>\n<td width=\"221\" height=\"40\">Alfiler de rey<\/td>\n<td width=\"515\">Tipo desmontable JOST 2\u2033 o 3,5<\/td>\n<\/tr>\n<\/tbody>\n<\/table>\n<p style=\"text-align: center;\"><a class=\"product_button\" href=\"#elementor-action%3Aaction%3Dpopup%3Aopen%26settings%3DeyJpZCI6Ijk5MDciLCJ0b2dnbGUiOmZhbHNlfQ%3D%3D\">Haga clic para m\u00e1s detalles<\/a><\/p>\n<h2>60 Ton cemento bulker petrolero im\u00e1genes<\/h2>\n<p><img decoding=\"async\" class=\"alignnone size-full\" src=\"https:\/\/pandamech.com\/wp-content\/uploads\/2022\/10\/50cbm-cement-bulker-7.jpg\" alt=\"venta de remolques para camiones de cemento de tres ejes\" title=\"\"><\/p>\n<p>50m3 60ton cemento bulker remolque para la venta<\/p>\n<p><img decoding=\"async\" class=\"alignnone size-full\" src=\"https:\/\/pandamech.com\/wp-content\/uploads\/2022\/10\/50cbm-cement-bulker-8.jpg\" alt=\"60 ton dry bulk cement trailer manufacturer\" title=\"\"><\/p>\n<p>3 ejes 50m3 remolque cisterna de cemento a granel seco para la venta<\/p>\n<p><img decoding=\"async\" class=\"alignnone size-full\" src=\"https:\/\/pandamech.com\/wp-content\/uploads\/2022\/10\/50cbm-cement-bulker-9.jpg\" alt=\"60 toneladas de cemento transporte bulker remolque para la venta\" title=\"\"><\/p>\n<p>50cbm 60 toneladas de cemento fabricante de camiones cisterna<\/p>\n<p>Relatbed: <span style=\"color: #0000ff;\"><a style=\"color: #0000ff;\" href=\"https:\/\/www.pandamech.com\/spanish\/product\/50-ton-bulk-cement-trailer\/\" target=\"_blank\" rel=\"noopener\">40cbm remolque cisterna de cemento<\/a><\/span>,\u00a0 <span style=\"color: #0000ff;\"><a style=\"color: #0000ff;\" href=\"https:\/\/www.pandamech.com\/spanish\/product\/40-ton-cement-bulker-trailer\/\" target=\"_blank\" rel=\"noopener\">Cami\u00f3n cisterna de cemento de 30 m3<\/a><\/span><\/p>\n<p style=\"text-align: center;\"><a class=\"product_button\" href=\"#elementor-action%3Aaction%3Dpopup%3Aopen%26settings%3DeyJpZCI6Ijk5MDciLCJ0b2dnbGUiOmZhbHNlfQ%3D%3D\">Obtenga un presupuesto instant\u00e1neo<\/a><\/p>\n<h2>Transporte mar\u00edtimo de buques cisterna para cemento de 60 toneladas<\/h2>\n<p>Pediremos el Freightliner por adelantado antes de que se complete la producci\u00f3n, y realizaremos una inspecci\u00f3n despu\u00e9s de que se complete la producci\u00f3n. El cami\u00f3n de 60 toneladas inspeccionado <span style=\"color: #0000ff;\"><a style=\"color: #0000ff;\" href=\"https:\/\/www.pandamech.com\/spanish\/product\/bulk-powder-tanker-p00149p1-html\/\" target=\"_blank\" rel=\"noopener\">remolque cisterna para polvo<\/a><\/span> se le enviar\u00e1 de acuerdo con el plazo de env\u00edo m\u00e1s reciente.<\/p>\n<p>Para evitar que el agua de mar corroa la pintura del remolque del cami\u00f3n de cemento de 50 m3, rociaremos una capa de cera sobre la superficie del cami\u00f3n de cemento de 60 toneladas antes del transporte.<\/p>\n<p>Envolveremos todos los motores diesel de 60 toneladas <a href=\"https:\/\/www.pandamech.com\/spanish\/category\/pneumatic-trailer\/cement-tanker\/\" target=\"_blank\" rel=\"noopener\"><span style=\"color: #0000ff;\">veh\u00edculos de transporte de cemento<\/span><\/a> con tela de lluvia.<\/p>\n<p><img fetchpriority=\"high\" decoding=\"async\" class=\"alignnone wp-image-33094 size-full\" src=\"https:\/\/pandamech.com\/wp-content\/uploads\/2022\/10\/cement-trailer-transport-1.jpg\" alt=\"cemento cami\u00f3n cisterna remolque de transporte\" width=\"750\" height=\"400\" title=\"\"><\/p>\n<p style=\"text-align: center;\"><a class=\"product_button\" href=\"#elementor-action%3Aaction%3Dpopup%3Aopen%26settings%3DeyJpZCI6Ijk5MDciLCJ0b2dnbGUiOmZhbHNlfQ%3D%3D\">Obtenga un presupuesto instant\u00e1neo<\/a><\/p>\n<h2>Panda Mech<\/h2>\n<p>Panda Mech es un fabricante de remolques para cemento de 60 toneladas de China. Suministramos 60 toneladas <span style=\"color: #0000ff;\"><a style=\"color: #0000ff;\" href=\"https:\/\/www.pandamech.com\/spanish\/category\/pneumatic-trailer\/cement-tanker\/\" target=\"_blank\" rel=\"noopener\">remolques cisterna para cemento<\/a><\/span> a la venta. Panda Mech fabricantes han tenido \u00e9xito en el sudeste de Asia, Oriente Medio, \u00c1frica y Am\u00e9rica del Sur, como Filipinas, Tanzania, etc ...<\/p>\n<p><a href=\"https:\/\/www.pandamech.com\/spanish\/contact-us\/\" target=\"_blank\" rel=\"noopener\"><img decoding=\"async\" class=\"alignnone\" src=\"https:\/\/pandamech.com\/wp-content\/uploads\/2021\/08\/quotation.jpg\" alt=\"60 ton dry bulk cement carrier trailer quotation\" width=\"864\" height=\"213\" title=\"\"><\/a><\/p>","protected":false},"excerpt":{"rendered":"<p>Tipo: Remolque de cemento de 60 toneladas<\/p>\n<p>Gama de precios: $19.900-34.800<\/p>\n<p>Plazo de entrega: 7-25 d\u00edas<\/p>\n<p>Descarga m\u00e1s r\u00e1pida: &gt;1,5 toneladas\/min<\/p>\n<p>Aplicaci\u00f3n: transporte de cemento, part\u00edculas de PVC, cenizas volantes, materiales granulares, etc.<\/p>","protected":false},"featured_media":58199,"template":"","meta":{"_acf_changed":false,"_kad_blocks_custom_css":"","_kad_blocks_head_custom_js":"","_kad_blocks_body_custom_js":"","_kad_blocks_footer_custom_js":"","_kad_post_transparent":"default","_kad_post_title":"","_kad_post_layout":"default","_kad_post_sidebar_id":"","_kad_post_content_style":"default","_kad_post_vertical_padding":"default","_kad_post_feature":"","_kad_post_feature_position":"","_kad_post_header":false,"_kad_post_footer":false,"_kad_post_classname":""},"product_brand":[],"product_cat":[101],"product_tag":[],"class_list":{"0":"post-33034","1":"product","2":"type-product","3":"status-publish","4":"has-post-thumbnail","6":"product_cat-cement-tanker","8":"first","9":"instock","10":"sold-individually","11":"shipping-taxable","12":"purchasable","13":"product-type-simple","14":"entry","15":"content-bg","16":"loop-entry"},"acf":[],"taxonomy_info":{"product_cat":[{"value":101,"label":"Cement Tanker For Sale"}]},"featured_image_src_large":["https:\/\/www.pandamech.com\/wp-content\/uploads\/2022\/10\/50cbm-cement-bulker-3-500x500.jpg",500,500,true],"author_info":[],"comment_info":"","_links":{"self":[{"href":"https:\/\/www.pandamech.com\/spanish\/wp-json\/wp\/v2\/product\/33034","targetHints":{"allow":["GET"]}}],"collection":[{"href":"https:\/\/www.pandamech.com\/spanish\/wp-json\/wp\/v2\/product"}],"about":[{"href":"https:\/\/www.pandamech.com\/spanish\/wp-json\/wp\/v2\/types\/product"}],"version-history":[{"count":1,"href":"https:\/\/www.pandamech.com\/spanish\/wp-json\/wp\/v2\/product\/33034\/revisions"}],"predecessor-version":[{"id":91281,"href":"https:\/\/www.pandamech.com\/spanish\/wp-json\/wp\/v2\/product\/33034\/revisions\/91281"}],"wp:featuredmedia":[{"embeddable":true,"href":"https:\/\/www.pandamech.com\/spanish\/wp-json\/wp\/v2\/media\/58199"}],"wp:attachment":[{"href":"https:\/\/www.pandamech.com\/spanish\/wp-json\/wp\/v2\/media?parent=33034"}],"wp:term":[{"taxonomy":"product_brand","embeddable":true,"href":"https:\/\/www.pandamech.com\/spanish\/wp-json\/wp\/v2\/product_brand?post=33034"},{"taxonomy":"product_cat","embeddable":true,"href":"https:\/\/www.pandamech.com\/spanish\/wp-json\/wp\/v2\/product_cat?post=33034"},{"taxonomy":"product_tag","embeddable":true,"href":"https:\/\/www.pandamech.com\/spanish\/wp-json\/wp\/v2\/product_tag?post=33034"}],"curies":[{"name":"wp","href":"https:\/\/api.w.org\/{rel}","templated":true}]}}