{"id":33032,"date":"2022-10-26T09:20:50","date_gmt":"2022-10-26T01:20:50","guid":{"rendered":"https:\/\/pandamech.com\/product\/55-ton-cement-tanker-trailer"},"modified":"2025-11-10T18:06:52","modified_gmt":"2025-11-10T10:06:52","slug":"55-ton-cement-tanker-trailer","status":"publish","type":"product","link":"https:\/\/www.pandamech.com\/spanish\/product\/55-ton-cement-tanker-trailer\/","title":{"rendered":"Cami\u00f3n cisterna para cemento 45CBM"},"content":{"rendered":"<p>PANDA <span style=\"color: #0000ff;\"><a style=\"color: #0000ff;\" href=\"https:\/\/www.pandamech.com\/product\/3-axle-55-ton-cement-bulker-trailer\/\" target=\"_blank\" rel=\"noopener\">remolque para cemento<\/a><\/span> se utiliza principalmente para el transporte de cemento, cal en polvo, polvo mineral, cenizas volantes y otros materiales en polvo con un di\u00e1metro no superior a 0,1 mm, que es ampliamente utilizado en las obras de construcci\u00f3n, f\u00e1bricas de cemento y almacenes de cemento.<\/p>\n<p>La forma tradicional de transporte de cemento es el cemento en sacos, pero el transporte de cemento en sacos requiere m\u00e1s mano de obra, y el cemento tendr\u00e1 el problema de la p\u00e9rdida en el proceso de transporte, mientras que el uso de camiones de cemento para el transporte puede resolver este problema muy bien. El cemento b\u00e1sicamente no aparecer\u00e1 la p\u00e9rdida, y no hay necesidad de demasiado costo de mano de obra, y tambi\u00e9n puede mejorar en gran medida la eficiencia del transporte.<\/p>\n<h2>45 M3 remolque cisterna de cemento im\u00e1genes<\/h2>\n<p><img decoding=\"async\" class=\"alignnone size-full\" src=\"https:\/\/pandamech.com\/wp-content\/uploads\/2022\/10\/45cbm-cement-tank-trailer-7.jpg\" alt=\"Venta de remolque neum\u00e1tico 45cbm 55 ton\" title=\"\"><\/p>\n<p>45m3 55ton remolque de transporte de cemento a granel para la venta<\/p>\n<p><img decoding=\"async\" class=\"alignnone size-full\" src=\"https:\/\/pandamech.com\/wp-content\/uploads\/2022\/10\/45cbm-cement-tank-trailer-8.jpg\" alt=\"fabricante de remolques cisterna de cemento de 3 ejes\" title=\"\"><\/p>\n<p>3 ejes 45 m3 <span style=\"color: #0000ff;\"><a style=\"color: #0000ff;\" href=\"https:\/\/www.pandamech.com\/product\/3-axle-55-ton-cement-bulker-trailer\/\" target=\"_blank\" rel=\"noopener\">granelero de cemento<\/a><\/span> remolque en venta<\/p>\n<p><img decoding=\"async\" class=\"alignnone size-full\" src=\"https:\/\/pandamech.com\/wp-content\/uploads\/2022\/10\/45cbm-cement-tank-trailer-10.jpg\" alt=\"Venta de remolque para transporte de cemento a granel de 3 ejes\" title=\"\"><\/p>\n<p>45cbm 55 ton cisterna de cemento en polvo fabricante<\/p>\n<p>Relacionado: <span style=\"color: #0000ff;\"><a style=\"color: #0000ff;\" href=\"https:\/\/www.pandamech.com\/spanish\/product\/40-ton-cement-bulker-trailer\/\" target=\"_blank\" rel=\"noopener\">cisterna de cemento de 30 cbm<\/a><\/span>, <span style=\"color: #0000ff;\"><a style=\"color: #0000ff;\" href=\"https:\/\/www.pandamech.com\/spanish\/product\/50-ton-bulk-cement-trailer\/\" target=\"_blank\" rel=\"noopener\">Cisterna de cemento de 40 m3<\/a><\/span><\/p>\n<p style=\"text-align: center;\"><a class=\"product_button\" href=\"#elementor-action%3Aaction%3Dpopup%3Aopen%26settings%3DeyJpZCI6Ijk5MDciLCJ0b2dnbGUiOmZhbHNlfQ%3D%3D\">Obtenga un presupuesto instant\u00e1neo<\/a><\/p>\n<h2>V\u00eddeo del remolque para camiones cisterna<\/h2>\n<p><iframe title=\"Reproductor de v\u00eddeo YouTube\" src=\"https:\/\/www.youtube.com\/embed\/6jNy8uXFBjc\" width=\"800\" height=\"533\" frameborder=\"0\" allowfullscreen=\"allowfullscreen\"><\/iframe><\/p>\n<h2>Caracter\u00edsticas del remolque cisterna de cemento de 45 m3<\/h2>\n<ul>\n<li>1. El equipo avanzado y los trabajadores experimentados son la garant\u00eda de la calidad del tanque.<\/li>\n<li>2. Para cada <span style=\"color: #0000ff;\"><a style=\"color: #0000ff;\" href=\"https:\/\/www.pandamech.com\/spanish\/category\/pneumatic-trailer\/cement-tanker\/\" target=\"_blank\" rel=\"noopener\">semirremolque cisterna de cemento<\/a><\/span>, Tenemos que realizar pruebas de estanqueidad al aire y muchas otras pruebas.<\/li>\n<li>3. Todas las piezas son de marcas famosas nacionales y extranjeras para garantizar una mayor vida \u00fatil del cami\u00f3n cisterna de cemento.<\/li>\n<li>4. El semirremolque para cemento est\u00e1 equipado con una gu\u00eda del usuario y un manual de mantenimiento, para que el remolque granelero pueda funcionar mejor.<\/li>\n<\/ul>\n<p style=\"text-align: center;\"><a class=\"product_button\" href=\"#elementor-action%3Aaction%3Dpopup%3Aopen%26settings%3DeyJpZCI6Ijk5MDciLCJ0b2dnbGUiOmZhbHNlfQ%3D%3D\">Haga clic para m\u00e1s detalles<\/a><\/p>\n<h2>Especificaci\u00f3n del remolque cisterna de cemento 45M3<\/h2>\n<table style=\"width: 800px;\" border=\"1\" cellspacing=\"1\" cellpadding=\"1\">\n<tbody>\n<tr>\n<td width=\"221\" height=\"40\">Marca<\/td>\n<td width=\"515\">PANDA Mech 45m3\/cbm remolque cisterna de cemento a granel<\/td>\n<\/tr>\n<tr>\n<td width=\"221\" height=\"40\">Motor<\/td>\n<td width=\"515\">WeiCai Deutz diesel moto<\/td>\n<\/tr>\n<tr>\n<td width=\"221\" height=\"40\">Compresor<\/td>\n<td width=\"515\">SK 12m3<\/td>\n<\/tr>\n<tr>\n<td width=\"221\" height=\"40\">Tapa de alcantarilla<\/td>\n<td width=\"515\">De 2 a 4 juegos de 300 mm de di\u00e1metro<\/td>\n<\/tr>\n<tr>\n<td width=\"221\" height=\"40\">V\u00e1lvula de descarga<\/td>\n<td width=\"515\">V\u00e1lvula de disco de 4<\/td>\n<\/tr>\n<tr>\n<td width=\"221\" height=\"40\">Material del dep\u00f3sito<\/td>\n<td width=\"515\">Acero de alta resistencia de 5 mm o 6 mm<\/td>\n<\/tr>\n<tr>\n<td width=\"221\" height=\"40\">Estructura<\/td>\n<td width=\"515\">Acero Q330 de alta rectitud<\/td>\n<\/tr>\n<tr>\n<td width=\"221\" height=\"40\">Tren de aterrizaje<\/td>\n<td width=\"515\">JOST 28T<\/td>\n<\/tr>\n<tr>\n<td width=\"221\" height=\"40\">Suspensi\u00f3n<\/td>\n<td width=\"515\">Suspensi\u00f3n mec\u00e1nica o neum\u00e1tica<\/td>\n<\/tr>\n<tr>\n<td width=\"221\" height=\"40\">Eje<\/td>\n<td width=\"515\">2\/3\/4 ejes, 13,16,20 toneladas, BPW o SAF<\/td>\n<\/tr>\n<tr>\n<td width=\"221\" height=\"40\">Neum\u00e1tico<\/td>\n<td width=\"515\">12R22.5, 385\/65R22.5, 13R22.5, 12.00R24, 315\/80R22.5<\/td>\n<\/tr>\n<tr>\n<td width=\"221\" height=\"40\">Alfiler de rey<\/td>\n<td width=\"515\">Tipo desmontable JOST 2\u2033 o 3,5<\/td>\n<\/tr>\n<\/tbody>\n<\/table>\n<p style=\"text-align: center;\"><a class=\"product_button\" href=\"#elementor-action%3Aaction%3Dpopup%3Aopen%26settings%3DeyJpZCI6Ijk5MDciLCJ0b2dnbGUiOmZhbHNlfQ%3D%3D\">Haga clic para m\u00e1s detalles<\/a><\/p>\n<h2>Transporte mar\u00edtimo del remolque cisterna de cemento de 45 m3<\/h2>\n<p>Pediremos el Freightliner por adelantado antes de que se complete la producci\u00f3n, y realizaremos una inspecci\u00f3n despu\u00e9s de que se complete la producci\u00f3n. El inspeccionado 45m3 55 ton <a class=\"wpil_keyword_link\" title=\"granelero de cemento\" href=\"https:\/\/www.pandamech.com\/category\/pneumatic-trailer\/cement-bulker\/\" target=\"_blank\" rel=\"noopener\" data-wpil-keyword-link=\"linked\">granelero de cemento<\/a> cami\u00f3n se le enviar\u00e1 de acuerdo con el \u00faltimo plazo de env\u00edo.<\/p>\n<p>Para evitar que el agua de mar corroa la pintura del cami\u00f3n cisterna de cemento de 45 m3, rociaremos una capa de cera en la superficie del remolque cisterna de cemento de 55 toneladas antes del transporte.<\/p>\n<p>Vamos a envolver todos los motores diesel de 45m3 55 toneladas remolque cisterna de cemento con tela de lluvia.<\/p>\n<p><img fetchpriority=\"high\" decoding=\"async\" class=\"alignnone size-full wp-image-33095\" src=\"https:\/\/pandamech.com\/wp-content\/uploads\/2022\/10\/cement-trailer-transport-2.jpg\" alt=\"remolque cisterna para el transporte de cemento\" width=\"750\" height=\"400\" title=\"\"><\/p>\n<p>45m3 55 toneladas de cemento remolque cisterna de transporte<\/p>\n<p style=\"text-align: center;\"><a class=\"product_button\" href=\"#elementor-action%3Aaction%3Dpopup%3Aopen%26settings%3DeyJpZCI6Ijk5MDciLCJ0b2dnbGUiOmZhbHNlfQ%3D%3D\">Obtenga un presupuesto instant\u00e1neo<\/a><\/p>\n<h2>Panda Mech<\/h2>\n<p>Panda Mech es un fabricante de remolques cisterna de cemento 45m3 de China. Suministramos remolques cisterna para cemento de 45m3 para la venta. Los fabricantes de Panda Mech han tenido \u00e9xito en el sudeste asi\u00e1tico, Oriente Medio, \u00c1frica y Am\u00e9rica del Sur, como Filipinas, Tanzania, etc....<\/p>\n<p><a href=\"https:\/\/www.pandamech.com\/spanish\/contact-us\/\" target=\"_blank\" rel=\"noopener\"><img decoding=\"async\" class=\"alignnone\" src=\"https:\/\/pandamech.com\/wp-content\/uploads\/2021\/08\/quotation.jpg\" alt=\"55 toneladas de cemento a granel remolque transportista cotizaci\u00f3n\" width=\"864\" height=\"213\" title=\"\"><\/a><\/p>","protected":false},"excerpt":{"rendered":"<p>Tipo: Remolque de cemento 45m3<\/p>\n<p>Gama de precios: $18.900-34.500<\/p>\n<p>Plazo de entrega: 7-25 d\u00edas<\/p>\n<p>Descarga m\u00e1s r\u00e1pida: &gt;1,5 toneladas\/min<\/p>\n<p>Aplicaci\u00f3n: transporte de cemento, part\u00edculas de PVC, cenizas volantes, materiales granulares, etc.<\/p>","protected":false},"featured_media":58156,"template":"","meta":{"_acf_changed":false,"_kad_blocks_custom_css":"","_kad_blocks_head_custom_js":"","_kad_blocks_body_custom_js":"","_kad_blocks_footer_custom_js":"","_kad_post_transparent":"default","_kad_post_title":"","_kad_post_layout":"default","_kad_post_sidebar_id":"","_kad_post_content_style":"default","_kad_post_vertical_padding":"default","_kad_post_feature":"","_kad_post_feature_position":"","_kad_post_header":false,"_kad_post_footer":false,"_kad_post_classname":""},"product_brand":[],"product_cat":[101],"product_tag":[],"class_list":{"0":"post-33032","1":"product","2":"type-product","3":"status-publish","4":"has-post-thumbnail","6":"product_cat-cement-tanker","8":"first","9":"instock","10":"sold-individually","11":"shipping-taxable","12":"purchasable","13":"product-type-simple","14":"entry","15":"content-bg","16":"loop-entry"},"acf":[],"taxonomy_info":{"product_cat":[{"value":101,"label":"Cement Tanker For Sale"}]},"featured_image_src_large":["https:\/\/www.pandamech.com\/wp-content\/uploads\/2022\/10\/45cbm-cement-tank-trailer-2-500x500.jpg",500,500,true],"author_info":[],"comment_info":"","_links":{"self":[{"href":"https:\/\/www.pandamech.com\/spanish\/wp-json\/wp\/v2\/product\/33032","targetHints":{"allow":["GET"]}}],"collection":[{"href":"https:\/\/www.pandamech.com\/spanish\/wp-json\/wp\/v2\/product"}],"about":[{"href":"https:\/\/www.pandamech.com\/spanish\/wp-json\/wp\/v2\/types\/product"}],"version-history":[{"count":1,"href":"https:\/\/www.pandamech.com\/spanish\/wp-json\/wp\/v2\/product\/33032\/revisions"}],"predecessor-version":[{"id":91282,"href":"https:\/\/www.pandamech.com\/spanish\/wp-json\/wp\/v2\/product\/33032\/revisions\/91282"}],"wp:featuredmedia":[{"embeddable":true,"href":"https:\/\/www.pandamech.com\/spanish\/wp-json\/wp\/v2\/media\/58156"}],"wp:attachment":[{"href":"https:\/\/www.pandamech.com\/spanish\/wp-json\/wp\/v2\/media?parent=33032"}],"wp:term":[{"taxonomy":"product_brand","embeddable":true,"href":"https:\/\/www.pandamech.com\/spanish\/wp-json\/wp\/v2\/product_brand?post=33032"},{"taxonomy":"product_cat","embeddable":true,"href":"https:\/\/www.pandamech.com\/spanish\/wp-json\/wp\/v2\/product_cat?post=33032"},{"taxonomy":"product_tag","embeddable":true,"href":"https:\/\/www.pandamech.com\/spanish\/wp-json\/wp\/v2\/product_tag?post=33032"}],"curies":[{"name":"wp","href":"https:\/\/api.w.org\/{rel}","templated":true}]}}