{"id":33029,"date":"2022-12-25T07:32:46","date_gmt":"2022-12-24T23:32:46","guid":{"rendered":"https:\/\/pandamech.com\/product\/40-ton-cement-bulker-trailer"},"modified":"2025-08-23T01:07:08","modified_gmt":"2025-08-22T17:07:08","slug":"40-ton-cement-bulker-trailer","status":"publish","type":"product","link":"https:\/\/www.pandamech.com\/spanish\/product\/40-ton-cement-bulker-trailer\/","title":{"rendered":"Remolque de 3 ejes para granelero de cemento de 40 toneladas"},"content":{"rendered":"<p>PANDA MECH produce diferentes tipos de remolques cisterna de cemento, que se dividen en tipos V y W, principalmente para el transporte de cenizas volantes, cemento, cal en polvo y otros materiales en polvo con di\u00e1metro \u2264 0,1 mm. Si necesita transportar polvo comestible a granel como harina de trigo, harina, etc., le recomendamos que elija el cami\u00f3n cisterna para harina de trigo a granel.<\/p>\n<p><span style=\"color: #0000ff;\"><a style=\"color: #0000ff;\" href=\"https:\/\/www.pandamech.com\/spanish\/category\/pneumatic-trailer\/cement-tanker\/\" target=\"_blank\" rel=\"noopener\">Remolque cisterna para cemento<\/a><\/span> est\u00e1 equipada con compresor de aire, motor y compresor, lo que hace m\u00e1s c\u00f3moda la descarga del material en polvo.<\/p>\n<h2>40 Ton remolque de cemento im\u00e1genes<\/h2>\n<p><img decoding=\"async\" class=\"alignnone size-full\" src=\"https:\/\/pandamech.com\/wp-content\/uploads\/2022\/10\/35cbm-cement-trailer-9.jpg\" alt=\"3 ejes 30cbm 40 toneladas remolque cisterna de polvo para la venta\" title=\"\"><\/p>\n<p>30m3 remolque de cami\u00f3n de transporte de cemento para la venta<\/p>\n<p><img decoding=\"async\" class=\"alignnone size-full\" src=\"https:\/\/pandamech.com\/wp-content\/uploads\/2022\/10\/35cbm-cement-trailer-10.jpg\" alt=\"30m3 40 toneladas de cemento semirremolque de cami\u00f3n\" title=\"\"><\/p>\n<p>fabricante de remolques para camiones de cemento de 40 toneladas<\/p>\n<p><img decoding=\"async\" class=\"alignnone size-full\" src=\"https:\/\/pandamech.com\/wp-content\/uploads\/2022\/10\/35cbm-cement-trailer-11.jpg\" alt=\"30cbm 40ton cemento a granel tranker para la venta\" title=\"\"><\/p>\n<p>30cbm 40 toneladas de cemento a granel remolque para la venta<\/p>\n<p>Relacionado: <span style=\"color: #0000ff;\"><a style=\"color: #0000ff;\" href=\"https:\/\/www.pandamech.com\/spanish\/product\/60-ton-cement-tanker-trailer\/\" target=\"_blank\" rel=\"noopener\">50m3 cisterna de cemento<\/a><\/span>, <a href=\"https:\/\/www.pandamech.com\/spanish\/product\/50-ton-bulk-cement-trailer\/\" target=\"_blank\" rel=\"noopener\"><span style=\"color: #0000ff;\">Petrolero de cemento de 40 cbm<\/span><\/a><\/p>\n<p style=\"text-align: center;\"><a class=\"product_button\" href=\"#elementor-action%3Aaction%3Dpopup%3Aopen%26settings%3DeyJpZCI6Ijk5MDciLCJ0b2dnbGUiOmZhbHNlfQ%3D%3D\">Obtenga un presupuesto instant\u00e1neo<\/a><\/p>\n<h2>V\u00eddeo del remolque para camiones cisterna<\/h2>\n<p><iframe title=\"Reproductor de v\u00eddeo YouTube\" src=\"https:\/\/www.youtube.com\/embed\/S7Oi5uqgEFc\" width=\"750\" height=\"450\" frameborder=\"0\" allowfullscreen=\"allowfullscreen\"><\/iframe><\/p>\n<h2>Especificaciones del remolque para cemento de 40 toneladas<\/h2>\n<table style=\"width: 750px;\" border=\"1\" cellspacing=\"1\" cellpadding=\"1\">\n<tbody>\n<tr>\n<td width=\"221\" height=\"40\">Marca<\/td>\n<td width=\"515\">PANDA Mech 30m3\/cbm remolque cisterna de cemento<\/td>\n<\/tr>\n<tr>\n<td width=\"221\" height=\"40\">Motor<\/td>\n<td width=\"515\">WeiCai Deutz diesel moto<\/td>\n<\/tr>\n<tr>\n<td width=\"221\" height=\"40\">Compresor<\/td>\n<td width=\"515\">SK 12m3<\/td>\n<\/tr>\n<tr>\n<td width=\"221\" height=\"40\">Tapa de alcantarilla<\/td>\n<td width=\"515\">De 2 a 4 juegos de 300 mm de di\u00e1metro<\/td>\n<\/tr>\n<tr>\n<td width=\"221\" height=\"40\">V\u00e1lvula de descarga<\/td>\n<td width=\"515\">V\u00e1lvula de disco de 4<\/td>\n<\/tr>\n<tr>\n<td width=\"221\" height=\"40\">Material del dep\u00f3sito<\/td>\n<td width=\"515\">Acero de alta resistencia de 5 mm o 6 mm<\/td>\n<\/tr>\n<tr>\n<td width=\"221\" height=\"40\">Estructura<\/td>\n<td width=\"515\">Acero Q330 de alta rectitud<\/td>\n<\/tr>\n<tr>\n<td width=\"221\" height=\"40\">Tren de aterrizaje<\/td>\n<td width=\"515\">JOST 28T<\/td>\n<\/tr>\n<tr>\n<td width=\"221\" height=\"40\">Suspensi\u00f3n<\/td>\n<td width=\"515\">Suspensi\u00f3n mec\u00e1nica o neum\u00e1tica<\/td>\n<\/tr>\n<tr>\n<td width=\"221\" height=\"40\">Eje<\/td>\n<td width=\"515\">2\/3\/4 ejes, 13,16,20 toneladas, BPW o SAF<\/td>\n<\/tr>\n<tr>\n<td width=\"221\" height=\"40\">Neum\u00e1tico<\/td>\n<td width=\"515\">12R22.5, 385\/65R22.5, 13R22.5, 12.00R24, 315\/80R22.5<\/td>\n<\/tr>\n<tr>\n<td width=\"221\" height=\"40\">Alfiler de rey<\/td>\n<td width=\"515\">Tipo desmontable JOST 2\u2033 o 3,5<\/td>\n<\/tr>\n<\/tbody>\n<\/table>\n<p style=\"text-align: center;\"><a class=\"product_button\" href=\"#elementor-action%3Aaction%3Dpopup%3Aopen%26settings%3DeyJpZCI6Ijk5MDciLCJ0b2dnbGUiOmZhbHNlfQ%3D%3D\">Haga clic para m\u00e1s detalles<\/a><\/p>\n<h2>Dibujo del remolque de cemento de 40 toneladas<\/h2>\n<p><img decoding=\"async\" class=\"alignnone size-full\" src=\"https:\/\/pandamech.com\/wp-content\/uploads\/2022\/06\/50-ton-cement-bulk-trailer-for-sale.jpg\" alt=\"Dibujo de un granelero de cemento de 40 toneladas\" width=\"750px;\" title=\"\"><\/p>\n<p><span style=\"color: #0000ff;\"><a style=\"color: #0000ff;\" href=\"https:\/\/www.pandamech.com\/spanish\/product\/bulk-powder-tanker-p00149p1-html\/\" target=\"_blank\" rel=\"noopener\">remolque cisterna para polvo<\/a><\/span> dibujo<\/p>\n<h2>Remolque de cemento de 40 toneladas<\/h2>\n<ul>\n<li>1. <a href=\"https:\/\/www.pandamech.com\/spanish\/category\/pneumatic-trailer\/cement-tanker\/\" target=\"_blank\" rel=\"noopener\"><span style=\"color: #0000ff;\">Remolque de cemento<\/span><\/a> El tanque est\u00e1 hecho de acero de alta resistencia al desgaste, este material tendr\u00e1 una vida \u00fatil m\u00e1s larga que los materiales ordinarios.<\/li>\n<li>2. Es muy importante realizar pruebas estrictas en la soldadura, la prueba de estanqueidad y la prueba de fuga de aire del tanque.<\/li>\n<li>3. El compresor de aire se selecciona de Weichai, Fuda y otras clasificaciones famosas en el pa\u00eds y en el extranjero para garantizar su durabilidad.<\/li>\n<li>4. El sistema de tuber\u00edas est\u00e1 equipado con un soplador razonable y un dispositivo antidesgaste, para que el proceso de descarga sea m\u00e1s suave y r\u00e1pido.<\/li>\n<\/ul>\n<p style=\"text-align: center;\"><a class=\"product_button\" href=\"#elementor-action%3Aaction%3Dpopup%3Aopen%26settings%3DeyJpZCI6Ijk5MDciLCJ0b2dnbGUiOmZhbHNlfQ%3D%3D\">Haga clic para m\u00e1s detalles<\/a><\/p>\n<h2>Transporte mar\u00edtimo de 40 toneladas de cemento<\/h2>\n<p>Pediremos el Freightliner por adelantado antes de que se complete la producci\u00f3n, y realizaremos una inspecci\u00f3n despu\u00e9s de que se complete la producci\u00f3n. El cami\u00f3n de cemento a granel de 40 toneladas inspeccionado se le enviar\u00e1 de acuerdo con el \u00faltimo plazo de env\u00edo.<\/p>\n<p>Para evitar que la pintura de las 40 toneladas <a href=\"https:\/\/www.pandamech.com\/product\/3-axle-55-ton-cement-bulker-trailer\/\" target=\"_blank\" rel=\"noopener\"><span style=\"color: #0000ff;\">granelero cisterna de cemento<\/span><\/a> de ser corro\u00eddo por el agua de mar, rociaremos una capa de cera en la superficie del remolque de cemento de 40 toneladas antes del transporte.<\/p>\n<p>Envolveremos todos los motores di\u00e9sel del remolque de cami\u00f3n de transporte de cemento de 40 toneladas con tela de lluvia.<\/p>\n<p><img fetchpriority=\"high\" decoding=\"async\" class=\"alignnone size-full wp-image-33094\" src=\"https:\/\/pandamech.com\/wp-content\/uploads\/2022\/10\/cement-trailer-transport-1.jpg\" alt=\"remolque cisterna para el transporte de cemento\" width=\"750\" height=\"400\" title=\"\"><\/p>\n<h2>Panda Mech<\/h2>\n<p>Panda Mech es un fabricante de remolques de cemento de 40 toneladas de China. Suministramos remolques de cemento de 40 toneladas para la venta. Los fabricantes de Panda Mech han tenido \u00e9xito en el sudeste asi\u00e1tico, Oriente Medio, \u00c1frica y Am\u00e9rica del Sur, como Filipinas, Tanzania, etc....<\/p>\n<p><a href=\"https:\/\/www.pandamech.com\/spanish\/contact-us\/\" target=\"_blank\" rel=\"noopener\"><img decoding=\"async\" class=\"alignnone\" src=\"https:\/\/pandamech.com\/wp-content\/uploads\/2021\/08\/quotation.jpg\" alt=\"Presupuesto de cami\u00f3n remolque de 40 toneladas\" width=\"864\" height=\"213\" title=\"\"><\/a><\/p>","protected":false},"excerpt":{"rendered":"<p>Tipo: Buque de cemento de 40 toneladas<\/p>\n<p>Gama de precios: $16.900-32.500<\/p>\n<p>Plazo de entrega: 7-25 d\u00edas<\/p>\n<p>Descarga m\u00e1s r\u00e1pida: &gt;1,5 toneladas\/min<\/p>\n<p>Aplicaci\u00f3n: transporte de cemento, part\u00edculas de PVC, cenizas volantes, materiales granulares, etc.<\/p>","protected":false},"featured_media":58132,"template":"","meta":{"_acf_changed":false,"_kad_blocks_custom_css":"","_kad_blocks_head_custom_js":"","_kad_blocks_body_custom_js":"","_kad_blocks_footer_custom_js":"","_kad_post_transparent":"default","_kad_post_title":"","_kad_post_layout":"default","_kad_post_sidebar_id":"","_kad_post_content_style":"default","_kad_post_vertical_padding":"default","_kad_post_feature":"","_kad_post_feature_position":"","_kad_post_header":false,"_kad_post_footer":false,"_kad_post_classname":""},"product_brand":[],"product_cat":[101],"product_tag":[],"class_list":{"0":"post-33029","1":"product","2":"type-product","3":"status-publish","4":"has-post-thumbnail","6":"product_cat-cement-tanker","8":"first","9":"instock","10":"sold-individually","11":"shipping-taxable","12":"purchasable","13":"product-type-simple","14":"entry","15":"content-bg","16":"loop-entry"},"acf":[],"taxonomy_info":{"product_cat":[{"value":101,"label":"Cement Tanker For Sale"}]},"featured_image_src_large":["https:\/\/www.pandamech.com\/wp-content\/uploads\/2022\/10\/35cbm-cement-trailer-2-500x500.jpg",500,500,true],"author_info":[],"comment_info":"","_links":{"self":[{"href":"https:\/\/www.pandamech.com\/spanish\/wp-json\/wp\/v2\/product\/33029","targetHints":{"allow":["GET"]}}],"collection":[{"href":"https:\/\/www.pandamech.com\/spanish\/wp-json\/wp\/v2\/product"}],"about":[{"href":"https:\/\/www.pandamech.com\/spanish\/wp-json\/wp\/v2\/types\/product"}],"version-history":[{"count":1,"href":"https:\/\/www.pandamech.com\/spanish\/wp-json\/wp\/v2\/product\/33029\/revisions"}],"predecessor-version":[{"id":91268,"href":"https:\/\/www.pandamech.com\/spanish\/wp-json\/wp\/v2\/product\/33029\/revisions\/91268"}],"wp:featuredmedia":[{"embeddable":true,"href":"https:\/\/www.pandamech.com\/spanish\/wp-json\/wp\/v2\/media\/58132"}],"wp:attachment":[{"href":"https:\/\/www.pandamech.com\/spanish\/wp-json\/wp\/v2\/media?parent=33029"}],"wp:term":[{"taxonomy":"product_brand","embeddable":true,"href":"https:\/\/www.pandamech.com\/spanish\/wp-json\/wp\/v2\/product_brand?post=33029"},{"taxonomy":"product_cat","embeddable":true,"href":"https:\/\/www.pandamech.com\/spanish\/wp-json\/wp\/v2\/product_cat?post=33029"},{"taxonomy":"product_tag","embeddable":true,"href":"https:\/\/www.pandamech.com\/spanish\/wp-json\/wp\/v2\/product_tag?post=33029"}],"curies":[{"name":"wp","href":"https:\/\/api.w.org\/{rel}","templated":true}]}}