{"id":33011,"date":"2022-10-25T18:02:46","date_gmt":"2022-10-25T10:02:46","guid":{"rendered":"https:\/\/pandamech.com\/product\/banana-tanker-trailer-for-sale"},"modified":"2025-11-10T18:06:52","modified_gmt":"2025-11-10T10:06:52","slug":"banana-tanker-trailer-for-sale","status":"publish","type":"product","link":"https:\/\/www.pandamech.com\/spanish\/product\/banana-tanker-trailer-for-sale\/","title":{"rendered":"3 ejes de pl\u00e1tano cisterna remolque para la venta"},"content":{"rendered":"<p>El remolque de cemento tambi\u00e9n se llama <span style=\"color: #0000ff;\"><a style=\"color: #0000ff;\" href=\"https:\/\/www.pandamech.com\/spanish\/product\/bulk-powder-tanker-p00149p1-html\/\" target=\"_blank\" rel=\"noopener\">cisterna de polvo<\/a><\/span>, bulker de cemento. Se utiliza para ahorrar muchos materiales de embalaje y costes de mano de obra; (antes de la invenci\u00f3n del remolque transportador de cemento, se utilizaba para la construcci\u00f3n de cemento en sacos). A menudo podemos ver en los almacenes de cemento, obras de construcci\u00f3n, plantas de cemento A menudo podemos ver en los almacenes de cemento, obras de construcci\u00f3n, plantas de cemento remolques de cemento de pl\u00e1tano.<\/p>\n<p>El remolque cisterna de cemento se compone de un chasis especial, un tanque, un sistema de tuber\u00edas, un sistema de descarga y un sistema de desplazamiento, PANDA ofrece una variedad de <span style=\"color: #0000ff;\"><a style=\"color: #0000ff;\" href=\"https:\/\/www.pandamech.com\/product\/3-axle-55-ton-cement-bulker-trailer\/\" target=\"_blank\" rel=\"noopener\">remolques para cemento<\/a><\/span> con diferentes capacidades.<\/p>\n<h2>V\u00eddeo del remolque cisterna para pl\u00e1tanos<\/h2>\n<p><iframe title=\"Reproductor de v\u00eddeo YouTube\" src=\"https:\/\/www.youtube.com\/embed\/WKV9Z7bKZ8o\" width=\"800\" height=\"533\" frameborder=\"0\" allowfullscreen=\"allowfullscreen\"><\/iframe><\/p>\n<h2>Remolque cisterna para pl\u00e1tanos<\/h2>\n<ul>\n<li>1. <a class=\"wpil_keyword_link\" title=\"Remolque de cemento\" href=\"https:\/\/www.pandamech.com\/spanish\/category\/pneumatic-trailer\/cement-tanker\/\" target=\"_blank\" rel=\"noopener\" data-wpil-keyword-link=\"linked\">Remolque de cemento<\/a> El tanque est\u00e1 hecho de acero de alta resistencia al desgaste, este material tendr\u00e1 una vida \u00fatil m\u00e1s larga que los materiales ordinarios.<\/li>\n<li>2. Es muy importante realizar pruebas estrictas en la soldadura, la prueba de estanqueidad y la prueba de fuga de aire del tanque.<\/li>\n<li>3. El compresor de aire se selecciona de Weichai, Fuda y otras clasificaciones famosas en el pa\u00eds y en el extranjero para garantizar su durabilidad.<\/li>\n<li>4. El sistema de tuber\u00edas est\u00e1 equipado con un soplador razonable y un dispositivo antidesgaste, para que el proceso de descarga sea m\u00e1s suave y r\u00e1pido.<\/li>\n<\/ul>\n<p style=\"text-align: center;\"><a class=\"product_button\" href=\"#elementor-action%3Aaction%3Dpopup%3Aopen%26settings%3DeyJpZCI6Ijk5MDciLCJ0b2dnbGUiOmZhbHNlfQ%3D%3D\">Haga clic para m\u00e1s detalles<\/a><\/p>\n<h2>Especificaciones del remolque cisterna para pl\u00e1tanos<\/h2>\n<table style=\"width: 800px;\" border=\"1\" cellspacing=\"1\" cellpadding=\"1\">\n<tbody>\n<tr>\n<td width=\"221\" height=\"40\">Marca<\/td>\n<td width=\"515\">PANDA Cami\u00f3n cisterna remolque para pl\u00e1tanos Mech<\/td>\n<\/tr>\n<tr>\n<td width=\"221\" height=\"40\">Motor<\/td>\n<td width=\"515\">WeiCai Deutz diesel moto<\/td>\n<\/tr>\n<tr>\n<td width=\"221\" height=\"40\">Compresor<\/td>\n<td width=\"515\">SK 12m3<\/td>\n<\/tr>\n<tr>\n<td width=\"221\" height=\"40\">Tapa de alcantarilla<\/td>\n<td width=\"515\">De 2 a 4 juegos de 300 mm de di\u00e1metro<\/td>\n<\/tr>\n<tr>\n<td width=\"221\" height=\"40\">V\u00e1lvula de descarga<\/td>\n<td width=\"515\">V\u00e1lvula de disco de 4<\/td>\n<\/tr>\n<tr>\n<td width=\"221\" height=\"40\">Material del dep\u00f3sito<\/td>\n<td width=\"515\">Acero de alta resistencia de 5 mm o 6 mm<\/td>\n<\/tr>\n<tr>\n<td width=\"221\" height=\"40\">Estructura<\/td>\n<td width=\"515\">Acero Q330 de alta rectitud<\/td>\n<\/tr>\n<tr>\n<td width=\"221\" height=\"40\">Tren de aterrizaje<\/td>\n<td width=\"515\">JOST 28T<\/td>\n<\/tr>\n<tr>\n<td width=\"221\" height=\"40\">Suspensi\u00f3n<\/td>\n<td width=\"515\">Suspensi\u00f3n mec\u00e1nica o neum\u00e1tica<\/td>\n<\/tr>\n<tr>\n<td width=\"221\" height=\"40\">Eje<\/td>\n<td width=\"515\">2\/3\/4 ejes, 13,16,20 toneladas, BPW o SAF<\/td>\n<\/tr>\n<tr>\n<td width=\"221\" height=\"40\">Neum\u00e1tico<\/td>\n<td width=\"515\">12R22.5, 385\/65R22.5, 13R22.5, 12.00R24, 315\/80R22.5<\/td>\n<\/tr>\n<tr>\n<td width=\"221\" height=\"40\">Alfiler de rey<\/td>\n<td width=\"515\">Tipo desmontable JOST 2\u2033 o 3,5<\/td>\n<\/tr>\n<\/tbody>\n<\/table>\n<p style=\"text-align: center;\"><a class=\"product_button\" href=\"#elementor-action%3Aaction%3Dpopup%3Aopen%26settings%3DeyJpZCI6Ijk5MDciLCJ0b2dnbGUiOmZhbHNlfQ%3D%3D\">Haga clic para m\u00e1s detalles<\/a><\/p>\n<h2>Dibujo de un remolque cisterna para pl\u00e1tanos<\/h2>\n<p><img decoding=\"async\" class=\"alignnone size-full\" src=\"https:\/\/pandamech.com\/wp-content\/uploads\/2022\/06\/50-ton-cement-bulk-trailer-for-sale.jpg\" alt=\"dibujo de un granelero de cemento\" title=\"\"><\/p>\n<h2>2 Axle banana tanker trailer images<\/h2>\n<p><img fetchpriority=\"high\" decoding=\"async\" class=\"alignnone\" src=\"https:\/\/pandamech.com\/wp-content\/uploads\/2022\/10\/25cbm-2axle-bulker-7.jpg\" alt=\"2 ejes en forma de pl\u00e1tano remolque de transporte de cemento para la venta Indonesia\" width=\"750\" height=\"400\" title=\"\"><\/p>\n<p>Remolque cisterna para polvo de 2 ejes en forma de pl\u00e1tano<\/p>\n<p><img decoding=\"async\" class=\"alignnone size-full\" src=\"https:\/\/pandamech.com\/wp-content\/uploads\/2022\/10\/25cbm-2axle-bulker-8.jpg\" alt=\"Venta de remolques de cemento de 2 ejes\" title=\"\"><\/p>\n<p>Se vende remolque cisterna banana de 2 ejes<\/p>\n<h2>3 Axle banana tanker trailer images<\/h2>\n<p><img decoding=\"async\" class=\"alignnone\" src=\"https:\/\/pandamech.com\/wp-content\/uploads\/2021\/08\/8-107.jpg\" alt=\"cisterna de cemento en forma de pl\u00e1tano en venta Indonesia\" width=\"750\" title=\"\"><\/p>\n<p>Proveedor de camiones cisterna tipo banana de 3 ejes<\/p>\n<p><img decoding=\"async\" class=\"alignnone size-full\" src=\"https:\/\/pandamech.com\/wp-content\/uploads\/2021\/08\/7-127.jpg\" alt=\"granelero seco tipo banana en venta\" width=\"750\" title=\"\"><\/p>\n<p>Fabricante de camiones cisterna para pl\u00e1tanos de 3 ejes<\/p>\n<h2>4 Axle banana tanker trailer images<\/h2>\n<p><img decoding=\"async\" class=\"alignnone\" src=\"https:\/\/pandamech.com\/wp-content\/uploads\/2022\/10\/4axle-bulk-trailer-9.jpg\" alt=\"Remolque de cami\u00f3n de cemento de 4 ejes fabricante Indonesia\" width=\"750\" height=\"400\" title=\"\"><\/p>\n<p>4 ejes de pl\u00e1tano cami\u00f3n cisterna remolques para la venta<\/p>\n<p><img decoding=\"async\" class=\"alignnone size-full\" src=\"https:\/\/pandamech.com\/wp-content\/uploads\/2022\/10\/4axle-bulk-trailer-10.jpg\" alt=\"Proveedor de remolques de cemento de 4 ejes\" title=\"\"><\/p>\n<p>Fabricante de remolques cisterna para pl\u00e1tanos de 4 ejes<\/p>\n<p>Relacionado: <span style=\"color: #0000ff;\"><a style=\"color: #0000ff;\" href=\"https:\/\/www.pandamech.com\/spanish\/product\/2-axle-30-ton-bulk-cement-tanker-trailer\/\" target=\"_blank\" rel=\"noopener\">Cami\u00f3n hormigonero de 30 toneladas<\/a><\/span>, <span style=\"color: #0000ff;\"><a style=\"color: #0000ff;\" href=\"https:\/\/www.pandamech.com\/spanish\/product\/58-60m3-bulk-cement-tanker\/\" target=\"_blank\" rel=\"noopener\">Remolque de cemento de 70 toneladas<\/a><\/span><\/p>\n<p style=\"text-align: center;\"><a class=\"product_button\" href=\"#elementor-action%3Aaction%3Dpopup%3Aopen%26settings%3DeyJpZCI6Ijk5MDciLCJ0b2dnbGUiOmZhbHNlfQ%3D%3D\">Obtenga un presupuesto instant\u00e1neo<\/a><\/p>\n<h2>Transporte mar\u00edtimo de remolques cisterna para pl\u00e1tanos<\/h2>\n<p>Pediremos el Freightliner por adelantado antes de que se complete la producci\u00f3n, y realizaremos una inspecci\u00f3n despu\u00e9s de que se complete la producci\u00f3n. El remolque cisterna de pl\u00e1tano inspeccionado ser\u00e1 enviado a usted de acuerdo con el \u00faltimo tiempo de env\u00edo.<\/p>\n<p>Con el fin de evitar que la pintura del remolque cisterna bananero sea corro\u00edda por el agua de mar, rociaremos una capa de cera en la superficie del remolque cisterna bananero antes del transporte.<\/p>\n<p>Envolveremos todos los motores di\u00e9sel del remolque cisterna bananero con tela de lluvia.<\/p>\n<p><img decoding=\"async\" class=\"alignnone size-full wp-image-33093\" src=\"https:\/\/pandamech.com\/wp-content\/uploads\/2022\/10\/cement-trailer-3-1.jpg\" alt=\"remolque cisterna para el transporte de cemento\" width=\"750\" height=\"400\" title=\"\"><\/p>\n<p style=\"text-align: center;\"><a class=\"product_button\" href=\"#elementor-action%3Aaction%3Dpopup%3Aopen%26settings%3DeyJpZCI6Ijk5MDciLCJ0b2dnbGUiOmZhbHNlfQ%3D%3D\">Obtenga un presupuesto instant\u00e1neo<\/a><\/p>\n<h2>Panda Mech<\/h2>\n<p>Panda Mech es un fabricante de remolques bananeros de China. Suministramos remolques cisterna bananeros para la venta. Los fabricantes de Panda Mech han tenido \u00e9xito en el sudeste asi\u00e1tico, Oriente Medio, \u00c1frica y Am\u00e9rica del Sur, como Filipinas, Tanzania, etc ...<\/p>\n<p><a href=\"https:\/\/www.pandamech.com\/spanish\/contact-us\/\" target=\"_blank\" rel=\"noopener\"><img loading=\"lazy\" decoding=\"async\" class=\"alignnone\" src=\"https:\/\/pandamech.com\/wp-content\/uploads\/2021\/08\/quotation.jpg\" alt=\"banana tanker trailer Indonesia cotizaci\u00f3n\" width=\"864\" height=\"213\" title=\"\"><\/a><\/p>","protected":false},"excerpt":{"rendered":"<p>Tipo: cami\u00f3n cisterna en forma de banana<\/p>\n<p>Gama de precios: $16.900-32.500<\/p>\n<p>Plazo de entrega: 7-25 d\u00edas<\/p>\n<p>Descarga m\u00e1s r\u00e1pida: &gt;1,5 toneladas\/min<\/p>\n<p>Aplicaci\u00f3n: transporte de cemento, part\u00edculas de PVC, cenizas volantes, materiales granulares, etc.<\/p>","protected":false},"featured_media":58323,"template":"","meta":{"_acf_changed":false,"_kad_blocks_custom_css":"","_kad_blocks_head_custom_js":"","_kad_blocks_body_custom_js":"","_kad_blocks_footer_custom_js":"","_kad_post_transparent":"default","_kad_post_title":"","_kad_post_layout":"default","_kad_post_sidebar_id":"","_kad_post_content_style":"default","_kad_post_vertical_padding":"default","_kad_post_feature":"","_kad_post_feature_position":"","_kad_post_header":false,"_kad_post_footer":false,"_kad_post_classname":""},"product_brand":[],"product_cat":[101],"product_tag":[],"class_list":{"0":"post-33011","1":"product","2":"type-product","3":"status-publish","4":"has-post-thumbnail","6":"product_cat-cement-tanker","8":"first","9":"instock","10":"sold-individually","11":"shipping-taxable","12":"purchasable","13":"product-type-simple","14":"entry","15":"content-bg","16":"loop-entry"},"acf":[],"taxonomy_info":{"product_cat":[{"value":101,"label":"Cement Tanker For Sale"}]},"featured_image_src_large":["https:\/\/www.pandamech.com\/wp-content\/uploads\/2022\/10\/bulk-cement-trailer-3-500x500.jpg",500,500,true],"author_info":[],"comment_info":"","_links":{"self":[{"href":"https:\/\/www.pandamech.com\/spanish\/wp-json\/wp\/v2\/product\/33011","targetHints":{"allow":["GET"]}}],"collection":[{"href":"https:\/\/www.pandamech.com\/spanish\/wp-json\/wp\/v2\/product"}],"about":[{"href":"https:\/\/www.pandamech.com\/spanish\/wp-json\/wp\/v2\/types\/product"}],"version-history":[{"count":1,"href":"https:\/\/www.pandamech.com\/spanish\/wp-json\/wp\/v2\/product\/33011\/revisions"}],"predecessor-version":[{"id":91284,"href":"https:\/\/www.pandamech.com\/spanish\/wp-json\/wp\/v2\/product\/33011\/revisions\/91284"}],"wp:featuredmedia":[{"embeddable":true,"href":"https:\/\/www.pandamech.com\/spanish\/wp-json\/wp\/v2\/media\/58323"}],"wp:attachment":[{"href":"https:\/\/www.pandamech.com\/spanish\/wp-json\/wp\/v2\/media?parent=33011"}],"wp:term":[{"taxonomy":"product_brand","embeddable":true,"href":"https:\/\/www.pandamech.com\/spanish\/wp-json\/wp\/v2\/product_brand?post=33011"},{"taxonomy":"product_cat","embeddable":true,"href":"https:\/\/www.pandamech.com\/spanish\/wp-json\/wp\/v2\/product_cat?post=33011"},{"taxonomy":"product_tag","embeddable":true,"href":"https:\/\/www.pandamech.com\/spanish\/wp-json\/wp\/v2\/product_tag?post=33011"}],"curies":[{"name":"wp","href":"https:\/\/api.w.org\/{rel}","templated":true}]}}