{"id":32713,"date":"2022-10-20T17:52:12","date_gmt":"2022-10-20T09:52:12","guid":{"rendered":"https:\/\/pandamech.com\/product\/60-ton-drop-side-wall-trailer"},"modified":"2025-08-23T01:07:29","modified_gmt":"2025-08-22T17:07:29","slug":"60-ton-drop-side-wall-trailer","status":"publish","type":"product","link":"https:\/\/www.pandamech.com\/spanish\/product\/60-ton-drop-side-wall-trailer\/","title":{"rendered":"Remolque de pared lateral abatible de 60 toneladas"},"content":{"rendered":"<p>El remolque de pared lateral es un semirremolque muy popular, ampliamente utilizado, puede transportar una gran cantidad de mercanc\u00edas, ya sean contenedores o carga a granel, el remolque de pared lateral puede ser perfectamente competente. Su pared lateral se puede abrir y descargar al mismo tiempo, por lo que es muy conveniente para la carga y descarga, que es b\u00e1sicamente una necesidad para las empresas de log\u00edstica.<\/p>\n<p>PANDA puede proporcionar diferentes configuraciones de remolque de pared lateral para satisfacer diferentes necesidades.<\/p>\n<h2>Remolque de pared lateral abatible de 60 toneladas<\/h2>\n<ul>\n<li>1. <a href=\"https:\/\/www.pandamech.com\/spanish\/category\/cargo-trailer\/side-wall-trailer\/\" target=\"_blank\" rel=\"noopener\"><span style=\"color: #0000ff;\">Remolque de pared lateral<\/span><\/a> El cuerpo general est\u00e1 hecho de acero de alta calidad, tecnolog\u00eda avanzada, estricto proceso de producci\u00f3n, rendimiento fiable y estructura razonable.<\/li>\n<li>2. Estructura de viga transversal, la viga longitudinal generalmente puede elegir viga recta o viga de cuello de cisne.<\/li>\n<li>3. La suspensi\u00f3n adopta una suspensi\u00f3n r\u00edgida prensada de chapa de acero no vertical, hecha de ballestas en t\u00e1ndem y cojinetes de suspensi\u00f3n, con una estructura razonable, alta rigidez y resistencia, utilizada para soportar la carga para mitigar el impacto.<\/li>\n<\/ul>\n<p style=\"text-align: center;\"><a class=\"product_button\" href=\"#elementor-action%3Aaction%3Dpopup%3Aopen%26settings%3DeyJpZCI6Ijk5MDciLCJ0b2dnbGUiOmZhbHNlfQ%3D%3D\">Haga clic para m\u00e1s detalles<\/a><\/p>\n<h2>Especificaciones del remolque de pared lateral abatible de 60 toneladas<\/h2>\n<table style=\"width: 800px;\" border=\"1\" cellspacing=\"1\" cellpadding=\"1\">\n<tbody>\n<tr>\n<td width=\"216\" height=\"36\">Fabricante<\/td>\n<td width=\"493\">Remolque de pared lateral Panda Mech<\/td>\n<\/tr>\n<tr>\n<td height=\"36\">Haz principal<\/td>\n<td width=\"493\">Q345Acero; La placa media es de 8mm; La placa inferior es de 16mm.<\/td>\n<\/tr>\n<tr>\n<td height=\"36\">Viga lateral<\/td>\n<td width=\"493\">16# canal acero<\/td>\n<\/tr>\n<tr>\n<td height=\"36\">Alfiler de rey<\/td>\n<td width=\"493\">2 o 3,5 clavijas de tracci\u00f3n<\/td>\n<\/tr>\n<tr>\n<td height=\"36\">Suelo<\/td>\n<td width=\"493\">Chapa de acero diamantada de 3 mm<\/td>\n<\/tr>\n<tr>\n<td height=\"36\">Suspensi\u00f3n<\/td>\n<td width=\"493\">Suspensi\u00f3n mec\u00e1nica o neum\u00e1tica<\/td>\n<\/tr>\n<tr>\n<td height=\"36\">Eje<\/td>\n<td width=\"493\">3 ejes Marca Fuwa<\/td>\n<\/tr>\n<tr>\n<td height=\"36\">Llanta<\/td>\n<td width=\"493\">Llanta de acero 9.0-22.5<\/td>\n<\/tr>\n<tr>\n<td height=\"36\">Neum\u00e1tico<\/td>\n<td width=\"493\">Spe:12R22.5; N\u00famero de neum\u00e1ticos:12 piezas<\/td>\n<\/tr>\n<tr>\n<td height=\"36\">V\u00e1lvula de freno<\/td>\n<td width=\"493\">Marca KTL\/WEBCO<\/td>\n<\/tr>\n<tr>\n<td height=\"36\">Luz<\/td>\n<td width=\"493\">Luz trasera con intermitente, luz de freno y luz lateral, etc.<\/td>\n<\/tr>\n<tr>\n<td height=\"36\">Engranaje principal<\/td>\n<td width=\"493\">28T Accionamiento manual, Tren de aterrizaje de alta resistencia<\/td>\n<\/tr>\n<\/tbody>\n<\/table>\n<p style=\"text-align: center;\"><a class=\"product_button\" href=\"#elementor-action%3Aaction%3Dpopup%3Aopen%26settings%3DeyJpZCI6Ijk5MDciLCJ0b2dnbGUiOmZhbHNlfQ%3D%3D\">Obtenga un presupuesto instant\u00e1neo<\/a><\/p>\n<h2>Dibujo de remolque de pared lateral abatible de 60 toneladas<\/h2>\n<p><img decoding=\"async\" class=\"alignnone size-full\" src=\"https:\/\/pandamech.com\/wp-content\/uploads\/2022\/06\/40ft-dropside-trailers-drawing.jpg\" alt=\"Dibujo de un remolque de carga con paredes laterales de 60 toneladas\" title=\"\"><\/p>\n<p>Dibujo de remolque de pared lateral abatible de 60 toneladas<\/p>\n<h2>Aplicaci\u00f3n de remolque de pared lateral abatible de 60 toneladas<\/h2>\n<p>El cami\u00f3n remolque de pared lateral se utiliza generalmente para el transporte de carga a granel. Se utiliza principalmente para el transporte de larga distancia. Normalmente, el cami\u00f3n remolque de pared lateral con puerta peque\u00f1a puede transportar 30-70 toneladas.<\/p>\n<p>Si se trata de una gran cantidad de transporte o diferentes necesidades, podemos personalizarlo, o remolque de aparador alto para algunos veh\u00edculos deformados.<\/p>\n<h2>60 Ton remolque de pared lateral ca\u00edda im\u00e1genes<\/h2>\n<p><img decoding=\"async\" class=\"alignnone size-full\" src=\"https:\/\/pandamech.com\/wp-content\/uploads\/2022\/10\/drop-side-trailer-11.jpg\" alt=\"Venta de remolque plataforma 60t\" title=\"\"><\/p>\n<p>60t sidewall cami\u00f3n semirremolque fabricante<\/p>\n<p><img decoding=\"async\" class=\"alignnone size-full\" src=\"https:\/\/pandamech.com\/wp-content\/uploads\/2022\/10\/drop-side-trailer-9.jpg\" alt=\"60t cerca bulker remolque de transporte de carga\" title=\"\"><\/p>\n<p>60t tri axle sidewall trailer supplier<\/p>\n<p><img decoding=\"async\" class=\"alignnone size-full\" src=\"https:\/\/pandamech.com\/wp-content\/uploads\/2022\/10\/drop-side-trailer-10.jpg\" alt=\"sidewall remolque de cami\u00f3n en venta\" title=\"\"><\/p>\n<p>60t de plataforma lateral remolque de cami\u00f3n para la venta<\/p>\n<p>Relacionado: <span style=\"color: #0000ff;\"><a style=\"color: #0000ff;\" href=\"https:\/\/www.pandamech.com\/spanish\/product\/curtain-side-trailer-for-sale-html\/\" target=\"_blank\" rel=\"noopener\">remolque lateral con cortina<\/a><\/span>, <span style=\"color: #0000ff;\"><a style=\"color: #0000ff;\" href=\"https:\/\/www.pandamech.com\/spanish\/category\/low-bed-trailers\/low-boy-trailer\/\" target=\"_blank\" rel=\"noopener\">remolque de plataforma baja<\/a><\/span><\/p>\n<p style=\"text-align: center;\"><a class=\"product_button\" href=\"#elementor-action%3Aaction%3Dpopup%3Aopen%26settings%3DeyJpZCI6Ijk5MDciLCJ0b2dnbGUiOmZhbHNlfQ%3D%3D\">Obtenga un presupuesto instant\u00e1neo<\/a><\/p>\n<h2>Panda Mech<\/h2>\n<p>Somos fabricantes de remolques laterales abatibles de 60 toneladas en China. Suministramos remolques de pared lateral abatible de 60 toneladas para la venta. Podemos personalizarlo de acuerdo a sus necesidades. Panda Mech fabricantes han tenido \u00e9xito en el sudeste de Asia, Oriente Medio, \u00c1frica y Am\u00e9rica del Sur, como Filipinas, Tanzania, etc....<\/p>\n<p><a href=\"\/spanish\/contact-us\/\" rel=\"nofollow\"><img decoding=\"async\" src=\"https:\/\/pandamech.com\/wp-content\/uploads\/u_file\/db8ce19fe3.jpg\" alt=\"60t sidewall remolques de camiones para la venta\" title=\"\"><\/a><\/p>","protected":false},"excerpt":{"rendered":"<p>Modelo: 60 toneladas remolque de pared lateral ca\u00edda<\/p>\n<p>Gama de precios: USD 8.900-26.500<\/p>\n<p>Plazo de entrega: 7-25 d\u00edas<\/p>\n<p>Aplicaci\u00f3n: contenedor de transporte, materiales de construcci\u00f3n<\/p>\n<p>Peso de la carga: 60 toneladas<\/p>","protected":false},"featured_media":58347,"template":"","meta":{"_acf_changed":false,"_kad_blocks_custom_css":"","_kad_blocks_head_custom_js":"","_kad_blocks_body_custom_js":"","_kad_blocks_footer_custom_js":"","_kad_post_transparent":"default","_kad_post_title":"","_kad_post_layout":"default","_kad_post_sidebar_id":"","_kad_post_content_style":"default","_kad_post_vertical_padding":"default","_kad_post_feature":"","_kad_post_feature_position":"","_kad_post_header":false,"_kad_post_footer":false,"_kad_post_classname":""},"product_brand":[],"product_cat":[75],"product_tag":[],"class_list":{"0":"post-32713","1":"product","2":"type-product","3":"status-publish","4":"has-post-thumbnail","6":"product_cat-side-wall-trailer","8":"first","9":"instock","10":"sold-individually","11":"shipping-taxable","12":"purchasable","13":"product-type-simple","14":"entry","15":"content-bg","16":"loop-entry"},"acf":[],"taxonomy_info":{"product_cat":[{"value":75,"label":"Drop Side Trailer"}]},"featured_image_src_large":["https:\/\/www.pandamech.com\/wp-content\/uploads\/2022\/10\/drop-side-trailer-5-500x500.jpg",500,500,true],"author_info":[],"comment_info":"","_links":{"self":[{"href":"https:\/\/www.pandamech.com\/spanish\/wp-json\/wp\/v2\/product\/32713","targetHints":{"allow":["GET"]}}],"collection":[{"href":"https:\/\/www.pandamech.com\/spanish\/wp-json\/wp\/v2\/product"}],"about":[{"href":"https:\/\/www.pandamech.com\/spanish\/wp-json\/wp\/v2\/types\/product"}],"version-history":[{"count":1,"href":"https:\/\/www.pandamech.com\/spanish\/wp-json\/wp\/v2\/product\/32713\/revisions"}],"predecessor-version":[{"id":91286,"href":"https:\/\/www.pandamech.com\/spanish\/wp-json\/wp\/v2\/product\/32713\/revisions\/91286"}],"wp:featuredmedia":[{"embeddable":true,"href":"https:\/\/www.pandamech.com\/spanish\/wp-json\/wp\/v2\/media\/58347"}],"wp:attachment":[{"href":"https:\/\/www.pandamech.com\/spanish\/wp-json\/wp\/v2\/media?parent=32713"}],"wp:term":[{"taxonomy":"product_brand","embeddable":true,"href":"https:\/\/www.pandamech.com\/spanish\/wp-json\/wp\/v2\/product_brand?post=32713"},{"taxonomy":"product_cat","embeddable":true,"href":"https:\/\/www.pandamech.com\/spanish\/wp-json\/wp\/v2\/product_cat?post=32713"},{"taxonomy":"product_tag","embeddable":true,"href":"https:\/\/www.pandamech.com\/spanish\/wp-json\/wp\/v2\/product_tag?post=32713"}],"curies":[{"name":"wp","href":"https:\/\/api.w.org\/{rel}","templated":true}]}}