{"id":32711,"date":"2022-10-18T17:52:10","date_gmt":"2022-10-18T09:52:10","guid":{"rendered":"https:\/\/pandamech.com\/product\/40-ton-drop-side-wall-semi-trailer"},"modified":"2025-08-23T01:07:29","modified_gmt":"2025-08-22T17:07:29","slug":"40-ton-drop-side-wall-semi-trailer","status":"publish","type":"product","link":"https:\/\/www.pandamech.com\/spanish\/product\/40-ton-drop-side-wall-semi-trailer\/","title":{"rendered":"Semirremolque de pared lateral abatible de 40 toneladas"},"content":{"rendered":"<p>El remolque de pared lateral PANDA tiene una amplia gama de usos, contenedores, carga a granel incluyendo sacos de cemento, sacos agr\u00edcolas, tejas, sacos gigantes, bobinas de acero, etc.<\/p>\n<p>La capacidad de carga de PANDA <a href=\"https:\/\/www.pandamech.com\/spanish\/category\/cargo-trailer\/side-wall-trailer\/\" target=\"_blank\" rel=\"noopener\"><span style=\"color: #0000ff;\">remolques de pared lateral<\/span><\/a> son relativamente fuertes, el normal puede alcanzar alrededor de 70 toneladas, puede cargar la carga de una manera f\u00e1cil.<\/p>\n<h2>Remolque de pared lateral abatible de 40 toneladas<\/h2>\n<ul>\n<li>1. la mayor\u00eda de la gente elige <a href=\"https:\/\/www.pandamech.com\/spanish\/product\/3-axle-40ft-dropside-flatbed-trailers\/\" target=\"_blank\" rel=\"noopener\"><span style=\"color: #0000ff;\">Remolque lateral abatible de 40 pies<\/span><\/a>, pero el tama\u00f1o se puede personalizar seg\u00fan sus necesidades.<\/li>\n<li>2. El espesor del deflector lateral puede ser de 600-1000 mm.<\/li>\n<li>3. el n\u00famero de ejes puede ser de 2\/3\/4 ejes para cargar diferentes pesos de carga.<\/li>\n<li>4. El cuerpo es de acero de alta resistencia.<\/li>\n<li>5. 5. Uso flexible, m\u00e1s adecuado para empresas de log\u00edstica.<\/li>\n<\/ul>\n<p style=\"text-align: center;\"><a class=\"product_button\" href=\"#elementor-action%3Aaction%3Dpopup%3Aopen%26settings%3DeyJpZCI6Ijk5MDciLCJ0b2dnbGUiOmZhbHNlfQ%3D%3D\">Haga clic para m\u00e1s detalles<\/a><\/p>\n<h2>Especificaciones del remolque de pared lateral abatible de 40 toneladas<\/h2>\n<table style=\"width: 800px;\" border=\"1\" cellspacing=\"1\" cellpadding=\"1\">\n<tbody>\n<tr>\n<td width=\"216\" height=\"36\">Fabricante<\/td>\n<td width=\"493\">Remolque de pared lateral Panda Mech<\/td>\n<\/tr>\n<tr>\n<td height=\"36\">Haz principal<\/td>\n<td width=\"493\">Q345Acero; La placa media es de 8mm; La placa inferior es de 16mm.<\/td>\n<\/tr>\n<tr>\n<td height=\"36\">Viga lateral<\/td>\n<td width=\"493\">16# canal acero<\/td>\n<\/tr>\n<tr>\n<td height=\"36\">Alfiler de rey<\/td>\n<td width=\"493\">2 o 3,5 clavijas de tracci\u00f3n<\/td>\n<\/tr>\n<tr>\n<td height=\"36\">Suelo<\/td>\n<td width=\"493\">Chapa de acero diamantada de 3 mm<\/td>\n<\/tr>\n<tr>\n<td height=\"36\">Suspensi\u00f3n<\/td>\n<td width=\"493\">Suspensi\u00f3n mec\u00e1nica o neum\u00e1tica<\/td>\n<\/tr>\n<tr>\n<td height=\"36\">Eje<\/td>\n<td width=\"493\">3 ejes Marca Fuwa<\/td>\n<\/tr>\n<tr>\n<td height=\"36\">Llanta<\/td>\n<td width=\"493\">Llanta de acero 9.0-22.5<\/td>\n<\/tr>\n<tr>\n<td height=\"36\">Neum\u00e1tico<\/td>\n<td width=\"493\">Spe:12R22.5; N\u00famero de neum\u00e1ticos:12 piezas<\/td>\n<\/tr>\n<tr>\n<td height=\"36\">V\u00e1lvula de freno<\/td>\n<td width=\"493\">Marca KTL\/WEBCO<\/td>\n<\/tr>\n<tr>\n<td height=\"36\">Luz<\/td>\n<td width=\"493\">Luz trasera con intermitente, luz de freno y luz lateral, etc.<\/td>\n<\/tr>\n<tr>\n<td height=\"36\">Engranaje principal<\/td>\n<td width=\"493\">28T Accionamiento manual, Tren de aterrizaje de alta resistencia<\/td>\n<\/tr>\n<\/tbody>\n<\/table>\n<p style=\"text-align: center;\"><a class=\"product_button\" href=\"#elementor-action%3Aaction%3Dpopup%3Aopen%26settings%3DeyJpZCI6Ijk5MDciLCJ0b2dnbGUiOmZhbHNlfQ%3D%3D\">Obtenga un presupuesto instant\u00e1neo<\/a><\/p>\n<h2>Dibujo de remolque de pared lateral abatible de 40 toneladas<\/h2>\n<p><img decoding=\"async\" class=\"alignnone size-full\" src=\"https:\/\/pandamech.com\/wp-content\/uploads\/2022\/06\/40ft-dropside-trailers-drawing.jpg\" alt=\"40ft sidewall cargo trailer drawing\" title=\"\"><\/p>\n<p>40ft dropside plano cami\u00f3n remolque dibujo<\/p>\n<h2>Aplicaci\u00f3n de remolque de pared lateral abatible de 40 toneladas<\/h2>\n<p>El remolque de transporte laterales abatibles se utiliza generalmente para el transporte de carga a granel. Se utiliza principalmente para el transporte de larga distancia. Normalmente, el remolque de transporte lateral con la puerta peque\u00f1a puede transportar 30-80 toneladas.<\/p>\n<p>Si se trata de una gran cantidad de transporte o diferentes necesidades, podemos personalizarlo o remolque de la plataforma algunos veh\u00edculos deformados.<\/p>\n<h2>40 Ton remolque de pared lateral ca\u00edda im\u00e1genes<\/h2>\n<p><img decoding=\"async\" class=\"alignnone size-full\" src=\"https:\/\/pandamech.com\/wp-content\/uploads\/2022\/10\/dropside-trailer-7.jpg\" alt=\"Remolque de carga lateral de 3 ejes\" title=\"\"><\/p>\n<p>fabricante de remolques de transporte de carga de pared lateral de 40 t<\/p>\n<p><img decoding=\"async\" class=\"alignnone size-full\" src=\"https:\/\/pandamech.com\/wp-content\/uploads\/2022\/10\/dropside-trailer-8.jpg\" alt=\"tri axle side wall semi truck trailer for sale\" title=\"\"><\/p>\n<p>proveedor de semirremolques con aparador hogh<\/p>\n<p><img decoding=\"async\" class=\"alignnone size-full\" src=\"https:\/\/pandamech.com\/wp-content\/uploads\/2022\/10\/dropside-trailer-9.jpg\" alt=\"fabricante de remolques planos laterales abatibles\" title=\"\"><\/p>\n<p>eje t\u00e1ndem 40t pared lateral remolque de carga a granel para la venta - <span style=\"color: #0000ff;\"><a style=\"color: #0000ff;\" href=\"https:\/\/www.pandamech.com\/spanish\/product\/60-ton-drop-side-wall-trailer\/\" target=\"_blank\" rel=\"noopener\">Remolque de pared lateral de 60 toneladas<\/a><\/span><\/p>\n<p>Relacionado: <span style=\"color: #0000ff;\"><a style=\"color: #0000ff;\" href=\"https:\/\/www.pandamech.com\/spanish\/category\/tipper-trailer\/side-tipper\/\" target=\"_blank\" rel=\"noopener\">volquete lateral<\/a><\/span>, <a href=\"https:\/\/www.pandamech.com\/spanish\/category\/tipper-trailer\/semi-dump-trailer\/\" target=\"_blank\" rel=\"noopener\"><span style=\"color: #0000ff;\">cami\u00f3n volquete remolque<\/span><\/a><\/p>\n<p style=\"text-align: center;\"><a class=\"product_button\" href=\"#elementor-action%3Aaction%3Dpopup%3Aopen%26settings%3DeyJpZCI6Ijk5MDciLCJ0b2dnbGUiOmZhbHNlfQ%3D%3D\">Obtenga un presupuesto instant\u00e1neo<\/a><\/p>\n<h2>Panda Mech<\/h2>\n<p>Somos fabricantes de remolques laterales abatibles de 40 toneladas en China. Suministramos remolques de pared lateral abatible de 40 toneladas para la venta. Podemos personalizarlo de acuerdo a sus necesidades. Panda Mech fabricantes han tenido \u00e9xito en el sudeste de Asia, Oriente Medio, \u00c1frica y Am\u00e9rica del Sur, como Filipinas, Tanzania, etc ...<\/p>\n<p><a href=\"\/spanish\/contact-us\/\" rel=\"nofollow\"><img decoding=\"async\" src=\"https:\/\/pandamech.com\/wp-content\/uploads\/u_file\/db8ce19fe3.jpg\" alt=\"Venta de remolques de carga a granel laterales abatibles de 40 toneladas\" title=\"\"><\/a><\/p>","protected":false},"excerpt":{"rendered":"<p>Modelo: Remolque de pared lateral de 40 toneladas<\/p>\n<p>Gama de precios: USD 8.500-26.500<\/p>\n<p>Plazo de entrega: 7-25 d\u00edas<\/p>\n<p>Aplicaci\u00f3n: contenedor de transporte, materiales de construcci\u00f3n<\/p>\n<p>Peso de la carga: 40 toneladas<\/p>","protected":false},"featured_media":58351,"template":"","meta":{"_acf_changed":false,"_kad_blocks_custom_css":"","_kad_blocks_head_custom_js":"","_kad_blocks_body_custom_js":"","_kad_blocks_footer_custom_js":"","_kad_post_transparent":"default","_kad_post_title":"","_kad_post_layout":"default","_kad_post_sidebar_id":"","_kad_post_content_style":"default","_kad_post_vertical_padding":"default","_kad_post_feature":"","_kad_post_feature_position":"","_kad_post_header":false,"_kad_post_footer":false,"_kad_post_classname":""},"product_brand":[],"product_cat":[75],"product_tag":[],"class_list":{"0":"post-32711","1":"product","2":"type-product","3":"status-publish","4":"has-post-thumbnail","6":"product_cat-side-wall-trailer","8":"first","9":"instock","10":"sold-individually","11":"shipping-taxable","12":"purchasable","13":"product-type-simple","14":"entry","15":"content-bg","16":"loop-entry"},"acf":[],"taxonomy_info":{"product_cat":[{"value":75,"label":"Drop Side Trailer"}]},"featured_image_src_large":["https:\/\/www.pandamech.com\/wp-content\/uploads\/2022\/10\/dropside-trailer-1-500x500.jpg",500,500,true],"author_info":[],"comment_info":"","_links":{"self":[{"href":"https:\/\/www.pandamech.com\/spanish\/wp-json\/wp\/v2\/product\/32711","targetHints":{"allow":["GET"]}}],"collection":[{"href":"https:\/\/www.pandamech.com\/spanish\/wp-json\/wp\/v2\/product"}],"about":[{"href":"https:\/\/www.pandamech.com\/spanish\/wp-json\/wp\/v2\/types\/product"}],"version-history":[{"count":1,"href":"https:\/\/www.pandamech.com\/spanish\/wp-json\/wp\/v2\/product\/32711\/revisions"}],"predecessor-version":[{"id":91288,"href":"https:\/\/www.pandamech.com\/spanish\/wp-json\/wp\/v2\/product\/32711\/revisions\/91288"}],"wp:featuredmedia":[{"embeddable":true,"href":"https:\/\/www.pandamech.com\/spanish\/wp-json\/wp\/v2\/media\/58351"}],"wp:attachment":[{"href":"https:\/\/www.pandamech.com\/spanish\/wp-json\/wp\/v2\/media?parent=32711"}],"wp:term":[{"taxonomy":"product_brand","embeddable":true,"href":"https:\/\/www.pandamech.com\/spanish\/wp-json\/wp\/v2\/product_brand?post=32711"},{"taxonomy":"product_cat","embeddable":true,"href":"https:\/\/www.pandamech.com\/spanish\/wp-json\/wp\/v2\/product_cat?post=32711"},{"taxonomy":"product_tag","embeddable":true,"href":"https:\/\/www.pandamech.com\/spanish\/wp-json\/wp\/v2\/product_tag?post=32711"}],"curies":[{"name":"wp","href":"https:\/\/api.w.org\/{rel}","templated":true}]}}