{"id":32600,"date":"2022-10-11T17:19:40","date_gmt":"2022-10-11T09:19:40","guid":{"rendered":"https:\/\/pandamech.com\/product\/42-cbm-dump-semi-trailer"},"modified":"2025-08-23T01:07:29","modified_gmt":"2025-08-22T17:07:29","slug":"5-axle-tipper-trailer-for-sale","status":"publish","type":"product","link":"https:\/\/www.pandamech.com\/spanish\/product\/5-axle-tipper-trailer-for-sale\/","title":{"rendered":"5 ejes volquete remolque para la venta"},"content":{"rendered":"<p>El semirremolque volquete de 5 ejes es un semirremolque com\u00fan en Madagascar, que es rico en recursos minerales. El semirremolque volquete de 5 ejes se utiliza principalmente para el transporte de arena, piedras peque\u00f1as o rocas.<\/p>\n<p>El semirremolque volquete de 5 ejes tiene una capacidad de carga de 40 toneladas, 50 toneladas, 60 toneladas, 70 toneladas, 80 toneladas. <a class=\"wpil_keyword_link\" title=\"semirremolque basculante\" href=\"https:\/\/www.pandamech.com\/spanish\/category\/tipper-trailer\/\" target=\"_blank\" rel=\"noopener\" data-wpil-keyword-link=\"linked\">semirremolque basculante<\/a> destaca del resto.<\/p>\n<p>Por supuesto, si necesita m\u00e1s capacidad de carga o una configuraci\u00f3n separada, podemos personalizar el semirremolque basculante de 5 ejes para satisfacer sus necesidades, con el semirremolque basculante de 5 ejes com\u00fan disponible en forma de U y forma de roca. \uff08O tal vez usted necesita <a class=\"wpil_keyword_link\" title=\"volquete contenedor\" href=\"https:\/\/www.pandamech.com\/category\/container-chassis\/tipping-skeleton\/\" target=\"_blank\" rel=\"noopener\" data-wpil-keyword-link=\"linked\">volquete contenedor<\/a> remolques, remolques de plataforma de 40 pies)<\/p>\n<h2>Remolque basculante de 5 ejes im\u00e1genes<\/h2>\n<p><img fetchpriority=\"high\" decoding=\"async\" class=\"alignnone size-full wp-image-37706\" src=\"https:\/\/pandamech.com\/wp-content\/uploads\/2022\/10\/7-2.jpg\" alt=\"Se vende remolque volquete de 5 ejes\" width=\"600\" height=\"338\" title=\"\"><\/p>\n<p><img decoding=\"async\" class=\"alignnone size-full wp-image-37707\" src=\"https:\/\/pandamech.com\/wp-content\/uploads\/2022\/10\/8-3.jpg\" alt=\"Se vende remolque volquete de 5 ejes\" width=\"600\" height=\"360\" title=\"\"><\/p>\n<p><img decoding=\"async\" class=\"alignnone size-full wp-image-37708\" src=\"https:\/\/pandamech.com\/wp-content\/uploads\/2022\/10\/9-3.jpg\" alt=\"Se vende remolque volquete de 5 ejes\" width=\"600\" height=\"360\" title=\"\"><\/p>\n<h2>Dibujo de remolque volquete de 5 ejes<\/h2>\n<p><img loading=\"lazy\" decoding=\"async\" class=\"alignnone size-full wp-image-37703\" src=\"https:\/\/pandamech.com\/wp-content\/uploads\/2022\/10\/5-axle-tipper-trailer.jpg\" alt=\"Remolque volquete de 5 ejes en venta dibujo\" width=\"750\" height=\"222\" title=\"\"><\/p>\n<p>Dibujo de un semirremolque basculante de 5 ejes<\/p>\n<p>&nbsp;<\/p>\n<p style=\"text-align: center;\"><a class=\"product_button\" href=\"#elementor-action%3Aaction%3Dpopup%3Aopen%26settings%3DeyJpZCI6Ijk5MDciLCJ0b2dnbGUiOmZhbHNlfQ%3D%3D\">Obtenga un presupuesto instant\u00e1neo<\/a><\/p>\n<h2>Especificaciones del remolque volquete de 5 ejes<\/h2>\n<table style=\"width: 800px;\" border=\"1\" cellspacing=\"1\" cellpadding=\"1\">\n<tbody>\n<tr>\n<td width=\"208\" height=\"33\">Fabricante<\/td>\n<td width=\"598\">Panda Mech 5 ejes remolque volquete para la venta<\/td>\n<\/tr>\n<tr>\n<td height=\"33\">Eje<\/td>\n<td>5 ejes<\/td>\n<\/tr>\n<tr>\n<td height=\"33\">Sistema hidr\u00e1ulico<\/td>\n<td>Cilindro hidr\u00e1ulico HYVA<\/td>\n<\/tr>\n<tr>\n<td height=\"33\">Cilindro<\/td>\n<td>175, 191, 202, 214 \/ 4TG, 5TG<\/td>\n<\/tr>\n<tr>\n<td height=\"33\">Suspensi\u00f3n<\/td>\n<td>Mec\u00e1nico, aire, muelle<\/td>\n<\/tr>\n<tr>\n<td height=\"33\">Kingpin<\/td>\n<td>Tipo desmontable JOST 2\u2033 o 3,5<\/td>\n<\/tr>\n<tr>\n<td height=\"33\">Tren de aterrizaje<\/td>\n<td>JOST 28T<\/td>\n<\/tr>\n<tr>\n<td height=\"33\">Sistema de frenado<\/td>\n<td>ABS o EBS (opcional)<\/td>\n<\/tr>\n<tr>\n<td height=\"33\">Neum\u00e1tico<\/td>\n<td>12R 22.5 315\/80 R22.5<\/td>\n<\/tr>\n<tr>\n<td height=\"33\">C\u00e1maras de freno<\/td>\n<td>T30\/30<\/td>\n<\/tr>\n<\/tbody>\n<\/table>\n<p style=\"text-align: center;\"><a class=\"product_button\" href=\"#elementor-action%3Aaction%3Dpopup%3Aopen%26settings%3DeyJpZCI6Ijk5MDciLCJ0b2dnbGUiOmZhbHNlfQ%3D%3D\">Haga clic para m\u00e1s detalles<\/a><\/p>\n<h2>Remolque basculante de 5 ejes<\/h2>\n<ul>\n<li>1. Amplia gama de aplicaciones, promoviendo el progreso y el desarrollo de la industria.<\/li>\n<li>2. Una variedad de sistemas de suspensi\u00f3n para elegir, suspensi\u00f3n neum\u00e1tica, suspensi\u00f3n de punto \u00fanico, suspensi\u00f3n mec\u00e1nica. Le proporcionaremos la mejor configuraci\u00f3n.<\/li>\n<li>3. Luz LED de alta calidad.<\/li>\n<\/ul>\n<p style=\"text-align: center;\"><a class=\"product_button\" href=\"#elementor-action%3Aaction%3Dpopup%3Aopen%26settings%3DeyJpZCI6Ijk5MDciLCJ0b2dnbGUiOmZhbHNlfQ%3D%3D\">Haga clic para m\u00e1s detalles<\/a><\/p>\n<h2>Panda Mech<\/h2>\n<p>Panda Mech es un fabricante de remolques de cami\u00f3n volquete de 5 ejes de China. Suministramos 42 CBM remolques volquete para la venta. Los fabricantes de Panda Mech han tenido \u00e9xito en el sudeste asi\u00e1tico, Oriente Medio, \u00c1frica y Am\u00e9rica del Sur, como Filipinas, Tanzania, Nigeria, etc....<\/p>\n<p><a href=\"\/spanish\/contact-us\/\" rel=\"nofollow\"><img loading=\"lazy\" decoding=\"async\" class=\"alignnone\" src=\"https:\/\/pandamech.com\/wp-content\/uploads\/u_file\/db8ce19fe3.jpg\" alt=\"5 ejes volquete semirremolque para la cotizaci\u00f3n de venta\" width=\"864\" height=\"213\" title=\"\"><\/a><\/p>","protected":false},"excerpt":{"rendered":"<p>Modelo: Remolque volquete de 5 ejes<\/p>\n<p>Rango de precios: $19.900-32.000<\/p>\n<p>Plazo de entrega: 7-25 d\u00edas<\/p>\n<p>Aplicaci\u00f3n: transporte de carb\u00f3n, mineral, piedra.<\/p>\n<p>\u00c1ngulo de inclinaci\u00f3n: 45<\/p>\n<p>Sistema hidr\u00e1ulico: Cilindro HYVA<\/p>","protected":false},"featured_media":58075,"template":"","meta":{"_acf_changed":false,"_kad_blocks_custom_css":"","_kad_blocks_head_custom_js":"","_kad_blocks_body_custom_js":"","_kad_blocks_footer_custom_js":"","_kad_post_transparent":"default","_kad_post_title":"","_kad_post_layout":"default","_kad_post_sidebar_id":"","_kad_post_content_style":"default","_kad_post_vertical_padding":"default","_kad_post_feature":"","_kad_post_feature_position":"","_kad_post_header":false,"_kad_post_footer":false,"_kad_post_classname":""},"product_brand":[],"product_cat":[172],"product_tag":[],"class_list":{"0":"post-32600","1":"product","2":"type-product","3":"status-publish","4":"has-post-thumbnail","6":"product_cat-dump-truck-trailer","8":"first","9":"instock","10":"sold-individually","11":"shipping-taxable","12":"purchasable","13":"product-type-simple","14":"entry","15":"content-bg","16":"loop-entry"},"acf":[],"taxonomy_info":{"product_cat":[{"value":172,"label":"Dump Truck Trailer"}]},"featured_image_src_large":["https:\/\/www.pandamech.com\/wp-content\/uploads\/2022\/10\/1-2-500x500.jpg",500,500,true],"author_info":[],"comment_info":"","_links":{"self":[{"href":"https:\/\/www.pandamech.com\/spanish\/wp-json\/wp\/v2\/product\/32600","targetHints":{"allow":["GET"]}}],"collection":[{"href":"https:\/\/www.pandamech.com\/spanish\/wp-json\/wp\/v2\/product"}],"about":[{"href":"https:\/\/www.pandamech.com\/spanish\/wp-json\/wp\/v2\/types\/product"}],"version-history":[{"count":1,"href":"https:\/\/www.pandamech.com\/spanish\/wp-json\/wp\/v2\/product\/32600\/revisions"}],"predecessor-version":[{"id":91295,"href":"https:\/\/www.pandamech.com\/spanish\/wp-json\/wp\/v2\/product\/32600\/revisions\/91295"}],"wp:featuredmedia":[{"embeddable":true,"href":"https:\/\/www.pandamech.com\/spanish\/wp-json\/wp\/v2\/media\/58075"}],"wp:attachment":[{"href":"https:\/\/www.pandamech.com\/spanish\/wp-json\/wp\/v2\/media?parent=32600"}],"wp:term":[{"taxonomy":"product_brand","embeddable":true,"href":"https:\/\/www.pandamech.com\/spanish\/wp-json\/wp\/v2\/product_brand?post=32600"},{"taxonomy":"product_cat","embeddable":true,"href":"https:\/\/www.pandamech.com\/spanish\/wp-json\/wp\/v2\/product_cat?post=32600"},{"taxonomy":"product_tag","embeddable":true,"href":"https:\/\/www.pandamech.com\/spanish\/wp-json\/wp\/v2\/product_tag?post=32600"}],"curies":[{"name":"wp","href":"https:\/\/api.w.org\/{rel}","templated":true}]}}