{"id":32588,"date":"2022-10-03T18:03:48","date_gmt":"2022-10-03T10:03:48","guid":{"rendered":"https:\/\/pandamech.com\/product\/2-3-4-axle-tipping-trailer"},"modified":"2025-08-23T01:07:30","modified_gmt":"2025-08-22T17:07:30","slug":"3-axle-tipping-trailer-for-sale","status":"publish","type":"product","link":"https:\/\/www.pandamech.com\/spanish\/product\/3-axle-tipping-trailer-for-sale\/","title":{"rendered":"3 ejes volquete semirremolque en venta"},"content":{"rendered":"<p>Los remolques basculantes de tres ejes han hecho avanzar la industria del transporte. Para aquellos que quieren transportar grano, arena, materiales de construcci\u00f3n, piedras peque\u00f1as, asfalto, bauxita, manganeso, agregados, gravas, etc., los remolques volquete pueden hacer f\u00e1cilmente todos estos trabajos.<\/p>\n<p>PANDA MECH prioriza la selecci\u00f3n de los materiales de la carrocer\u00eda en funci\u00f3n de la carga que transporta y la carga requerida para determinar el mejor material a utilizar.<\/p>\n<h2>Semirremolque basculante de 3 ejes im\u00e1genes<\/h2>\n<p><img fetchpriority=\"high\" decoding=\"async\" class=\"alignnone wp-image-32382 size-full\" src=\"https:\/\/pandamech.com\/wp-content\/uploads\/2022\/10\/tipper-trailer-8.jpg\" alt=\"3 ejes volquete remolque basculante para la venta\" width=\"750\" height=\"400\" title=\"\"><\/p>\n<p>Venta de semirremolque basculante de 3 ejes<\/p>\n<p><img decoding=\"async\" class=\"alignnone wp-image-32381 size-full\" src=\"https:\/\/pandamech.com\/wp-content\/uploads\/2022\/10\/tipper-trailer-7.jpg\" alt=\"Semirremolque basculante de 3 ejes en venta\" width=\"750\" height=\"399\" title=\"\"><\/p>\n<p>Venta de semirremolques basculantes de 3 ejes<\/p>\n<p><img decoding=\"async\" class=\"alignnone wp-image-32383 size-full\" src=\"https:\/\/pandamech.com\/wp-content\/uploads\/2022\/10\/tipper-trailer-9.jpg\" alt=\"venta de remolques basculantes de tres ejes\" width=\"750\" height=\"399\" title=\"\"><\/p>\n<p>tri axle dump truck semirremolques para la venta<\/p>\n<p>Relacionado: <span style=\"color: #0000ff;\"><a style=\"color: #0000ff;\" href=\"https:\/\/www.pandamech.com\/product\/42-cbm-dump-semi-trailer\/\" target=\"_blank\" rel=\"noopener\">Remolque basculante de 42 cbm<\/a><\/span>, <a href=\"https:\/\/www.pandamech.com\/spanish\/product\/aggregate-tipping-trailers-for-sale\/\" target=\"_blank\" rel=\"noopener\"><span style=\"color: #0000ff;\">Remolque volquete para \u00e1ridos<\/span><\/a><\/p>\n<h2>V\u00eddeo del semirremolque basculante de 3 ejes<\/h2>\n<p><iframe title=\"Reproductor de v\u00eddeo YouTube\" src=\"https:\/\/www.youtube.com\/embed\/uV4awegJhLI\" width=\"800\" height=\"533\" frameborder=\"0\" allowfullscreen=\"allowfullscreen\"><\/iframe><\/p>\n<h2>Especificaciones del semirremolque basculante de 3 ejes<\/h2>\n<table style=\"width: 800px;\" border=\"1\" cellspacing=\"1\" cellpadding=\"1\">\n<tbody>\n<tr>\n<td width=\"208\" height=\"33\">Fabricante<\/td>\n<td width=\"598\">Remolque volquete de 3 ejes Panda Mech<\/td>\n<\/tr>\n<tr>\n<td height=\"33\">Eje<\/td>\n<td>3 ejes<\/td>\n<\/tr>\n<tr>\n<td height=\"33\">Sistema hidr\u00e1ulico<\/td>\n<td>Cilindro hidr\u00e1ulico HYVA<\/td>\n<\/tr>\n<tr>\n<td height=\"33\">Cilindro<\/td>\n<td>175, 191, 202, 214 \/ 4TG, 5TG<\/td>\n<\/tr>\n<tr>\n<td height=\"33\">Suspensi\u00f3n<\/td>\n<td>Mec\u00e1nico, aire, muelle<\/td>\n<\/tr>\n<tr>\n<td height=\"33\">Kingpin<\/td>\n<td>Tipo desmontable JOST 2\u2033 o 3,5<\/td>\n<\/tr>\n<tr>\n<td height=\"33\">Tren de aterrizaje<\/td>\n<td>JOST 28T<\/td>\n<\/tr>\n<tr>\n<td height=\"33\">Sistema de frenado<\/td>\n<td>ABS o EBS (opcional)<\/td>\n<\/tr>\n<tr>\n<td height=\"33\">Neum\u00e1tico<\/td>\n<td>12R 22.5 315\/80 R22.5<\/td>\n<\/tr>\n<tr>\n<td height=\"33\">C\u00e1maras de freno<\/td>\n<td>T30\/30<\/td>\n<\/tr>\n<\/tbody>\n<\/table>\n<p style=\"text-align: center;\"><a class=\"product_button\" href=\"#elementor-action%3Aaction%3Dpopup%3Aopen%26settings%3DeyJpZCI6Ijk5MDciLCJ0b2dnbGUiOmZhbHNlfQ%3D%3D\">Haga clic para m\u00e1s detalles<\/a><\/p>\n<h2>Dibujo de semirremolque basculante de 3 ejes<\/h2>\n<p><img loading=\"lazy\" decoding=\"async\" class=\"wp-image-32569 size-full\" src=\"https:\/\/pandamech.com\/wp-content\/uploads\/2022\/08\/tipper-semi-trailer-3.jpg\" alt=\"3 ejes volquete semirremolques para la venta de dibujo\" width=\"800\" height=\"460\" title=\"\"><\/p>\n<p>Dibujo de remolque de cami\u00f3n basculante de 3 ejes<\/p>\n<p style=\"text-align: center;\"><a class=\"product_button\" href=\"#elementor-action%3Aaction%3Dpopup%3Aopen%26settings%3DeyJpZCI6Ijk5MDciLCJ0b2dnbGUiOmZhbHNlfQ%3D%3D\">Obtenga un presupuesto instant\u00e1neo<\/a><\/p>\n<h2>Semirremolque basculante de 3 ejes<\/h2>\n<ul>\n<li>1. Metal de soldadura autom\u00e1tica avanzada, y el proceso de tratamiento de lijado y pintura avanzada para el tratamiento previo.<\/li>\n<li>2. Marcas de alta visibilidad seg\u00fan la norma SABS.<\/li>\n<li>3. Amplia gama de aplicaciones, promoviendo el progreso y el desarrollo de la industria.<\/li>\n<\/ul>\n<p style=\"text-align: center;\"><a class=\"product_button\" href=\"#elementor-action%3Aaction%3Dpopup%3Aopen%26settings%3DeyJpZCI6Ijk5MDciLCJ0b2dnbGUiOmZhbHNlfQ%3D%3D\">Haga clic para m\u00e1s detalles<\/a><\/p>\n<h2>Panda Mech<\/h2>\n<p>Panda Mech es un fabricante de semirremolques basculantes de 3 ejes de China. Suministramos semirremolques basculantes de 3 ejes para la venta. Los fabricantes de Panda Mech han tenido \u00e9xito en el sudeste asi\u00e1tico, Oriente Medio, \u00c1frica y Am\u00e9rica del Sur, como Filipinas, Tanzania, Nigeria, etc....<\/p>\n<p><a href=\"\/spanish\/contact-us\/\" rel=\"nofollow\"><img loading=\"lazy\" decoding=\"async\" class=\"alignnone\" src=\"https:\/\/pandamech.com\/wp-content\/uploads\/u_file\/db8ce19fe3.jpg\" alt=\"Presupuesto de semirremolque basculante de 3 ejes\" width=\"864\" height=\"213\" title=\"\"><\/a><\/p>","protected":false},"excerpt":{"rendered":"<p>Modelo: 3 ejes volquete cami\u00f3n remolque<\/p>\n<p>Gama de precios: USD 12.500-39.000<\/p>\n<p>Plazo de entrega: 7-25 d\u00edas<\/p>\n<p>Aplicaci\u00f3n: transporte de carb\u00f3n, mineral, materiales de construcci\u00f3n<\/p>\n<p>\u00c1ngulo de inclinaci\u00f3n: 45<\/p>\n<p>Sistema hidr\u00e1ulico: Cilindro HYVA<\/p>","protected":false},"featured_media":58431,"template":"","meta":{"_acf_changed":false,"_kad_blocks_custom_css":"","_kad_blocks_head_custom_js":"","_kad_blocks_body_custom_js":"","_kad_blocks_footer_custom_js":"","_kad_post_transparent":"default","_kad_post_title":"","_kad_post_layout":"default","_kad_post_sidebar_id":"","_kad_post_content_style":"default","_kad_post_vertical_padding":"default","_kad_post_feature":"","_kad_post_feature_position":"","_kad_post_header":false,"_kad_post_footer":false,"_kad_post_classname":""},"product_brand":[],"product_cat":[172],"product_tag":[],"class_list":{"0":"post-32588","1":"product","2":"type-product","3":"status-publish","4":"has-post-thumbnail","6":"product_cat-dump-truck-trailer","8":"first","9":"instock","10":"sold-individually","11":"shipping-taxable","12":"purchasable","13":"product-type-simple","14":"entry","15":"content-bg","16":"loop-entry"},"acf":[],"taxonomy_info":{"product_cat":[{"value":172,"label":"Dump Truck Trailer"}]},"featured_image_src_large":["https:\/\/www.pandamech.com\/wp-content\/uploads\/2022\/10\/tipper-trailer-4-500x500.jpg",500,500,true],"author_info":[],"comment_info":"","_links":{"self":[{"href":"https:\/\/www.pandamech.com\/spanish\/wp-json\/wp\/v2\/product\/32588","targetHints":{"allow":["GET"]}}],"collection":[{"href":"https:\/\/www.pandamech.com\/spanish\/wp-json\/wp\/v2\/product"}],"about":[{"href":"https:\/\/www.pandamech.com\/spanish\/wp-json\/wp\/v2\/types\/product"}],"version-history":[{"count":1,"href":"https:\/\/www.pandamech.com\/spanish\/wp-json\/wp\/v2\/product\/32588\/revisions"}],"predecessor-version":[{"id":91301,"href":"https:\/\/www.pandamech.com\/spanish\/wp-json\/wp\/v2\/product\/32588\/revisions\/91301"}],"wp:featuredmedia":[{"embeddable":true,"href":"https:\/\/www.pandamech.com\/spanish\/wp-json\/wp\/v2\/media\/58431"}],"wp:attachment":[{"href":"https:\/\/www.pandamech.com\/spanish\/wp-json\/wp\/v2\/media?parent=32588"}],"wp:term":[{"taxonomy":"product_brand","embeddable":true,"href":"https:\/\/www.pandamech.com\/spanish\/wp-json\/wp\/v2\/product_brand?post=32588"},{"taxonomy":"product_cat","embeddable":true,"href":"https:\/\/www.pandamech.com\/spanish\/wp-json\/wp\/v2\/product_cat?post=32588"},{"taxonomy":"product_tag","embeddable":true,"href":"https:\/\/www.pandamech.com\/spanish\/wp-json\/wp\/v2\/product_tag?post=32588"}],"curies":[{"name":"wp","href":"https:\/\/api.w.org\/{rel}","templated":true}]}}