{"id":32587,"date":"2022-10-02T18:03:47","date_gmt":"2022-10-02T10:03:47","guid":{"rendered":"https:\/\/pandamech.com\/product\/100-ton-tipper-transport-trailer"},"modified":"2025-08-23T01:07:30","modified_gmt":"2025-08-22T17:07:30","slug":"100-ton-tipper-transport-trailer","status":"publish","type":"product","link":"https:\/\/www.pandamech.com\/spanish\/product\/100-ton-tipper-transport-trailer\/","title":{"rendered":"Remolque volquete de transporte de 100 toneladas"},"content":{"rendered":"<p>PANDA es un fabricante de remolques volquete muy famoso en China y se ha dedicado a esta industria durante m\u00e1s de 20 a\u00f1os. Sabemos lo importante que es el dise\u00f1o y el detalle para un remolque volquete de larga duraci\u00f3n, por lo que gastamos una gran cantidad de mano de obra y recursos para mejorar la calidad del remolque volquete cada a\u00f1o, lo que ha ganado los elogios de muchos clientes.<\/p>\n<p><span style=\"color: #0000ff;\"><a style=\"color: #0000ff;\" href=\"https:\/\/www.pandamech.com\/spanish\/category\/tipper-trailer\/semi-dump-trailer\/\" target=\"_blank\" rel=\"noopener\">Semirremolque basculante<\/a><\/span> consta de varias partes, tales como cuerpo, chasis, pernos de tracci\u00f3n, neum\u00e1ticos, suspensi\u00f3n, ejes, cableado, luces led, guardabarros, vigas de choque, etc. Hemos aplicado un tratamiento especial a las \u00e1reas a menudo propensas al desgaste, garantizando as\u00ed que el remolque volquete PANDA MECH tenga una vida \u00fatil m\u00e1s larga que un remolque volquete ordinario.<\/p>\n<h2>Semirremolque basculante de 100 toneladas<\/h2>\n<ul>\n<li>1. Metal de soldadura autom\u00e1tica avanzada, y el proceso de tratamiento de lijado y pintura avanzada para el tratamiento previo.<\/li>\n<li>2. Marcas de alta visibilidad seg\u00fan la norma SABS.<\/li>\n<li>3. Amplia gama de aplicaciones, promoviendo el progreso y el desarrollo de la industria.<\/li>\n<\/ul>\n<p style=\"text-align: center;\"><a class=\"product_button\" href=\"#elementor-action%3Aaction%3Dpopup%3Aopen%26settings%3DeyJpZCI6Ijk5MDciLCJ0b2dnbGUiOmZhbHNlfQ%3D%3D\">Haga clic para m\u00e1s detalles<\/a><\/p>\n<h2>V\u00eddeo del semirremolque basculante<\/h2>\n<p><iframe title=\"Reproductor de v\u00eddeo YouTube\" src=\"https:\/\/www.youtube.com\/embed\/uV4awegJhLI\" width=\"800\" height=\"533\" frameborder=\"0\" allowfullscreen=\"allowfullscreen\"><\/iframe><\/p>\n<h2>Especificaciones del semirremolque basculante de 100 toneladas<\/h2>\n<table style=\"width: 800px;\" border=\"1\" cellspacing=\"1\" cellpadding=\"1\">\n<tbody>\n<tr>\n<td width=\"208\" height=\"33\">Fabricante<\/td>\n<td width=\"598\">Semirremolque basculante Panda Mech 100 Ton<\/td>\n<\/tr>\n<tr>\n<td height=\"33\">Eje<\/td>\n<td>3 Ejes, ejes triples<\/td>\n<\/tr>\n<tr>\n<td height=\"33\">Sistema hidr\u00e1ulico<\/td>\n<td>Cilindro hidr\u00e1ulico HYVA<\/td>\n<\/tr>\n<tr>\n<td height=\"33\">Cilindro<\/td>\n<td>175, 191, 202, 214 \/ 4TG, 5TG<\/td>\n<\/tr>\n<tr>\n<td height=\"33\">Suspensi\u00f3n<\/td>\n<td>Mec\u00e1nico, aire, muelle<\/td>\n<\/tr>\n<tr>\n<td height=\"33\">Kingpin<\/td>\n<td>Tipo desmontable JOST 2\u2033 o 3,5<\/td>\n<\/tr>\n<tr>\n<td height=\"33\">Tren de aterrizaje<\/td>\n<td>JOST 28T<\/td>\n<\/tr>\n<tr>\n<td height=\"33\">Sistema de frenado<\/td>\n<td>ABS o EBS (opcional)<\/td>\n<\/tr>\n<tr>\n<td height=\"33\">Neum\u00e1tico<\/td>\n<td>12R 22.5 315\/80 R22.5<\/td>\n<\/tr>\n<tr>\n<td height=\"33\">C\u00e1maras de freno<\/td>\n<td>T30\/30<\/td>\n<\/tr>\n<\/tbody>\n<\/table>\n<p style=\"text-align: center;\"><a class=\"product_button\" href=\"#elementor-action%3Aaction%3Dpopup%3Aopen%26settings%3DeyJpZCI6Ijk5MDciLCJ0b2dnbGUiOmZhbHNlfQ%3D%3D\">Haga clic para m\u00e1s detalles<\/a><\/p>\n<h2>Dibujo de semirremolque basculante de 100 toneladas<\/h2>\n<p><img decoding=\"async\" style=\"width: 800px;\" src=\"https:\/\/pandamech.com\/wp-content\/uploads\/2022\/08\/tipper-semi-trailer-3.jpg\" alt=\"Dibujo de un remolque volquete de 3 ejes y 100 toneladas\" height=\"420\" title=\"\"><\/p>\n<h2>Im\u00e1genes de semirremolques basculantes de 100 toneladas<\/h2>\n<div class=\"mceTemp\"><\/div>\n<p><img decoding=\"async\" class=\"alignnone size-full\" style=\"font-size: 16px;\" src=\"https:\/\/pandamech.com\/wp-content\/uploads\/2022\/10\/4axle-60t-tipper-12.jpg\" alt=\"4 ejes 100 toneladas de descarga hidr\u00e1ulica semirremolque para la venta\" title=\"\"><\/p>\n<p>100 Ton final volquete remolques de transporte para la venta - <span style=\"color: #0000ff;\"><a style=\"color: #0000ff;\" href=\"https:\/\/www.pandamech.com\/spanish\/product\/aggregate-tipping-trailers-for-sale\/\" target=\"_blank\" rel=\"noopener\">Remolque volquete para \u00e1ridos<\/a><\/span><\/p>\n<p><img fetchpriority=\"high\" decoding=\"async\" class=\"alignnone size-full wp-image-32398\" src=\"https:\/\/pandamech.com\/wp-content\/uploads\/2022\/10\/4axle-60t-tipper-8.jpg\" alt=\"semirremolque basculante\" width=\"750\" height=\"400\" title=\"\"><\/p>\n<p>4 ejes 100 Ton volquete remolques para la venta<\/p>\n<p><img decoding=\"async\" class=\"alignnone size-full\" src=\"https:\/\/pandamech.com\/wp-content\/uploads\/2022\/10\/4axle-60t-tipper-11.jpg\" alt=\"Semirremolque de transporte de 100 toneladas\" title=\"\"><\/p>\n<p>4 ejes 100 toneladas de alta resistencia volquete fabricante del remolque del tractor<\/p>\n<p>Relacionado: <span style=\"color: #0000ff;\"><a style=\"color: #0000ff;\" href=\"https:\/\/www.pandamech.com\/spanish\/product\/80-ton-dump-truck-trailer\/\" target=\"_blank\" rel=\"noopener\">semirremolque basculante de 80 toneladas<\/a><\/span>, <a href=\"https:\/\/www.pandamech.com\/spanish\/product\/4-axle-tipper-trailer-for-sale\/\" target=\"_blank\" rel=\"noopener\"><span style=\"color: #0000ff;\">Remolque de cami\u00f3n basculante de 4 ejes<\/span><\/a><\/p>\n<p style=\"text-align: center;\"><a class=\"product_button\" href=\"#elementor-action%3Aaction%3Dpopup%3Aopen%26settings%3DeyJpZCI6Ijk5MDciLCJ0b2dnbGUiOmZhbHNlfQ%3D%3D\">Obtenga un presupuesto instant\u00e1neo<\/a><\/p>\n<h2>Panda Mech<\/h2>\n<p>Panda Mech es un fabricante de semirremolques volquete de 4 ejes y 100 toneladas de China. Suministramos semirremolques volquete de 4 ejes y 100 toneladas para la venta. Los fabricantes de Panda Mech han tenido \u00e9xito en el sudeste asi\u00e1tico, Oriente Medio, \u00c1frica y Am\u00e9rica del Sur, como Filipinas, Tanzania, Nigeria, etc....<\/p>\n<p><a href=\"\/spanish\/contact-us\/\" rel=\"nofollow\"><img decoding=\"async\" src=\"https:\/\/pandamech.com\/wp-content\/uploads\/u_file\/db8ce19fe3.jpg\" alt=\"100 Toneladas volquete de transporte de transporte semi veh\u00edculo cotizaci\u00f3n\" title=\"\"><\/a><\/p>\n<p>Relacionado:<\/p>\n<p><span style=\"color: #0000ff;\"><a style=\"color: #0000ff;\" href=\"https:\/\/www.pandamech.com\/spanish\/product\/40-ton-half-round-end-dump-trailer\/\" target=\"_blank\" rel=\"noopener\">semirremolque basculante de 40 toneladas<\/a><\/span><\/p>","protected":false},"excerpt":{"rendered":"<p>Modelo: 100 toneladas remolque volquete<\/p>\n<p>Gama de precios: USD 17.500-39.000<\/p>\n<p>Plazo de entrega: 7-25 d\u00edas<\/p>\n<p>Aplicaci\u00f3n: transporte de carb\u00f3n, mineral, materiales de construcci\u00f3n<\/p>\n<p>\u00c1ngulo de inclinaci\u00f3n: 45<\/p>\n<p>Sistema hidr\u00e1ulico: Cilindro HYVA<\/p>","protected":false},"featured_media":58167,"template":"","meta":{"_acf_changed":false,"_kad_blocks_custom_css":"","_kad_blocks_head_custom_js":"","_kad_blocks_body_custom_js":"","_kad_blocks_footer_custom_js":"","_kad_post_transparent":"default","_kad_post_title":"","_kad_post_layout":"default","_kad_post_sidebar_id":"","_kad_post_content_style":"default","_kad_post_vertical_padding":"default","_kad_post_feature":"","_kad_post_feature_position":"","_kad_post_header":false,"_kad_post_footer":false,"_kad_post_classname":""},"product_brand":[],"product_cat":[172],"product_tag":[],"class_list":{"0":"post-32587","1":"product","2":"type-product","3":"status-publish","4":"has-post-thumbnail","6":"product_cat-dump-truck-trailer","8":"first","9":"instock","10":"sold-individually","11":"shipping-taxable","12":"purchasable","13":"product-type-simple","14":"entry","15":"content-bg","16":"loop-entry"},"acf":[],"taxonomy_info":{"product_cat":[{"value":172,"label":"Dump Truck Trailer"}]},"featured_image_src_large":["https:\/\/www.pandamech.com\/wp-content\/uploads\/2022\/10\/4axle-60t-tipper-3-500x500.jpg",500,500,true],"author_info":[],"comment_info":"","_links":{"self":[{"href":"https:\/\/www.pandamech.com\/spanish\/wp-json\/wp\/v2\/product\/32587","targetHints":{"allow":["GET"]}}],"collection":[{"href":"https:\/\/www.pandamech.com\/spanish\/wp-json\/wp\/v2\/product"}],"about":[{"href":"https:\/\/www.pandamech.com\/spanish\/wp-json\/wp\/v2\/types\/product"}],"version-history":[{"count":1,"href":"https:\/\/www.pandamech.com\/spanish\/wp-json\/wp\/v2\/product\/32587\/revisions"}],"predecessor-version":[{"id":91302,"href":"https:\/\/www.pandamech.com\/spanish\/wp-json\/wp\/v2\/product\/32587\/revisions\/91302"}],"wp:featuredmedia":[{"embeddable":true,"href":"https:\/\/www.pandamech.com\/spanish\/wp-json\/wp\/v2\/media\/58167"}],"wp:attachment":[{"href":"https:\/\/www.pandamech.com\/spanish\/wp-json\/wp\/v2\/media?parent=32587"}],"wp:term":[{"taxonomy":"product_brand","embeddable":true,"href":"https:\/\/www.pandamech.com\/spanish\/wp-json\/wp\/v2\/product_brand?post=32587"},{"taxonomy":"product_cat","embeddable":true,"href":"https:\/\/www.pandamech.com\/spanish\/wp-json\/wp\/v2\/product_cat?post=32587"},{"taxonomy":"product_tag","embeddable":true,"href":"https:\/\/www.pandamech.com\/spanish\/wp-json\/wp\/v2\/product_tag?post=32587"}],"curies":[{"name":"wp","href":"https:\/\/api.w.org\/{rel}","templated":true}]}}