{"id":32586,"date":"2022-11-17T14:10:46","date_gmt":"2022-11-17T06:10:46","guid":{"rendered":"https:\/\/pandamech.com\/product\/80-ton-dump-truck-trailer"},"modified":"2025-08-23T01:07:08","modified_gmt":"2025-08-22T17:07:08","slug":"80-ton-dump-truck-trailer","status":"publish","type":"product","link":"https:\/\/www.pandamech.com\/spanish\/product\/80-ton-dump-truck-trailer\/","title":{"rendered":"Remolque volquete de 80 toneladas"},"content":{"rendered":"<p>Remolque volquete est\u00e1 generalmente disponible en aleaci\u00f3n de aluminio no de acero, para algunos materiales \u00e1speros, el transporte de chatarra, etc, no podemos utilizar remolque volquete de aleaci\u00f3n de aluminio, tenemos que utilizar el cuerpo de acero de mayor resistencia. panda Mech ingenieros est\u00e1n encantados de ofrecerle palabras razonables de las necesidades de personalizaci\u00f3n de acuerdo a sus necesidades, para que pueda lograr mejor su prop\u00f3sito de transporte. Encontrar la configuraci\u00f3n adecuada de remolque volquete es ahorrar costes en gran medida.<\/p>\n<h2>80 Ton cami\u00f3n volquete remolque caracter\u00edstica<\/h2>\n<ul>\n<li>1. Metal de soldadura autom\u00e1tica avanzada, y el proceso de tratamiento de lijado y pintura avanzada para el tratamiento previo.<\/li>\n<li>2. Marcas de alta visibilidad seg\u00fan la norma SABS.<\/li>\n<li>3. Amplia gama de aplicaciones, promoviendo el progreso y el desarrollo de la industria.<\/li>\n<\/ul>\n<p style=\"text-align: center;\"><a class=\"product_button\" href=\"#elementor-action%3Aaction%3Dpopup%3Aopen%26settings%3DeyJpZCI6Ijk5MDciLCJ0b2dnbGUiOmZhbHNlfQ%3D%3D\">Haga clic para m\u00e1s detalles<\/a><\/p>\n<h2>V\u00eddeo de varios tipos de semirremolques basculantes<\/h2>\n<p><iframe title=\"Reproductor de v\u00eddeo YouTube\" src=\"https:\/\/www.youtube.com\/embed\/uV4awegJhLI\" width=\"800\" height=\"533\" frameborder=\"0\" allowfullscreen=\"allowfullscreen\"><\/iframe><\/p>\n<h2>Especificaciones del remolque volquete de 80 toneladas<\/h2>\n<table style=\"width: 800px;\" border=\"1\" cellspacing=\"1\" cellpadding=\"1\">\n<tbody>\n<tr>\n<td width=\"208\" height=\"33\">Fabricante<\/td>\n<td width=\"598\">Panda Mech 80 Ton cami\u00f3n volquete remolque<\/td>\n<\/tr>\n<tr>\n<td height=\"33\">Eje<\/td>\n<td>4 ejes, eje t\u00e1ndem<\/td>\n<\/tr>\n<tr>\n<td height=\"33\">Sistema hidr\u00e1ulico<\/td>\n<td>Cilindro hidr\u00e1ulico HYVA<\/td>\n<\/tr>\n<tr>\n<td height=\"33\">Cilindro<\/td>\n<td>175, 191, 202, 214 \/ 4TG, 5TG<\/td>\n<\/tr>\n<tr>\n<td height=\"33\">Suspensi\u00f3n<\/td>\n<td>Mec\u00e1nico, aire, muelle<\/td>\n<\/tr>\n<tr>\n<td height=\"33\">Kingpin<\/td>\n<td>Tipo desmontable JOST 2\u2033 o 3,5<\/td>\n<\/tr>\n<tr>\n<td height=\"33\">Tren de aterrizaje<\/td>\n<td>JOST 28T<\/td>\n<\/tr>\n<tr>\n<td height=\"33\">Sistema de frenado<\/td>\n<td>ABS o EBS (opcional)<\/td>\n<\/tr>\n<tr>\n<td height=\"33\">Neum\u00e1tico<\/td>\n<td>12R 22.5 315\/80 R22.5<\/td>\n<\/tr>\n<tr>\n<td height=\"33\">C\u00e1maras de freno<\/td>\n<td>T30\/30<\/td>\n<\/tr>\n<\/tbody>\n<\/table>\n<p style=\"text-align: center;\"><a class=\"product_button\" href=\"#elementor-action%3Aaction%3Dpopup%3Aopen%26settings%3DeyJpZCI6Ijk5MDciLCJ0b2dnbGUiOmZhbHNlfQ%3D%3D\">Haga clic para m\u00e1s detalles<\/a><\/p>\n<h2>80 Ton cami\u00f3n volquete remolque im\u00e1genes<\/h2>\n<p><img fetchpriority=\"high\" decoding=\"async\" class=\"size-full wp-image-32403\" src=\"https:\/\/pandamech.com\/wp-content\/uploads\/2022\/10\/4axle-60t-tipper-13.jpg\" alt=\"4 ejes 60t volquete 13\" width=\"750\" height=\"400\" title=\"\"><\/p>\n<p>80 Ton final remolques de camiones volquete para la venta<\/p>\n<p><img decoding=\"async\" class=\"alignnone size-full\" src=\"https:\/\/pandamech.com\/wp-content\/uploads\/2022\/10\/4axle-60t-tipper-12.jpg\" alt=\"4 ejes 80 toneladas cami\u00f3n volquete remolque para la venta\" title=\"\"><\/p>\n<p>4 ejes 80 toneladas <a href=\"https:\/\/www.pandamech.com\/spanish\/category\/tipper-trailer\/semi-dump-trailer\/\" target=\"_blank\" rel=\"noopener\"><span style=\"color: #0000ff;\">remolques volquete<\/span><\/a> en venta<\/p>\n<p><img decoding=\"async\" class=\"alignnone size-full\" src=\"https:\/\/pandamech.com\/wp-content\/uploads\/2022\/10\/4axle-60t-tipper-11.jpg\" alt=\"semirremolque basculante de transporte de 80 toneladas\" title=\"\"><\/p>\n<p>4 ejes 80 Ton volquete fabricante del remolque del tractor<\/p>\n<div class=\"mceTemp\"><\/div>\n<p>Relacionado: <a href=\"https:\/\/www.pandamech.com\/spanish\/product\/100-ton-tipper-transport-trailer\/\" target=\"_blank\" rel=\"noopener\"><span style=\"color: #0000ff;\">semirremolque basculante de 100 toneladas<\/span><\/a>, <a href=\"https:\/\/www.pandamech.com\/spanish\/product\/70-ton-tipper-semi-trailer\/\" target=\"_blank\" rel=\"noopener\"><span style=\"color: #0000ff;\">Remolque de cami\u00f3n volquete de 70 toneladas<\/span><\/a><\/p>\n<p style=\"text-align: center;\"><a class=\"product_button\" href=\"#elementor-action%3Aaction%3Dpopup%3Aopen%26settings%3DeyJpZCI6Ijk5MDciLCJ0b2dnbGUiOmZhbHNlfQ%3D%3D\">Obtenga un presupuesto instant\u00e1neo<\/a><\/p>\n<h2>Panda Mech<\/h2>\n<p>Panda Mech es un fabricante de semirremolques volquete de 4 ejes y 80 toneladas de China. Suministramos semirremolques volquete de 4 ejes y 80 toneladas para la venta. Los fabricantes de Panda Mech han tenido \u00e9xito en el sudeste asi\u00e1tico, Oriente Medio, \u00c1frica y Am\u00e9rica del Sur, como Filipinas, Tanzania, Nigeria, etc... (Relacionado: <span style=\"color: #0000ff;\"><a style=\"color: #0000ff;\" href=\"https:\/\/www.pandamech.com\/spanish\/product\/50-ton-high-side-end-dump-trailer\/\" target=\"_blank\" rel=\"noopener\">Remolque volquete de 50 toneladas<\/a><\/span>, <span style=\"color: #0000ff;\"><a style=\"color: #0000ff;\" href=\"https:\/\/www.pandamech.com\/spanish\/product\/70-ton-tipper-semi-trailer\/\" target=\"_blank\" rel=\"noopener\">Remolque volquete de 70 toneladas<\/a><\/span>)<\/p>\n<p><a href=\"\/spanish\/contact-us\/\" rel=\"nofollow\"><img decoding=\"async\" src=\"https:\/\/pandamech.com\/wp-content\/uploads\/u_file\/db8ce19fe3.jpg\" alt=\"80 Ton volquete de transporte semi veh\u00edculo cotizaci\u00f3n\" title=\"\"><\/a><\/p>","protected":false},"excerpt":{"rendered":"<p>Modelo: 80 toneladas remolque volquete<\/p>\n<p>Rango de precios: USD 15.500-38.500<\/p>\n<p>Plazo de entrega: 7-25 d\u00edas<\/p>\n<p>Aplicaci\u00f3n: transporte de carb\u00f3n, mineral, materiales de construcci\u00f3n<\/p>\n<p>\u00c1ngulo de inclinaci\u00f3n: 45<\/p>\n<p>Sistema hidr\u00e1ulico: Cilindro HYVA<\/p>","protected":false},"featured_media":58170,"template":"","meta":{"_acf_changed":false,"_kad_blocks_custom_css":"","_kad_blocks_head_custom_js":"","_kad_blocks_body_custom_js":"","_kad_blocks_footer_custom_js":"","_kad_post_transparent":"default","_kad_post_title":"","_kad_post_layout":"default","_kad_post_sidebar_id":"","_kad_post_content_style":"default","_kad_post_vertical_padding":"default","_kad_post_feature":"","_kad_post_feature_position":"","_kad_post_header":false,"_kad_post_footer":false,"_kad_post_classname":""},"product_brand":[],"product_cat":[172],"product_tag":[],"class_list":{"0":"post-32586","1":"product","2":"type-product","3":"status-publish","4":"has-post-thumbnail","6":"product_cat-dump-truck-trailer","8":"first","9":"instock","10":"sold-individually","11":"shipping-taxable","12":"purchasable","13":"product-type-simple","14":"entry","15":"content-bg","16":"loop-entry"},"acf":[],"taxonomy_info":{"product_cat":[{"value":172,"label":"Dump Truck Trailer"}]},"featured_image_src_large":["https:\/\/www.pandamech.com\/wp-content\/uploads\/2022\/10\/4axle-60t-tipper-6-500x500.jpg",500,500,true],"author_info":[],"comment_info":"","_links":{"self":[{"href":"https:\/\/www.pandamech.com\/spanish\/wp-json\/wp\/v2\/product\/32586","targetHints":{"allow":["GET"]}}],"collection":[{"href":"https:\/\/www.pandamech.com\/spanish\/wp-json\/wp\/v2\/product"}],"about":[{"href":"https:\/\/www.pandamech.com\/spanish\/wp-json\/wp\/v2\/types\/product"}],"version-history":[{"count":1,"href":"https:\/\/www.pandamech.com\/spanish\/wp-json\/wp\/v2\/product\/32586\/revisions"}],"predecessor-version":[{"id":91273,"href":"https:\/\/www.pandamech.com\/spanish\/wp-json\/wp\/v2\/product\/32586\/revisions\/91273"}],"wp:featuredmedia":[{"embeddable":true,"href":"https:\/\/www.pandamech.com\/spanish\/wp-json\/wp\/v2\/media\/58170"}],"wp:attachment":[{"href":"https:\/\/www.pandamech.com\/spanish\/wp-json\/wp\/v2\/media?parent=32586"}],"wp:term":[{"taxonomy":"product_brand","embeddable":true,"href":"https:\/\/www.pandamech.com\/spanish\/wp-json\/wp\/v2\/product_brand?post=32586"},{"taxonomy":"product_cat","embeddable":true,"href":"https:\/\/www.pandamech.com\/spanish\/wp-json\/wp\/v2\/product_cat?post=32586"},{"taxonomy":"product_tag","embeddable":true,"href":"https:\/\/www.pandamech.com\/spanish\/wp-json\/wp\/v2\/product_tag?post=32586"}],"curies":[{"name":"wp","href":"https:\/\/api.w.org\/{rel}","templated":true}]}}