{"id":32585,"date":"2023-04-08T09:03:45","date_gmt":"2023-04-08T01:03:45","guid":{"rendered":"https:\/\/pandamech.com\/product\/50-ton-tipper-truck-trailer"},"modified":"2025-08-24T13:53:51","modified_gmt":"2025-08-24T05:53:51","slug":"18-wheeler-dump-trailer-for-sale","status":"publish","type":"product","link":"https:\/\/www.pandamech.com\/spanish\/product\/18-wheeler-dump-trailer-for-sale\/","title":{"rendered":"18 Wheeler Dump Trailer For Sale"},"content":{"rendered":"<p>Los remolques volquete de 18 ruedas est\u00e1n hechos de acero de alta resistencia. Hay 12 ruedas en los semirremolques y 6 ruedas en los tractores. El remolque volquete de 18 ruedas se utiliza principalmente para el transporte de piedra, carb\u00f3n, arena, y el raspado. Y se utilizan principalmente en las industrias de la construcci\u00f3n.<\/p>\n<p>El cami\u00f3n de 18 ruedas <a class=\"wpil_keyword_link\" title=\"remolque basculante\" href=\"https:\/\/www.pandamech.com\/spanish\/category\/tipper-trailer\/semi-dump-trailer\/\" target=\"_blank\" rel=\"noopener\" data-wpil-keyword-link=\"linked\">remolque basculante<\/a> puede transportar hasta 150 toneladas de carga. Si necesita una capacidad mayor, podemos personalizarlo seg\u00fan sus necesidades.<\/p>\n<h2>18 Wheeler dump trailer im\u00e1genes<\/h2>\n<p><img fetchpriority=\"high\" decoding=\"async\" class=\"alignnone\" src=\"https:\/\/pandamech.com\/wp-content\/uploads\/2022\/10\/tipper-trailer-10.jpg\" alt=\"18 ruedas de tres ejes volquete remolques para la venta\" width=\"750\" height=\"400\" title=\"\"><br \/>\n3 ejes 18 ruedas <a class=\"wpil_keyword_link\" title=\"remolque volquete\" href=\"https:\/\/www.pandamech.com\/spanish\/category\/dump-truck-trailer\/\" target=\"_blank\" rel=\"noopener\" data-wpil-keyword-link=\"linked\">remolque volquete<\/a> en venta<\/p>\n<p><img decoding=\"async\" class=\"alignnone\" src=\"https:\/\/pandamech.com\/wp-content\/uploads\/2022\/10\/tipper-trailer-9.jpg\" alt=\"18 ruedas volquete semirremolque para la venta\" width=\"750\" height=\"399\" title=\"\"><br \/>\n18 ruedas volquete remolques de tractores para la venta<\/p>\n<p><img decoding=\"async\" class=\"alignnone\" src=\"https:\/\/pandamech.com\/wp-content\/uploads\/2022\/10\/tipper-trailer-8.jpg\" alt=\"18 ruedas remolque volquete para la venta\" width=\"750\" height=\"400\" title=\"\"><br \/>\nremolque volquete 18 ruedas en venta<\/p>\n<p>(Relacionado: <span style=\"color: #0000ff;\"><a style=\"color: #0000ff;\" href=\"https:\/\/www.pandamech.com\/spanish\/product\/4-axle-tipper-trailer-for-sale\/\" target=\"_blank\" rel=\"noopener\">Remolque basculante de 4 ejes<\/a><\/span>, <a href=\"https:\/\/www.pandamech.com\/spanish\/product\/a-double-tipper-trailer-p00251p1-html\/\" target=\"_blank\" rel=\"noopener\"><span style=\"color: #0000ff;\">remolque volquete con lanza<\/span><\/a>)<\/p>\n<p style=\"text-align: center;\"><a class=\"product_button\" href=\"#elementor-action%3Aaction%3Dpopup%3Aopen%26settings%3DeyJpZCI6Ijk5MDciLCJ0b2dnbGUiOmZhbHNlfQ%3D%3D\">Obtenga un presupuesto instant\u00e1neo<\/a><\/p>\n<h2>V\u00eddeo del semirremolque basculante<\/h2>\n<p><iframe title=\"Reproductor de v\u00eddeo YouTube\" src=\"https:\/\/www.youtube.com\/embed\/uV4awegJhLI\" width=\"800\" height=\"533\" frameborder=\"0\" allowfullscreen=\"allowfullscreen\"><\/iframe><\/p>\n<h2>Especificaciones del remolque volquete de 18 ruedas<\/h2>\n<table style=\"width: 800px;\" border=\"1\" cellspacing=\"1\" cellpadding=\"1\">\n<tbody>\n<tr>\n<td width=\"208\" height=\"33\">Fabricante<\/td>\n<td width=\"598\">Remolque basculante Panda Mech de 3 ejes y 18 ruedas<\/td>\n<\/tr>\n<tr>\n<td height=\"33\">Capacidad<\/td>\n<td>50 -150 toneladas<\/td>\n<\/tr>\n<tr>\n<td height=\"33\">Dimensi\u00f3n<\/td>\n<td>8500*2500*3500mm<\/td>\n<\/tr>\n<tr>\n<td height=\"33\">Eje<\/td>\n<td>3 Ejes, ejes triples<\/td>\n<\/tr>\n<tr>\n<td height=\"33\">Sistema hidr\u00e1ulico<\/td>\n<td>Cilindro hidr\u00e1ulico HYVA<\/td>\n<\/tr>\n<tr>\n<td height=\"33\">Cilindro<\/td>\n<td>175, 191, 202, 214 \/ 4TG, 5TG<\/td>\n<\/tr>\n<tr>\n<td height=\"33\">Suspensi\u00f3n<\/td>\n<td>Mec\u00e1nico, aire, muelle<\/td>\n<\/tr>\n<tr>\n<td height=\"33\">Kingpin<\/td>\n<td>Tipo desmontable JOST 2\u2033 o 3,5<\/td>\n<\/tr>\n<tr>\n<td height=\"33\">Tren de aterrizaje<\/td>\n<td>JOST 28T<\/td>\n<\/tr>\n<tr>\n<td height=\"33\">Sistema de frenado<\/td>\n<td>ABS o EBS (opcional)<\/td>\n<\/tr>\n<tr>\n<td height=\"33\">Neum\u00e1tico<\/td>\n<td>12R 22.5 315\/80 R22.5<\/td>\n<\/tr>\n<tr>\n<td height=\"33\">C\u00e1maras de freno<\/td>\n<td>T30\/30<\/td>\n<\/tr>\n<\/tbody>\n<\/table>\n<p style=\"text-align: center;\"><a class=\"product_button\" href=\"#elementor-action%3Aaction%3Dpopup%3Aopen%26settings%3DeyJpZCI6Ijk5MDciLCJ0b2dnbGUiOmZhbHNlfQ%3D%3D\">Haga clic para m\u00e1s detalles<\/a><\/p>\n<h2>Dibujo de un remolque volquete de 18 ruedas<\/h2>\n<p><img loading=\"lazy\" decoding=\"async\" class=\"alignnone\" style=\"width: 800px;\" src=\"https:\/\/pandamech.com\/wp-content\/uploads\/2022\/08\/tipper-semi-trailer-3.jpg\" alt=\"Dibujo de cami\u00f3n volquete de 18 ruedas\" width=\"800\" height=\"420\" title=\"\"><\/p>\n<h2>Remolque basculante de 18 ruedas<\/h2>\n<ul>\n<li>1. Metal de soldadura autom\u00e1tica avanzada, y el proceso de tratamiento de lijado y pintura avanzada para el tratamiento previo.<\/li>\n<li>2. Marcas de alta visibilidad seg\u00fan la norma SABS.<\/li>\n<li>3. Amplia gama de aplicaciones, promoviendo el progreso y el desarrollo de la industria.<\/li>\n<\/ul>\n<p style=\"text-align: center;\"><a class=\"product_button\" href=\"#elementor-action%3Aaction%3Dpopup%3Aopen%26settings%3DeyJpZCI6Ijk5MDciLCJ0b2dnbGUiOmZhbHNlfQ%3D%3D\">Haga clic para m\u00e1s detalles<\/a><\/p>\n<h2>Panda Mech<\/h2>\n<p>Panda Mech es un fabricante de remolques volquete de 18 ruedas de China. Suministramos remolques volquete de 18 ruedas para la venta. Panda Mech fabricantes han tenido \u00e9xito en el sudeste de Asia, Oriente Medio, \u00c1frica y Am\u00e9rica del Sur, como Filipinas, Tanzania, Nigeria, etc ...<\/p>\n<p><a href=\"\/spanish\/contact-us\/\" rel=\"nofollow\"><img loading=\"lazy\" decoding=\"async\" class=\"alignnone\" src=\"https:\/\/pandamech.com\/wp-content\/uploads\/u_file\/db8ce19fe3.jpg\" alt=\"Oferta de remolque volquete de 18 ruedas\" width=\"864\" height=\"213\" title=\"\"><\/a><\/p>\n<p>Relacionado:<\/p>\n<p><a href=\"https:\/\/www.pandamech.com\/spanish\/product\/50-yard-dump-trailer-for-sale\/\">50 yardas remolque volquete para la venta<\/a><\/p>","protected":false},"excerpt":{"rendered":"<p>Modelo: 18 ruedas remolque volquete<\/p>\n<p>Rango de precios: USD 14.500-28.500<\/p>\n<p>Plazo de entrega: 7-25 d\u00edas<\/p>\n<p>Aplicaci\u00f3n: transporte de carb\u00f3n, mineral, materiales de construcci\u00f3n<\/p>\n<p>\u00c1ngulo de inclinaci\u00f3n: 45<\/p>\n<p>Sistema hidr\u00e1ulico: Cilindro HYVA<\/p>","protected":false},"featured_media":58428,"template":"","meta":{"_acf_changed":false,"_kad_blocks_custom_css":"","_kad_blocks_head_custom_js":"","_kad_blocks_body_custom_js":"","_kad_blocks_footer_custom_js":"","_kad_post_transparent":"default","_kad_post_title":"","_kad_post_layout":"default","_kad_post_sidebar_id":"","_kad_post_content_style":"default","_kad_post_vertical_padding":"default","_kad_post_feature":"","_kad_post_feature_position":"","_kad_post_header":false,"_kad_post_footer":false,"_kad_post_classname":""},"product_brand":[],"product_cat":[172],"product_tag":[],"class_list":{"0":"post-32585","1":"product","2":"type-product","3":"status-publish","4":"has-post-thumbnail","6":"product_cat-dump-truck-trailer","8":"first","9":"instock","10":"sold-individually","11":"shipping-taxable","12":"purchasable","13":"product-type-simple","14":"entry","15":"content-bg","16":"loop-entry"},"acf":[],"taxonomy_info":{"product_cat":[{"value":172,"label":"Dump Truck Trailer"}]},"featured_image_src_large":["https:\/\/www.pandamech.com\/wp-content\/uploads\/2022\/10\/tipper-trailer-1-500x500.jpg",500,500,true],"author_info":[],"comment_info":"","_links":{"self":[{"href":"https:\/\/www.pandamech.com\/spanish\/wp-json\/wp\/v2\/product\/32585","targetHints":{"allow":["GET"]}}],"collection":[{"href":"https:\/\/www.pandamech.com\/spanish\/wp-json\/wp\/v2\/product"}],"about":[{"href":"https:\/\/www.pandamech.com\/spanish\/wp-json\/wp\/v2\/types\/product"}],"version-history":[{"count":2,"href":"https:\/\/www.pandamech.com\/spanish\/wp-json\/wp\/v2\/product\/32585\/revisions"}],"predecessor-version":[{"id":91530,"href":"https:\/\/www.pandamech.com\/spanish\/wp-json\/wp\/v2\/product\/32585\/revisions\/91530"}],"wp:featuredmedia":[{"embeddable":true,"href":"https:\/\/www.pandamech.com\/spanish\/wp-json\/wp\/v2\/media\/58428"}],"wp:attachment":[{"href":"https:\/\/www.pandamech.com\/spanish\/wp-json\/wp\/v2\/media?parent=32585"}],"wp:term":[{"taxonomy":"product_brand","embeddable":true,"href":"https:\/\/www.pandamech.com\/spanish\/wp-json\/wp\/v2\/product_brand?post=32585"},{"taxonomy":"product_cat","embeddable":true,"href":"https:\/\/www.pandamech.com\/spanish\/wp-json\/wp\/v2\/product_cat?post=32585"},{"taxonomy":"product_tag","embeddable":true,"href":"https:\/\/www.pandamech.com\/spanish\/wp-json\/wp\/v2\/product_tag?post=32585"}],"curies":[{"name":"wp","href":"https:\/\/api.w.org\/{rel}","templated":true}]}}