{"id":32564,"date":"2025-07-10T11:09:05","date_gmt":"2025-07-10T03:09:05","guid":{"rendered":"https:\/\/pandamech.com\/product\/sand-gravel-dump-trailer"},"modified":"2025-09-12T10:33:18","modified_gmt":"2025-09-12T02:33:18","slug":"22-24-26-28-30-ft-end-dump-trailer-for-sale","status":"publish","type":"product","link":"https:\/\/www.pandamech.com\/spanish\/product\/22-24-26-28-30-ft-end-dump-trailer-for-sale\/","title":{"rendered":"22\/24\/26\/28\/30 Ft Final Dump remolque para la venta"},"content":{"rendered":"<p>PANDA MECH ha dedicado mano de obra y recursos significativos a la investigaci\u00f3n y desarrollo de nuestros remolques basculantes de 22\/24\/26\/28\/30 pies, garantizando una eficiencia y cumplimiento \u00f3ptimos. Mediante la utilizaci\u00f3n de materiales de alta resistencia y durabilidad, que atienden a una amplia gama de necesidades de transporte para los remolques volquete final.<\/p>\n<p>Simult\u00e1neamente, nuestro 22\/24\/26\/28\/30 Ft <span style=\"color: #0000ff;\"><a style=\"color: #0000ff;\" href=\"https:\/\/www.pandamech.com\/spanish\/category\/tipper-trailer\/semi-dump-trailer\/\" target=\"_blank\" rel=\"noopener\">remolques basculantes<\/a><\/span> ofrecen una descarga r\u00e1pida a la vez que soportan cargas sustanciales. Sin embargo, es crucial contar con un operador prudente para descargar estos remolques basculantes finales, ya que una manipulaci\u00f3n inadecuada puede plantear riesgos potenciales.<\/p>\n<h2>22\/24\/26\/28\/30 Ft extremo remolque volquete im\u00e1genes<\/h2>\n<p><img fetchpriority=\"high\" decoding=\"async\" class=\"alignnone\" src=\"https:\/\/pandamech.com\/wp-content\/uploads\/2022\/10\/25cbm-tipper-7.jpg\" alt=\"22\/24\/26\/28\/30 Ft final remolque volquete Para la venta\" width=\"750\" height=\"400\" title=\"\"><br \/>\n3 extremo del eje <a class=\"wpil_keyword_link\" title=\"remolque volquete\" href=\"https:\/\/www.pandamech.com\/spanish\/category\/dump-truck-trailer\/\" target=\"_blank\" rel=\"noopener\" data-wpil-keyword-link=\"linked\">remolque volquete<\/a> proveedor<\/p>\n<p><img decoding=\"async\" class=\"alignnone wp-image-42250\" style=\"font-weight: bold; font-family: var(--global-body-font-family);\" src=\"https:\/\/pandamech.com\/wp-content\/uploads\/2021\/09\/2224262830-ft-end-dump-trailer-for-sale.jpg\" alt=\"22\/24\/26\/28\/30 pies remolque volquete final para la venta\" width=\"750\" height=\"563\" title=\"\"><\/p>\n<p>22\/24\/26\/28\/30 pies remolque volquete final para la venta<br \/>\nfabricante de remolques basculantes<\/p>\n<p>Relacionado: <span style=\"color: #0000ff;\"><a style=\"color: #0000ff;\" href=\"https:\/\/www.pandamech.com\/spanish\/product\/40-ton-half-round-end-dump-trailer\/\" target=\"_blank\" rel=\"noopener\">Remolque volquete de 40 toneladas<\/a><\/span>, <a href=\"https:\/\/www.pandamech.com\/spanish\/product\/80-ton-dump-truck-trailer\/\" target=\"_blank\" rel=\"noopener\"><span style=\"color: #0000ff;\">Remolque de volquete de 80 toneladas<\/span><\/a><\/p>\n<p style=\"text-align: center;\"><a class=\"product_button\" href=\"#elementor-action%3Aaction%3Dpopup%3Aopen%26settings%3DeyJpZCI6Ijk5MDciLCJ0b2dnbGUiOmZhbHNlfQ%3D%3D\">Obtenga un presupuesto instant\u00e1neo<\/a><\/p>\n<h2>22\/24\/26\/28\/30 Ft remolque volquete final video<\/h2>\n<p><iframe title=\"Reproductor de v\u00eddeo YouTube\" src=\"https:\/\/www.youtube.com\/embed\/9CVtJSS1v64\" width=\"750\" height=\"450\" frameborder=\"0\" allowfullscreen=\"allowfullscreen\"><span data-mce-type=\"bookmark\" style=\"display: inline-block; width: 0px; overflow: hidden; line-height: 0;\" class=\"mce_SELRES_start\"><\/span><\/iframe><\/p>\n<h2>22\/24\/26\/28\/30 Ft remolque volquete final especificaci\u00f3n<\/h2>\n<table style=\"width: 750px;\" border=\"1\" cellspacing=\"1\" cellpadding=\"1\">\n<tbody>\n<tr>\n<td width=\"208\" height=\"33\">Fabricante<\/td>\n<td width=\"598\">Panda Mech<\/td>\n<\/tr>\n<tr>\n<td height=\"33\">Capacidad<\/td>\n<td>40-100 toneladas<\/td>\n<\/tr>\n<tr>\n<td height=\"33\">Dimensi\u00f3n<\/td>\n<td>6,705-9,150*2500*3450-3650mm (S\u00f3lo como referencia)<\/td>\n<\/tr>\n<tr>\n<td height=\"33\">Eje<\/td>\n<td>3 ejes<\/td>\n<\/tr>\n<tr>\n<td height=\"33\">Sistema hidr\u00e1ulico<\/td>\n<td>Cilindro hidr\u00e1ulico HYVA<\/td>\n<\/tr>\n<tr>\n<td height=\"33\">Cilindro<\/td>\n<td>175, 191, 202, 214 \/ 4TG, 5TG<\/td>\n<\/tr>\n<tr>\n<td height=\"33\">Suspensi\u00f3n<\/td>\n<td>Mec\u00e1nico, aire, muelle<\/td>\n<\/tr>\n<tr>\n<td height=\"33\">Kingpin<\/td>\n<td>Tipo desmontable JOST 2\u2033 o 3,5<\/td>\n<\/tr>\n<tr>\n<td height=\"33\">Tren de aterrizaje<\/td>\n<td>JOST 28T<\/td>\n<\/tr>\n<tr>\n<td height=\"33\">Sistema de frenado<\/td>\n<td>ABS o EBS (opcional)<\/td>\n<\/tr>\n<tr>\n<td height=\"33\">Neum\u00e1tico<\/td>\n<td>12R 22.5 315\/80 R22.5<\/td>\n<\/tr>\n<tr>\n<td height=\"33\">C\u00e1maras de freno<\/td>\n<td>T30\/30<\/td>\n<\/tr>\n<\/tbody>\n<\/table>\n<p style=\"text-align: center;\"><a class=\"product_button\" href=\"#elementor-action%3Aaction%3Dpopup%3Aopen%26settings%3DeyJpZCI6Ijk5MDciLCJ0b2dnbGUiOmZhbHNlfQ%3D%3D\">Haga clic para m\u00e1s detalles<\/a><\/p>\n<h3>22\/24\/26\/28\/30 Ft dimensi\u00f3n final del remolque basculante<\/h3>\n<p><strong>Dimensi\u00f3n del remolque basculante de 22 pies<\/strong>: 6.705 \u00d7 2.500 \u00d7 3.450 mm (s\u00f3lo como referencia)<\/p>\n<p><strong>Remolque basculante de 24 pies<\/strong>: 7.315 \u00d7 2.500 \u00d7 3.450 mm (s\u00f3lo como referencia)<\/p>\n<p><strong>Dimensi\u00f3n del remolque basculante de 26 pies<\/strong>: 7.925 \u00d7 2.500 \u00d7 3.550 mm (s\u00f3lo como referencia)<\/p>\n<p><strong>Remolque basculante de 28 pies<\/strong>: 8.440 \u00d7 2.500 \u00d7 3.550 mm (s\u00f3lo como referencia)<\/p>\n<p><strong>Dimensi\u00f3n del remolque basculante de 30 pies<\/strong>: 9.150 \u00d7 2.500 \u00d7 3.650 mm (s\u00f3lo como referencia)<\/p>\n<h2>22\/24\/26\/28\/30 Ft extremo remolque basculante dibujo<\/h2>\n<p><img decoding=\"async\" class=\"alignnone\" style=\"width: 800px;\" src=\"https:\/\/pandamech.com\/wp-content\/uploads\/2022\/08\/tipper-semi-trailer-3.jpg\" alt=\"22\/24\/26\/28\/30 Ft extremo remolque basculante dibujo\" width=\"800\" height=\"420\" title=\"\"><\/p>\n<h2>22\/24\/26\/28\/30 Ft extremo del remolque volquete caracter\u00edstica<\/h2>\n<p><strong>Soportes<\/strong><\/p>\n<p>Los soportes redise\u00f1ados distribuyen la tensi\u00f3n y resisten la fatiga. Panda Mech aplica refuerzos m\u00e1s gruesos, transiciones radiales y controles NDT para evitar grietas bajo ciclos pesados.<\/p>\n<p><strong>Knock-Off<\/strong><\/p>\n<p>El mecanismo de desconexi\u00f3n de precisi\u00f3n protege la caja dentro de \u00e1ngulos seguros. Panda Mech ajusta las tolerancias de accionamiento y utiliza pasadores endurecidos para un desenganche fiable y repetible.<\/p>\n<p><strong>Eje de inclinaci\u00f3n<\/strong><\/p>\n<p>El eje de inclinaci\u00f3n de alta resistencia estabiliza la carrocer\u00eda durante la elevaci\u00f3n, mejorando la durabilidad y la seguridad. Panda Mech trata t\u00e9rmicamente los ejes y especifica cojinetes sobredimensionados para una larga vida \u00fatil.<\/p>\n<p><strong>Sistema de fijaci\u00f3n<\/strong><\/p>\n<p>La puerta trasera con bloqueo autom\u00e1tico aumenta la eficiencia; los varillajes ajustables mantienen la alineaci\u00f3n. Panda Mech dise\u00f1a puntos de mantenimiento sin herramientas y repuestos estandarizados para sustituciones r\u00e1pidas.<\/p>\n<p style=\"text-align: center;\"><a class=\"product_button\" href=\"#elementor-action%3Aaction%3Dpopup%3Aopen%26settings%3DeyJpZCI6Ijk5MDciLCJ0b2dnbGUiOmZhbHNlfQ%3D%3D\">Haga clic para m\u00e1s detalles<\/a><\/p>\n<h2>Panda Mech<\/h2>\n<p>Panda Mech es un fabricante de remolques volquete de 22\/24\/26\/28\/30 pies de China. Suministramos remolques volquete de 22\/24\/26\/28\/30 pies para la venta. Panda Mech fabricantes han tenido \u00e9xito en el sudeste de Asia, Oriente Medio, \u00c1frica y Am\u00e9rica del Sur, como Filipinas, Tanzania, Nigeria, etc ...<\/p>\n<p><a href=\"\/spanish\/contact-us\/\" rel=\"nofollow\"><img loading=\"lazy\" decoding=\"async\" class=\"alignnone\" src=\"https:\/\/pandamech.com\/wp-content\/uploads\/u_file\/db8ce19fe3.jpg\" alt=\"22\/24\/26\/28\/30 Ft remolque volquete final cotizaci\u00f3n\" width=\"864\" height=\"213\" title=\"\"><\/a><\/p>\n<h2>\u00bfCu\u00e1l es el precio de un remolque basculante de 22\/24\/26\/28\/30 pies?<\/h2>\n<ul>\n<li><strong data-start=\"0\" data-end=\"10\"><strong data-start=\"0\" data-end=\"10\">Remolque basculante de 22 pies<\/strong><\/strong><strong data-start=\"0\" data-end=\"10\">:<\/strong> USD <strong data-start=\"15\" data-end=\"33\" data-is-only-node=\"\">$12.500-15.500<\/strong><\/li>\n<li><strong data-start=\"36\" data-end=\"46\">Remolque basculante de 24 pies:<\/strong> USD <strong data-start=\"51\" data-end=\"69\">$13.000-16.500<\/strong><\/li>\n<li><strong data-start=\"72\" data-end=\"82\">Remolque basculante de 26 pies:<\/strong> USD <strong data-start=\"87\" data-end=\"105\">$13.800-17.800<\/strong><\/li>\n<li><strong data-start=\"108\" data-end=\"118\">Remolque basculante de 28 pies:<\/strong> USD <strong data-start=\"123\" data-end=\"141\">$15.000-22.000<\/strong><\/li>\n<li><strong data-start=\"144\" data-end=\"154\">Remolque basculante de 30 pies:<\/strong> USD <strong data-start=\"159\" data-end=\"177\">$16.500-24.000<\/strong><\/li>\n<\/ul>\n<p>(S\u00f3lo como referencia)<\/p>\n<h2 data-start=\"1817\" data-end=\"1863\">\u00bfCu\u00e1nto puede transportar un remolque basculante de 30 pies?<\/h2>\n<p><strong data-start=\"0\" data-end=\"20\" data-is-only-node=\"\">Unas 30 toneladas<\/strong> en carretera en la mayor\u00eda de los mercados.<\/p>\n<h2 data-start=\"1817\" data-end=\"1863\">\u00bfCu\u00e1les son las dimensiones y la capacidad de un remolque basculante de 28 pies?<\/h2>\n<p>8.440 \u00d7 2.500 \u00d7 3.550 mm (s\u00f3lo como referencia)<\/p>","protected":false},"excerpt":{"rendered":"<p>Modelo: 22\/24\/26\/28\/30 Ft extremo del remolque volquete<\/p>\n<p>Gama de precios: USD 12.500-28.500<\/p>\n<p>Plazo de entrega: 7-25 d\u00edas<\/p>\n<p>Aplicaci\u00f3n: transporte de carb\u00f3n, mineral, materiales de construcci\u00f3n<\/p>\n<p>\u00c1ngulo de inclinaci\u00f3n: 45<\/p>\n<p>Sistema hidr\u00e1ulico: Cilindro HYVA<\/p>","protected":false},"featured_media":58103,"template":"","meta":{"_acf_changed":false,"_kad_blocks_custom_css":"","_kad_blocks_head_custom_js":"","_kad_blocks_body_custom_js":"","_kad_blocks_footer_custom_js":"","_kad_post_transparent":"default","_kad_post_title":"","_kad_post_layout":"default","_kad_post_sidebar_id":"","_kad_post_content_style":"default","_kad_post_vertical_padding":"default","_kad_post_feature":"","_kad_post_feature_position":"","_kad_post_header":false,"_kad_post_footer":false,"_kad_post_classname":""},"product_brand":[],"product_cat":[106],"product_tag":[],"class_list":{"0":"post-32564","1":"product","2":"type-product","3":"status-publish","4":"has-post-thumbnail","6":"product_cat-semi-dump-trailer","8":"first","9":"instock","10":"sold-individually","11":"shipping-taxable","12":"purchasable","13":"product-type-simple","14":"entry","15":"content-bg","16":"loop-entry"},"acf":[],"taxonomy_info":{"product_cat":[{"value":106,"label":"End Dump Trailer"}]},"featured_image_src_large":["https:\/\/www.pandamech.com\/wp-content\/uploads\/2022\/10\/25cbm-tipper-2-500x500.jpg",500,500,true],"author_info":[],"comment_info":"","_links":{"self":[{"href":"https:\/\/www.pandamech.com\/spanish\/wp-json\/wp\/v2\/product\/32564","targetHints":{"allow":["GET"]}}],"collection":[{"href":"https:\/\/www.pandamech.com\/spanish\/wp-json\/wp\/v2\/product"}],"about":[{"href":"https:\/\/www.pandamech.com\/spanish\/wp-json\/wp\/v2\/types\/product"}],"version-history":[{"count":4,"href":"https:\/\/www.pandamech.com\/spanish\/wp-json\/wp\/v2\/product\/32564\/revisions"}],"predecessor-version":[{"id":91601,"href":"https:\/\/www.pandamech.com\/spanish\/wp-json\/wp\/v2\/product\/32564\/revisions\/91601"}],"wp:featuredmedia":[{"embeddable":true,"href":"https:\/\/www.pandamech.com\/spanish\/wp-json\/wp\/v2\/media\/58103"}],"wp:attachment":[{"href":"https:\/\/www.pandamech.com\/spanish\/wp-json\/wp\/v2\/media?parent=32564"}],"wp:term":[{"taxonomy":"product_brand","embeddable":true,"href":"https:\/\/www.pandamech.com\/spanish\/wp-json\/wp\/v2\/product_brand?post=32564"},{"taxonomy":"product_cat","embeddable":true,"href":"https:\/\/www.pandamech.com\/spanish\/wp-json\/wp\/v2\/product_cat?post=32564"},{"taxonomy":"product_tag","embeddable":true,"href":"https:\/\/www.pandamech.com\/spanish\/wp-json\/wp\/v2\/product_tag?post=32564"}],"curies":[{"name":"wp","href":"https:\/\/api.w.org\/{rel}","templated":true}]}}