{"id":32312,"date":"2022-09-26T15:26:50","date_gmt":"2022-09-26T07:26:50","guid":{"rendered":"https:\/\/pandamech.com\/product\/24-25m-platform-truck-semi-container-trailer"},"modified":"2025-08-23T01:07:30","modified_gmt":"2025-08-22T17:07:30","slug":"24-25m-platform-truck-semi-container-trailer","status":"publish","type":"product","link":"https:\/\/www.pandamech.com\/spanish\/product\/24-25m-platform-truck-semi-container-trailer\/","title":{"rendered":"Plataforma extensible 24\/25M Remolque portacontenedores"},"content":{"rendered":"<p>El remolque de plataforma extensible PANDA MECH est\u00e1 disponible en longitudes de 12,5 m a 24 m y est\u00e1 dise\u00f1ado para transportar cargas extralargas como ra\u00edles largos, tuber\u00edas y, en ocasiones, contenedores y mercanc\u00edas a granel. El remolque de plataforma extensible puede llegar preferentemente hasta 80 pies.<\/p>\n<p>La longitud del remolque de plataforma extensible puede personalizarse para satisfacer diferentes necesidades de transporte, y gracias a la flexibilidad del <span style=\"color: #0000ff;\"><a style=\"color: #0000ff;\" href=\"https:\/\/www.pandamech.com\/spanish\/category\/cargo-trailer\/flatbed-semi-trailer\/\" target=\"_blank\" rel=\"noopener\">semirremolque plano<\/a><\/span>, puede transportar casi cualquier tipo de carga larga.<\/p>\n<h2>24\/25M plataforma extensible cami\u00f3n semirremolque caracter\u00edsticas<\/h2>\n<ul>\n<li>1. Alta resistencia a la corrosi\u00f3n.<\/li>\n<li>2. Gran capacidad de carga y gran flexibilidad de carga y descarga.<\/li>\n<li>3. Bajo coste de mantenimiento.<\/li>\n<li>4. Larga vida \u00fatil.<\/li>\n<li>5. Peso ligero para cargar m\u00e1s carga.<\/li>\n<\/ul>\n<p style=\"text-align: center;\"><a class=\"product_button\" href=\"#elementor-action%3Aaction%3Dpopup%3Aopen%26settings%3DeyJpZCI6Ijk5MDciLCJ0b2dnbGUiOmZhbHNlfQ%3D%3D\">Haga clic para m\u00e1s detalles<\/a><\/p>\n<h2>24\/25M plataforma extensible cami\u00f3n semirremolque especificaci\u00f3n<\/h2>\n<table style=\"width: 800px;\" border=\"1\" cellspacing=\"1\" cellpadding=\"1\">\n<tbody>\n<tr>\n<td width=\"297\">Ejes<\/td>\n<td width=\"484\">3 ejes, marca BPW\/SAF\/FUWA<\/td>\n<\/tr>\n<tr>\n<td width=\"297\">Dimensiones<\/td>\n<td width=\"484\">12500-24000\/12500*2500*1500 mm<\/td>\n<\/tr>\n<tr>\n<td width=\"297\">Longitud m\u00e1xima<\/td>\n<td width=\"484\">80 pies<\/td>\n<\/tr>\n<tr>\n<td width=\"297\">Suelo<\/td>\n<td width=\"484\">Placa ajedrezada de 3 mm<\/td>\n<\/tr>\n<tr>\n<td width=\"297\">Peso<\/td>\n<td width=\"484\">7-8,5 toneladas<\/td>\n<\/tr>\n<tr>\n<td width=\"297\">Cierre giratorio<\/td>\n<td width=\"484\">4-8 series<\/td>\n<\/tr>\n<tr>\n<td width=\"297\">Material<\/td>\n<td width=\"484\">Vigas principales Q345B, brida superior:14mm, media:8mm, inferior:16mm<\/td>\n<\/tr>\n<tr>\n<td width=\"297\">Alfiler de rey<\/td>\n<td width=\"484\">2 pulgadas o 3,5 pulgadas Marca JOST<\/td>\n<\/tr>\n<tr>\n<td width=\"297\">Suspensi\u00f3n<\/td>\n<td width=\"484\">Suspensi\u00f3n mec\u00e1nica con airbag<\/td>\n<\/tr>\n<tr>\n<td width=\"297\" height=\"36\">Neum\u00e1tico<\/td>\n<td width=\"484\">11.00R20, 12.00R20, 12R22.5, 385\/65R22.5 marca Triangle\/Hankook\/ Bridgestone<\/td>\n<\/tr>\n<\/tbody>\n<\/table>\n<p style=\"text-align: center;\"><a class=\"product_button\" href=\"#elementor-action%3Aaction%3Dpopup%3Aopen%26settings%3DeyJpZCI6Ijk5MDciLCJ0b2dnbGUiOmZhbHNlfQ%3D%3D\">Obtenga un presupuesto instant\u00e1neo<\/a><\/p>\n<h2>24\/25M plataforma extensible cami\u00f3n semirremolque im\u00e1genes<\/h2>\n<p><img decoding=\"async\" class=\"alignnone size-full\" title=\"semirremolque semirremolque de plataforma extensible de tres ejes\" src=\"https:\/\/pandamech.com\/wp-content\/uploads\/2022\/09\/Extendable-flatbed-8.jpg\" alt=\"semirremolque de plataforma extensible de 3 ejes\" \/><\/p>\n<p>3 ejes extensible semirremolque semirremolque de plataforma para la venta<\/p>\n<p><img decoding=\"async\" class=\"alignnone size-full\" title=\"semirremolque plataforma extensible de 3 ejes\" src=\"https:\/\/pandamech.com\/wp-content\/uploads\/2022\/09\/Extendable-flatbed-7.jpg\" alt=\"semirremolque plataforma extensible de 3 ejes\" \/><\/p>\n<p>t\u00e1ndem extensible de cubierta plana <a class=\"wpil_keyword_link\" title=\"remolque contenedor\" href=\"https:\/\/www.pandamech.com\/spanish\/category\/container-chassis\/\" target=\"_blank\" rel=\"noopener\" data-wpil-keyword-link=\"linked\">remolque contenedor<\/a><\/p>\n<p>Relacionado: <a href=\"https:\/\/www.pandamech.com\/spanish\/product\/20-ft-flat-bed-truck-trailer\/\" target=\"_blank\" rel=\"noopener\"><span style=\"color: #0000ff;\">Remolque contenedor plano de 20 pies<\/span><\/a>, <a href=\"https:\/\/www.pandamech.com\/spanish\/product\/4-axle-platform-truck-trailer\/\" target=\"_blank\" rel=\"noopener\"><span style=\"color: #0000ff;\">Remolque de plataforma de 4 ejes<\/span><\/a>, <a href=\"https:\/\/www.pandamech.com\/spanish\/product\/3-axle-platform-semi-trailer\/\" target=\"_blank\" rel=\"noopener\"><span style=\"color: #0000ff;\">Cami\u00f3n remolque con plataforma de 3 ejes<\/span><\/a><\/p>\n<p style=\"text-align: center;\"><a class=\"product_button\" href=\"#elementor-action%3Aaction%3Dpopup%3Aopen%26settings%3DeyJpZCI6Ijk5MDciLCJ0b2dnbGUiOmZhbHNlfQ%3D%3D\">Haga clic para m\u00e1s detalles<\/a><\/p>\n<h2>Transporte de semirremolque de cami\u00f3n de plataforma plana extensible<\/h2>\n<p>Cuando se transporta semirremolque de plataforma extensible de 24\/25 metros, muchos clientes optar\u00e1n por utilizar el transporte de contenedores, ya que esto puede tener menores costos de transporte y menor tiempo de transporte.<\/p>\n<p>Semirremolques de plataforma plana se utilizan generalmente para los buques de carga a granel o ro-ro para el transporte. Nos aseguraremos de que los semirremolques comerciales de plataforma plana Panda Mech sean encerados y cubiertos con lonas cuando los buques de carga sean a granel. (<a href=\"https:\/\/www.pandamech.com\/product\/3-axle-drawbar-flatbed-trailer\/\" target=\"_blank\" rel=\"noopener\"><span style=\"color: #0000ff;\">venta de remolques con lanza plana<\/span><\/a>)<\/p>\n<p><img decoding=\"async\" class=\"alignnone size-full\" title=\"24\/25 metros extensible semirremolque plataforma semirremolque transporte\" src=\"https:\/\/pandamech.com\/wp-content\/uploads\/2022\/08\/flatbed-semi-trailer-transport4.jpg\" alt=\"24\/25 metros extensible semirremolque plataforma semirremolque transporte\" \/><\/p>\n<p>plataforma semirremolque cami\u00f3n transporte<\/p>\n<p style=\"text-align: center;\"><a class=\"product_button\" href=\"#elementor-action%3Aaction%3Dpopup%3Aopen%26settings%3DeyJpZCI6Ijk5MDciLCJ0b2dnbGUiOmZhbHNlfQ%3D%3D\">M\u00e1s detalles<\/a><\/p>\n<h2>Panda Mech<\/h2>\n<p>Panda Mech es un fabricante de semirremolques de plataforma plana extensible de 24\/25 metros de China. Suministramos semirremolques de plataforma plana extensible de 24\/25 metros para la venta. Los fabricantes de Panda Mech han tenido \u00e9xito en el sudeste asi\u00e1tico, Oriente Medio, \u00c1frica y Am\u00e9rica del Sur, como Filipinas, Tanzania, Costa de Marfil, etc ...<\/p>\n<p style=\"text-align: center;\"><a class=\"product_button\" href=\"#elementor-action%3Aaction%3Dpopup%3Aopen%26settings%3DeyJpZCI6Ijk5MDciLCJ0b2dnbGUiOmZhbHNlfQ%3D%3D\">Solicitar presupuesto<\/a><\/p>\n<p>Relacionado:<\/p>\n<p><a href=\"https:\/\/www.pandamech.com\/spanish\/product\/3-axle-40-foot-flatbed-semi-trailer\/\" target=\"_blank\" rel=\"noopener\"><span style=\"color: #0000ff;\">40 pies semirremolque de plataforma para la venta<\/span><\/a><\/p>","protected":false},"excerpt":{"rendered":"<p>Tipo: Remolque contenedor plataforma 24\/25M<\/p>\n<p>Rango de precios: $9,900-23,500<\/p>\n<p>Plazo de entrega: 7-25 d\u00edas<\/p>\n<p>Capacidad de carga: 70 toneladas<\/p>\n<p>Aplicaci\u00f3n: transporte de carga a granel y contenedores<\/p>","protected":false},"featured_media":58035,"template":"","meta":{"_acf_changed":false,"_kad_blocks_custom_css":"","_kad_blocks_head_custom_js":"","_kad_blocks_body_custom_js":"","_kad_blocks_footer_custom_js":"","_kad_post_transparent":"default","_kad_post_title":"","_kad_post_layout":"default","_kad_post_sidebar_id":"","_kad_post_content_style":"default","_kad_post_vertical_padding":"default","_kad_post_feature":"","_kad_post_feature_position":"","_kad_post_header":false,"_kad_post_footer":false,"_kad_post_classname":""},"product_brand":[],"product_cat":[15],"product_tag":[],"class_list":{"0":"post-32312","1":"product","2":"type-product","3":"status-publish","4":"has-post-thumbnail","6":"product_cat-uncategorized","8":"first","9":"instock","10":"sold-individually","11":"shipping-taxable","12":"purchasable","13":"product-type-simple","14":"entry","15":"content-bg","16":"loop-entry"},"acf":[],"taxonomy_info":{"product_cat":[{"value":15,"label":"Uncategorized"}]},"featured_image_src_large":["https:\/\/www.pandamech.com\/wp-content\/uploads\/2022\/09\/Extendable-flatbed-1-500x500.jpg",500,500,true],"author_info":[],"comment_info":"","_links":{"self":[{"href":"https:\/\/www.pandamech.com\/spanish\/wp-json\/wp\/v2\/product\/32312","targetHints":{"allow":["GET"]}}],"collection":[{"href":"https:\/\/www.pandamech.com\/spanish\/wp-json\/wp\/v2\/product"}],"about":[{"href":"https:\/\/www.pandamech.com\/spanish\/wp-json\/wp\/v2\/types\/product"}],"version-history":[{"count":1,"href":"https:\/\/www.pandamech.com\/spanish\/wp-json\/wp\/v2\/product\/32312\/revisions"}],"predecessor-version":[{"id":91305,"href":"https:\/\/www.pandamech.com\/spanish\/wp-json\/wp\/v2\/product\/32312\/revisions\/91305"}],"wp:featuredmedia":[{"embeddable":true,"href":"https:\/\/www.pandamech.com\/spanish\/wp-json\/wp\/v2\/media\/58035"}],"wp:attachment":[{"href":"https:\/\/www.pandamech.com\/spanish\/wp-json\/wp\/v2\/media?parent=32312"}],"wp:term":[{"taxonomy":"product_brand","embeddable":true,"href":"https:\/\/www.pandamech.com\/spanish\/wp-json\/wp\/v2\/product_brand?post=32312"},{"taxonomy":"product_cat","embeddable":true,"href":"https:\/\/www.pandamech.com\/spanish\/wp-json\/wp\/v2\/product_cat?post=32312"},{"taxonomy":"product_tag","embeddable":true,"href":"https:\/\/www.pandamech.com\/spanish\/wp-json\/wp\/v2\/product_tag?post=32312"}],"curies":[{"name":"wp","href":"https:\/\/api.w.org\/{rel}","templated":true}]}}