{"id":32311,"date":"2022-04-03T15:26:50","date_gmt":"2022-04-03T07:26:50","guid":{"rendered":"https:\/\/pandamech.com\/product\/24-25m-flat-bed-deck-tractor-semi-truck-trailer"},"modified":"2025-08-23T01:08:45","modified_gmt":"2025-08-22T17:08:45","slug":"24-25m-flat-bed-deck-tractor-semi-truck-trailer","status":"publish","type":"product","link":"https:\/\/www.pandamech.com\/spanish\/product\/24-25m-flat-bed-deck-tractor-semi-truck-trailer\/","title":{"rendered":"Cami\u00f3n semirremolque de plataforma plana extensible 24\/25M"},"content":{"rendered":"<p>Para los clientes que necesitan transportar carga extra larga, el remolque de plataforma extensible es una buena opci\u00f3n, preferiblemente hasta 80 pies, que es ideal para el transporte de vigas estructurales, tuber\u00edas o piezas grandes de construcci\u00f3n.<\/p>\n<p>Extensible <span style=\"color: #0000ff;\"><a style=\"color: #0000ff;\" href=\"https:\/\/www.pandamech.com\/spanish\/category\/cargo-trailer\/flatbed-semi-trailer\/\" target=\"_blank\" rel=\"noopener\">cami\u00f3n remolque plano<\/a><\/span> tiene una mayor capacidad de carga y evita que la carga quede suspendida en el aire, lo que aumenta la seguridad.<\/p>\n<h2>24\/25M extensible semirremolque plataforma caracter\u00edsticas<\/h2>\n<ul>\n<li>1. El dise\u00f1o de la viga en I principal hace <span style=\"color: #0000ff;\"><a style=\"color: #0000ff;\" href=\"https:\/\/www.pandamech.com\/spanish\/category\/cargo-trailer\/flatbed-semi-trailer\/\" target=\"_blank\" rel=\"noopener\">remolque plano<\/a><\/span> m\u00e1s robusto y duradero.<\/li>\n<li>2. Asistido por ordenador, dise\u00f1o de optimizaci\u00f3n prioritaria y an\u00e1lisis de elementos finitos en funci\u00f3n de la carga.<\/li>\n<li>3. Proceso de arco sumergido autom\u00e1tico con asistencia de soldadura manual cualificada para garantizar una soldadura perfecta.<\/li>\n<li>4. M\u00e1s de 150 procedimientos de inspecci\u00f3n de calidad tras la producci\u00f3n.<\/li>\n<\/ul>\n<p style=\"text-align: center;\"><a class=\"product_button\" href=\"#elementor-action%3Aaction%3Dpopup%3Aopen%26settings%3DeyJpZCI6Ijk5MDciLCJ0b2dnbGUiOmZhbHNlfQ%3D%3D\">Haga clic para m\u00e1s detalles<\/a><\/p>\n<h2>24\/25M extensible semirremolque semirremolque de plataforma especificaci\u00f3n<\/h2>\n<table style=\"width: 800px;\" border=\"1\" cellspacing=\"1\" cellpadding=\"1\">\n<tbody>\n<tr>\n<td width=\"297\">Ejes<\/td>\n<td width=\"484\">3 ejes, marca BPW\/SAF\/FUWA<\/td>\n<\/tr>\n<tr>\n<td width=\"297\">Dimensiones<\/td>\n<td width=\"484\">12500-24000\/12500*2500*1500 mm<\/td>\n<\/tr>\n<tr>\n<td width=\"297\">Longitud m\u00e1xima<\/td>\n<td width=\"484\">80 pies<\/td>\n<\/tr>\n<tr>\n<td width=\"297\">Suelo<\/td>\n<td width=\"484\">Placa ajedrezada de 3 mm<\/td>\n<\/tr>\n<tr>\n<td width=\"297\">Peso<\/td>\n<td width=\"484\">7-8,5 toneladas<\/td>\n<\/tr>\n<tr>\n<td width=\"297\">Cierre giratorio<\/td>\n<td width=\"484\">4-8 series<\/td>\n<\/tr>\n<tr>\n<td width=\"297\">Material<\/td>\n<td width=\"484\">Vigas principales Q345B, brida superior:14mm, media:8mm, inferior:16mm<\/td>\n<\/tr>\n<tr>\n<td width=\"297\">Alfiler de rey<\/td>\n<td width=\"484\">2 pulgadas o 3,5 pulgadas Marca JOST<\/td>\n<\/tr>\n<tr>\n<td width=\"297\">Suspensi\u00f3n<\/td>\n<td width=\"484\">Suspensi\u00f3n mec\u00e1nica con airbag<\/td>\n<\/tr>\n<tr>\n<td width=\"297\" height=\"36\">Neum\u00e1tico<\/td>\n<td width=\"484\">11.00R20, 12.00R20, 12R22.5, 385\/65R22.5 marca Triangle\/Hankook\/ Bridgestone<\/td>\n<\/tr>\n<\/tbody>\n<\/table>\n<p style=\"text-align: center;\"><a class=\"product_button\" href=\"#elementor-action%3Aaction%3Dpopup%3Aopen%26settings%3DeyJpZCI6Ijk5MDciLCJ0b2dnbGUiOmZhbHNlfQ%3D%3D\">Obtenga un presupuesto instant\u00e1neo<\/a><\/p>\n<h2>24\/25M extensible semirremolque semirremolque im\u00e1genes<\/h2>\n<p><img decoding=\"async\" class=\"alignnone size-full\" title=\"semirremolque semirremolque de plataforma extensible de tres ejes\" src=\"https:\/\/pandamech.com\/wp-content\/uploads\/2022\/09\/Extendable-flatbed-8.jpg\" alt=\"semirremolque de plataforma extensible de 3 ejes\" \/><\/p>\n<p>3 ejes plataforma extensible semirremolque de cami\u00f3n para la venta<\/p>\n<p><img decoding=\"async\" class=\"alignnone size-full\" title=\"3 ejes semirremolque semirremolque plataforma\" src=\"https:\/\/pandamech.com\/wp-content\/uploads\/2022\/09\/Extendable-flatbed-7.jpg\" alt=\"semirremolque plataforma extensible de 3 ejes\" \/><\/p>\n<p>t\u00e1ndem extensible de cubierta plana <a class=\"wpil_keyword_link\" title=\"remolque contenedor\" href=\"https:\/\/www.pandamech.com\/spanish\/category\/container-chassis\/\" target=\"_blank\" rel=\"noopener\" data-wpil-keyword-link=\"linked\">remolque contenedor<\/a><\/p>\n<p>Relacionado: <a href=\"https:\/\/www.pandamech.com\/spanish\/product\/3-axle-40-foot-flatbed-semi-trailer\/\" target=\"_blank\" rel=\"noopener\"><span style=\"color: #0000ff;\">semirremolque de plataforma de 40 pies<\/span><\/a>, <a href=\"https:\/\/www.pandamech.com\/spanish\/product\/4-axle-flatbed-trailer-for-sale\/\" target=\"_blank\" rel=\"noopener\"><span style=\"color: #0000ff;\">Remolque de plataforma de 4 ejes<\/span><\/a><\/p>\n<p style=\"text-align: center;\"><a class=\"product_button\" href=\"#elementor-action%3Aaction%3Dpopup%3Aopen%26settings%3DeyJpZCI6Ijk5MDciLCJ0b2dnbGUiOmZhbHNlfQ%3D%3D\">Haga clic para m\u00e1s detalles<\/a><\/p>\n<h2>Transporte de semirremolque de cami\u00f3n de plataforma plana extensible<\/h2>\n<p>Cuando se transporta semirremolque de plataforma extensible de 24\/25 metros, muchos clientes optar\u00e1n por utilizar el transporte de contenedores, ya que esto puede tener menores costos de transporte y menor tiempo de transporte.<\/p>\n<p>Semirremolques de plataforma plana se utilizan generalmente para los buques de carga a granel o ro-ro para el transporte. Nos aseguraremos de que Panda Mech comercial semirremolques de plataforma plana ser\u00e1 encerado y cubierto con lonas cuando los buques de carga a granel.<\/p>\n<p><img decoding=\"async\" class=\"alignnone size-full\" title=\"24\/25 metros extensible semirremolque plataforma semirremolque transporte\" src=\"https:\/\/pandamech.com\/wp-content\/uploads\/2022\/08\/flatbed-semi-trailer-transport4.jpg\" alt=\"24\/25 metros extensible semirremolque plataforma semirremolque transporte\" \/><\/p>\n<p>tractor de plataforma semirremolque transporte<\/p>\n<p style=\"text-align: center;\"><a class=\"product_button\" href=\"#elementor-action%3Aaction%3Dpopup%3Aopen%26settings%3DeyJpZCI6Ijk5MDciLCJ0b2dnbGUiOmZhbHNlfQ%3D%3D\">M\u00e1s detalles<\/a><\/p>\n<h2>Panda Mech<\/h2>\n<p>Panda Mech es un fabricante de semirremolques de plataforma plana extensible de 24\/25 metros de China. Suministramos semirremolques de plataforma plana extensible de 24\/25 metros para la venta. Los fabricantes de Panda Mech han tenido \u00e9xito en el sudeste asi\u00e1tico, Oriente Medio, \u00c1frica y Am\u00e9rica del Sur, como Filipinas, Tanzania, Costa de Marfil, etc ...<\/p>\n<p style=\"text-align: center;\"><a class=\"product_button\" href=\"#elementor-action%3Aaction%3Dpopup%3Aopen%26settings%3DeyJpZCI6Ijk5MDciLCJ0b2dnbGUiOmZhbHNlfQ%3D%3D\">Solicitar presupuesto<\/a><\/p>","protected":false},"excerpt":{"rendered":"<p>Tipo: Remolque de carga de plataforma extensible 24\/25M<\/p>\n<p>Gama de precios: $12.900-23.500<\/p>\n<p>Plazo de entrega: 7-25 d\u00edas<\/p>\n<p>Capacidad de carga: 70 toneladas<\/p>\n<p>Aplicaci\u00f3n: transporte de carga a granel y contenedores<\/p>","protected":false},"featured_media":58037,"template":"","meta":{"_acf_changed":false,"_kad_blocks_custom_css":"","_kad_blocks_head_custom_js":"","_kad_blocks_body_custom_js":"","_kad_blocks_footer_custom_js":"","_kad_post_transparent":"default","_kad_post_title":"","_kad_post_layout":"default","_kad_post_sidebar_id":"","_kad_post_content_style":"default","_kad_post_vertical_padding":"default","_kad_post_feature":"","_kad_post_feature_position":"","_kad_post_header":false,"_kad_post_footer":false,"_kad_post_classname":""},"product_brand":[],"product_cat":[77],"product_tag":[],"class_list":{"0":"post-32311","1":"product","2":"type-product","3":"status-publish","4":"has-post-thumbnail","6":"product_cat-flatbed-semi-trailer","8":"first","9":"instock","10":"sold-individually","11":"shipping-taxable","12":"purchasable","13":"product-type-simple","14":"entry","15":"content-bg","16":"loop-entry"},"acf":[],"taxonomy_info":{"product_cat":[{"value":77,"label":"Flatbed Semi Trailer"}]},"featured_image_src_large":["https:\/\/www.pandamech.com\/wp-content\/uploads\/2022\/09\/Extendable-flatbed-3-500x500.jpg",500,500,true],"author_info":[],"comment_info":"","_links":{"self":[{"href":"https:\/\/www.pandamech.com\/spanish\/wp-json\/wp\/v2\/product\/32311","targetHints":{"allow":["GET"]}}],"collection":[{"href":"https:\/\/www.pandamech.com\/spanish\/wp-json\/wp\/v2\/product"}],"about":[{"href":"https:\/\/www.pandamech.com\/spanish\/wp-json\/wp\/v2\/types\/product"}],"version-history":[{"count":1,"href":"https:\/\/www.pandamech.com\/spanish\/wp-json\/wp\/v2\/product\/32311\/revisions"}],"predecessor-version":[{"id":91457,"href":"https:\/\/www.pandamech.com\/spanish\/wp-json\/wp\/v2\/product\/32311\/revisions\/91457"}],"wp:featuredmedia":[{"embeddable":true,"href":"https:\/\/www.pandamech.com\/spanish\/wp-json\/wp\/v2\/media\/58037"}],"wp:attachment":[{"href":"https:\/\/www.pandamech.com\/spanish\/wp-json\/wp\/v2\/media?parent=32311"}],"wp:term":[{"taxonomy":"product_brand","embeddable":true,"href":"https:\/\/www.pandamech.com\/spanish\/wp-json\/wp\/v2\/product_brand?post=32311"},{"taxonomy":"product_cat","embeddable":true,"href":"https:\/\/www.pandamech.com\/spanish\/wp-json\/wp\/v2\/product_cat?post=32311"},{"taxonomy":"product_tag","embeddable":true,"href":"https:\/\/www.pandamech.com\/spanish\/wp-json\/wp\/v2\/product_tag?post=32311"}],"curies":[{"name":"wp","href":"https:\/\/api.w.org\/{rel}","templated":true}]}}