{"id":32309,"date":"2022-09-24T15:26:48","date_gmt":"2022-09-24T07:26:48","guid":{"rendered":"https:\/\/pandamech.com\/product\/12-12-5-metre-flat-bed-deck-semi-truck-semi-trailer"},"modified":"2025-08-23T01:07:30","modified_gmt":"2025-08-22T17:07:30","slug":"12-12-5-metre-flat-bed-deck-semi-truck-semi-trailer","status":"publish","type":"product","link":"https:\/\/www.pandamech.com\/spanish\/product\/12-12-5-metre-flat-bed-deck-semi-truck-semi-trailer\/","title":{"rendered":"Semirremolque de plataforma plana de 12\/12,5 metros"},"content":{"rendered":"<p>El remolque de plataforma es un tipo de veh\u00edculo grande que es muy adecuado para el transporte de carga s\u00faper grande y s\u00faper ancha y s\u00faper alta, porque est\u00e1 dise\u00f1ado sin deflectores laterales alrededor, y tiene una capacidad de carga relativamente alta.<\/p>\n<p>Remolque de plataforma es muy flexible cuando la carga, se puede cargar en todas las direcciones de remolque de plataforma, f\u00e1cil de cargar, f\u00e1cil de descargar, para las empresas de transporte y las personas dedicadas a la carga de larga y corta distancia, la mayor\u00eda de ellos est\u00e1n muy familiarizados con <span style=\"color: #0000ff;\"><a style=\"color: #0000ff;\" href=\"https:\/\/www.pandamech.com\/spanish\/category\/cargo-trailer\/flatbed-semi-trailer\/\" target=\"_blank\" rel=\"noopener\">remolque plano<\/a><\/span>, Si no sabe demasiado, puede indicarnos sus necesidades y le recomendaremos el tipo y la configuraci\u00f3n m\u00e1s adecuados. Le recomendaremos el tipo y la configuraci\u00f3n m\u00e1s adecuados para usted. Estas son las cosas que le afectan directamente cuales se pueden transportar y cuales no.<\/p>\n<h2>Caracter\u00edsticas del semirremolque de plataforma plana de 12\/12,5 metros<\/h2>\n<ul>\n<li>1. Excelente tecnolog\u00eda de soldadura, la soldadura por arco sumergido autom\u00e1tico se utiliza para la soldadura, y la viga longitudinal se realiza por la m\u00e1quina de soldadura por arco sumergido de seguimiento autom\u00e1tico. 2. Todas las piezas se granallan, para mejorar la adherencia de la pintura y se pintan antes de realizar el montaje, para que la viga principal sea m\u00e1s robusta y duradera.<\/li>\n<li>2. Para garantizar la mejor estructura para el manejo de la carga y una mayor carga, el chasis est\u00e1 hecho de estructura de bastidor espacial con acero de alta resistencia, vigas longitudinales soldadas e integradas de acero 16Mn. La superficie del tablero es de rejilla de tablero de ajedrez, que puede fijar eficazmente las mercanc\u00edas y evitar que se deslicen. La cerradura de alta calidad del contenedor garantiza la estabilidad y la seguridad de la carga.<\/li>\n<li>3. Hardware avanzado: suspensi\u00f3n de muelle de m\u00faltiples capas de ensanchamiento, estable y duradera, con capas adicionales para garantizar la estabilidad y la seguridad. Se seleccionan ejes nacionales e importados de alto rendimiento, y el sistema ABS es opcional, lo que mejora en gran medida la seguridad de conducci\u00f3n.<\/li>\n<li>4. La carrocer\u00eda est\u00e1 recubierta de poliuretano, que tiene la ventaja de hacer que la propia carrocer\u00eda sea menos propensa a la oxidaci\u00f3n y que la carrocer\u00eda sea m\u00e1s bella. Al mismo tiempo, la nueva suspensi\u00f3n de la fuerza r\u00edgida y resistencia al impacto utilizando el dise\u00f1o de enlace, con el tiempo en los pa\u00edses con carreteras en mal estado, tambi\u00e9n tendr\u00e1 un buen rendimiento, lo que prolonga la vida \u00fatil de <span style=\"color: #0000ff;\"><a style=\"color: #0000ff;\" href=\"https:\/\/www.pandamech.com\/spanish\/category\/cargo-trailer\/flatbed-semi-trailer\/\" target=\"_blank\" rel=\"noopener\">semirremolque plano<\/a><\/span>.<\/li>\n<\/ul>\n<p style=\"text-align: center;\"><a class=\"product_button\" href=\"#elementor-action%3Aaction%3Dpopup%3Aopen%26settings%3DeyJpZCI6Ijk5MDciLCJ0b2dnbGUiOmZhbHNlfQ%3D%3D\">Haga clic para m\u00e1s detalles<\/a><\/p>\n<h2>Especificaciones del semirremolque de plataforma plana de 12\/12,5 metros<\/h2>\n<table style=\"width: 800px;\" border=\"1\" cellspacing=\"1\" cellpadding=\"1\">\n<tbody>\n<tr>\n<td width=\"297\">Ejes<\/td>\n<td width=\"484\">3 ejes, marca BPW\/SAF\/FUWA<\/td>\n<\/tr>\n<tr>\n<td width=\"297\">Dimensiones<\/td>\n<td width=\"484\">12000\/12500*2500*1500 mm<\/td>\n<\/tr>\n<tr>\n<td width=\"297\">Capacidad<\/td>\n<td width=\"484\">40 toneladas<\/td>\n<\/tr>\n<tr>\n<td width=\"297\">Peso<\/td>\n<td width=\"484\">7-8,5 toneladas<\/td>\n<\/tr>\n<tr>\n<td width=\"297\">Cierre giratorio<\/td>\n<td width=\"484\">4-8 series<\/td>\n<\/tr>\n<tr>\n<td width=\"297\">Material<\/td>\n<td width=\"484\">Vigas principales Q345B, brida superior:14mm, media:8mm, inferior:16mm<\/td>\n<\/tr>\n<tr>\n<td width=\"297\">Alfiler de rey<\/td>\n<td width=\"484\">2 pulgadas o 3,5 pulgadas Marca JOST<\/td>\n<\/tr>\n<tr>\n<td width=\"297\">Suspensi\u00f3n<\/td>\n<td width=\"484\">Suspensi\u00f3n mec\u00e1nica con airbag<\/td>\n<\/tr>\n<tr>\n<td width=\"297\" height=\"36\">Neum\u00e1tico<\/td>\n<td width=\"484\">11.00R20, 12.00R20, 12R22.5, 385\/65R22.5 marca Triangle\/Hankook\/ Bridgestone<\/td>\n<\/tr>\n<\/tbody>\n<\/table>\n<h2>Dibujo de un remolque portacontenedores de plataforma plana de 12\/12,5 m<\/h2>\n<figure id=\"attachment_56438\" aria-describedby=\"caption-attachment-56438\" style=\"width: 800px\" class=\"wp-caption alignnone\"><img fetchpriority=\"high\" decoding=\"async\" class=\"wp-image-56438 size-full\" src=\"https:\/\/pandamech.com\/wp-content\/uploads\/2021\/08\/40ft-flatbed-trailer-drawing.jpg\" alt=\"Dibujo de un remolque de plataforma de 40 pies\" width=\"800\" height=\"532\" title=\"\" srcset=\"https:\/\/www.pandamech.com\/wp-content\/uploads\/2021\/08\/40ft-flatbed-trailer-drawing.jpg 800w, https:\/\/www.pandamech.com\/wp-content\/uploads\/2021\/08\/40ft-flatbed-trailer-drawing-300x200.jpg 300w, https:\/\/www.pandamech.com\/wp-content\/uploads\/2021\/08\/40ft-flatbed-trailer-drawing-500x333.jpg 500w, https:\/\/www.pandamech.com\/wp-content\/uploads\/2021\/08\/40ft-flatbed-trailer-drawing-18x12.jpg 18w\" sizes=\"(max-width: 800px) 100vw, 800px\" \/><figcaption id=\"caption-attachment-56438\" class=\"wp-caption-text\"><span style=\"font-family: var(--global-body-font-family); font-size: 16px; letter-spacing: 0.015em;\">Plano del remolque de cami\u00f3n de plataforma 12\/12,5 m<\/span><\/figcaption><\/figure>\n<p style=\"text-align: center;\"><a class=\"product_button\" href=\"#elementor-action%3Aaction%3Dpopup%3Aopen%26settings%3DeyJpZCI6Ijk5MDciLCJ0b2dnbGUiOmZhbHNlfQ%3D%3D\">Obtenga un presupuesto instant\u00e1neo<\/a><\/p>\n<h2>Aplicaci\u00f3n del semirremolque de plataforma plana de 12\/12,5 metros<\/h2>\n<p>El cami\u00f3n remolque de transporte de plataforma se utiliza generalmente para el transporte de contenedores, carga a granel, cemento, arroz, etc. Se utiliza principalmente para el transporte de larga distancia. Normalmente, los semirremolques de plataforma plana pueden transportar de 30 a 60 toneladas.<\/p>\n<p>Si se trata de una gran cantidad de transporte o diferentes necesidades, podemos personalizarlo o el env\u00edo de cama plana <a class=\"wpil_keyword_link\" title=\"remolque contenedor\" href=\"https:\/\/www.pandamech.com\/spanish\/category\/container-chassis\/\" target=\"_blank\" rel=\"noopener\" data-wpil-keyword-link=\"linked\">remolque contenedor<\/a> algunos veh\u00edculos deformados. Tambi\u00e9n utilizamos <span style=\"color: #0000ff;\"><a style=\"color: #0000ff;\" href=\"https:\/\/www.pandamech.com\/spanish\/product\/40-shipping-container-chassis-trailers\/\" target=\"_blank\" rel=\"noopener\">Remolque chasis contenedor de 40 pies<\/a><\/span> al contenedor de transporte.<\/p>\n<h2>Semirremolque de plataforma plana de 12\/12,5 metros im\u00e1genes<\/h2>\n<p><img decoding=\"async\" class=\"alignnone size-full\" title=\"12,5 metros de cubierta plana semirremolque tractor para la venta\" src=\"https:\/\/pandamech.com\/wp-content\/uploads\/2022\/08\/flatbed-smei-trailers-for-sale.jpg\" alt=\"semirremolque portacontenedores de 12 m\" \/><\/p>\n<p>12\/12,5 metros cama plana cami\u00f3n semirremolque para la venta - <a href=\"https:\/\/www.pandamech.com\/spanish\/product\/3-axle-40-foot-flatbed-semi-trailer\/\" target=\"_blank\" rel=\"noopener\"><span style=\"color: #0000ff;\">Remolque de plataforma de 40 pies<\/span><\/a><\/p>\n<p><img decoding=\"async\" class=\"alignnone size-full\" title=\"Semirremolque de plataforma plana de 12\/12,5 m\" src=\"https:\/\/pandamech.com\/wp-content\/uploads\/2022\/08\/flatbed-semi-trailer-for-sale7.jpg\" alt=\"Semirremolque de plataforma plana de 12\/12,5 m\" \/><\/p>\n<p>12\/12,5 metros cama plana de carga semirremolque precio<\/p>\n<p><img decoding=\"async\" class=\"alignnone size-full\" title=\"Fabricante de semirremolques de plataforma plana de 12\/12,5 metros\" src=\"https:\/\/pandamech.com\/wp-content\/uploads\/2022\/08\/\u66f4\u591a\u56fe\u72475.jpg\" alt=\"Fabricante de semirremolques de plataforma plana de 12\/12,5 metros\" \/><\/p>\n<p>Fabricante de semirremolques de plataforma plana de 12\/12,5 metros<\/p>\n<p>Relacionado: <a href=\"https:\/\/www.pandamech.com\/spanish\/product\/3-axle-40-foot-flatbed-semi-trailer\/\" target=\"_blank\" rel=\"noopener\"><span style=\"color: #0000ff;\">semirremolque de plataforma de 40 pies<\/span><\/a>, <a href=\"https:\/\/www.pandamech.com\/spanish\/product\/4-axle-flatbed-trailer-for-sale\/\" target=\"_blank\" rel=\"noopener\"><span style=\"color: #0000ff;\">Remolque de plataforma de 4 ejes<\/span><\/a><\/p>\n<p style=\"text-align: center;\"><a class=\"product_button\" href=\"#elementor-action%3Aaction%3Dpopup%3Aopen%26settings%3DeyJpZCI6Ijk5MDciLCJ0b2dnbGUiOmZhbHNlfQ%3D%3D\">Haga clic para m\u00e1s detalles<\/a><\/p>\n<h2>Transporte de semirremolques de plataforma plana<\/h2>\n<p>Cuando el transporte de semirremolque plataforma de 4 ejes, muchos clientes optar\u00e1n por utilizar el transporte de contenedores, ya que esto puede tener menores costos de transporte y menor tiempo de transporte.<\/p>\n<p>Semirremolques de plataforma plana se utilizan generalmente para los buques de carga a granel o ro-ro para el transporte. Nos aseguraremos de que los semirremolques comerciales de plataforma plana Panda Mech sean encerados y cubiertos con lonas cuando los buques de carga sean a granel. (<a href=\"https:\/\/www.pandamech.com\/spanish\/product\/superlink-trailer-for-sale\/\" target=\"_blank\" rel=\"noopener\"><span style=\"color: #0000ff;\">superlink remolque de plataforma en venta<\/span><\/a>)<\/p>\n<p><img decoding=\"async\" class=\"alignnone size-full\" title=\"semirremolque de plataforma plana\" src=\"https:\/\/pandamech.com\/wp-content\/uploads\/2022\/08\/flatbed-semi-trailer-transport4.jpg\" alt=\"plataforma semirremolque transporte\" \/><\/p>\n<p>plataforma semirremolque cami\u00f3n transporte<\/p>\n<p style=\"text-align: center;\"><a class=\"product_button\" href=\"#elementor-action%3Aaction%3Dpopup%3Aopen%26settings%3DeyJpZCI6Ijk5MDciLCJ0b2dnbGUiOmZhbHNlfQ%3D%3D\">M\u00e1s detalles<\/a><\/p>\n<h2>Panda Mech<\/h2>\n<p>Panda Mech es un fabricante de semirremolques de plataforma plana de 12\/12.5 metros de China. Suministramos semirremolques de plataforma plana de 12\/12.5 metros para la venta. Los fabricantes de Panda Mech han tenido \u00e9xito en el sudeste asi\u00e1tico, Oriente Medio, \u00c1frica y Am\u00e9rica del Sur, como Filipinas, Tanzania, Costa de Marfil, etc ...<\/p>\n<p style=\"text-align: center;\"><a class=\"product_button\" href=\"#elementor-action%3Aaction%3Dpopup%3Aopen%26settings%3DeyJpZCI6Ijk5MDciLCJ0b2dnbGUiOmZhbHNlfQ%3D%3D\">Solicitar presupuesto<\/a><\/p>","protected":false},"excerpt":{"rendered":"<p>Tipo: Remolque de plataforma de 12 metros<\/p>\n<p>Gama de precios: $9,190-14,500<\/p>\n<p>Plazo de entrega: 7-25 d\u00edas<\/p>\n<p>Capacidad de carga: 70 toneladas<\/p>\n<p>Aplicaci\u00f3n: transporte de carga a granel y contenedores<\/p>","protected":false},"featured_media":57777,"template":"","meta":{"_acf_changed":false,"_kad_blocks_custom_css":"","_kad_blocks_head_custom_js":"","_kad_blocks_body_custom_js":"","_kad_blocks_footer_custom_js":"","_kad_post_transparent":"default","_kad_post_title":"","_kad_post_layout":"default","_kad_post_sidebar_id":"","_kad_post_content_style":"default","_kad_post_vertical_padding":"default","_kad_post_feature":"","_kad_post_feature_position":"","_kad_post_header":false,"_kad_post_footer":false,"_kad_post_classname":""},"product_brand":[],"product_cat":[15],"product_tag":[],"class_list":{"0":"post-32309","1":"product","2":"type-product","3":"status-publish","4":"has-post-thumbnail","6":"product_cat-uncategorized","8":"first","9":"instock","10":"sold-individually","11":"shipping-taxable","12":"purchasable","13":"product-type-simple","14":"entry","15":"content-bg","16":"loop-entry"},"acf":[],"taxonomy_info":{"product_cat":[{"value":15,"label":"Uncategorized"}]},"featured_image_src_large":["https:\/\/www.pandamech.com\/wp-content\/uploads\/2022\/08\/2-800-500x500.jpg",500,500,true],"author_info":[],"comment_info":"","_links":{"self":[{"href":"https:\/\/www.pandamech.com\/spanish\/wp-json\/wp\/v2\/product\/32309","targetHints":{"allow":["GET"]}}],"collection":[{"href":"https:\/\/www.pandamech.com\/spanish\/wp-json\/wp\/v2\/product"}],"about":[{"href":"https:\/\/www.pandamech.com\/spanish\/wp-json\/wp\/v2\/types\/product"}],"version-history":[{"count":1,"href":"https:\/\/www.pandamech.com\/spanish\/wp-json\/wp\/v2\/product\/32309\/revisions"}],"predecessor-version":[{"id":91307,"href":"https:\/\/www.pandamech.com\/spanish\/wp-json\/wp\/v2\/product\/32309\/revisions\/91307"}],"wp:featuredmedia":[{"embeddable":true,"href":"https:\/\/www.pandamech.com\/spanish\/wp-json\/wp\/v2\/media\/57777"}],"wp:attachment":[{"href":"https:\/\/www.pandamech.com\/spanish\/wp-json\/wp\/v2\/media?parent=32309"}],"wp:term":[{"taxonomy":"product_brand","embeddable":true,"href":"https:\/\/www.pandamech.com\/spanish\/wp-json\/wp\/v2\/product_brand?post=32309"},{"taxonomy":"product_cat","embeddable":true,"href":"https:\/\/www.pandamech.com\/spanish\/wp-json\/wp\/v2\/product_cat?post=32309"},{"taxonomy":"product_tag","embeddable":true,"href":"https:\/\/www.pandamech.com\/spanish\/wp-json\/wp\/v2\/product_tag?post=32309"}],"curies":[{"name":"wp","href":"https:\/\/api.w.org\/{rel}","templated":true}]}}