{"id":32285,"date":"2022-09-22T18:11:39","date_gmt":"2022-09-22T10:11:39","guid":{"rendered":"https:\/\/pandamech.com\/product\/20-ft-flat-bed-truck-trailer"},"modified":"2025-08-23T01:07:30","modified_gmt":"2025-08-22T17:07:30","slug":"20-ft-flat-bed-truck-trailer","status":"publish","type":"product","link":"https:\/\/www.pandamech.com\/spanish\/product\/20-ft-flat-bed-truck-trailer\/","title":{"rendered":"20 Ft cama plana Cami\u00f3n Remolque"},"content":{"rendered":"<p>El semirremolque de plataforma plana es un tipo de semirremolque que suele utilizarse para transportar contenedores o carga a granel entre terminales e instalaciones de env\u00edo, y <span style=\"color: #0000ff;\"><a style=\"color: #0000ff;\" href=\"https:\/\/www.pandamech.com\/spanish\/category\/container-chassis\/container-chassis-trailer\/\" target=\"_blank\" rel=\"noopener\">chasis de contenedor<\/a><\/span> tambi\u00e9n se utilizan para el transporte de contenedores. con front\u00f3n, remolque de pared lateral, semirremolque de valla, etc.<\/p>\n<p>El remolque de cami\u00f3n de carga de plataforma es el m\u00e1s utilizado para transportar contenedores de 20 pies y 40 pies, tiene 4-12 juegos de cerraduras, porque cada contenedor tendr\u00e1 cuatro esquinas correspondientes a la ubicaci\u00f3n, despu\u00e9s de que el contenedor se pone en el remolque de cami\u00f3n de plataforma, utilice la cerradura de giro para fijar el contenedor en el remolque de transporte de plataforma, para asegurar que el contenedor no se mover\u00e1 en el proceso de transporte para evitar el peligro.<\/p>\n<h2>20 Ft cubierta plana semi remolque caracter\u00edsticas<\/h2>\n<ul>\n<li>1. El dise\u00f1o de la viga principal en I hace que el remolque de plataforma sea m\u00e1s robusto y duradero.<\/li>\n<li>2. Asistido por ordenador, dise\u00f1o de optimizaci\u00f3n prioritaria y an\u00e1lisis de elementos finitos en funci\u00f3n de la carga.<\/li>\n<li>3. Proceso de arco sumergido autom\u00e1tico con asistencia de soldadura manual cualificada para garantizar una soldadura perfecta.<\/li>\n<li>4. M\u00e1s de 150 procedimientos de inspecci\u00f3n de calidad tras la producci\u00f3n.<\/li>\n<\/ul>\n<p style=\"text-align: center;\"><a class=\"product_button\" href=\"#elementor-action%3Aaction%3Dpopup%3Aopen%26settings%3DeyJpZCI6Ijk5MDciLCJ0b2dnbGUiOmZhbHNlfQ%3D%3D\">Haga clic para m\u00e1s detalles<\/a><\/p>\n<h2>Especificaciones del semirremolque de plataforma plana de 20 pies<\/h2>\n<table style=\"width: 800px;\" border=\"1\" cellspacing=\"1\" cellpadding=\"1\">\n<tbody>\n<tr>\n<td width=\"297\">Ejes<\/td>\n<td width=\"484\">2 ejes, marca BPW\/SAF\/FUWA<\/td>\n<\/tr>\n<tr>\n<td width=\"297\">Dimensiones<\/td>\n<td width=\"484\">10500*2500*1500 mm<\/td>\n<\/tr>\n<tr>\n<td width=\"297\">Capacidad<\/td>\n<td width=\"484\">40 toneladas<\/td>\n<\/tr>\n<tr>\n<td width=\"297\">Peso<\/td>\n<td width=\"484\">7-8,5 toneladas<\/td>\n<\/tr>\n<tr>\n<td width=\"297\">Cierre giratorio<\/td>\n<td width=\"484\">4-8 series<\/td>\n<\/tr>\n<tr>\n<td width=\"297\">Material<\/td>\n<td width=\"484\">Vigas principales Q345B, brida superior:14mm, media:8mm, inferior:16mm<\/td>\n<\/tr>\n<tr>\n<td width=\"297\">Alfiler de rey<\/td>\n<td width=\"484\">2 pulgadas o 3,5 pulgadas Marca JOST<\/td>\n<\/tr>\n<tr>\n<td width=\"297\">Suspensi\u00f3n<\/td>\n<td width=\"484\">Suspensi\u00f3n mec\u00e1nica con airbag<\/td>\n<\/tr>\n<tr>\n<td width=\"297\" height=\"36\">Neum\u00e1tico<\/td>\n<td width=\"484\">11.00R20, 12.00R20,12R22.5, 385\/65R22.5 Triangle\/Hankook\/ Marca Bridgestone<\/td>\n<\/tr>\n<\/tbody>\n<\/table>\n<p style=\"text-align: center;\"><a class=\"product_button\" href=\"#elementor-action%3Aaction%3Dpopup%3Aopen%26settings%3DeyJpZCI6Ijk5MDciLCJ0b2dnbGUiOmZhbHNlfQ%3D%3D\">Obtenga un presupuesto instant\u00e1neo<\/a><\/p>\n<h2>Aplicaci\u00f3n de semirremolque de plataforma plana de 20 pies<\/h2>\n<p>En <span style=\"color: #0000ff;\"><a style=\"color: #0000ff;\" href=\"https:\/\/www.pandamech.com\/spanish\/category\/cargo-trailer\/flatbed-semi-trailer\/\" target=\"_blank\" rel=\"noopener\">remolque de transporte plano<\/a><\/span> se utiliza generalmente para transportar contenedores, carga a granel, cemento, arroz, etc. Se utiliza principalmente para el transporte de larga distancia. Normalmente, los semirremolques de plataforma plana pueden transportar entre 30 y 60 toneladas.<\/p>\n<p>Si se trata de una gran cantidad de transporte o diferentes necesidades, podemos personalizarlo o el env\u00edo de cama plana <a class=\"wpil_keyword_link\" title=\"remolque contenedor\" href=\"https:\/\/www.pandamech.com\/spanish\/category\/container-chassis\/\" target=\"_blank\" rel=\"noopener\" data-wpil-keyword-link=\"linked\">remolque contenedor<\/a> algunos veh\u00edculos deformados. Tambi\u00e9n utilizamos <span style=\"color: #0000ff;\"><a style=\"color: #0000ff;\" href=\"https:\/\/www.pandamech.com\/spanish\/product\/40-shipping-container-chassis-trailers\/\" target=\"_blank\" rel=\"noopener\">Remolque chasis contenedor de 40 pies<\/a><\/span> al contenedor de transporte.<\/p>\n<h2>20 Ft cubierta plana semi remolque im\u00e1genes<\/h2>\n<p><img decoding=\"async\" class=\"alignnone size-full\" title=\"Semirremolque de plataforma de 20 pies\" src=\"https:\/\/pandamech.com\/wp-content\/uploads\/2022\/10\/flat-bed-trailer-7.jpg\" alt=\"Semirremolque de plataforma de 20 pies\" \/><\/p>\n<p>20 'cami\u00f3n de plataforma semirremolque para la venta<\/p>\n<p><img decoding=\"async\" class=\"alignnone size-full\" title=\"remolque tractor contenedor plano de 20 pies\" src=\"https:\/\/pandamech.com\/wp-content\/uploads\/2022\/10\/flat-bed-trailer-8.jpg\" alt=\"remolque tractor contenedor plano de 20 pies\" \/><\/p>\n<p>Remolque de plataforma de 20 pies precio<\/p>\n<p><img decoding=\"async\" class=\"alignnone size-full\" title=\"20ft semirremolque de plataforma para la venta\" src=\"https:\/\/pandamech.com\/wp-content\/uploads\/2022\/10\/flat-bed-trailer-9.jpg\" alt=\"20ft semirremolque de plataforma para la venta\" \/><\/p>\n<p>20 pies <a class=\"wpil_keyword_link\" title=\"semirremolque de plataforma plana\" href=\"https:\/\/www.pandamech.com\/category\/flat-deck-semi-trailer\/\" target=\"_blank\" rel=\"noopener\" data-wpil-keyword-link=\"linked\">semirremolque de plataforma plana<\/a> fabricante<\/p>\n<p>Relacionado: <a href=\"https:\/\/www.pandamech.com\/spanish\/product\/4-axle-platform-truck-trailer\/\" target=\"_blank\" rel=\"noopener\"><span style=\"color: #0000ff;\">Semirremolque plataforma 4 ejes<\/span><\/a>, <a href=\"https:\/\/www.pandamech.com\/spanish\/product\/3-axle-platform-semi-trailer\/\" target=\"_blank\" rel=\"noopener\"><span style=\"color: #0000ff;\">Cami\u00f3n remolque con plataforma de 3 ejes<\/span><\/a>, <span style=\"color: #0000ff;\"><a style=\"color: #0000ff;\" href=\"https:\/\/www.pandamech.com\/spanish\/category\/container-chassis\/container-chassis-trailer\/\" target=\"_blank\" rel=\"noopener\">chasis de contenedor<\/a><\/span><\/p>\n<p style=\"text-align: center;\"><a class=\"product_button\" href=\"#elementor-action%3Aaction%3Dpopup%3Aopen%26settings%3DeyJpZCI6Ijk5MDciLCJ0b2dnbGUiOmZhbHNlfQ%3D%3D\">Haga clic para m\u00e1s detalles<\/a><\/p>\n<h2>Transporte de semirremolques de plataforma plana<\/h2>\n<p>Al transportar semirremolques de plataforma de 4 ejes, muchos clientes optar\u00e1n por utilizar el transporte de contenedores, ya que esto puede tener menores costos de transporte y menor tiempo de transporte.<\/p>\n<p>Semirremolques de plataforma plana se utilizan generalmente para los buques de carga a granel o ro-ro para el transporte. Nos aseguraremos de que Panda Mech comercial semirremolques de plataforma plana ser\u00e1 encerado y cubierto con lonas cuando los buques de carga a granel.<\/p>\n<p><img decoding=\"async\" class=\"alignnone size-full\" title=\"semirremolque de plataforma plana\" src=\"https:\/\/pandamech.com\/wp-content\/uploads\/2022\/08\/flatbed-semi-trailer-transport4.jpg\" alt=\"plataforma semirremolque transporte\" \/><\/p>\n<p>semirremolque semirremolque de plataforma<\/p>\n<p style=\"text-align: center;\"><a class=\"product_button\" href=\"#elementor-action%3Aaction%3Dpopup%3Aopen%26settings%3DeyJpZCI6Ijk5MDciLCJ0b2dnbGUiOmZhbHNlfQ%3D%3D\">M\u00e1s detalles<\/a><\/p>\n<h2>Panda Mech<\/h2>\n<p>Panda Mech es un conocido fabricante de semirremolques de plataforma plana en China, ofreciendo semirremolques de plataforma plana de 20 pies para la venta. Vamos a personalizar de acuerdo a sus necesidades y las leyes locales, independientemente de sus preguntas sobre el remolque de cami\u00f3n de plataforma plana de 20 pies. Por favor, env\u00ede un correo electr\u00f3nico a <a href=\"mailto:sales@pandamech.com\">sales@pandamech.com<\/a>.<\/p>\n<p>Los fabricantes de Panda Mech han tenido \u00e9xito en el Sudeste Asi\u00e1tico, Oriente Medio, \u00c1frica y Sudam\u00e9rica, como Filipinas, Tanzania, Costa de Marfil, etc.<\/p>\n<p style=\"text-align: center;\"><a class=\"product_button\" href=\"#elementor-action%3Aaction%3Dpopup%3Aopen%26settings%3DeyJpZCI6Ijk5MDciLCJ0b2dnbGUiOmZhbHNlfQ%3D%3D\">Solicitar presupuesto<\/a><\/p>","protected":false},"excerpt":{"rendered":"<p>Tipo: Remolque tractor de plataforma de 20 pies<\/p>\n<p>Gama de precios: $8,090-13,500<\/p>\n<p>Plazo de entrega: 7-25 d\u00edas<\/p>\n<p>Capacidad de carga: 40 toneladas<\/p>\n<p>Aplicaci\u00f3n: carga a granel, contenedores<\/p>","protected":false},"featured_media":58362,"template":"","meta":{"_acf_changed":false,"_kad_blocks_custom_css":"","_kad_blocks_head_custom_js":"","_kad_blocks_body_custom_js":"","_kad_blocks_footer_custom_js":"","_kad_post_transparent":"default","_kad_post_title":"","_kad_post_layout":"default","_kad_post_sidebar_id":"","_kad_post_content_style":"default","_kad_post_vertical_padding":"default","_kad_post_feature":"","_kad_post_feature_position":"","_kad_post_header":false,"_kad_post_footer":false,"_kad_post_classname":""},"product_brand":[],"product_cat":[15],"product_tag":[60],"class_list":{"0":"post-32285","1":"product","2":"type-product","3":"status-publish","4":"has-post-thumbnail","6":"product_cat-uncategorized","7":"product_tag-3-axle-trailer","9":"first","10":"instock","11":"sold-individually","12":"shipping-taxable","13":"purchasable","14":"product-type-simple","15":"entry","16":"content-bg","17":"loop-entry"},"acf":[],"taxonomy_info":{"product_cat":[{"value":15,"label":"Uncategorized"}],"product_tag":[{"value":60,"label":"3 Axle Trailer"}]},"featured_image_src_large":["https:\/\/www.pandamech.com\/wp-content\/uploads\/2022\/10\/flat-bed-trailer-2-500x500.jpg",500,500,true],"author_info":[],"comment_info":"","_links":{"self":[{"href":"https:\/\/www.pandamech.com\/spanish\/wp-json\/wp\/v2\/product\/32285","targetHints":{"allow":["GET"]}}],"collection":[{"href":"https:\/\/www.pandamech.com\/spanish\/wp-json\/wp\/v2\/product"}],"about":[{"href":"https:\/\/www.pandamech.com\/spanish\/wp-json\/wp\/v2\/types\/product"}],"version-history":[{"count":1,"href":"https:\/\/www.pandamech.com\/spanish\/wp-json\/wp\/v2\/product\/32285\/revisions"}],"predecessor-version":[{"id":91309,"href":"https:\/\/www.pandamech.com\/spanish\/wp-json\/wp\/v2\/product\/32285\/revisions\/91309"}],"wp:featuredmedia":[{"embeddable":true,"href":"https:\/\/www.pandamech.com\/spanish\/wp-json\/wp\/v2\/media\/58362"}],"wp:attachment":[{"href":"https:\/\/www.pandamech.com\/spanish\/wp-json\/wp\/v2\/media?parent=32285"}],"wp:term":[{"taxonomy":"product_brand","embeddable":true,"href":"https:\/\/www.pandamech.com\/spanish\/wp-json\/wp\/v2\/product_brand?post=32285"},{"taxonomy":"product_cat","embeddable":true,"href":"https:\/\/www.pandamech.com\/spanish\/wp-json\/wp\/v2\/product_cat?post=32285"},{"taxonomy":"product_tag","embeddable":true,"href":"https:\/\/www.pandamech.com\/spanish\/wp-json\/wp\/v2\/product_tag?post=32285"}],"curies":[{"name":"wp","href":"https:\/\/api.w.org\/{rel}","templated":true}]}}