{"id":32284,"date":"2022-09-21T18:11:38","date_gmt":"2022-09-21T10:11:38","guid":{"rendered":"https:\/\/pandamech.com\/product\/4-axle-platform-truck-trailer"},"modified":"2025-08-23T01:07:30","modified_gmt":"2025-08-22T17:07:30","slug":"4-axle-platform-truck-trailer","status":"publish","type":"product","link":"https:\/\/www.pandamech.com\/spanish\/product\/4-axle-platform-truck-trailer\/","title":{"rendered":"Cami\u00f3n remolque con plataforma de 4 ejes"},"content":{"rendered":"<p>Plataforma cami\u00f3n remolque es una buena herramienta para el transporte de materiales de construcci\u00f3n y contenedores, es un t\u00edpico equipo de cubierta abierta, remolque contenedor plataforma ordinaria es sin deflector lateral, utilizado principalmente para el transporte de maquinaria, contenedores, suministros de construcci\u00f3n, o equipo, como algunos de gran tama\u00f1o super ancho, carga irregular, sin deflector alrededor del dise\u00f1o, por lo que es m\u00e1s conveniente para descargar la carga.<\/p>\n<p>Plataforma tractor semirremolque en s\u00ed est\u00e1 abierto, por lo que las mercanc\u00edas transportadas por remolque de plataforma puede verse afectada por algunas inclemencias del tiempo, para algunas mercanc\u00edas no pueden ser sometidos a la lluvia, trate de no utilizar el remolque de carga plana de usar. Con la versatilidad de remolque plataforma de camiones, semirremolque plataforma es muy popular, el remolque contenedor plataforma m\u00e1s com\u00fan es de 3 ejes de 40 pies, que es muy ideal para todas las obras de construcci\u00f3n cuando el transporte. (<span style=\"color: #0000ff;\"><a style=\"color: #0000ff;\" href=\"https:\/\/www.pandamech.com\/spanish\/product\/superlink-trailer-for-sale\/\" target=\"_blank\" rel=\"noopener\">superlink remolque de plataforma<\/a><\/span>)<\/p>\n<h2>Caracter\u00edsticas del remolque de cami\u00f3n con plataforma de 4 ejes<\/h2>\n<ul>\n<li>1. La viga principal est\u00e1 dise\u00f1ada como viga en I, que es m\u00e1s resistente y duradera.<\/li>\n<li>2. Utilice la m\u00e1quina enderezadora hidr\u00e1ulica autom\u00e1tica de vigas en I con mayor precisi\u00f3n para trabajar.<\/li>\n<li>3. Estructura estable y duradera.<\/li>\n<li>4. Cooperaci\u00f3n con proveedores de piezas de marcas famosas para prolongar la vida \u00fatil.<\/li>\n<\/ul>\n<p style=\"text-align: center;\"><a class=\"product_button\" href=\"#elementor-action%3Aaction%3Dpopup%3Aopen%26settings%3DeyJpZCI6Ijk5MDciLCJ0b2dnbGUiOmZhbHNlfQ%3D%3D\">Haga clic para m\u00e1s detalles<\/a><\/p>\n<h2>Especificaciones del remolque de cami\u00f3n con plataforma de 4 ejes<\/h2>\n<table style=\"width: 800px;\" border=\"1\" cellspacing=\"1\" cellpadding=\"1\">\n<tbody>\n<tr>\n<td width=\"297\">Ejes<\/td>\n<td width=\"484\">4 ejes, marca BPW\/SAF\/FUWA<\/td>\n<\/tr>\n<tr>\n<td width=\"297\">Dimensiones<\/td>\n<td width=\"484\">12500*2500*1500 mm<\/td>\n<\/tr>\n<tr>\n<td width=\"297\">Capacidad<\/td>\n<td width=\"484\">70 toneladas<\/td>\n<\/tr>\n<tr>\n<td width=\"297\">Peso<\/td>\n<td width=\"484\">7-9,5 toneladas<\/td>\n<\/tr>\n<tr>\n<td width=\"297\">Cierre giratorio<\/td>\n<td width=\"484\">8-12 series<\/td>\n<\/tr>\n<tr>\n<td width=\"297\">Material<\/td>\n<td width=\"484\">Vigas principales Q345B, brida superior:14mm, media:8mm, inferior:16mm<\/td>\n<\/tr>\n<tr>\n<td width=\"297\">Alfiler de rey<\/td>\n<td width=\"484\">2 pulgadas o 3,5 pulgadas Marca JOST<\/td>\n<\/tr>\n<tr>\n<td width=\"297\">Suspensi\u00f3n<\/td>\n<td width=\"484\">Suspensi\u00f3n mec\u00e1nica con airbag<\/td>\n<\/tr>\n<tr>\n<td width=\"297\" height=\"36\">Neum\u00e1tico<\/td>\n<td width=\"484\">11.00R20, 12.00R20,12R22.5, 385\/65R22.5 Triangle\/Hankook\/ Marca Bridgestone<\/td>\n<\/tr>\n<\/tbody>\n<\/table>\n<p style=\"text-align: center;\"><a class=\"product_button\" href=\"#elementor-action%3Aaction%3Dpopup%3Aopen%26settings%3DeyJpZCI6Ijk5MDciLCJ0b2dnbGUiOmZhbHNlfQ%3D%3D\">Obtenga un presupuesto instant\u00e1neo<\/a><\/p>\n<h2>Aplicaci\u00f3n del remolque plataforma de 4 ejes<\/h2>\n<p>El remolque plataforma de transporte se utiliza generalmente para el transporte de contenedores, carga a granel, cemento, arroz, etc. Se utiliza principalmente para el transporte de larga distancia. Normalmente, los semirremolques de plataforma plana pueden transportar de 30 a 60 toneladas.<\/p>\n<p>Si se trata de una gran cantidad de transporte o diferentes necesidades, podemos personalizarlo o el env\u00edo de cama plana <a class=\"wpil_keyword_link\" title=\"remolque contenedor\" href=\"https:\/\/www.pandamech.com\/spanish\/category\/container-chassis\/\" target=\"_blank\" rel=\"noopener\" data-wpil-keyword-link=\"linked\">remolque contenedor<\/a> algunos veh\u00edculos deformados. Tambi\u00e9n utilizamos <span style=\"color: #0000ff;\"><a style=\"color: #0000ff;\" href=\"https:\/\/www.pandamech.com\/spanish\/product\/40-shipping-container-chassis-trailers\/\" target=\"_blank\" rel=\"noopener\">Remolque chasis contenedor de 40 pies<\/a><\/span> al contenedor de transporte.<\/p>\n<h2>Remolque de cami\u00f3n con plataforma de 4 ejes im\u00e1genes<\/h2>\n<p><img decoding=\"async\" class=\"alignnone size-full\" title=\"4 ejes de 40 pies semi remolque cama plana\" src=\"https:\/\/pandamech.com\/wp-content\/uploads\/2022\/10\/4axle-flatbed-7.jpg\" alt=\"4 ejes de 40 pies semi remolque cama plana\" \/><\/p>\n<p>qual ejes 40ft cami\u00f3n semirremolque de plataforma para la venta<\/p>\n<p><img decoding=\"async\" class=\"alignnone size-full\" title=\"remolque tractor contenedor plano de 40 pies\" src=\"https:\/\/pandamech.com\/wp-content\/uploads\/2022\/10\/4axle-flatbed-8.jpg\" alt=\"remolque tractor contenedor plano de 40 pies\" \/><\/p>\n<p>Remolque de plataforma de 4 ejes precio - <span style=\"color: #0000ff;\"><a style=\"color: #0000ff;\" href=\"https:\/\/www.pandamech.com\/spanish\/product\/3-axle-40-foot-flatbed-semi-trailer\/\" target=\"_blank\" rel=\"noopener\">Remolque de plataforma de 3 ejes<\/a><\/span><\/p>\n<p><img decoding=\"async\" class=\"alignnone size-full\" title=\"fabricante de semirremolques de plataforma de 4 ejes\" src=\"https:\/\/pandamech.com\/wp-content\/uploads\/2022\/10\/4axle-flatbed-9.jpg\" alt=\"4 ejes semirremolque de plataforma para la venta\" \/><\/p>\n<p>fabricante de remolques para camiones con plataforma de 4 ejes<\/p>\n<p style=\"text-align: center;\"><a class=\"product_button\" href=\"#elementor-action%3Aaction%3Dpopup%3Aopen%26settings%3DeyJpZCI6Ijk5MDciLCJ0b2dnbGUiOmZhbHNlfQ%3D%3D\">Haga clic para m\u00e1s detalles<\/a><\/p>\n<h2>Transporte del remolque cami\u00f3n plataforma<\/h2>\n<p>Cuando el transporte de semirremolque de plataforma de 4 ejes, muchos clientes optar\u00e1n por utilizar el transporte de contenedores, ya que esto puede tener menores costos de transporte y menor tiempo de transporte.<\/p>\n<p>Semirremolques de plataforma plana se utilizan generalmente para los buques de carga a granel o ro-ro para el transporte. Nos aseguraremos de que Panda Mech comercial semirremolques de plataforma plana ser\u00e1 encerado y cubierto con lonas cuando los buques de carga a granel.<\/p>\n<p><img decoding=\"async\" class=\"alignnone size-full\" title=\"plataforma semirremolque transporte\" src=\"https:\/\/pandamech.com\/wp-content\/uploads\/2022\/08\/flatbed-semi-trailer-transport4.jpg\" alt=\"plataforma semirremolque transporte\" \/><\/p>\n<p>plataforma semirremolque cami\u00f3n transporte<\/p>\n<p>Relacionado: <a href=\"https:\/\/www.pandamech.com\/spanish\/product\/3-axle-40-foot-flatbed-semi-trailer\/\" target=\"_blank\" rel=\"noopener\"><span style=\"color: #0000ff;\">semirremolque de plataforma de 40 pies<\/span><\/a>, <a href=\"https:\/\/www.pandamech.com\/spanish\/product\/40-shipping-container-chassis-trailers\/\" target=\"_blank\" rel=\"noopener\"><span style=\"color: #0000ff;\">Chasis de contenedor de 40 pies<\/span><\/a><\/p>\n<p style=\"text-align: center;\"><a class=\"product_button\" href=\"#elementor-action%3Aaction%3Dpopup%3Aopen%26settings%3DeyJpZCI6Ijk5MDciLCJ0b2dnbGUiOmZhbHNlfQ%3D%3D\">M\u00e1s detalles<\/a><\/p>\n<h2>Panda Mech<\/h2>\n<p>Panda Mech es un conocido fabricante de remolques de cami\u00f3n plataforma en China, ofreciendo remolques de cami\u00f3n plataforma de 4 ejes para la venta. Vamos a personalizar de acuerdo a sus necesidades y las leyes locales, independientemente de sus preguntas sobre el remolque de cami\u00f3n plataforma de 3 ejes. Por favor, env\u00ede un correo electr\u00f3nico a <a href=\"mailto:sales@pandamech.com\">sales@pandamech.com<\/a>.<\/p>\n<p>Los fabricantes de Panda Mech han tenido \u00e9xito en el Sudeste Asi\u00e1tico, Oriente Medio, \u00c1frica y Sudam\u00e9rica, como Filipinas, Tanzania, Costa de Marfil, etc.<\/p>\n<p style=\"text-align: center;\"><a class=\"product_button\" href=\"#elementor-action%3Aaction%3Dpopup%3Aopen%26settings%3DeyJpZCI6Ijk5MDciLCJ0b2dnbGUiOmZhbHNlfQ%3D%3D\">Solicitar presupuesto<\/a><\/p>","protected":false},"excerpt":{"rendered":"<p>Tipo: Remolque tractor con plataforma de 4 ejes<\/p>\n<p>Gama de precios: $8,890-14,500<\/p>\n<p>Plazo de entrega: 7-25 d\u00edas<\/p>\n<p>Capacidad de carga: 70 toneladas<\/p>\n<p>Aplicaci\u00f3n: carga a granel, contenedores<\/p>","protected":false},"featured_media":58188,"template":"","meta":{"_acf_changed":false,"_kad_blocks_custom_css":"","_kad_blocks_head_custom_js":"","_kad_blocks_body_custom_js":"","_kad_blocks_footer_custom_js":"","_kad_post_transparent":"default","_kad_post_title":"","_kad_post_layout":"default","_kad_post_sidebar_id":"","_kad_post_content_style":"default","_kad_post_vertical_padding":"default","_kad_post_feature":"","_kad_post_feature_position":"","_kad_post_header":false,"_kad_post_footer":false,"_kad_post_classname":""},"product_brand":[],"product_cat":[15],"product_tag":[65],"class_list":{"0":"post-32284","1":"product","2":"type-product","3":"status-publish","4":"has-post-thumbnail","6":"product_cat-uncategorized","7":"product_tag-40ft-trailer","9":"first","10":"instock","11":"sold-individually","12":"shipping-taxable","13":"purchasable","14":"product-type-simple","15":"entry","16":"content-bg","17":"loop-entry"},"acf":[],"taxonomy_info":{"product_cat":[{"value":15,"label":"Uncategorized"}],"product_tag":[{"value":65,"label":"40Ft Trailer"}]},"featured_image_src_large":["https:\/\/www.pandamech.com\/wp-content\/uploads\/2022\/10\/4axle-flatbed-3-500x500.jpg",500,500,true],"author_info":[],"comment_info":"","_links":{"self":[{"href":"https:\/\/www.pandamech.com\/spanish\/wp-json\/wp\/v2\/product\/32284","targetHints":{"allow":["GET"]}}],"collection":[{"href":"https:\/\/www.pandamech.com\/spanish\/wp-json\/wp\/v2\/product"}],"about":[{"href":"https:\/\/www.pandamech.com\/spanish\/wp-json\/wp\/v2\/types\/product"}],"version-history":[{"count":1,"href":"https:\/\/www.pandamech.com\/spanish\/wp-json\/wp\/v2\/product\/32284\/revisions"}],"predecessor-version":[{"id":91310,"href":"https:\/\/www.pandamech.com\/spanish\/wp-json\/wp\/v2\/product\/32284\/revisions\/91310"}],"wp:featuredmedia":[{"embeddable":true,"href":"https:\/\/www.pandamech.com\/spanish\/wp-json\/wp\/v2\/media\/58188"}],"wp:attachment":[{"href":"https:\/\/www.pandamech.com\/spanish\/wp-json\/wp\/v2\/media?parent=32284"}],"wp:term":[{"taxonomy":"product_brand","embeddable":true,"href":"https:\/\/www.pandamech.com\/spanish\/wp-json\/wp\/v2\/product_brand?post=32284"},{"taxonomy":"product_cat","embeddable":true,"href":"https:\/\/www.pandamech.com\/spanish\/wp-json\/wp\/v2\/product_cat?post=32284"},{"taxonomy":"product_tag","embeddable":true,"href":"https:\/\/www.pandamech.com\/spanish\/wp-json\/wp\/v2\/product_tag?post=32284"}],"curies":[{"name":"wp","href":"https:\/\/api.w.org\/{rel}","templated":true}]}}