{"id":32283,"date":"2022-09-20T18:11:36","date_gmt":"2022-09-20T10:11:36","guid":{"rendered":"https:\/\/pandamech.com\/product\/3-axle-platform-semi-trailer"},"modified":"2025-08-23T01:07:31","modified_gmt":"2025-08-22T17:07:31","slug":"3-axle-platform-semi-trailer","status":"publish","type":"product","link":"https:\/\/www.pandamech.com\/spanish\/product\/3-axle-platform-semi-trailer\/","title":{"rendered":"Semirremolque plataforma de 3 ejes"},"content":{"rendered":"<p>Los semirremolques plataforma son uno de los semirremolques m\u00e1s vers\u00e1tiles hoy en d\u00eda, y vienen en una variedad de diferentes tipos que se pueden utilizar para muchas aplicaciones de escenarios diferentes. Con m\u00e1s tama\u00f1os, as\u00ed como una mayor capacidad de carga y una mayor variedad de mercanc\u00edas que se pueden cargar, es uno de los semirremolques m\u00e1s populares en la carretera hoy en d\u00eda. Con esta ventaja y su uso flexible y capacidad de carga, el <span style=\"color: #0000ff;\"><a style=\"color: #0000ff;\" href=\"https:\/\/www.pandamech.com\/spanish\/category\/cargo-trailer\/flatbed-semi-trailer\/\" target=\"_blank\" rel=\"noopener\">cami\u00f3n remolque plano<\/a><\/span> es una de las piedras angulares de la industria del transporte actual.<\/p>\n<h2>Semirremolque con plataforma de 3 ejes im\u00e1genes<\/h2>\n<p><img decoding=\"async\" class=\"alignnone size-full\" title=\"venta de remolques para camiones con plataforma t\u00e1ndem\" src=\"https:\/\/pandamech.com\/wp-content\/uploads\/u_file\/710430be05.jpg\" alt=\"venta de remolques para camiones con plataforma t\u00e1ndem\" \/><\/p>\n<p>plataforma de eje t\u00e1ndem tractor semirremolque precio<\/p>\n<p><img decoding=\"async\" class=\"alignnone size-full\" title=\"fabricante de semirremolques con plataforma de tres ejes\" src=\"https:\/\/pandamech.com\/wp-content\/uploads\/2022\/08\/7-40-ft-flatbed-semi-trailer.jpg\" alt=\"fabricante de semirremolques con plataforma de tres ejes\" \/><\/p>\n<p>fabricante de semirremolques con plataforma de tres ejes<\/p>\n<p><img decoding=\"async\" class=\"alignnone size-full\" title=\"3 ejes 40 pies remolque de carga de la plataforma para la venta\" src=\"https:\/\/pandamech.com\/wp-content\/uploads\/2022\/08\/9-single-axle-platform-semi-trailer.jpg\" alt=\"3 ejes 40 pies remolque de carga de la plataforma para la venta\" \/><\/p>\n<p>tri eje de 40 pies remolque de cami\u00f3n de carga plana para la venta<\/p>\n<p>Relacionado: <a href=\"https:\/\/www.pandamech.com\/spanish\/category\/cargo-trailer\/side-wall-trailer\/\" target=\"_blank\" rel=\"noopener\"><span style=\"color: #0000ff;\">semirremolque de pared lateral<\/span><\/a>, <a href=\"https:\/\/www.pandamech.com\/spanish\/product\/40-shipping-container-chassis-trailers\/\" target=\"_blank\" rel=\"noopener\"><span style=\"color: #0000ff;\">Chasis de contenedor de 40 pies<\/span><\/a><\/p>\n<p style=\"text-align: center;\"><a class=\"product_button\" href=\"#elementor-action%3Aaction%3Dpopup%3Aopen%26settings%3DeyJpZCI6Ijk5MDciLCJ0b2dnbGUiOmZhbHNlfQ%3D%3D\">Haga clic para m\u00e1s detalles<\/a><\/p>\n<h2>Caracter\u00edsticas del semirremolque de plataforma de 3 ejes<\/h2>\n<ul>\n<li>1. En funci\u00f3n de la demanda y la carga, priorizamos el an\u00e1lisis de elementos finitos del armaz\u00f3n.<\/li>\n<li>2. Para algunos pa\u00edses, vamos a hacer algunos dise\u00f1os especiales, a fin de lograr el prop\u00f3sito de extender la vida \u00fatil de los remolques de tractores de plataforma.<\/li>\n<li>3. Se pueden utilizar distintas suspensiones para distintos firmes.<\/li>\n<li>4. El acero de alta resistencia Q345 es una buena opci\u00f3n para el remolque de plataforma.<\/li>\n<\/ul>\n<p style=\"text-align: center;\"><a class=\"product_button\" href=\"#elementor-action%3Aaction%3Dpopup%3Aopen%26settings%3DeyJpZCI6Ijk5MDciLCJ0b2dnbGUiOmZhbHNlfQ%3D%3D\">Haga clic para m\u00e1s detalles<\/a><\/p>\n<h2>Especificaciones del semirremolque con plataforma de 3 ejes<\/h2>\n<table style=\"width: 800px;\" border=\"1\" cellspacing=\"1\" cellpadding=\"1\">\n<tbody>\n<tr>\n<td width=\"297\" height=\"30\">Marca<\/td>\n<td width=\"495\">Cami\u00f3n plataforma Panda Mech 40 pies <a class=\"wpil_keyword_link\" title=\"remolque contenedor\" href=\"https:\/\/www.pandamech.com\/spanish\/category\/container-chassis\/\" target=\"_blank\" rel=\"noopener\" data-wpil-keyword-link=\"linked\">remolque contenedor<\/a><\/td>\n<\/tr>\n<tr>\n<td width=\"297\" height=\"30\">Dimensiones (largo*ancho*alto)<\/td>\n<td width=\"495\">12500 mm* 2500 mm* 1550mm<\/td>\n<\/tr>\n<tr>\n<td height=\"30\">Suelo<\/td>\n<td>Chapa de acero diamantada de 3 mm<\/td>\n<\/tr>\n<tr>\n<td height=\"30\">Suspensi\u00f3n<\/td>\n<td>Suspensi\u00f3n mec\u00e1nica, suspensi\u00f3n neum\u00e1tica<\/td>\n<\/tr>\n<tr>\n<td height=\"30\">Eje<\/td>\n<td>3 Eje marca es Fuwa<\/td>\n<\/tr>\n<tr>\n<td height=\"30\">Neum\u00e1tico<\/td>\n<td>Spe:12R22.5volumen 11.00R20 alambre de acero; N\u00famero de neum\u00e1ticos:12 piezas<\/td>\n<\/tr>\n<tr>\n<td height=\"30\">C\u00e1mara de frenado<\/td>\n<td>Seis grandes c\u00e1maras, marca KTL\/WEBCO<\/td>\n<\/tr>\n<tr>\n<td height=\"30\">Cierre giratorio<\/td>\n<td>12 juegos de cierres giratorios para contenedores de 1*20ft,2*20ft,1*40ft<\/td>\n<\/tr>\n<tr>\n<td height=\"30\">Capacidad de carga<\/td>\n<td>37 toneladas<\/td>\n<\/tr>\n<tr>\n<td height=\"30\">Travesa\u00f1o<\/td>\n<td>Diez canales de acero #<\/td>\n<\/tr>\n<tr>\n<td height=\"30\">Viga lateral<\/td>\n<td>16# canal acero<\/td>\n<\/tr>\n<tr>\n<td height=\"30\">Alfiler de rey<\/td>\n<td>Pasador de tracci\u00f3n de 2\u201d o 3,5<\/td>\n<\/tr>\n<\/tbody>\n<\/table>\n<p style=\"text-align: center;\"><a class=\"product_button\" href=\"#elementor-action%3Aaction%3Dpopup%3Aopen%26settings%3DeyJpZCI6Ijk5MDciLCJ0b2dnbGUiOmZhbHNlfQ%3D%3D\">Obtenga un presupuesto instant\u00e1neo<\/a><\/p>\n<h2>Aplicaci\u00f3n del semirremolque plataforma de 3 ejes<\/h2>\n<p>El cami\u00f3n tractor con plataforma se utiliza generalmente para el transporte de contenedores, carga a granel, cemento, arroz, etc. Se utiliza principalmente para el transporte de larga distancia. Normalmente, los semirremolques de plataforma pueden transportar de 30 a 60 toneladas.<\/p>\n<p>Si se trata de una gran cantidad de transporte o diferentes necesidades, podemos personalizarlo o <a class=\"wpil_keyword_link\" title=\"semirremolque de plataforma plana\" href=\"https:\/\/www.pandamech.com\/category\/flat-deck-semi-trailer\/\" target=\"_blank\" rel=\"noopener\" data-wpil-keyword-link=\"linked\">semirremolque de plataforma plana<\/a> algunos veh\u00edculos deformados. Tambi\u00e9n utilizamos <span style=\"color: #0000ff;\"><a style=\"color: #0000ff;\" href=\"https:\/\/www.pandamech.com\/spanish\/product\/40-shipping-container-chassis-trailers\/\" target=\"_blank\" rel=\"noopener\">chasis de contenedor de 40 pies<\/a><\/span> para transportar contenedores.<\/p>\n<h2>Transporte de plataforma semirremolque<\/h2>\n<p>Cuando el transporte de 3 ejes semirremolque plataforma, muchos clientes optar\u00e1n por utilizar el transporte de contenedores, ya que esto puede tener menores costos de transporte y menor tiempo de transporte.<\/p>\n<p><a href=\"https:\/\/www.pandamech.com\/spanish\/category\/cargo-trailer\/flatbed-semi-trailer\/\" target=\"_blank\" rel=\"noopener\"><span style=\"color: #0000ff;\">Semirremolques de plataforma plana<\/span><\/a> se utilizan generalmente para los buques de carga a granel o ro-ro para el transporte. Nos aseguraremos de que Panda Mech comercial semirremolques flat rack ser\u00e1 encerado y cubierto con lonas cuando los buques de carga a granel.<\/p>\n<p><img fetchpriority=\"high\" decoding=\"async\" class=\"alignnone wp-image-32266 size-full\" src=\"https:\/\/pandamech.com\/wp-content\/uploads\/2022\/08\/flatbed-semi-trailer-transport3.jpg\" alt=\"Semirremolque de transporte de plataforma de 3 ejes\" width=\"800\" height=\"547\" title=\"\"><\/p>\n<h2>Panda Mech<\/h2>\n<p>Panda Mech es un conocido fabricante de semirremolques plataforma en China, ofreciendo semirremolques plataforma de 40 pies para la venta. Vamos a personalizar de acuerdo a sus necesidades y las leyes locales, independientemente de sus preguntas sobre el cami\u00f3n remolque plataforma de 3 ejes. Por favor, env\u00ede un correo electr\u00f3nico a <a href=\"mailto:sales@pandamech.com\">sales@pandamech.com<\/a>.<\/p>\n<p>Los fabricantes de Panda Mech han tenido \u00e9xito en el Sudeste Asi\u00e1tico, Oriente Medio, \u00c1frica y Sudam\u00e9rica, como Filipinas, Tanzania, Costa de Marfil, etc.<\/p>","protected":false},"excerpt":{"rendered":"<p>Tipo: Cami\u00f3n remolque con plataforma de 3 ejes<\/p>\n<p>Rango de precios: $9,590-13500<\/p>\n<p>Plazo de entrega: 7-25 d\u00edas<\/p>\n<p>Capacidad de carga: 70 toneladas<\/p>\n<p>Aplicaci\u00f3n: carga a granel, contenedores<\/p>","protected":false},"featured_media":57781,"template":"","meta":{"_acf_changed":false,"_kad_blocks_custom_css":"","_kad_blocks_head_custom_js":"","_kad_blocks_body_custom_js":"","_kad_blocks_footer_custom_js":"","_kad_post_transparent":"default","_kad_post_title":"","_kad_post_layout":"default","_kad_post_sidebar_id":"","_kad_post_content_style":"default","_kad_post_vertical_padding":"default","_kad_post_feature":"","_kad_post_feature_position":"","_kad_post_header":false,"_kad_post_footer":false,"_kad_post_classname":""},"product_brand":[],"product_cat":[15],"product_tag":[60,65],"class_list":{"0":"post-32283","1":"product","2":"type-product","3":"status-publish","4":"has-post-thumbnail","6":"product_cat-uncategorized","7":"product_tag-3-axle-trailer","8":"product_tag-40ft-trailer","10":"first","11":"instock","12":"sold-individually","13":"shipping-taxable","14":"purchasable","15":"product-type-simple","16":"entry","17":"content-bg","18":"loop-entry"},"acf":[],"taxonomy_info":{"product_cat":[{"value":15,"label":"Uncategorized"}],"product_tag":[{"value":60,"label":"3 Axle Trailer"},{"value":65,"label":"40Ft Trailer"}]},"featured_image_src_large":["https:\/\/www.pandamech.com\/wp-content\/uploads\/2022\/08\/2-85-1-500x500.jpg",500,500,true],"author_info":[],"comment_info":"","_links":{"self":[{"href":"https:\/\/www.pandamech.com\/spanish\/wp-json\/wp\/v2\/product\/32283","targetHints":{"allow":["GET"]}}],"collection":[{"href":"https:\/\/www.pandamech.com\/spanish\/wp-json\/wp\/v2\/product"}],"about":[{"href":"https:\/\/www.pandamech.com\/spanish\/wp-json\/wp\/v2\/types\/product"}],"version-history":[{"count":1,"href":"https:\/\/www.pandamech.com\/spanish\/wp-json\/wp\/v2\/product\/32283\/revisions"}],"predecessor-version":[{"id":91311,"href":"https:\/\/www.pandamech.com\/spanish\/wp-json\/wp\/v2\/product\/32283\/revisions\/91311"}],"wp:featuredmedia":[{"embeddable":true,"href":"https:\/\/www.pandamech.com\/spanish\/wp-json\/wp\/v2\/media\/57781"}],"wp:attachment":[{"href":"https:\/\/www.pandamech.com\/spanish\/wp-json\/wp\/v2\/media?parent=32283"}],"wp:term":[{"taxonomy":"product_brand","embeddable":true,"href":"https:\/\/www.pandamech.com\/spanish\/wp-json\/wp\/v2\/product_brand?post=32283"},{"taxonomy":"product_cat","embeddable":true,"href":"https:\/\/www.pandamech.com\/spanish\/wp-json\/wp\/v2\/product_cat?post=32283"},{"taxonomy":"product_tag","embeddable":true,"href":"https:\/\/www.pandamech.com\/spanish\/wp-json\/wp\/v2\/product_tag?post=32283"}],"curies":[{"name":"wp","href":"https:\/\/api.w.org\/{rel}","templated":true}]}}