{"id":21955,"date":"2025-09-17T18:03:23","date_gmt":"2025-09-17T10:03:23","guid":{"rendered":"https:\/\/pandamech.com\/product\/40-shipping-container-chassis-trailers"},"modified":"2025-12-10T16:58:17","modified_gmt":"2025-12-10T08:58:17","slug":"40-shipping-container-chassis-trailers","status":"publish","type":"product","link":"https:\/\/www.pandamech.com\/spanish\/product\/40-shipping-container-chassis-trailers\/","title":{"rendered":"40Ft Contenedor Chasis Remolque Para la Venta"},"content":{"rendered":"<p>El chasis contenedor de 40 pies, tambi\u00e9n conocido como remolque contenedor de 40\u2032, est\u00e1 dise\u00f1ado para transportar contenedores mar\u00edtimos. Los principales contenedores de transporte son 20ft y 40ft.<\/p>\n<p>Panda Mech es l\u00edder en dise\u00f1o y fabricaci\u00f3n de chasis para contenedores mar\u00edtimos. Con m\u00e1s de 4 l\u00edneas de producci\u00f3n, nuestra productividad puede ser de 3000 al a\u00f1o. Los completos y profesionales departamentos de I+D y ventas ofrecen los remolques m\u00e1s fiables con servicios completos del mercado actual. Panda Mech siempre se dedica a la fabricaci\u00f3n de productos econ\u00f3micos y robustos para usted para ayudar a ahorrar costes y crear m\u00e1s beneficios.<\/p>\n<h2>Im\u00e1genes de chasis de contenedor de 40 pies<\/h2>\n<p><img fetchpriority=\"high\" decoding=\"async\" class=\"alignnone\" src=\"https:\/\/pandamech.com\/wp-content\/uploads\/2022\/04\/7-6.jpg\" alt=\"Fabricante de chasis de contenedor de 3 ejes y 40 pies\" width=\"800\" height=\"533\" title=\"\"><\/p>\n<p>40ft contenedor chasis remolque para la venta<\/p>\n<p><img decoding=\"async\" class=\"alignnone\" src=\"https:\/\/pandamech.com\/wp-content\/uploads\/2022\/04\/8-6.jpg\" alt=\"F\u00e1brica de chasis para contenedores de 40 pies en China\" width=\"800\" height=\"533\" title=\"\"><\/p>\n<p>3 Axle 40ft chasis de contenedores para la venta<\/p>\n<p><img decoding=\"async\" class=\"alignnone wp-image-21872 size-full\" src=\"https:\/\/pandamech.com\/wp-content\/uploads\/2022\/07\/container-chassis-trailer-parts.jpg\" alt=\"40 pies remolque contenedor de transporte para la venta\" width=\"800\" height=\"533\" title=\"\"><\/p>\n<p>40ft chasis remolque para la venta - <a href=\"https:\/\/www.pandamech.com\/spanish\/product\/20ft-iso-tank-gooseneck-trailer\/\" target=\"_blank\" rel=\"noopener\">Remolque contenedor ISO de 20 pies<\/a><\/p>\n<p style=\"text-align: center;\"><a class=\"product_button\" href=\"#elementor-action%3Aaction%3Dpopup%3Aopen%26settings%3DeyJpZCI6Ijk5MDciLCJ0b2dnbGUiOmZhbHNlfQ%3D%3D\">Obtenga un presupuesto instant\u00e1neo<\/a><\/p>\n<h2>Especificaciones del chasis del contenedor de 40 pies<\/h2>\n<table style=\"width: 800px;\" border=\"1\" cellspacing=\"1\" cellpadding=\"1\">\n<tbody>\n<tr>\n<td width=\"208\" height=\"32\">Dimensi\u00f3n<\/td>\n<td width=\"457\">12500*2500*1550mm<\/td>\n<\/tr>\n<tr>\n<td height=\"32\">Peso<\/td>\n<td>6500Kg<\/td>\n<\/tr>\n<tr>\n<td height=\"32\">Viga principal<\/td>\n<td>\u201cSecci\u00f3n \u201dI\" altura 500mm Material Q345\/T700<\/td>\n<\/tr>\n<tr>\n<td height=\"32\">Twist-Lock<\/td>\n<td>4\/8 set Norma ISO<\/td>\n<\/tr>\n<tr>\n<td height=\"32\">Suspensi\u00f3n<\/td>\n<td>Mec\u00e1nica \/ Aire<\/td>\n<\/tr>\n<tr>\n<td height=\"32\">Eje<\/td>\n<td>3 ejes, marca BPW\/FUWA<\/td>\n<\/tr>\n<tr>\n<td height=\"32\">Llanta<\/td>\n<td>8\/12 piezas 9.0-22.5<\/td>\n<\/tr>\n<tr>\n<td height=\"32\">Neum\u00e1tico<\/td>\n<td>8\/12 piezas 12R22.5 Bridgestone\/Triangle\/Linglong etc.<\/td>\n<\/tr>\n<tr>\n<td height=\"32\">V\u00e1lvula de freno<\/td>\n<td>WABCO<\/td>\n<\/tr>\n<tr>\n<td height=\"32\">Kingpin<\/td>\n<td>2\u2033(50mm)\/3.5\u2033(90mm) Tipo de atornillado JOST<\/td>\n<\/tr>\n<\/tbody>\n<\/table>\n<p style=\"text-align: center;\"><a class=\"product_button\" href=\"#elementor-action%3Aaction%3Dpopup%3Aopen%26settings%3DeyJpZCI6Ijk5MDciLCJ0b2dnbGUiOmZhbHNlfQ%3D%3D\">Haga clic para m\u00e1s detalles<\/a><\/p>\n<h2>Dibujo del chasis de un contenedor de 40 pies<\/h2>\n<p><img decoding=\"async\" src=\"https:\/\/pandamech.com\/wp-content\/uploads\/2022\/05\/3-axles-40ft-skeletal-trailer-drawing.jpg\" alt=\"Tandem 40 pies de env\u00edo chasis remolque para la venta\" title=\"\"><\/p>\n<p>3 ejes 40 pies <a class=\"wpil_keyword_link\" title=\"remolque chasis contenedor\" href=\"https:\/\/www.pandamech.com\/spanish\/category\/container-chassis\/container-chassis-trailer\/\" target=\"_blank\" rel=\"noopener\" data-wpil-keyword-link=\"linked\">remolque chasis contenedor<\/a> dibujo<\/p>\n<h2>V\u00eddeo del chasis de un contenedor de 40 pies<\/h2>\n<p><iframe title=\"Reproductor de v\u00eddeo YouTube\" src=\"https:\/\/www.youtube.com\/embed\/LRL6JrXKMjQ\" width=\"800\" height=\"533\" frameborder=\"0\" allowfullscreen=\"allowfullscreen\" data-mce-fragment=\"1\"><\/iframe><\/p>\n<h2>Caracter\u00edsticas del chasis de contenedor de 40 pies<\/h2>\n<ul>\n<li><strong>Estructura ligera<\/strong>: Una tara baja significa una mayor carga \u00fatil legal por viaje y un menor consumo de combustible. Panda Mech ha optimizado las vigas de alta resistencia a la tracci\u00f3n y los travesa\u00f1os aerodin\u00e1micos para ofrecer resistencia sin exceso de masa, reduciendo los desplazamientos, el desgaste y el coste operativo total.<\/li>\n<li><strong>Mantenimiento sencillo y econ\u00f3mico<\/strong>: El dise\u00f1o de bastidor abierto de Panda Mech y los componentes estandarizados y atornillados facilitan la inspecci\u00f3n, la sustituci\u00f3n y las reparaciones.<\/li>\n<li><strong>Dise\u00f1o razonable y duradero<\/strong>: Las trayectorias de carga equilibradas y la distribuci\u00f3n uniforme de la tensi\u00f3n prolongan la vida \u00fatil. Las vigas principales r\u00edgidas con soporte antitorsi\u00f3n, adem\u00e1s del acabado resistente a la corrosi\u00f3n, ayudan a que el chasis se mantenga recto, seguro y fiable en condiciones de uso intensivo a largo plazo.<\/li>\n<li><strong>Seguridad y estabilidad<\/strong>: El bajo centro de gravedad y los travesa\u00f1os reforzados mejoran la maniobrabilidad en carreteras accidentadas. La geometr\u00eda de la suspensi\u00f3n optimizada por Panda Mech y la integraci\u00f3n calibrada de los frenos mantienen el chasis recto, reducen los balanceos y mejoran la confianza del conductor a plena carga.<\/li>\n<li><strong>Protecci\u00f3n contra la corrosi\u00f3n y longevidad<\/strong>: El granallado completo, la imprimaci\u00f3n rica en zinc y la capa de acabado duradera protegen el acero de la oxidaci\u00f3n. El cableado sellado, las fijaciones anticorrosi\u00f3n y las v\u00edas de drenaje evitan la entrada de agua y sal, preservando la integridad estructural durante a\u00f1os de uso intensivo.<\/li>\n<\/ul>\n<h2>Transporte de remolques chasis contenedores de 40 pies<\/h2>\n<p><img loading=\"lazy\" decoding=\"async\" class=\"alignnone wp-image-21454 size-full\" src=\"https:\/\/pandamech.com\/wp-content\/uploads\/2021\/08\/container-chassis-trailers-transport.jpg\" alt=\"2\/3\/4 ejes 20\/40\/45ft transporte de contenedores chasis remolque\" width=\"800\" height=\"246\" title=\"\"><\/p>\n<p style=\"text-align: center;\"><a class=\"product_button\" href=\"#elementor-action%3Aaction%3Dpopup%3Aopen%26settings%3DeyJpZCI6Ijk5MDciLCJ0b2dnbGUiOmZhbHNlfQ%3D%3D\">Haga clic para ver la soluci\u00f3n<\/a><\/p>\n<h2>Panda Mech<\/h2>\n<p>Panda Mech es un fabricante de chasis de contenedor de 40 pies de China. Suministramos un remolque chasis contenedor de 40 pies para la venta. Los fabricantes de Panda Mech han tenido \u00e9xito en el sudeste asi\u00e1tico, Oriente Medio, \u00c1frica y Am\u00e9rica del Sur, como Filipinas, Tanzania, etc....<\/p>\n<p><a href=\"#elementor-action%3Aaction%3Dpopup%3Aopen%26settings%3DeyJpZCI6Ijk5MDciLCJ0b2dnbGUiOmZhbHNlfQ%3D%3D\"><img loading=\"lazy\" decoding=\"async\" class=\"alignnone\" src=\"https:\/\/pandamech.com\/wp-content\/uploads\/2021\/08\/quotation.jpg\" alt=\"40ft contenedor de transporte chasis remolque para la venta\" width=\"864\" height=\"213\" title=\"\"><\/a><\/p>\n<h2>FAQ<\/h2>\n<h3>Dimensiones del chasis del contenedor de 40 pies<\/h3>\n<p>12500*2500*1550 mm, 12,50 m \u00d7 2,50 m \u00d7 1,55 m, <span style=\"letter-spacing: 0.015em;\">41,01 pies \u00d7 8,20 pies \u00d7 5,09 pies \uff08\u2248 <\/span><strong style=\"letter-spacing: 0.015em;\" data-start=\"102\" data-end=\"125\" data-is-only-node=\"\">41\u20320\u2033 \u00d7 8\u20322\u2033 \u00d7 5\u20321\u2033<\/strong><span style=\"letter-spacing: 0.015em;\">\uff09<\/span><\/p>\n<h3>40\u2019 Peso del chasis<\/h3>\n<p>6500 kg, 6,5 toneladas.<\/p>\n<h3>Contenedor Altura del chasis<\/h3>\n<p>1550 mm, 1,55 m, <span style=\"letter-spacing: 0.015em;\">5,09 pies, 5\u20321\u2033.<\/span><\/p>\n<h3>\u00bfQu\u00e9 es un chasis contenedor de 40 pies?<\/h3>\n<p>Un chasis portacontenedores de 40 pies es un semirremolque esquel\u00e9tico construido para transportar un contenedor ISO de 40 pies por carretera. Es esencialmente un marco de acero fuerte con twist-locks para asegurar la caja, un pivote para acoplar al tractor, tren de aterrizaje, y un sistema de suspensi\u00f3n \/ eje \/ freno para el transporte por carretera. Panda Mech es uno de los mejores fabricantes de chasis para contenedores de China.<\/p>\n<h3>\u00bfQu\u00e9 contenedores caben en un chasis de 40 pies?<\/h3>\n<p><strong data-start=\"14\" data-end=\"54\">Por defecto cabe un contenedor ISO de 1\u00d740\u2032.<\/strong> Con las cerraduras adecuadas, tambi\u00e9n puedes llevar <strong data-start=\"96\" data-end=\"115\">Cubo alto de 1\u00d740\u2032.<\/strong> y <strong data-start=\"120\" data-end=\"129\">2\u00d720\u2032<\/strong>. Otros necesitan un chasis diferente o ampliable.<\/p>\n<h3>\u00bfCu\u00e1l es la diferencia entre un chasis contenedor y un remolque plataforma?<\/h3>\n<p>Las principales diferencias entre un chasis portacontenedores y un remolque de plataforma radican en su finalidad y estructura. El primero es un chasis portacontenedores espec\u00edfico, que utiliza cierres giratorios para una carga y descarga r\u00e1pidas, es ligero y cumple los requisitos de carga por eje, lo que lo hace adecuado para el transporte portuario y ferroviario de corta distancia. El segundo, con su plataforma completa, puede amarrar una gran variedad de cargas, ofreciendo mayor versatilidad pero tambi\u00e9n mayor peso muerto y m\u00e1s tiempo de sujeci\u00f3n.<\/p>\n<h3><strong data-start=\"1965\" data-end=\"2013\">\u00bfCu\u00e1nto cuesta un chasis contenedor de 40 pies?<\/strong><\/h3>\n<p>El rango de precios suele ser <strong data-start=\"2043\" data-end=\"2060\">$8.400-15.600<\/strong>, dependiendo de los ejes, la suspensi\u00f3n y la marca.<\/p>","protected":false},"excerpt":{"rendered":"<p>Tipo: 40Ft<\/p>\n<p>Gama de precios: $8,400-15,600<\/p>\n<p>Plazo de entrega: 7-25 d\u00edas<\/p>\n<p>Aplicaci\u00f3n: contenedor de transporte<\/p>\n<p>Capacidad de carga: 27 toneladas * n\u00famero de contenedor<\/p>","protected":false},"featured_media":57751,"template":"","meta":{"_acf_changed":false,"_kad_blocks_custom_css":"","_kad_blocks_head_custom_js":"","_kad_blocks_body_custom_js":"","_kad_blocks_footer_custom_js":"","_kad_post_transparent":"default","_kad_post_title":"","_kad_post_layout":"default","_kad_post_sidebar_id":"","_kad_post_content_style":"default","_kad_post_vertical_padding":"default","_kad_post_feature":"","_kad_post_feature_position":"","_kad_post_header":false,"_kad_post_footer":false,"_kad_post_classname":""},"product_brand":[],"product_cat":[103],"product_tag":[],"class_list":{"0":"post-21955","1":"product","2":"type-product","3":"status-publish","4":"has-post-thumbnail","6":"product_cat-container-chassis-trailer","8":"first","9":"instock","10":"sold-individually","11":"shipping-taxable","12":"purchasable","13":"product-type-simple","14":"entry","15":"content-bg","16":"loop-entry"},"acf":[],"taxonomy_info":{"product_cat":[{"value":103,"label":"Container Chassis"}]},"featured_image_src_large":["https:\/\/www.pandamech.com\/wp-content\/uploads\/2022\/08\/2-3-500x500.jpg",500,500,true],"author_info":[],"comment_info":"","_links":{"self":[{"href":"https:\/\/www.pandamech.com\/spanish\/wp-json\/wp\/v2\/product\/21955","targetHints":{"allow":["GET"]}}],"collection":[{"href":"https:\/\/www.pandamech.com\/spanish\/wp-json\/wp\/v2\/product"}],"about":[{"href":"https:\/\/www.pandamech.com\/spanish\/wp-json\/wp\/v2\/types\/product"}],"version-history":[{"count":5,"href":"https:\/\/www.pandamech.com\/spanish\/wp-json\/wp\/v2\/product\/21955\/revisions"}],"predecessor-version":[{"id":92471,"href":"https:\/\/www.pandamech.com\/spanish\/wp-json\/wp\/v2\/product\/21955\/revisions\/92471"}],"wp:featuredmedia":[{"embeddable":true,"href":"https:\/\/www.pandamech.com\/spanish\/wp-json\/wp\/v2\/media\/57751"}],"wp:attachment":[{"href":"https:\/\/www.pandamech.com\/spanish\/wp-json\/wp\/v2\/media?parent=21955"}],"wp:term":[{"taxonomy":"product_brand","embeddable":true,"href":"https:\/\/www.pandamech.com\/spanish\/wp-json\/wp\/v2\/product_brand?post=21955"},{"taxonomy":"product_cat","embeddable":true,"href":"https:\/\/www.pandamech.com\/spanish\/wp-json\/wp\/v2\/product_cat?post=21955"},{"taxonomy":"product_tag","embeddable":true,"href":"https:\/\/www.pandamech.com\/spanish\/wp-json\/wp\/v2\/product_tag?post=21955"}],"curies":[{"name":"wp","href":"https:\/\/api.w.org\/{rel}","templated":true}]}}