{"id":21946,"date":"2025-12-08T17:18:20","date_gmt":"2025-12-08T09:18:20","guid":{"rendered":"https:\/\/pandamech.com\/product\/3-axle-shipping-container-chassis-trailer"},"modified":"2025-12-10T17:00:50","modified_gmt":"2025-12-10T09:00:50","slug":"3-axle-shipping-container-chassis-trailer","status":"publish","type":"product","link":"https:\/\/www.pandamech.com\/spanish\/product\/3-axle-shipping-container-chassis-trailer\/","title":{"rendered":"Remolque de chasis de contenedor de tres ejes"},"content":{"rendered":"<h2>\u00bfQu\u00e9 es un chasis de tres ejes?<\/h2>\n<p>Un chasis de tres ejes es <strong data-start=\"647\" data-end=\"738\">un tipo de remolque o tren de rodaje utilizado en el transporte de contenedores de carga pesada<\/strong>.<\/p>\n<p>Es <strong data-start=\"750\" data-end=\"791\">dise\u00f1ado con tres ejes en la parte trasera<\/strong> y es <strong data-start=\"799\" data-end=\"895\">un remolque pesado de tres ejes que soporta contenedores de transporte de gran tama\u00f1o o con sobrepeso<\/strong>, por lo que resulta ideal para el transporte portuario, los astilleros intermodales y las rutas de larga distancia.<\/p>\n<h3 data-start=\"971\" data-end=\"1017\"><strong data-start=\"971\" data-end=\"1017\">Modelo est\u00e1ndar y configuraci\u00f3n b\u00e1sica<\/strong><\/h3>\n<p data-start=\"971\" data-end=\"1017\"><span style=\"letter-spacing: 0.015em;\">Nuestra <\/span><strong style=\"letter-spacing: 0.015em;\" data-start=\"1025\" data-end=\"1085\">modelo est\u00e1ndar (3) remolques chasis portacontenedores de tres ejes<\/strong><span style=\"letter-spacing: 0.015em;\"> son <\/span><strong style=\"letter-spacing: 0.015em;\" data-start=\"1090\" data-end=\"1146\">especialmente dise\u00f1ado para transportar diversos contenedores de carga<\/strong><span style=\"letter-spacing: 0.015em;\"> y <\/span><strong style=\"letter-spacing: 0.015em;\" data-start=\"1151\" data-end=\"1202\">puede transportar contenedores de 20 y 40 pies<\/strong><span style=\"letter-spacing: 0.015em;\"> en el mismo marco.<\/span><\/p>\n<p data-start=\"1021\" data-end=\"1390\">Estos <strong data-start=\"1232\" data-end=\"1276\">Semirremolques chasis portacontenedores de tres ejes<\/strong> son <strong data-start=\"1281\" data-end=\"1322\">fabricado con material de acero de alta calidad<\/strong>, Con cuello de cisne y travesa\u00f1os reforzados para una larga vida \u00fatil.<\/p>\n<h2>Im\u00e1genes del remolque con chasis de tres ejes<\/h2>\n<p><img fetchpriority=\"high\" decoding=\"async\" class=\"alignnone size-full wp-image-21607\" src=\"https:\/\/pandamech.com\/wp-content\/uploads\/2022\/08\/2-3-e1664270230227.jpg\" alt=\"Remolques Chasis de Contenedores Intermodales de 40 pies\" width=\"800\" height=\"534\" title=\"\"><\/p>\n<p>3 ejes 40 pies remolque contenedor de transporte para la venta<\/p>\n<p><img decoding=\"async\" class=\"alignnone size-full wp-image-33193\" src=\"https:\/\/pandamech.com\/wp-content\/uploads\/2021\/08\/8-110.jpg\" alt=\"remolque chasis contenedor\" width=\"800\" height=\"533\" title=\"\"><\/p>\n<p>venta de chasis de semirremolque de tres ejes<\/p>\n<p><img decoding=\"async\" class=\"alignnone size-full wp-image-21872\" src=\"https:\/\/pandamech.com\/wp-content\/uploads\/2022\/07\/container-chassis-trailer-parts.jpg\" alt=\"3 ejes 20 pies skele remolque partes\" width=\"800\" height=\"533\" title=\"\"><\/p>\n<p>chasis de contenedor de 40 pies<\/p>\n<h2>V\u00eddeo del remolque Tri Axle Chassis<\/h2>\n<p><iframe title=\"Reproductor de v\u00eddeo YouTube\" src=\"https:\/\/www.youtube.com\/embed\/LRL6JrXKMjQ\" width=\"800\" height=\"533\" frameborder=\"0\" allowfullscreen=\"allowfullscreen\"><\/iframe><\/p>\n<h2>Caracter\u00edsticas principales de los semirremolques de chasis de contenedor de tres ejes<\/h2>\n<h3 data-start=\"2637\" data-end=\"2673\"><strong data-start=\"2637\" data-end=\"2673\">Estructura y materiales resistentes<\/strong><\/h3>\n<p data-start=\"2637\" data-end=\"2673\"><span style=\"letter-spacing: 0.015em;\">Panda Mech <\/span><strong style=\"letter-spacing: 0.015em;\" data-start=\"2688\" data-end=\"2732\">semirremolques chasis portacontenedores de tres ejes<\/strong><span style=\"letter-spacing: 0.015em;\"> son <\/span><strong style=\"letter-spacing: 0.015em;\" data-start=\"2737\" data-end=\"2778\">fabricado con material de acero de alta calidad<\/strong><span style=\"letter-spacing: 0.015em;\">, con vigas principales Q345\/T700 de alta resistencia.\u00a0<\/span>La estructura <strong data-start=\"2839\" data-end=\"2879\">est\u00e1 construido para cargas pesadas<\/strong> y <strong data-start=\"2884\" data-end=\"2940\">especialmente dise\u00f1ado para transportar diversos contenedores de carga<\/strong> en carreteras accidentadas y largas distancias.<\/p>\n<h3 data-start=\"2979\" data-end=\"3010\"><strong data-start=\"2979\" data-end=\"3010\">Compatibilidad de los contenedores<\/strong><\/h3>\n<p data-start=\"2979\" data-end=\"3010\"><span style=\"letter-spacing: 0.015em;\">Cada chasis <\/span><strong style=\"letter-spacing: 0.015em;\" data-start=\"3027\" data-end=\"3078\">puede transportar contenedores de 20 y 40 pies<\/strong><span style=\"letter-spacing: 0.015em;\">, y algunos modelos son <\/span><strong style=\"letter-spacing: 0.015em;\" data-start=\"3100\" data-end=\"3176\">dise\u00f1ado para transportar un contenedor ISO de 20\u2032 o dos vac\u00edos de 20\u2032 o un contenedor ISO de 40\u2032.\u00a0<\/strong>Esta flexibilidad <strong data-start=\"3198\" data-end=\"3235\">garantiza que su carga se desplace sin problemas<\/strong> entre puertos, terminales ferroviarias y centros de distribuci\u00f3n sin necesidad de volver a manipularlos.<\/p>\n<h2>Especificaciones del remolque con chasis de tres ejes<\/h2>\n<table style=\"width: 800px;\" border=\"1\" cellspacing=\"1\" cellpadding=\"1\">\n<tbody>\n<tr>\n<td width=\"208\" height=\"32\">Dimensi\u00f3n<\/td>\n<td width=\"457\">1200*2500*1550mm<\/td>\n<\/tr>\n<tr>\n<td height=\"32\">Peso<\/td>\n<td>6300Kg<\/td>\n<\/tr>\n<tr>\n<td height=\"32\">Viga principal<\/td>\n<td>\u201cSecci\u00f3n \u201dI\" altura 500mm Material Q345\/T700<\/td>\n<\/tr>\n<tr>\n<td height=\"32\">Twist-Lock<\/td>\n<td>4\/8 set Norma ISO<\/td>\n<\/tr>\n<tr>\n<td height=\"32\">Suspensi\u00f3n<\/td>\n<td>Mec\u00e1nica \/ Aire \/ Bogie<\/td>\n<\/tr>\n<tr>\n<td height=\"32\">Eje<\/td>\n<td>3 ejes BPW\/FUWA\/PDME, etc.<\/td>\n<\/tr>\n<tr>\n<td height=\"32\">Llanta<\/td>\n<td>8\/12 piezas 9,0-22,5 Acero\/Aluminio<\/td>\n<\/tr>\n<tr>\n<td height=\"32\">Neum\u00e1tico<\/td>\n<td>8\/12 piezas 12R22.5 Bridgestone\/Triangle\/Linglong etc.<\/td>\n<\/tr>\n<tr>\n<td height=\"32\">V\u00e1lvula de freno<\/td>\n<td>WABCO<\/td>\n<\/tr>\n<tr>\n<td height=\"32\">Kingpin<\/td>\n<td>2\u2033(50mm)\/3.5\u2033(90mm) Tipo de atornillado JOST<\/td>\n<\/tr>\n<\/tbody>\n<\/table>\n<p style=\"text-align: center;\"><a class=\"product_button\" href=\"#elementor-action%3Aaction%3Dpopup%3Aopen%26settings%3DeyJpZCI6Ijk5MDciLCJ0b2dnbGUiOmZhbHNlfQ%3D%3D\">Haga clic para m\u00e1s detalles<\/a><\/p>\n<h3>Remolque esqueleto de tres ejes de 20 pies<\/h3>\n<p>En <strong data-start=\"1496\" data-end=\"1565\">Tri Eje Esqueleto Remolque 20ft Contenedor Remolque Chasis para la Venta<\/strong> es <strong data-start=\"1569\" data-end=\"1606\">dise\u00f1ado para transportar hasta 30 toneladas 66138 lbs<\/strong> peso bruto combinado, dependiendo de la normativa local. Este modelo es <strong data-start=\"1683\" data-end=\"1720\">construido para cargas pesadas<\/strong> y <strong data-start=\"1725\" data-end=\"1781\">especialmente dise\u00f1ado para transportar diversos contenedores de carga<\/strong> en condiciones exigentes.<\/p>\n<h3 data-start=\"1808\" data-end=\"1854\"><strong data-start=\"1808\" data-end=\"1854\">Tri Axle 40 Ft Container Chassis Especificaciones<\/strong><\/h3>\n<p data-start=\"1808\" data-end=\"1854\"><span style=\"letter-spacing: 0.015em;\">Nuestra <\/span><strong style=\"letter-spacing: 0.015em;\" data-start=\"1862\" data-end=\"1898\">chasis contenedor triaxial 40 pies<\/strong><span style=\"letter-spacing: 0.015em;\"> es <\/span><strong style=\"letter-spacing: 0.015em;\" data-start=\"1902\" data-end=\"1953\">dise\u00f1ado para transportar contenedores de 40 pies cargados<\/strong><span style=\"letter-spacing: 0.015em;\"> en las autopistas y en los corredores de transporte pesado permitidos.\u00a0<\/span>Este chasis es <strong data-start=\"2025\" data-end=\"2101\">dise\u00f1ado para transportar un contenedor ISO de 20\u2032 o dos vac\u00edos de 20\u2032 o un contenedor ISO de 40\u2032.<\/strong> En muchas configuraciones, tambi\u00e9n es <strong data-start=\"2137\" data-end=\"2174\">dise\u00f1ado para transportar hasta 60 toneladas 132277 lbs<\/strong>, que cumplen los requisitos t\u00edpicos de los puertos y los patios de maniobras ferroviarias.<\/p>\n<h3 data-start=\"2226\" data-end=\"2267\"><strong data-start=\"2226\" data-end=\"2267\">L\u00edmites de peso y distribuci\u00f3n de la carga<\/strong><\/h3>\n<p data-start=\"2226\" data-end=\"2267\"><strong style=\"letter-spacing: 0.015em;\" data-start=\"2271\" data-end=\"2337\">Los triejes permiten un peso de carga adicional de hasta 100%<\/strong><span style=\"letter-spacing: 0.015em;\"> en comparaci\u00f3n con los chasis est\u00e1ndar de 2 ejes. <\/span>El marco <strong data-start=\"2396\" data-end=\"2436\">est\u00e1 construido para cargas pesadas<\/strong>, y el dise\u00f1o de triple eje <strong data-start=\"2465\" data-end=\"2502\">garantiza que su carga se desplace sin problemas<\/strong> cumpliendo la normativa sobre peso por eje en muchos mercados.<\/p>\n<h2>Dibujo del remolque con chasis de tres ejes<\/h2>\n<p><img decoding=\"async\" style=\"width: 800px;\" src=\"https:\/\/pandamech.com\/wp-content\/uploads\/2022\/05\/3-axles-40ft-skeletal-trailer-drawing.jpg\" alt=\"3 ejes 40ft esqueleto remolque dibujo\" height=\"395\" title=\"\"><\/p>\n<p>3 ejes 40ft contenedor chasis remolque dibujo<\/p>\n<h2>Transporte de remolques con chasis de tres ejes<\/h2>\n<p><img loading=\"lazy\" decoding=\"async\" class=\"alignnone wp-image-21454 size-full\" src=\"https:\/\/pandamech.com\/wp-content\/uploads\/2021\/08\/container-chassis-trailers-transport.jpg\" alt=\"2\/3\/4 ejes 20\/40\/45 pies Transporte de contenedores chasis\" width=\"800\" height=\"246\" title=\"\"><\/p>\n<p style=\"text-align: center;\"><a class=\"product_button\" href=\"#elementor-action%3Aaction%3Dpopup%3Aopen%26settings%3DeyJpZCI6Ijk5MDciLCJ0b2dnbGUiOmZhbHNlfQ%3D%3D\">Haga clic para ver la soluci\u00f3n<\/a><\/p>\n<h2>\u00bfC\u00f3mo elegir el modelo adecuado?<\/h2>\n<p>Al seleccionar entre diferentes <strong data-start=\"4580\" data-end=\"4640\">modelo est\u00e1ndar (3) remolques chasis portacontenedores de tres ejes<\/strong>, Considere si necesita unidades <strong data-start=\"4674\" data-end=\"4750\">dise\u00f1ado para transportar un contenedor ISO de 20\u2032 o dos vac\u00edos de 20\u2032 o un contenedor ISO de 40\u2032.<\/strong>, o modelos <strong data-start=\"4762\" data-end=\"4818\">especialmente dise\u00f1ado para transportar diversos contenedores de carga<\/strong> incluidas las cajas cisterna y frigor\u00edficas.<\/p>\n<h2>Por qu\u00e9 elegir los semirremolques portacontenedores de tres ejes Panda Mech<\/h2>\n<h3 data-start=\"4930\" data-end=\"4985\"><strong data-start=\"4930\" data-end=\"4985\">Dise\u00f1ado para operaciones pesadas en el mundo real<\/strong><\/h3>\n<p data-start=\"4930\" data-end=\"4985\"><span style=\"letter-spacing: 0.015em;\">Panda Mech se centra en <\/span><strong style=\"letter-spacing: 0.015em;\" data-start=\"5011\" data-end=\"5055\">Semirremolques chasis portacontenedores de tres ejes<\/strong><span style=\"letter-spacing: 0.015em;\"> que <\/span><strong style=\"letter-spacing: 0.015em;\" data-start=\"5061\" data-end=\"5102\">se construyen para cargas pesadas<\/strong><span style=\"letter-spacing: 0.015em;\"> y <\/span><strong style=\"letter-spacing: 0.015em;\" data-start=\"5107\" data-end=\"5148\">dise\u00f1ado con tres ejes en la parte trasera<\/strong><span style=\"letter-spacing: 0.015em;\"> para una mayor estabilidad.<\/span><\/p>\n<p data-start=\"4989\" data-end=\"5292\">Este dise\u00f1o <strong data-start=\"5187\" data-end=\"5224\">garantiza que su carga se desplace sin problemas<\/strong> incluso en condiciones de carretera dif\u00edciles y en flotas de alta utilizaci\u00f3n.<\/p>\n<h3 data-start=\"5294\" data-end=\"5331\"><strong data-start=\"5294\" data-end=\"5331\">Suministro global y personalizaci\u00f3n<\/strong><\/h3>\n<p data-start=\"5294\" data-end=\"5331\"><span style=\"letter-spacing: 0.015em;\">Tanto si necesita un <\/span><strong style=\"letter-spacing: 0.015em;\" data-start=\"5354\" data-end=\"5423\">Tri Eje Esqueleto Remolque 20ft Contenedor Remolque Chasis para la Venta<\/strong><span style=\"letter-spacing: 0.015em;\"> o un puerto centrado <\/span><strong style=\"letter-spacing: 0.015em;\" data-start=\"5442\" data-end=\"5478\">chasis contenedor triaxial 40 pies<\/strong><span style=\"letter-spacing: 0.015em;\">, Panda Mech puede suministrar especificaciones personalizadas <\/span><strong style=\"letter-spacing: 0.015em;\" data-start=\"5515\" data-end=\"5571\">especialmente dise\u00f1ado para transportar diversos contenedores de carga<\/strong><span style=\"letter-spacing: 0.015em;\"> y cumplir con los l\u00edmites de peso legales locales.<\/span><\/p>\n<p><a href=\"#elementor-action%3Aaction%3Dpopup%3Aopen%26settings%3DeyJpZCI6Ijk5MDciLCJ0b2dnbGUiOmZhbHNlfQ%3D%3D\"><img loading=\"lazy\" decoding=\"async\" class=\"alignnone\" src=\"https:\/\/pandamech.com\/wp-content\/uploads\/2021\/08\/quotation.jpg\" alt=\"presupuesto semirremolque esqueleto\" width=\"864\" height=\"213\" title=\"\"><\/a><\/p>\n<h2>FAQ<\/h2>\n<h3>Tipos de chasis de tres ejes (20 pies \/ 40 pies \/ Combo)<\/h3>\n<h4 data-start=\"3386\" data-end=\"3425\"><strong data-start=\"3386\" data-end=\"3425\">Chasis de contenedor de tres ejes de 20 pies<\/strong><\/h4>\n<p data-start=\"3386\" data-end=\"3425\"><span style=\"letter-spacing: 0.015em;\">La unidad de tres ejes de 20 pies se vende a menudo como un <\/span><strong style=\"letter-spacing: 0.015em;\" data-start=\"3471\" data-end=\"3540\">Tri Eje Esqueleto Remolque 20ft Contenedor Remolque Chasis para la Venta<\/strong><span style=\"letter-spacing: 0.015em;\">, centr\u00e1ndose en la maniobrabilidad compacta con capacidad para pesos pesados y hasta 8 \u00f3 12 cierres giratorios.<\/span><\/p>\n<h4 data-start=\"3638\" data-end=\"3677\"><strong data-start=\"3638\" data-end=\"3677\">Chasis de contenedor de tres ejes de 40 pies<\/strong><\/h4>\n<p data-start=\"3638\" data-end=\"3677\"><span style=\"letter-spacing: 0.015em;\">Un t\u00edpico <\/span><strong style=\"letter-spacing: 0.015em;\" data-start=\"3691\" data-end=\"3727\">chasis contenedor triaxial 40 pies<\/strong><span style=\"letter-spacing: 0.015em;\"> es <\/span><strong style=\"letter-spacing: 0.015em;\" data-start=\"3731\" data-end=\"3782\">dise\u00f1ado para transportar contenedores de 40 pies cargados<\/strong><span style=\"letter-spacing: 0.015em;\"> y <\/span><strong style=\"letter-spacing: 0.015em;\" data-start=\"3787\" data-end=\"3827\">est\u00e1 construido para cargas pesadas<\/strong><span style=\"letter-spacing: 0.015em;\"> como cargas densas, bobinas de acero en contenedores o mercanc\u00edas a granel.<\/span><\/p>\n<p data-start=\"3638\" data-end=\"3677\"><strong>40 Tri Axle Chasis para la venta Precio<\/strong>: $8,400-15,600<\/p>\n<h4 data-start=\"3897\" data-end=\"3927\"><strong data-start=\"3897\" data-end=\"3927\">Combo y modelos especiales<\/strong><\/h4>\n<p data-start=\"3897\" data-end=\"3927\"><span style=\"letter-spacing: 0.015em;\">Las configuraciones combinadas son <\/span><strong style=\"letter-spacing: 0.015em;\" data-start=\"3956\" data-end=\"4012\">especialmente dise\u00f1ado para transportar diversos contenedores de carga<\/strong><span style=\"letter-spacing: 0.015em;\"> (20 pies, 2\u00d720 pies vac\u00edos y 40 pies), y algunas unidades son <\/span><strong style=\"letter-spacing: 0.015em;\" data-start=\"4065\" data-end=\"4102\">dise\u00f1ado para transportar hasta 75000 libras<\/strong><span style=\"letter-spacing: 0.015em;\"> o m\u00e1s, en funci\u00f3n de la legislaci\u00f3n local y las v\u00edas de autorizaci\u00f3n.<\/span><\/p>\n<h3 data-start=\"3333\" data-end=\"3392\"><strong data-start=\"3333\" data-end=\"3390\">\u00bfCu\u00e1l es el l\u00edmite de peso para un chasis triaxial de 20 pies?<\/strong><\/h3>\n<p><strong data-start=\"0\" data-end=\"132\">Un chasis de tres ejes de 20 pies suele soportar unas 30 toneladas de peso de contenedor, dependiendo del dise\u00f1o y de la normativa local.<\/strong><br data-start=\"132\" data-end=\"135\" \/>El l\u00edmite exacto depende del peso bruto nominal del chasis, de la capacidad de carga por eje y de las leyes de carga por eje de su pa\u00eds, por lo que la carga \u00fatil final permitida debe cumplir las normas y permisos de circulaci\u00f3n locales.<\/p>\n<h3 data-start=\"3396\" data-end=\"3455\"><strong data-start=\"3396\" data-end=\"3453\">\u00bfCu\u00e1l es el peso legal para un chasis de 40 pies de tres ejes?<\/strong><\/h3>\n<p><strong data-start=\"301\" data-end=\"397\">Un chasis triaxial de 40 pies suele estar legalmente cargado hasta aproximadamente 60 toneladas de peso de contenedor.<\/strong><br data-start=\"397\" data-end=\"400\" \/>Estructuralmente, muchos chasis de 3 ejes pueden soportar cargas \u00fatiles elevadas, pero el verdadero l\u00edmite son las normativas nacionales sobre peso bruto combinado y carga por eje, que a menudo limitan el peso que se puede transportar aunque el chasis sea m\u00e1s resistente.<\/p>\n<h3 data-start=\"3459\" data-end=\"3522\"><strong data-start=\"3459\" data-end=\"3520\">\u00bfCu\u00e1l es la diferencia entre un chasis de 2 ejes y uno de 3 ejes?<\/strong><\/h3>\n<p>Ninguno de los dos es universalmente mejor; un chasis de tres ejes es superior para contenedores pesados y de alta densidad, mientras que un chasis normal de dos ejes es mejor para cargas m\u00e1s ligeras y menores costes de explotaci\u00f3n. Los de tres ejes mejoran la distribuci\u00f3n del peso, la estabilidad y la protecci\u00f3n de la carretera, pero cuestan m\u00e1s y giran m\u00e1s. Elija en funci\u00f3n de la carga \u00fatil, la normativa y el coste total del ciclo de vida.<\/p>\n<h3 data-start=\"3526\" data-end=\"3581\"><strong data-start=\"3526\" data-end=\"3579\">\u00bfPuede un chasis de 3 ejes transportar contenedores con sobrepeso?<\/strong><\/h3>\n<p><strong data-start=\"928\" data-end=\"1086\">Un chasis de 3 ejes puede dise\u00f1arse para transportar contenedores m\u00e1s pesados o con \u201csobrepeso\u201d estructural, pero sigue sin poder superar los l\u00edmites legales de circulaci\u00f3n sin permisos.<\/strong><br data-start=\"1086\" data-end=\"1089\" \/>Un mayor n\u00famero de ejes ayuda a distribuir la carga y a proteger el bastidor, pero la aplicaci\u00f3n de la normativa se basa en los pesos por eje y el peso bruto, no s\u00f3lo en la resistencia del chasis.<\/p>\n<h3 data-start=\"3585\" data-end=\"3637\"><strong data-start=\"3585\" data-end=\"3635\">\u00bfCu\u00e1l es la tara de un chasis de tres ejes?<\/strong><\/h3>\n<article class=\"4ever-article\">Un chasis portacontenedores t\u00edpico de tres ejes tiene una tara de unos 2,5 kg.<strong> 6,3 toneladas (6300 kg) para un dise\u00f1o de 40 pies<\/strong>.<br \/>\n<strong>Los chasis triaxiales de 20 pies son m\u00e1s ligeros (alrededor de 4,5 toneladas, 4500 kg).<\/strong>, mientras que los modelos de servicio pesado o reforzados pueden ser superiores. La tara exacta depende del dise\u00f1o de la viga, el grado de acero, la marca del eje y las opciones a\u00f1adidas.<\/article>\n<h3 data-start=\"3641\" data-end=\"3700\"><strong data-start=\"3641\" data-end=\"3698\">Chasis de tres ejes frente a chasis normal: \u00bfcu\u00e1l es mejor?<\/strong><\/h3>\n<p><strong data-start=\"299\" data-end=\"435\">Un chasis de tres ejes es mejor para trabajos m\u00e1s pesados, de larga distancia y de exportaci\u00f3n, mientras que un chasis normal de 2 ejes es m\u00e1s adecuado para operaciones locales m\u00e1s ligeras.<\/strong><br data-start=\"435\" data-end=\"438\" \/>Los tres ejes proporcionan una mayor carga \u00fatil legal, menor carga por eje, mayor estabilidad y vida \u00fatil de los neum\u00e1ticos, pero a\u00f1aden tara, coste y un mantenimiento ligeramente superior en comparaci\u00f3n con un bastidor est\u00e1ndar de 2 ejes.<\/p>\n<h3 data-start=\"3704\" data-end=\"3762\"><strong data-start=\"3704\" data-end=\"3760\">\u00bfQu\u00e9 contenedores se adaptan a un chasis de tres ejes (20\/40\/45 pies)?<\/strong><\/h3>\n<p><strong data-start=\"633\" data-end=\"768\">La mayor\u00eda de los chasis esquel\u00e9ticos de tres ejes est\u00e1n dise\u00f1ados para transportar contenedores de 1\u00d740 pies o 2\u00d720 pies, y algunos modelos tambi\u00e9n admiten contenedores de 45 pies.<\/strong><br data-start=\"768\" data-end=\"771\" \/>Los dise\u00f1os est\u00e1ndar incluyen cierres giratorios para las posiciones ISO de 20 y 40 pies. Los chasis de tres ejes ampliados o especializados pueden a\u00f1adir posiciones de 45 pies, en funci\u00f3n de las normativas regionales y los requisitos del operador.<\/p>\n<h3 data-start=\"3766\" data-end=\"3810\"><strong data-start=\"3766\" data-end=\"3808\">\u00bfCu\u00e1nto cuesta un chasis de tres ejes?<\/strong><\/h3>\n<p><strong data-start=\"971\" data-end=\"1098\">Un chasis portacontenedores de tres ejes suele costar entre 1.400 y 15.600 d\u00f3lares por unidad, dependiendo de las especificaciones.<\/strong><br data-start=\"1098\" data-end=\"1101\" \/>El precio var\u00eda en funci\u00f3n del grosor del acero, la marca del eje y la suspensi\u00f3n, el sistema de frenos (ABS\/EBS), la elecci\u00f3n del neum\u00e1tico, la calidad del revestimiento y cualquier personalizaci\u00f3n. El volumen de exportaci\u00f3n, las condiciones de pago y las necesidades locales de certificaci\u00f3n tambi\u00e9n influyen en el precio final.<\/p>","protected":false},"excerpt":{"rendered":"<p><span class=\"VlHyHc\">Flete mar\u00edtimo: sin fijar<\/span><\/p>\n<p>Gama de precios: $8,400-15,600<\/p>\n<p>Plazo de entrega: 7-25 d\u00edas<\/p>\n<p>Aplicaci\u00f3n: contenedor de transporte<\/p>\n<p>Capacidad de carga: 27 toneladas * n\u00famero de contenedores<\/p>","protected":false},"featured_media":57751,"template":"","meta":{"_acf_changed":false,"_kad_blocks_custom_css":"","_kad_blocks_head_custom_js":"","_kad_blocks_body_custom_js":"","_kad_blocks_footer_custom_js":"","_kad_post_transparent":"default","_kad_post_title":"","_kad_post_layout":"default","_kad_post_sidebar_id":"","_kad_post_content_style":"default","_kad_post_vertical_padding":"default","_kad_post_feature":"","_kad_post_feature_position":"","_kad_post_header":false,"_kad_post_footer":false,"_kad_post_classname":""},"product_brand":[],"product_cat":[103],"product_tag":[],"class_list":{"0":"post-21946","1":"product","2":"type-product","3":"status-publish","4":"has-post-thumbnail","6":"product_cat-container-chassis-trailer","8":"first","9":"instock","10":"sold-individually","11":"shipping-taxable","12":"purchasable","13":"product-type-simple","14":"entry","15":"content-bg","16":"loop-entry"},"acf":[],"taxonomy_info":{"product_cat":[{"value":103,"label":"Container Chassis"}]},"featured_image_src_large":["https:\/\/www.pandamech.com\/wp-content\/uploads\/2022\/08\/2-3-500x500.jpg",500,500,true],"author_info":[],"comment_info":"","_links":{"self":[{"href":"https:\/\/www.pandamech.com\/spanish\/wp-json\/wp\/v2\/product\/21946","targetHints":{"allow":["GET"]}}],"collection":[{"href":"https:\/\/www.pandamech.com\/spanish\/wp-json\/wp\/v2\/product"}],"about":[{"href":"https:\/\/www.pandamech.com\/spanish\/wp-json\/wp\/v2\/types\/product"}],"version-history":[{"count":4,"href":"https:\/\/www.pandamech.com\/spanish\/wp-json\/wp\/v2\/product\/21946\/revisions"}],"predecessor-version":[{"id":92460,"href":"https:\/\/www.pandamech.com\/spanish\/wp-json\/wp\/v2\/product\/21946\/revisions\/92460"}],"wp:featuredmedia":[{"embeddable":true,"href":"https:\/\/www.pandamech.com\/spanish\/wp-json\/wp\/v2\/media\/57751"}],"wp:attachment":[{"href":"https:\/\/www.pandamech.com\/spanish\/wp-json\/wp\/v2\/media?parent=21946"}],"wp:term":[{"taxonomy":"product_brand","embeddable":true,"href":"https:\/\/www.pandamech.com\/spanish\/wp-json\/wp\/v2\/product_brand?post=21946"},{"taxonomy":"product_cat","embeddable":true,"href":"https:\/\/www.pandamech.com\/spanish\/wp-json\/wp\/v2\/product_cat?post=21946"},{"taxonomy":"product_tag","embeddable":true,"href":"https:\/\/www.pandamech.com\/spanish\/wp-json\/wp\/v2\/product_tag?post=21946"}],"curies":[{"name":"wp","href":"https:\/\/api.w.org\/{rel}","templated":true}]}}