{"id":21555,"date":"2025-09-05T11:56:58","date_gmt":"2025-09-05T03:56:58","guid":{"rendered":"http:\/\/pandamech.com\/?post_type=product&#038;p=21555"},"modified":"2025-09-06T19:59:51","modified_gmt":"2025-09-06T11:59:51","slug":"30-ton-u-shape-tipper-trailer","status":"publish","type":"product","link":"https:\/\/www.pandamech.com\/spanish\/product\/30-ton-u-shape-tipper-trailer\/","title":{"rendered":"Remolque volquete en forma de U de 30 toneladas"},"content":{"rendered":"<p>Remolque basculante de 3 ejes tambi\u00e9n conocido como semirremolque basculante de 3 ejes.  La estructura incluye chasis, caja y sistema de elevaci\u00f3n. Trabajar por PTO suministrar aceite al cilindro, caja de elevaci\u00f3n hasta el \u00e1ngulo de dise\u00f1o, deslizamiento de carga hacia fuera, mejorar la eficiencia de descarga.<\/p>\n<p>Ampliamente utilizado en planta de arenisca, obra y mina, transporte de arena, grava, movimiento de tierras y miner\u00eda.<\/p>\n<p style=\"text-align: center;\"><a class=\"product_button\" href=\"#elementor-action%3Aaction%3Dpopup%3Aopen%26settings%3DeyJpZCI6Ijk5MDciLCJ0b2dnbGUiOmZhbHNlfQ%3D%3D\">Haga clic para m\u00e1s detalles<\/a><\/p>\n<h2>V\u00eddeo del remolque basculante de 3 ejes<\/h2>\n<p><iframe title=\"Reproductor de v\u00eddeo YouTube\" src=\"https:\/\/www.youtube.com\/embed\/uV4awegJhLI\" width=\"800\" height=\"533\" frameborder=\"0\" allowfullscreen=\"allowfullscreen\"><\/iframe><\/p>\n<h2>Remolque basculante de 3 ejes<\/h2>\n<ul>\n<li>A la hora de elegir un remolque volquete, he aprendido por experiencia que el material realmente marca la diferencia. Por ejemplo, cuando utilizamos vigas de alta tensi\u00f3n Hardox 450 o T700, el remolque acaba pesando casi 2.000 kg menos que los normales. Eso significa menos combustible quemado y una vida \u00fatil m\u00e1s larga. He visto a clientes ahorrar miles de euros en combustible s\u00f3lo por este motivo.<\/li>\n<li>El dise\u00f1o de la caja en forma de U es otro punto de inflexi\u00f3n. Su secci\u00f3n m\u00e1s ancha y su centro de gravedad m\u00e1s bajo le permiten transportar m\u00e1s material y descargarlo con m\u00e1s suavidad. Recuerdo que un cliente de una gravera me dijo: \u201cCon la forma en U, ni siquiera tengo que preocuparme de que el material sobrante se quede dentro\u201d. Simplemente se desliza hacia fuera, de forma segura y eficaz.<\/li>\n<li>Un chasis robusto con vigas de doble alma mantiene todo estable en caminos accidentados. Comb\u00ednelo con los cilindros hidr\u00e1ulicos FC\/FE que se elevan hasta 45\u00b0 y notar\u00e1 que el tiempo de descarga se reduce a la mitad. En obras con mucho trabajo, eso significa m\u00e1s viajes al d\u00eda y m\u00e1s beneficios para su bolsillo.<\/li>\n<\/ul>\n<p style=\"text-align: center;\"><a class=\"product_button\" href=\"#elementor-action%3Aaction%3Dpopup%3Aopen%26settings%3DeyJpZCI6Ijk5MDciLCJ0b2dnbGUiOmZhbHNlfQ%3D%3D\">Haga clic para m\u00e1s detalles<\/a><\/p>\n<h2>Especificaciones del remolque basculante de 3 ejes<\/h2>\n<table style=\"width: 800px;\" border=\"1\" cellspacing=\"1\" cellpadding=\"1\">\n<tbody>\n<tr>\n<td style=\"width: 102px;\" width=\"208\" height=\"28\">\u00a0Marca<\/td>\n<td width=\"606\">\u00a0Panda Mech<\/td>\n<\/tr>\n<tr>\n<td style=\"width: 102px;\" height=\"28\">Carga \u00fatil m\u00e1xima<\/td>\n<td>30 toneladas<\/td>\n<\/tr>\n<tr>\n<td style=\"width: 102px;\" height=\"28\">\u00a0Dimensiones totales (mm)<\/td>\n<td width=\"330\">\u00a08.065*2.500*3.230 mm<\/td>\n<\/tr>\n<tr>\n<td style=\"width: 102px;\" height=\"28\">\u00a0Dimensiones del cuerpo (mm)<\/td>\n<td style=\"width: 170px;\">7.200*2.300*1.400 mm<\/td>\n<\/tr>\n<tr>\n<td style=\"width: 102px;\" height=\"28\">\u00a0Sistema hidr\u00e1ulico<\/td>\n<td style=\"width: 170px;\">\u00a0Cilindro hidr\u00e1ulico HYVA<\/td>\n<\/tr>\n<tr>\n<td style=\"width: 102px;\" height=\"28\">\u00a0Cilindro<\/td>\n<td style=\"width: 170px;\">\u00a0175, 191, 202, 214 \/ 4TG, 5TG<\/td>\n<\/tr>\n<tr>\n<td style=\"width: 102px;\" height=\"28\">\u00a0Suspensi\u00f3n<\/td>\n<td style=\"width: 170px;\">\u00a0Suspensi\u00f3n mec\u00e1nica<\/td>\n<\/tr>\n<tr>\n<td style=\"width: 102px;\" height=\"28\">\u00a0Kingpin<\/td>\n<td style=\"width: 170px;\">\u00a0Tipo desmontable JOST 2\u2033 o 3,5<\/td>\n<\/tr>\n<tr>\n<td style=\"width: 102px;\" height=\"28\">\u00a0Sistema de frenado<\/td>\n<td style=\"width: 170px;\">\u00a0ABS o EBS (opcional)<\/td>\n<\/tr>\n<tr>\n<td style=\"width: 102px;\" height=\"28\">\u00a0Material<\/td>\n<td style=\"width: 170px;\">\u00a0Acero de alta resistencia de 5 mm o 6 mm<\/td>\n<\/tr>\n<tr>\n<td style=\"width: 102px;\" height=\"28\">\u00a0Neum\u00e1tico<\/td>\n<td style=\"width: 170px;\">\u00a012R 22.5 315\/80 R22.5<\/td>\n<\/tr>\n<tr>\n<td style=\"width: 102px;\" height=\"28\">\u00a0C\u00e1maras de freno<\/td>\n<td style=\"width: 170px;\">\u00a0T30\/30<\/td>\n<\/tr>\n<\/tbody>\n<\/table>\n<p style=\"text-align: center;\"><a class=\"product_button\" href=\"#elementor-action%3Aaction%3Dpopup%3Aopen%26settings%3DeyJpZCI6Ijk5MDciLCJ0b2dnbGUiOmZhbHNlfQ%3D%3D\">Haga clic para m\u00e1s detalles<\/a><\/p>\n<h2>Dibujo de remolque volquete de 3 ejes<\/h2>\n<p><img fetchpriority=\"high\" decoding=\"async\" class=\"alignnone wp-image-32569 size-full\" src=\"https:\/\/pandamech.com\/wp-content\/uploads\/2022\/08\/tipper-semi-trailer-3.jpg\" alt=\"Dibujo de un remolque volquete de 3 ejes\" width=\"800\" height=\"460\" title=\"\"><\/p>\n<p>3 ejes 30 toneladas volquete semirremolque dibujo<\/p>\n<h2>Remolque basculante de 3 ejes im\u00e1genes<\/h2>\n<p><img decoding=\"async\" class=\"alignnone wp-image-32357 size-full\" src=\"https:\/\/pandamech.com\/wp-content\/uploads\/2022\/10\/25cbm-dump-trailer-7.jpg\" alt=\"3 ejes 30 toneladas volquete semirremolque para la venta\" width=\"750\" height=\"399\" title=\"\"><\/p>\n<p>3 ejes 30 toneladas volquete semirremolque para la venta en China<\/p>\n<p style=\"text-align: center;\"><a class=\"product_button\" href=\"#elementor-action%3Aaction%3Dpopup%3Aopen%26settings%3DeyJpZCI6Ijk5MDciLCJ0b2dnbGUiOmZhbHNlfQ%3D%3D\">Obtenga un presupuesto instant\u00e1neo<\/a><\/p>\n<h2>Panda Mech<\/h2>\n<p>Panda Mech es un fabricante de remolques volquete en U de 30 toneladas de China. Suministramos remolques volquete en U de 30 toneladas para la venta. Los fabricantes de Panda Mech han tenido \u00e9xito en el sudeste asi\u00e1tico, Oriente Medio, \u00c1frica y Am\u00e9rica del Sur, como Filipinas, Tanzania, Nigeria, etc....<\/p>\n<p><a href=\"\/spanish\/contact-us\/\" rel=\"nofollow\"><img decoding=\"async\" src=\"https:\/\/pandamech.com\/wp-content\/uploads\/u_file\/db8ce19fe3.jpg\" alt=\"Remolques basculantes de acero \" title=\"\"><\/a><\/p>\n<p>Relacionado:<\/p>\n<p><a href=\"https:\/\/www.pandamech.com\/spanish\/product\/6-axle-tipping-semi-trailer\/\" target=\"_blank\" rel=\"noopener\">Remolque volquete de 50 toneladas<\/a><\/p>\n<p><a href=\"https:\/\/www.pandamech.com\/spanish\/product\/china-45m3-tipper-trailer-wholesale\/\" target=\"_blank\" rel=\"noopener\">45cbm remolque volquete para la venta<\/a><\/p>","protected":false},"excerpt":{"rendered":"<p>Modelo: 3 ejes 30 toneladas<\/p>\n<p>Gama de precios: USD 12.900-25.000<\/p>\n<p>Plazo de entrega: 7-25 d\u00edas<\/p>\n<p>Aplicaci\u00f3n: transporte Carb\u00f3n, mineral, materiales de construcci\u00f3n<\/p>\n<p>\u00c1ngulo de inclinaci\u00f3n: 45\u00b0<\/p>\n<p>Sistema hidr\u00e1ulico: Cilindro HYVA<\/p>","protected":false},"featured_media":58827,"template":"","meta":{"_acf_changed":false,"_kad_blocks_custom_css":"","_kad_blocks_head_custom_js":"","_kad_blocks_body_custom_js":"","_kad_blocks_footer_custom_js":"","_kad_post_transparent":"default","_kad_post_title":"","_kad_post_layout":"default","_kad_post_sidebar_id":"","_kad_post_content_style":"default","_kad_post_vertical_padding":"default","_kad_post_feature":"","_kad_post_feature_position":"","_kad_post_header":false,"_kad_post_footer":false,"_kad_post_classname":""},"product_brand":[],"product_cat":[106],"product_tag":[],"class_list":{"0":"post-21555","1":"product","2":"type-product","3":"status-publish","4":"has-post-thumbnail","6":"product_cat-semi-dump-trailer","8":"first","9":"instock","10":"sold-individually","11":"shipping-taxable","12":"purchasable","13":"product-type-simple","14":"entry","15":"content-bg","16":"loop-entry"},"acf":[],"taxonomy_info":{"product_cat":[{"value":106,"label":"End Dump Trailer"}]},"featured_image_src_large":["https:\/\/www.pandamech.com\/wp-content\/uploads\/2022\/08\/30-Ton-U-Shape-Tipper-Trailer-1-500x500.jpg",500,500,true],"author_info":[],"comment_info":"","_links":{"self":[{"href":"https:\/\/www.pandamech.com\/spanish\/wp-json\/wp\/v2\/product\/21555","targetHints":{"allow":["GET"]}}],"collection":[{"href":"https:\/\/www.pandamech.com\/spanish\/wp-json\/wp\/v2\/product"}],"about":[{"href":"https:\/\/www.pandamech.com\/spanish\/wp-json\/wp\/v2\/types\/product"}],"version-history":[{"count":3,"href":"https:\/\/www.pandamech.com\/spanish\/wp-json\/wp\/v2\/product\/21555\/revisions"}],"predecessor-version":[{"id":91586,"href":"https:\/\/www.pandamech.com\/spanish\/wp-json\/wp\/v2\/product\/21555\/revisions\/91586"}],"wp:featuredmedia":[{"embeddable":true,"href":"https:\/\/www.pandamech.com\/spanish\/wp-json\/wp\/v2\/media\/58827"}],"wp:attachment":[{"href":"https:\/\/www.pandamech.com\/spanish\/wp-json\/wp\/v2\/media?parent=21555"}],"wp:term":[{"taxonomy":"product_brand","embeddable":true,"href":"https:\/\/www.pandamech.com\/spanish\/wp-json\/wp\/v2\/product_brand?post=21555"},{"taxonomy":"product_cat","embeddable":true,"href":"https:\/\/www.pandamech.com\/spanish\/wp-json\/wp\/v2\/product_cat?post=21555"},{"taxonomy":"product_tag","embeddable":true,"href":"https:\/\/www.pandamech.com\/spanish\/wp-json\/wp\/v2\/product_tag?post=21555"}],"curies":[{"name":"wp","href":"https:\/\/api.w.org\/{rel}","templated":true}]}}