{"id":21544,"date":"2023-02-11T19:03:57","date_gmt":"2023-02-11T11:03:57","guid":{"rendered":"http:\/\/pandamech.com\/?post_type=product&#038;p=21544"},"modified":"2025-08-23T01:07:07","modified_gmt":"2025-08-22T17:07:07","slug":"4-axle-lowboy-trailer-for-sale","status":"publish","type":"product","link":"https:\/\/www.pandamech.com\/spanish\/product\/4-axle-lowboy-trailer-for-sale\/","title":{"rendered":"4 ejes Lowboy remolque para la venta"},"content":{"rendered":"<p>Remolque de plataforma baja de 4 ejes tambi\u00e9n conocido como remolque de plataforma baja de 4 ejes, remolque de plataforma baja de 4 ejes. Generalmente se utilizan para transportar maquinaria de construcci\u00f3n y equipos de gran tama\u00f1o. Generalmente, muchos lugares son limitados, especialmente en algunos puentes. El uso de <a style=\"color: #3366ff;\" href=\"https:\/\/www.pandamech.com\/spanish\/category\/cargo-trailer\/flatbed-semi-trailer\/\" target=\"_blank\" rel=\"noopener\">semirremolques planos<\/a> no puede ser transportado, por lo que la gente utiliza un 80 toneladas remolques lowboy para el transporte.<\/p>\n<h2>4 Axle lowboy trailers images<\/h2>\n<p><img decoding=\"async\" style=\"width: 800px;\" src=\"https:\/\/pandamech.com\/wp-content\/uploads\/2021\/08\/7-72.jpg\" alt=\"4 ejes remolque lowboy para la venta\" height=\"533\" title=\"\"><\/p>\n<p>4 ejes 65\/70\/75\/80 toneladas remolques lowboy para la venta<\/p>\n<h2>Especificaciones del remolque bajo de 4 ejes<\/h2>\n<h3>Marcas de semirremolques de plataforma baja<\/h3>\n<p>- Panda Mech<\/p>\n<h3>Capacidad de carga del remolque de carga baja de 4 ejes:<\/h3>\n<p>- 60-80 toneladas<\/p>\n<h3>Remolque de cami\u00f3n de plataforma baja de 4 ejes<\/h3>\n<p>- 15000x3000x1750\/1250 mm<\/p>\n<h3>Peso del remolque de plataforma baja de 4 ejes<\/h3>\n<p>- 11-13 toneladas<\/p>\n<h3>Remolque de cuatro ejes de carga baja<\/h3>\n<p>- 3000mm, 3metros, M\u00e1s utilizados<\/p>\n<h3>Altura desde el suelo del remolque de plataforma baja de 60 toneladas<\/h3>\n<p>- 1250 mm<\/p>\n<h3>Altura del remolque de plataforma baja de 60 toneladas:<\/h3>\n<p>- 800-1250 mm<\/p>\n<h3>Remolques bajos de 50 toneladas de longitud<\/h3>\n<p>- 15000 mm<\/p>\n<h3>Ruedas<\/h3>\n<p>- 4\u00d74+1<\/p>\n<h3>V\u00e1lvula de remolque lowboy de 80 toneladas<\/h3>\n<p>- BPW, FUWA<\/p>\n<h3>Suspensi\u00f3n de remolque de plataforma baja de 4 ejes<\/h3>\n<p>- Suspensi\u00f3n mec\u00e1nica\/ suspensi\u00f3n neum\u00e1tica<\/p>\n<h3>Neum\u00e1ticos de remolque de plataforma baja de 4 ejes<\/h3>\n<p>- 235\/70 R 17.5<\/p>\n<p>- 245\/70 R 17.5<\/p>\n<p>- 295\/60 R 22.5<\/p>\n<p>- 11 R 22.5<\/p>\n<p>- 12 R 22.5<\/p>\n<p>- 315\/80 R 22.5<\/p>\n<h3>Piezas\/accesorios<\/h3>\n<p>- Rampas hidr\u00e1ulicas, bomba hidr\u00e1ulica, v\u00e1lvula de semirremolque Low Bed, booster, zapatas de freno, tambores de freno, estabilizadores, suspensi\u00f3n, tren de aterrizaje, intentos, luces,<\/p>\n<h3>Tipos<\/h3>\n<p>\u2013 \u00a0<a style=\"color: #3366ff;\" href=\"https:\/\/www.pandamech.com\/spanish\/category\/low-bed-trailers\/detachable-gooseneck-trailer\/\" target=\"_blank\" rel=\"noopener\">Remolques desmontables de plataforma baja<\/a>, Remolques de plataforma baja con cuello de cisne, remolques de plataforma baja escalonados, remolques de plataforma baja con rampas hidr\u00e1ulicas, remolques de plataforma baja especiales (personalizados).<\/p>\n<h2>Caracter\u00edstica<\/h2>\n<ul>\n<li>1. Longitud de superficie optimizada para una mejor carga, un centro de gravedad m\u00e1s bajo y una mayor seguridad.<\/li>\n<li>2. Cargas puntuales elevadas debido a la escasa distancia entre travesa\u00f1os<\/li>\n<li>3. Los ejes son de marcas de fabricantes conocidos como FUWA BPW<\/li>\n<li>4. Suspensi\u00f3n neum\u00e1tica con dispositivo de elevaci\u00f3n para un manejo m\u00e1s c\u00f3modo.<\/li>\n<\/ul>\n<h2>Panda Mech<\/h2>\n<p>Panda Mech es un fabricante de remolques bajos de 4 ejes de China. Tenemos una amplia experiencia en la fabricaci\u00f3n de remolques de cuatro ejes. Ofrecemos una variedad de remolques de cuatro ejes para la venta. Podemos personalizarlo de acuerdo a sus necesidades. Hemos logrado el \u00e9xito en \u00c1frica, Am\u00e9rica del Sur y el Sudeste Asi\u00e1tico, como Tanzania, Nigeria, Kenia ...<\/p>\n<p>Panda Mech suministro de 40 pies semi remolque cama baja, 50\/55\/60 toneladas remolque lowboy para la venta, podemos personalizar de acuerdo a sus necesidades.<\/p>\n<p><a href=\"https:\/\/www.pandamech.com\/spanish\/contact-us\/\" target=\"_blank\" rel=\"noopener\"><img fetchpriority=\"high\" decoding=\"async\" src=\"https:\/\/pandamech.com\/wp-content\/uploads\/2021\/08\/quotation.jpg\" alt=\"presupuesto\" width=\"864\" height=\"213\" title=\"\"><\/a><\/p>","protected":false},"excerpt":{"rendered":"<p>Tipo: Remolque bajo de 4 ejes<\/p>\n<p>Gama de precios: $19.500-37.500<\/p>\n<p>Entrega: 7-28 d\u00edas<\/p>\n<p>Dimensiones: a medida<\/p>\n<p>Aplicaci\u00f3n: para transportar excavadoras, cargadoras de ruedas u otra maquinaria.<\/p>","protected":false},"featured_media":58707,"template":"","meta":{"_acf_changed":false,"_kad_blocks_custom_css":"","_kad_blocks_head_custom_js":"","_kad_blocks_body_custom_js":"","_kad_blocks_footer_custom_js":"","_kad_post_transparent":"default","_kad_post_title":"","_kad_post_layout":"default","_kad_post_sidebar_id":"","_kad_post_content_style":"default","_kad_post_vertical_padding":"default","_kad_post_feature":"","_kad_post_feature_position":"","_kad_post_header":false,"_kad_post_footer":false,"_kad_post_classname":""},"product_brand":[],"product_cat":[112],"product_tag":[61],"class_list":{"0":"post-21544","1":"product","2":"type-product","3":"status-publish","4":"has-post-thumbnail","6":"product_cat-low-boy-trailer","7":"product_tag-4-axle-trailer","9":"first","10":"instock","11":"sold-individually","12":"shipping-taxable","13":"purchasable","14":"product-type-simple","15":"entry","16":"content-bg","17":"loop-entry"},"acf":[],"taxonomy_info":{"product_cat":[{"value":112,"label":"Low Boy Trailer"}],"product_tag":[{"value":61,"label":"4 Axle Trailer"}]},"featured_image_src_large":["https:\/\/www.pandamech.com\/wp-content\/uploads\/2023\/02\/3-4-axle-lowboy-trailer-500x500.jpg",500,500,true],"author_info":[],"comment_info":"","_links":{"self":[{"href":"https:\/\/www.pandamech.com\/spanish\/wp-json\/wp\/v2\/product\/21544","targetHints":{"allow":["GET"]}}],"collection":[{"href":"https:\/\/www.pandamech.com\/spanish\/wp-json\/wp\/v2\/product"}],"about":[{"href":"https:\/\/www.pandamech.com\/spanish\/wp-json\/wp\/v2\/types\/product"}],"version-history":[{"count":1,"href":"https:\/\/www.pandamech.com\/spanish\/wp-json\/wp\/v2\/product\/21544\/revisions"}],"predecessor-version":[{"id":91257,"href":"https:\/\/www.pandamech.com\/spanish\/wp-json\/wp\/v2\/product\/21544\/revisions\/91257"}],"wp:featuredmedia":[{"embeddable":true,"href":"https:\/\/www.pandamech.com\/spanish\/wp-json\/wp\/v2\/media\/58707"}],"wp:attachment":[{"href":"https:\/\/www.pandamech.com\/spanish\/wp-json\/wp\/v2\/media?parent=21544"}],"wp:term":[{"taxonomy":"product_brand","embeddable":true,"href":"https:\/\/www.pandamech.com\/spanish\/wp-json\/wp\/v2\/product_brand?post=21544"},{"taxonomy":"product_cat","embeddable":true,"href":"https:\/\/www.pandamech.com\/spanish\/wp-json\/wp\/v2\/product_cat?post=21544"},{"taxonomy":"product_tag","embeddable":true,"href":"https:\/\/www.pandamech.com\/spanish\/wp-json\/wp\/v2\/product_tag?post=21544"}],"curies":[{"name":"wp","href":"https:\/\/api.w.org\/{rel}","templated":true}]}}