{"id":21540,"date":"2023-02-10T19:03:56","date_gmt":"2023-02-10T11:03:56","guid":{"rendered":"http:\/\/pandamech.com\/?post_type=product&#038;p=21540"},"modified":"2025-08-23T01:07:07","modified_gmt":"2025-08-22T17:07:07","slug":"4-axle-flatbed-trailer-for-sale","status":"publish","type":"product","link":"https:\/\/www.pandamech.com\/spanish\/product\/4-axle-flatbed-trailer-for-sale\/","title":{"rendered":"4 ejes semirremolque de plataforma para la venta"},"content":{"rendered":"<p>El semirremolque plataforma de 4 ejes es conocido como semirremolque plataforma de 4 ejes. El semirremolque plataforma de 4 ejes es un semirremolque con estructura de contenedor. Se utilizan principalmente en los sistemas log\u00edsticos de apoyo a los buques, puertos, rutas, carreteras, estaciones de transferencia, puentes, t\u00faneles, y el transporte multimodal. El semirremolque portacontenedores de plataforma de 4 ejes se utiliza generalmente para el transporte de contenedores, carga a granel, cemento a granel, arroz a granel, etc. Se utiliza principalmente para el transporte de larga distancia. Generalmente, un remolque de plataforma de 40 pies puede transportar 2*contenedores de 20 pies o 1*contenedor de 40 pies. Si se trata de una gran cantidad de transporte o diferentes necesidades, podemos personalizarlo, o remolque de plataforma algunos veh\u00edculos deformados.<\/p>\n<p>La parte de carga del remolque de cami\u00f3n de plataforma de 4 ejes se determina en funci\u00f3n del tama\u00f1o est\u00e1ndar del contenedor. En la posici\u00f3n correspondiente a las cuatro esquinas de la parte inferior del contenedor se ha previsto un dispositivo de bloqueo por torsi\u00f3n para fijar el contenedor.<\/p>\n<h2>Semirremolque de plataforma de 4 ejes im\u00e1genes<\/h2>\n<p><img fetchpriority=\"high\" decoding=\"async\" class=\"alignnone size-full wp-image-35919\" src=\"https:\/\/pandamech.com\/wp-content\/uploads\/2022\/10\/4axle-flatbed-7.jpg\" alt=\"Se vende remolque de plataforma de 4 ejes\" width=\"750\" height=\"399\" title=\"\"><\/p>\n<p><img decoding=\"async\" class=\"alignnone size-full wp-image-35920\" src=\"https:\/\/pandamech.com\/wp-content\/uploads\/2022\/10\/4axle-flatbed-8.jpg\" alt=\"Se vende remolque de plataforma de 4 ejes\" width=\"750\" height=\"400\" title=\"\"><\/p>\n<p><img decoding=\"async\" class=\"alignnone size-full wp-image-35921\" src=\"https:\/\/pandamech.com\/wp-content\/uploads\/2022\/10\/4axle-flatbed-9.jpg\" alt=\"Se vende remolque de plataforma de 4 ejes\" width=\"750\" height=\"399\" title=\"\"><\/p>\n<p>eje cu\u00e1druple de 40 pies cami\u00f3n semirremolque de plataforma para la venta en China - <span style=\"color: #0000ff;\"><a style=\"color: #0000ff;\" href=\"https:\/\/www.pandamech.com\/spanish\/product\/3-axle-40-foot-flatbed-semi-trailer\/\" target=\"_blank\" rel=\"noopener\">Semirremolque de plataforma de 3 ejes<\/a><\/span><\/p>\n<p style=\"text-align: center;\"><a class=\"product_button\" href=\"#elementor-action%3Aaction%3Dpopup%3Aopen%26settings%3DeyJpZCI6Ijk5MDciLCJ0b2dnbGUiOmZhbHNlfQ%3D%3D\">Haga clic para m\u00e1s detalles<\/a><\/p>\n<h2>V\u00eddeo del semirremolque de plataforma de 4 ejes<\/h2>\n<p><iframe title=\"Reproductor de v\u00eddeo YouTube\" src=\"https:\/\/www.youtube.com\/embed\/HR8yZxwQk1I\" width=\"800\" height=\"533\" frameborder=\"0\" allowfullscreen=\"allowfullscreen\"><span data-mce-type=\"bookmark\" style=\"display: inline-block; width: 0px; overflow: hidden; line-height: 0;\" class=\"mce_SELRES_start\"><\/span><\/iframe><\/p>\n<h2>Especificaciones del semirremolque de plataforma de 4 ejes<\/h2>\n<table style=\"width: 800px;\" border=\"1\" cellspacing=\"1\" cellpadding=\"1\">\n<tbody>\n<tr>\n<td width=\"297\">\u00a0Fabricante<\/td>\n<td width=\"484\">\u00a0Panda Mech Remolque portacontenedores plano de 4 ejes<\/td>\n<\/tr>\n<tr>\n<td width=\"297\">\u00a0Ejes<\/td>\n<td width=\"484\">\u00a02\/3\/4 ejes, marca BPW\/SAF\/FUWA<\/td>\n<\/tr>\n<tr>\n<td width=\"297\">\u00a040 FT remolque de plataforma dimensiones<\/td>\n<td width=\"484\">\u00a011500\/12500 \/ 13500\u00d72500\u00d71500 mm<\/td>\n<\/tr>\n<tr>\n<td width=\"297\">\u00a0Remolque de plataforma de 40 pies de capacidad<\/td>\n<td width=\"484\">\u00a070 toneladas<\/td>\n<\/tr>\n<tr>\n<td width=\"297\">\u00a0Peso<\/td>\n<td width=\"484\">\u00a07-9 toneladas<\/td>\n<\/tr>\n<tr>\n<td width=\"297\">\u00a0Cierre giratorio<\/td>\n<td width=\"484\">\u00a08-12 series<\/td>\n<\/tr>\n<tr>\n<td width=\"297\">\u00a0Material<\/td>\n<td width=\"484\">\u00a0Vigas principales Q345B, brida superior:14mm, media:8mm, inferior:16mm<\/td>\n<\/tr>\n<tr>\n<td width=\"297\">\u00a0Alfiler de rey<\/td>\n<td width=\"484\">\u00a02 pulgadas o 3,5 pulgadas Marca JOST<\/td>\n<\/tr>\n<tr>\n<td width=\"297\">\u00a0Suspensi\u00f3n<\/td>\n<td width=\"484\">\u00a0Suspensi\u00f3n mec\u00e1nica con airbag<\/td>\n<\/tr>\n<tr>\n<td width=\"297\" height=\"36\">\u00a0Neum\u00e1tico<\/td>\n<td width=\"484\">\u00a011.00R20, 12.00R20,12R22.5, 385\/65R22.5 Triangle\/Hankook\/ Marca Bridgestone<\/td>\n<\/tr>\n<\/tbody>\n<\/table>\n<p style=\"text-align: center;\"><a class=\"product_button\" href=\"#elementor-action%3Aaction%3Dpopup%3Aopen%26settings%3DeyJpZCI6Ijk5MDciLCJ0b2dnbGUiOmZhbHNlfQ%3D%3D\">Obtenga un presupuesto instant\u00e1neo<\/a><\/p>\n<h2>Caracter\u00edsticas del semirremolque de plataforma de cuatro ejes<\/h2>\n<p><strong>Piezas multisoporte<\/strong><\/p>\n<p>8, 12 juegos de esclusas de contenedor para transportar 1 unidad de contenedor de 30 pies, 40 pies, 45 pies, y 2 unidades de contenedor de 20 pies.<\/p>\n<p>Los eufros de cuerda y los ganchos ayudan a sujetar la carga, por lo que son adecuados para el transporte de varias cargas.<\/p>\n<p><strong>Buena pintura<\/strong><\/p>\n<p>Las superficies se limpian mediante granallado: una capa de epoxi y una capa de acabado acr\u00edlico.<\/p>\n<p>Durable contra el \u00f3xido, el apoyo m\u00e1s largo bueno, mirando y vida de servicio.<\/p>\n<p><strong>Soldadura autom\u00e1tica<\/strong><\/p>\n<p>Arco sumergido Construcci\u00f3n de soldadura autom\u00e1tica, Keypoint refuerza y soldadura a prop\u00f3sito evita algunas partes m\u00e1s accesibles a perder la soldadura de acuerdo a la experiencia de apoyo veh\u00edculo m\u00e1s tiempo trabajando sin reparar.<\/p>\n<p><strong>Ejes, suspensiones y sistemas de frenado de calidad<\/strong><\/p>\n<p>BPW, FUWA en todo el mundo mejores ejes de trabajo con v\u00e1lvula de freno WABCO, m\u00e1s eficaz de freno para la seguridad y ahorrar costes de neum\u00e1ticos Fijar la calidad de muelles y suspensiones, el apoyo a una mayor vida \u00fatil, ahorrar costes de mantenimiento.<\/p>\n<p style=\"text-align: center;\"><a class=\"product_button\" href=\"#elementor-action%3Aaction%3Dpopup%3Aopen%26settings%3DeyJpZCI6Ijk5MDciLCJ0b2dnbGUiOmZhbHNlfQ%3D%3D\">Haga clic para m\u00e1s detalles<\/a><\/p>\n<h2>Transporte de semirremolque de plataforma<\/h2>\n<p>Durante el transporte <a href=\"https:\/\/www.pandamech.com\/spanish\/category\/cargo-trailer\/flatbed-semi-trailer\/\" target=\"_blank\" rel=\"noopener\"><span style=\"color: #0000ff;\">remolques portacontenedores tractores de plataforma<\/span><\/a>, Muchos clientes optan por el transporte en contenedores, ya que los costes de transporte son m\u00e1s bajos y el tiempo de transporte m\u00e1s corto.<\/p>\n<p>4 Eje remolques de plataforma se utilizan generalmente para los transportistas a granel o buques ro-ro para el transporte. Nos aseguraremos de que Panda Mech comercial remolques de plataforma ser\u00e1 encerado y cubierto con lonas cuando los buques de carga a granel.<\/p>\n<h2>Fabricante de semirremolques de plataforma de 40 pies<\/h2>\n<p>Somos una <span class=\"css-a5m6co-text css-p8ym46-fontFamily css-11397xj-fontSize css-18j1nfb-display\">eje cu\u00e1druple<\/span>s fabricante de remolques portacontenedores de plataforma de China. Suministramos remolques portacontenedores de plataforma de 4 ejes y remolques portacontenedores de plataforma con cuello de cisne para la venta. Podemos personalizarlo de acuerdo a sus necesidades. Los fabricantes de Panda Mech han tenido \u00e9xito en el sudeste de Asia, Oriente Medio, \u00c1frica y Am\u00e9rica del Sur, como Filipinas, Tanzania, etc ...<\/p>\n<p><a href=\"#elementor-action%3Aaction%3Dpopup%3Aopen%26settings%3DeyJpZCI6Ijk5MDciLCJ0b2dnbGUiOmZhbHNlfQ%3D%3D\"><img loading=\"lazy\" decoding=\"async\" src=\"https:\/\/pandamech.com\/wp-content\/uploads\/2021\/08\/quotation.jpg\" alt=\"presupuesto\" width=\"864\" height=\"213\" title=\"\"><\/a><\/p>","protected":false},"excerpt":{"rendered":"<p>Tipo: <span class=\"css-a5m6co-text css-p8ym46-fontFamily css-11397xj-fontSize css-18j1nfb-display\">eje cu\u00e1druple <\/span>Remolque de plataforma de 40 pies<\/p>\n<p>Rango de precios: $9,990-14500<\/p>\n<p>Plazo de entrega: 7-25 d\u00edas<\/p>\n<p>Capacidad de carga: 20-60 toneladas<\/p>\n<p>Aplicaci\u00f3n: carga a granel, contenedores<\/p>","protected":false},"featured_media":58187,"template":"","meta":{"_acf_changed":false,"_kad_blocks_custom_css":"","_kad_blocks_head_custom_js":"","_kad_blocks_body_custom_js":"","_kad_blocks_footer_custom_js":"","_kad_post_transparent":"default","_kad_post_title":"","_kad_post_layout":"default","_kad_post_sidebar_id":"","_kad_post_content_style":"default","_kad_post_vertical_padding":"default","_kad_post_feature":"","_kad_post_feature_position":"","_kad_post_header":false,"_kad_post_footer":false,"_kad_post_classname":""},"product_brand":[],"product_cat":[77],"product_tag":[61],"class_list":{"0":"post-21540","1":"product","2":"type-product","3":"status-publish","4":"has-post-thumbnail","6":"product_cat-flatbed-semi-trailer","7":"product_tag-4-axle-trailer","9":"first","10":"instock","11":"sold-individually","12":"shipping-taxable","13":"purchasable","14":"product-type-simple","15":"entry","16":"content-bg","17":"loop-entry"},"acf":[],"taxonomy_info":{"product_cat":[{"value":77,"label":"Flatbed Semi Trailer"}],"product_tag":[{"value":61,"label":"4 Axle Trailer"}]},"featured_image_src_large":["https:\/\/www.pandamech.com\/wp-content\/uploads\/2022\/10\/4axle-flatbed-2-500x500.jpg",500,500,true],"author_info":[],"comment_info":"","_links":{"self":[{"href":"https:\/\/www.pandamech.com\/spanish\/wp-json\/wp\/v2\/product\/21540","targetHints":{"allow":["GET"]}}],"collection":[{"href":"https:\/\/www.pandamech.com\/spanish\/wp-json\/wp\/v2\/product"}],"about":[{"href":"https:\/\/www.pandamech.com\/spanish\/wp-json\/wp\/v2\/types\/product"}],"version-history":[{"count":1,"href":"https:\/\/www.pandamech.com\/spanish\/wp-json\/wp\/v2\/product\/21540\/revisions"}],"predecessor-version":[{"id":91259,"href":"https:\/\/www.pandamech.com\/spanish\/wp-json\/wp\/v2\/product\/21540\/revisions\/91259"}],"wp:featuredmedia":[{"embeddable":true,"href":"https:\/\/www.pandamech.com\/spanish\/wp-json\/wp\/v2\/media\/58187"}],"wp:attachment":[{"href":"https:\/\/www.pandamech.com\/spanish\/wp-json\/wp\/v2\/media?parent=21540"}],"wp:term":[{"taxonomy":"product_brand","embeddable":true,"href":"https:\/\/www.pandamech.com\/spanish\/wp-json\/wp\/v2\/product_brand?post=21540"},{"taxonomy":"product_cat","embeddable":true,"href":"https:\/\/www.pandamech.com\/spanish\/wp-json\/wp\/v2\/product_cat?post=21540"},{"taxonomy":"product_tag","embeddable":true,"href":"https:\/\/www.pandamech.com\/spanish\/wp-json\/wp\/v2\/product_tag?post=21540"}],"curies":[{"name":"wp","href":"https:\/\/api.w.org\/{rel}","templated":true}]}}