{"id":21503,"date":"2025-09-04T18:25:34","date_gmt":"2025-09-04T10:25:34","guid":{"rendered":"http:\/\/pandamech.com\/?post_type=product&#038;p=21503"},"modified":"2025-09-06T19:50:59","modified_gmt":"2025-09-06T11:50:59","slug":"70-ton-tipper-semi-trailer","status":"publish","type":"product","link":"https:\/\/www.pandamech.com\/spanish\/product\/70-ton-tipper-semi-trailer\/","title":{"rendered":"Semirremolque basculante de 70 toneladas"},"content":{"rendered":"<p>Tipper trailer as known as end dump trailer, tipper semi trailer, the structure includes chassis, box, and lifting sys. Work by PTO supply oil to the cylinder, lifting box till to design angle, cargo slide out, improve unloading efficiency.<\/p>\n<p>Widely used in sandstone plant, construction site and mine, transport sand, gravel, earthwork and mining.<\/p>\n<p style=\"text-align: center;\"><a class=\"product_button\" href=\"#elementor-action%3Aaction%3Dpopup%3Aopen%26settings%3DeyJpZCI6Ijk5MDciLCJ0b2dnbGUiOmZhbHNlfQ%3D%3D\">Click For Detail<\/a><\/p>\n<h2>Tipper semi trailer video<\/h2>\n<p><iframe title=\"YouTube video player\" src=\"https:\/\/www.youtube.com\/embed\/uV4awegJhLI\" width=\"800\" height=\"533\" frameborder=\"0\" allowfullscreen=\"allowfullscreen\"><\/iframe><\/p>\n<h2>70 Ton tipper trailer specification<\/h2>\n<table style=\"width: 800px;\" border=\"1\" cellspacing=\"1\" cellpadding=\"1\">\n<tbody>\n<tr>\n<td width=\"208\" height=\"33\">\u00a0Manufacturer<\/td>\n<td width=\"598\">\u00a0Panda Mech\u00a0 tipper \/ dump semi trailer<\/td>\n<\/tr>\n<tr>\n<td height=\"33\">\u00a0Capacity<\/td>\n<td>\u00a070Ton<\/td>\n<\/tr>\n<tr>\n<td height=\"33\">\u00a0Overall dimensions (mm)<\/td>\n<td>\u00a012,000\u00d72,500\u00d73,222mm<\/td>\n<\/tr>\n<tr>\n<td height=\"33\">\u00a0Body dimensions (mm)<\/td>\n<td>\u00a011,500\u00d72,300\u00d71,500m<\/td>\n<\/tr>\n<tr>\n<td height=\"33\">\u00a0Chassis<\/td>\n<td>\u00a0Heavy duty and extra durability designed I beam<\/td>\n<\/tr>\n<tr>\n<td height=\"33\">\u00a0Axle<\/td>\n<td>\u00a03 Axles, tandem axle,<\/td>\n<\/tr>\n<tr>\n<td height=\"33\">\u00a0Hydraulic system<\/td>\n<td>\u00a0HYVA hydraulic cylinder<\/td>\n<\/tr>\n<tr>\n<td height=\"33\">\u00a0Cylinder<\/td>\n<td>\u00a0175, 191, 202, 214 \/ 4TG, 5TG<\/td>\n<\/tr>\n<tr>\n<td height=\"33\">\u00a0Suspension<\/td>\n<td>\u00a0Mechanical suspension \/ Spring suspension<\/td>\n<\/tr>\n<tr>\n<td height=\"33\">\u00a0Kingpin<\/td>\n<td>\u00a0JOST 3.5\u201d, exchange<\/td>\n<\/tr>\n<tr>\n<td height=\"33\">\u00a0Landing gear<\/td>\n<td>\u00a0JOST 28T<\/td>\n<\/tr>\n<tr>\n<td height=\"33\">\u00a0Braking system<\/td>\n<td>\u00a0ABS or EBS (optional)<\/td>\n<\/tr>\n<tr>\n<td height=\"33\">\u00a0Material<\/td>\n<td>\u00a05mm or 6mm high strength steel<\/td>\n<\/tr>\n<tr>\n<td height=\"33\">\u00a0Tire<\/td>\n<td>\u00a012R 22.5 315\/80 R22.5<\/td>\n<\/tr>\n<tr>\n<td height=\"33\">\u00a0Spare tire carrier<\/td>\n<td>\u00a0one set of the spare tire including a carrier<\/td>\n<\/tr>\n<tr>\n<td height=\"33\">\u00a0Accessories<\/td>\n<td>\u00a0One standard toolbox, one rocker handle, one Shaft wrench<\/td>\n<\/tr>\n<tr>\n<td height=\"33\">\u00a0Brake chambers<\/td>\n<td>\u00a0T30\/30<\/td>\n<\/tr>\n<tr>\n<td height=\"33\">\u00a0Pain<\/td>\n<td>\u00a0Primer, polyurethane paint<\/td>\n<\/tr>\n<tr>\n<td height=\"33\">\u00a0Parts<\/td>\n<td>\u00a0Electric system, brake system, axle, tire, suspension,\u00a0latch,\u00a0kit.<\/td>\n<\/tr>\n<tr>\n<td height=\"33\"><u><a href=\"https:\/\/pandamech.com\/contact-us\/\" target=\"_blank\" rel=\"noopener\">Inquiry now<\/a><\/u><\/td>\n<td><u><a href=\"https:\/\/pandamech.com\/contact-us\/\" target=\"_blank\" rel=\"noopener\">Get Free Quote<\/a><\/u><\/td>\n<\/tr>\n<\/tbody>\n<\/table>\n<p style=\"text-align: center;\"><a class=\"product_button\" href=\"#elementor-action%3Aaction%3Dpopup%3Aopen%26settings%3DeyJpZCI6Ijk5MDciLCJ0b2dnbGUiOmZhbHNlfQ%3D%3D\">Click For Detail<\/a><\/p>\n<h2>3 Axle 70ton tipper trailer images<\/h2>\n<p><img fetchpriority=\"high\" decoding=\"async\" class=\"alignnone wp-image-32424 size-full\" src=\"https:\/\/pandamech.com\/wp-content\/uploads\/2022\/08\/3-axle-70cbm-tipper-trailer-7.jpg\" alt=\"70 Ton Tipper Semi Trailer Manufacturer in China\" width=\"800\" height=\"600\" title=\"\"><\/p>\n<p>supply 3 axle 70 ton tipper semi trailer for sale &#8211; Customized<\/p>\n<p>Related: <a href=\"https:\/\/pandamech.com\/product\/sand-gravel-tipper-truck\" target=\"_blank\" rel=\"noopener\"><span style=\"color: #0000ff;\">sand gravel tipper trailer<\/span><\/a>, <span style=\"color: #0000ff;\"><a style=\"color: #0000ff;\" href=\"https:\/\/pandamech.com\/product\/coal-dump-trailer-for-sale\" target=\"_blank\" rel=\"noopener\">coal dump truck trailer<\/a><\/span><\/p>\n<p style=\"text-align: center;\"><a class=\"product_button\" href=\"#elementor-action%3Aaction%3Dpopup%3Aopen%26settings%3DeyJpZCI6Ijk5MDciLCJ0b2dnbGUiOmZhbHNlfQ%3D%3D\">Get an Instant Quotation Now<\/a><\/p>\n<h2>Feature<\/h2>\n<p style=\"text-align: left;\"><strong>Material:<\/strong><\/p>\n<p style=\"text-align: left;\">Hardox 450 or equal wear and abrasion-resistant material box, T700 high tension beam, tare weight lighter 2000kg than normal material tipper, longer service time and lower fuel consumption<\/p>\n<p style=\"text-align: left;\"><strong>U section box:<\/strong><\/p>\n<p style=\"text-align: left;\">U model box design and analysis, larger section area with lower barycentre, load more and unloading easier, saftly and efficiently<\/p>\n<p style=\"text-align: left;\"><strong>Chassis:<\/strong><\/p>\n<p style=\"text-align: left;\">Double web for main beam design, stronger for multi road condition<\/p>\n<p style=\"text-align: left;\"><strong>Cylinder:<\/strong><\/p>\n<p style=\"text-align: left;\">FC and FE model optional, higher operating pressure, help Max 45\u00b0 tilt angle, reducing turnaround time with faster-ripping speed, increasing operating time with long service intervals<\/p>\n<p style=\"text-align: left;\"><strong>Brackets<\/strong>:<\/p>\n<p style=\"text-align: left;\">Improved design with better stress and fatigue resistance<\/p>\n<p style=\"text-align: left;\"><strong>Knock off:<\/strong><\/p>\n<p style=\"text-align: left;\">Robust design precise actuation protect box working in safety angle<\/p>\n<p style=\"text-align: left;\"><strong>Tilt Shaft:<\/strong><\/p>\n<p style=\"text-align: left;\">Heavy-duty design support working stable when tilting, more durable and safety<\/p>\n<p style=\"text-align: left;\"><strong>Fasten Sys:<\/strong><\/p>\n<p style=\"text-align: left;\">Rear door auto fasten lock efficiency work, adjustable design keep suitable situation\uff0ceasy maintenance and replace<\/p>\n<p style=\"text-align: left;\"><strong>Auxiliary support frame:<\/strong><\/p>\n<p style=\"text-align: left;\">An auxiliary support frame support box with chassis, avoid box tilt, in order to work more safely<\/p>\n<p style=\"text-align: center;\"><a class=\"product_button\" href=\"#elementor-action%3Aaction%3Dpopup%3Aopen%26settings%3DeyJpZCI6Ijk5MDciLCJ0b2dnbGUiOmZhbHNlfQ%3D%3D\">Click For Detail<\/a><\/p>\n<h2>Panda Mech<\/h2>\n<p style=\"text-align: left;\">Panda Mech is a 70 ton tipper trailer manufacturer from China. We supply end tipper trailers for sale. Panda Mech manufacturers have been successful in Southeast Asia, the Middle East, Africa and South America, such as the Philippines, Tanzania, etc\u2026.<\/p>\n<p style=\"text-align: left;\"><a href=\"https:\/\/pandamech.com\/contact-us\/\" rel=\"nofollow noopener\" target=\"_blank\"><img decoding=\"async\" src=\"https:\/\/pandamech.com\/wp-content\/uploads\/u_file\/db8ce19fe3.jpg\" alt=\"End dump truck semi trailer\" title=\"\"><\/a><\/p>\n<p>Related:<\/p>\n<p><a href=\"https:\/\/www.pandamech.com\/product\/wholesale-60-tons-tipping-trailers\/\" target=\"_blank\" rel=\"noopener\">60 ton tipper semi trailer<\/a><\/p>\n<p><a href=\"https:\/\/pandamech.com\/category\/tipper-trailer\" target=\"_blank\" rel=\"noopener\">tipper semi trailer<\/a><\/p>\n<h2>FAQ<\/h2>\n<h3 data-start=\"2145\" data-end=\"2192\">How much weight can a 70T dump trailer carry?<\/h3>\n<div class=\"text-base my-auto mx-auto pb-10 [--thread-content-margin:--spacing(4)] thread-sm:[--thread-content-margin:--spacing(6)] thread-lg:[--thread-content-margin:--spacing(16)] px-(--thread-content-margin)\">\n<div class=\"[--thread-content-max-width:40rem] thread-sm:[--thread-content-max-width:40rem] thread-lg:[--thread-content-max-width:48rem] mx-auto max-w-(--thread-content-max-width) flex-1 group\/turn-messages focus-visible:outline-hidden relative flex w-full min-w-0 flex-col agent-turn\" tabindex=\"-1\">\n<div class=\"flex max-w-full flex-col grow\">\n<div class=\"min-h-8 text-message relative flex w-full flex-col items-end gap-2 text-start break-words whitespace-normal [.text-message+&amp;]:mt-5\" dir=\"auto\" data-message-author-role=\"assistant\" data-message-id=\"9302cecf-6365-4904-97dd-1e06d20ce087\" data-message-model-slug=\"gpt-5\">\n<div class=\"flex w-full flex-col gap-1 empty:hidden first:pt-[3px]\">\n<div class=\"markdown prose dark:prose-invert w-full break-words light markdown-new-styling\">\n<p data-start=\"0\" data-end=\"438\" data-is-last-node=\"\" data-is-only-node=\"\">A <strong data-start=\"2\" data-end=\"38\">70T dump trailer from Panda Mech<\/strong> is built to carry up to <strong data-start=\"63\" data-end=\"92\">70 tons of bulk materials<\/strong> such as coal, ore, sand, or gravel in a single load.<\/p>\n<\/div>\n<\/div>\n<\/div>\n<\/div>\n<\/div>\n<\/div>\n<h3 data-start=\"2310\" data-end=\"2376\">What\u2019s the difference between 60 Ton and 70 Ton tipper trailers?<\/h3>\n<p>The main difference between a <strong data-start=\"30\" data-end=\"40\">60 Ton<\/strong> and a <strong data-start=\"47\" data-end=\"72\">70 Ton tipper trailer<\/strong> is <strong data-start=\"76\" data-end=\"96\">payload capacity<\/strong>.<\/p>\n","protected":false},"excerpt":{"rendered":"<p>Modelo: 3 ejes 70 toneladas<\/p>\n<p>Gama de precios: USD 13.500-25.000<\/p>\n<p>Plazo de entrega: 7-25 d\u00edas<\/p>\n<p>Aplicaci\u00f3n: transporte Carb\u00f3n, mineral, materiales de construcci\u00f3n<\/p>\n<p>\u00c1ngulo de inclinaci\u00f3n: 45\u00b0<\/p>\n<p>Sistema hidr\u00e1ulico: Cilindro HYVA<\/p>","protected":false},"featured_media":57825,"template":"","meta":{"_acf_changed":false,"_kad_blocks_custom_css":"","_kad_blocks_head_custom_js":"","_kad_blocks_body_custom_js":"","_kad_blocks_footer_custom_js":"","_kad_post_transparent":"default","_kad_post_title":"","_kad_post_layout":"default","_kad_post_sidebar_id":"","_kad_post_content_style":"default","_kad_post_vertical_padding":"default","_kad_post_feature":"","_kad_post_feature_position":"","_kad_post_header":false,"_kad_post_footer":false,"_kad_post_classname":""},"product_brand":[],"product_cat":[106],"product_tag":[],"class_list":{"0":"post-21503","1":"product","2":"type-product","3":"status-publish","4":"has-post-thumbnail","6":"product_cat-semi-dump-trailer","8":"first","9":"instock","10":"sold-individually","11":"shipping-taxable","12":"purchasable","13":"product-type-simple","14":"entry","15":"content-bg","16":"loop-entry"},"acf":[],"taxonomy_info":{"product_cat":[{"value":106,"label":"End Dump Trailer"}]},"featured_image_src_large":["https:\/\/www.pandamech.com\/wp-content\/uploads\/2022\/08\/3-axle-70-cbm-tipper-trailer-1-500x500.jpg",500,500,true],"author_info":[],"comment_info":"","_links":{"self":[{"href":"https:\/\/www.pandamech.com\/spanish\/wp-json\/wp\/v2\/product\/21503","targetHints":{"allow":["GET"]}}],"collection":[{"href":"https:\/\/www.pandamech.com\/spanish\/wp-json\/wp\/v2\/product"}],"about":[{"href":"https:\/\/www.pandamech.com\/spanish\/wp-json\/wp\/v2\/types\/product"}],"version-history":[{"count":3,"href":"https:\/\/www.pandamech.com\/spanish\/wp-json\/wp\/v2\/product\/21503\/revisions"}],"predecessor-version":[{"id":91584,"href":"https:\/\/www.pandamech.com\/spanish\/wp-json\/wp\/v2\/product\/21503\/revisions\/91584"}],"wp:featuredmedia":[{"embeddable":true,"href":"https:\/\/www.pandamech.com\/spanish\/wp-json\/wp\/v2\/media\/57825"}],"wp:attachment":[{"href":"https:\/\/www.pandamech.com\/spanish\/wp-json\/wp\/v2\/media?parent=21503"}],"wp:term":[{"taxonomy":"product_brand","embeddable":true,"href":"https:\/\/www.pandamech.com\/spanish\/wp-json\/wp\/v2\/product_brand?post=21503"},{"taxonomy":"product_cat","embeddable":true,"href":"https:\/\/www.pandamech.com\/spanish\/wp-json\/wp\/v2\/product_cat?post=21503"},{"taxonomy":"product_tag","embeddable":true,"href":"https:\/\/www.pandamech.com\/spanish\/wp-json\/wp\/v2\/product_tag?post=21503"}],"curies":[{"name":"wp","href":"https:\/\/api.w.org\/{rel}","templated":true}]}}