{"id":21500,"date":"2022-11-14T19:03:34","date_gmt":"2022-11-14T11:03:34","guid":{"rendered":"http:\/\/pandamech.com\/?post_type=product&#038;p=21500"},"modified":"2025-11-10T18:06:51","modified_gmt":"2025-11-10T10:06:51","slug":"20-cbm-dry-bulk-trailer","status":"publish","type":"product","link":"https:\/\/www.pandamech.com\/spanish\/product\/20-cbm-dry-bulk-trailer\/","title":{"rendered":"Remolque cisterna de carga seca a granel 20 CBM"},"content":{"rendered":"<p>El remolque cisterna para materiales secos a granel se utiliza principalmente para transportar materiales secos en polvo (di\u00e1metro\u22640.1mm) como cenizas volantes, cemento, harina de cal en polvo, polvo mineral, \u00e1lcali granular, etc. En general, se suele utilizar en obras de construcci\u00f3n. Los remolques cisterna a granel de esta forma se utilizan principalmente en Sudam\u00e9rica y Norteam\u00e9rica.<\/p>\n<p>20 CBM capacidad del petrolero: 30-35 toneladas.<\/p>\n<h2>Caracter\u00edsticas del remolque para carga seca a granel de 20CBM<\/h2>\n<ul>\n<li>1. El remolque para cemento PANDA MECH, fabricado en acero de alta resistencia al desgaste, tambi\u00e9n puede ser perfecto para algunas zonas de \u00c1frica donde las condiciones de las carreteras son relativamente malas.<\/li>\n<li>2. La m\u00e1quina de soldadura autom\u00e1tica garantiza una alta calidad y una larga vida \u00fatil de la costura de soldadura, y la soldadura tambi\u00e9n es m\u00e1s hermosa.<\/li>\n<li>3. Despu\u00e9s de la producci\u00f3n de la cisterna de cemento, todas ellas se someten a pruebas de presi\u00f3n y estanqueidad para garantizar que la cisterna tiene un buen sellado.<\/li>\n<li>4. El motor diesel Weichai de una marca mundialmente famosa ayuda al compresor de aire a trabajar mejor y la velocidad de descarga puede alcanzar 1.6t\/min.<\/li>\n<\/ul>\n<p style=\"text-align: center;\"><a class=\"product_button\" href=\"#elementor-action%3Aaction%3Dpopup%3Aopen%26settings%3DeyJpZCI6Ijk5MDciLCJ0b2dnbGUiOmZhbHNlfQ%3D%3D\">Haga clic para m\u00e1s detalles<\/a><\/p>\n<h2>Especificaciones del remolque para carga seca a granel 20CBM<\/h2>\n<table style=\"width: 800px;\" border=\"1\" cellspacing=\"1\" cellpadding=\"1\">\n<tbody>\n<tr>\n<td width=\"221\" height=\"40\">\u00a0Marca<\/td>\n<td width=\"515\">\u00a0Cami\u00f3n remolque de transporte neum\u00e1tico a granel PANDA Mech<\/td>\n<\/tr>\n<tr>\n<td width=\"221\" height=\"40\">\u00a0Capacidad<\/td>\n<td width=\"515\">\u00a020 cbm \/ m3, 30 toneladas<\/td>\n<\/tr>\n<tr>\n<td width=\"221\" height=\"40\">\u00a0Motor<\/td>\n<td width=\"515\">\u00a0WeiCai Deutz diesel moto<\/td>\n<\/tr>\n<tr>\n<td width=\"221\" height=\"40\">\u00a0Compresor<\/td>\n<td width=\"515\">\u00a0SK 12m3<\/td>\n<\/tr>\n<tr>\n<td width=\"221\" height=\"40\">\u00a0Tapa de alcantarilla<\/td>\n<td width=\"515\">\u00a0De 2 a 4 juegos de 500 mm de di\u00e1metro<\/td>\n<\/tr>\n<tr>\n<td width=\"221\" height=\"40\">\u00a0V\u00e1lvula de descarga<\/td>\n<td width=\"515\">\u00a0V\u00e1lvula de disco de 4<\/td>\n<\/tr>\n<tr>\n<td width=\"221\" height=\"40\">\u00a0Material del dep\u00f3sito<\/td>\n<td width=\"515\">\u00a0Acero de alta resistencia de 5 mm o 6 mm<\/td>\n<\/tr>\n<tr>\n<td width=\"221\" height=\"40\">\u00a0Estructura<\/td>\n<td width=\"515\">\u00a0Q345 acero de alta rectitud, Q235<\/td>\n<\/tr>\n<tr>\n<td width=\"221\" height=\"40\">\u00a0Tren de aterrizaje<\/td>\n<td width=\"515\">\u00a0JOST 28T<\/td>\n<\/tr>\n<tr>\n<td width=\"221\" height=\"40\">\u00a0Suspensi\u00f3n<\/td>\n<td width=\"515\">\u00a0Suspensi\u00f3n mec\u00e1nica o neum\u00e1tica<\/td>\n<\/tr>\n<tr>\n<td width=\"221\" height=\"40\">\u00a0Eje de remolque a granel<\/td>\n<td width=\"515\">\u00a01 a 4 juegos, ejes de 13,16,20 toneladas, BPW o SAF<\/td>\n<\/tr>\n<tr>\n<td width=\"221\" height=\"40\">\u00a0Neum\u00e1tico<\/td>\n<td width=\"515\">\u00a012R22.5, 385\/65R22.5, 13R22.5, 12.00R24, 315\/80R22.5<\/td>\n<\/tr>\n<\/tbody>\n<\/table>\n<p style=\"text-align: center;\"><a class=\"product_button\" href=\"#elementor-action%3Aaction%3Dpopup%3Aopen%26settings%3DeyJpZCI6Ijk5MDciLCJ0b2dnbGUiOmZhbHNlfQ%3D%3D\">Haga clic para m\u00e1s detalles<\/a><\/p>\n<h2>Im\u00e1genes del remolque para carga seca a granel de 20CBM<\/h2>\n<p><img fetchpriority=\"high\" decoding=\"async\" class=\"alignnone wp-image-32776 size-full\" src=\"https:\/\/pandamech.com\/wp-content\/uploads\/2022\/08\/20cbm-cement-trailer-10.jpg\" alt=\"30 ton 20 cbm\/m3 remolque cisterna seca a granel\" width=\"750\" height=\"399\" title=\"\"><\/p>\n<p>2 ejes 20m3 30ton neum\u00e1ticos <span style=\"color: #0000ff;\"><a style=\"color: #0000ff;\" href=\"https:\/\/www.pandamech.com\/spanish\/category\/pneumatic-trailer\/cement-tanker\/\" target=\"_blank\" rel=\"noopener\">cementero<\/a><\/span> remolque<\/p>\n<p><img decoding=\"async\" class=\"alignnone wp-image-32775 size-full\" src=\"https:\/\/pandamech.com\/wp-content\/uploads\/2022\/08\/20cbm-cement-trailer-9.jpg\" alt=\"20 cbm 30 ton remolque cisterna seca a granel\" width=\"750\" height=\"399\" title=\"\"><\/p>\n<p>Remolque de 2 ejes 20m3 30 ton para carga seca a granel<\/p>\n<p><img decoding=\"async\" class=\"alignnone wp-image-32773 size-full\" src=\"https:\/\/pandamech.com\/wp-content\/uploads\/2022\/08\/20cbm-cement-trailer-7.jpg\" alt=\"20 cbm 30 ton remolque cisterna seca a granel\" width=\"750\" height=\"399\" title=\"\"><\/p>\n<p>20m3 30 toneladas remolque cisterna seca a granel<\/p>\n<p>Relacionado: <span style=\"color: #0000ff;\"><a style=\"color: #0000ff;\" href=\"https:\/\/www.pandamech.com\/product\/2-axle-25-ton-pto-bulk-cement-tanker\/\" target=\"_blank\" rel=\"noopener\">Remolque para cemento de 25 toneladas<\/a><\/span>, <span style=\"color: #0000ff;\"><a style=\"color: #0000ff;\" href=\"https:\/\/www.pandamech.com\/spanish\/product\/50-ton-cement-bulk-trailer-for-sale\/\" target=\"_blank\" rel=\"noopener\">Remolque de cemento de 50 toneladas<\/a><\/span>, <a href=\"https:\/\/www.pandamech.com\/spanish\/product\/60-ton-cement-tanker-trailer\/\" target=\"_blank\" rel=\"noopener\"><span style=\"color: #0000ff;\">cisterna de cemento a granel de 60 toneladas<\/span><\/a><\/p>\n<p style=\"text-align: center;\"><a class=\"product_button\" href=\"#elementor-action%3Aaction%3Dpopup%3Aopen%26settings%3DeyJpZCI6Ijk5MDciLCJ0b2dnbGUiOmZhbHNlfQ%3D%3D\">Obtenga un presupuesto instant\u00e1neo<\/a><\/p>\n<h2>Transporte mar\u00edtimo del remolque de carga seca a granel<\/h2>\n<p>Con el fin de evitar que la pintura del semirremolque cisterna modelo w se corroa por el agua de mar, rociaremos una capa de cera en la superficie del semirremolque cisterna neum\u00e1tico de 30 toneladas antes del transporte.<\/p>\n<p>Envolveremos todos los motores di\u00e9sel de los remolques cisterna de cemento con tela impermeable.<\/p>\n<p><img loading=\"lazy\" decoding=\"async\" class=\"alignnone wp-image-33095 size-full\" src=\"https:\/\/pandamech.com\/wp-content\/uploads\/2022\/10\/cement-trailer-transport-2.jpg\" alt=\"remolque cisterna para el transporte de cemento\" width=\"750\" height=\"400\" title=\"\"><\/p>\n<h2>Panda Mech<\/h2>\n<p>Panda Mech es un fabricante de 20cbm 30 toneladas remolque seco a granel de China. Suministramos remolques de carga seca a granel de 20cbm 30 toneladas para la venta. Los fabricantes de Panda Mech han tenido \u00e9xito en el sudeste asi\u00e1tico, Oriente Medio, \u00c1frica y Am\u00e9rica del Sur, como Filipinas, Tanzania, etc....<\/p>\n<p><a href=\"https:\/\/www.pandamech.com\/spanish\/contact-us\/\" target=\"_blank\" rel=\"noopener\"><img loading=\"lazy\" decoding=\"async\" src=\"https:\/\/pandamech.com\/wp-content\/uploads\/2021\/08\/quotation.jpg\" alt=\"presupuesto\" width=\"864\" height=\"213\" title=\"\"><\/a><\/p>","protected":false},"excerpt":{"rendered":"<p>Tipo: Cami\u00f3n cisterna de 30 toneladas<\/p>\n<p>Gama de precios: USD 12.800-38.500<\/p>\n<p>Plazo de entrega: 7-25 d\u00edas<\/p>\n<p>Descarga m\u00e1s r\u00e1pida: &gt;1,5 toneladas\/min<\/p>\n<p>Aplicaci\u00f3n: transporte <a class=\"wpil_keyword_link\" title=\"harina\" href=\"https:\/\/www.pandamech.com\/spanish\/product\/30-ton-bulk-flour-tanker-trailer\/\" target=\"_blank\" rel=\"noopener\" data-wpil-keyword-link=\"linked\">harina<\/a><\/p>","protected":false},"featured_media":57793,"template":"","meta":{"_acf_changed":false,"_kad_blocks_custom_css":"","_kad_blocks_head_custom_js":"","_kad_blocks_body_custom_js":"","_kad_blocks_footer_custom_js":"","_kad_post_transparent":"default","_kad_post_title":"","_kad_post_layout":"default","_kad_post_sidebar_id":"","_kad_post_content_style":"default","_kad_post_vertical_padding":"default","_kad_post_feature":"","_kad_post_feature_position":"","_kad_post_header":false,"_kad_post_footer":false,"_kad_post_classname":""},"product_brand":[],"product_cat":[101],"product_tag":[],"class_list":{"0":"post-21500","1":"product","2":"type-product","3":"status-publish","4":"has-post-thumbnail","6":"product_cat-cement-tanker","8":"first","9":"instock","10":"sold-individually","11":"shipping-taxable","12":"purchasable","13":"product-type-simple","14":"entry","15":"content-bg","16":"loop-entry"},"acf":[],"taxonomy_info":{"product_cat":[{"value":101,"label":"Cement Tanker For Sale"}]},"featured_image_src_large":["https:\/\/www.pandamech.com\/wp-content\/uploads\/2022\/08\/20cbm-cement-trailer-3-500x500.jpg",500,500,true],"author_info":[],"comment_info":"","_links":{"self":[{"href":"https:\/\/www.pandamech.com\/spanish\/wp-json\/wp\/v2\/product\/21500","targetHints":{"allow":["GET"]}}],"collection":[{"href":"https:\/\/www.pandamech.com\/spanish\/wp-json\/wp\/v2\/product"}],"about":[{"href":"https:\/\/www.pandamech.com\/spanish\/wp-json\/wp\/v2\/types\/product"}],"version-history":[{"count":1,"href":"https:\/\/www.pandamech.com\/spanish\/wp-json\/wp\/v2\/product\/21500\/revisions"}],"predecessor-version":[{"id":91275,"href":"https:\/\/www.pandamech.com\/spanish\/wp-json\/wp\/v2\/product\/21500\/revisions\/91275"}],"wp:featuredmedia":[{"embeddable":true,"href":"https:\/\/www.pandamech.com\/spanish\/wp-json\/wp\/v2\/media\/57793"}],"wp:attachment":[{"href":"https:\/\/www.pandamech.com\/spanish\/wp-json\/wp\/v2\/media?parent=21500"}],"wp:term":[{"taxonomy":"product_brand","embeddable":true,"href":"https:\/\/www.pandamech.com\/spanish\/wp-json\/wp\/v2\/product_brand?post=21500"},{"taxonomy":"product_cat","embeddable":true,"href":"https:\/\/www.pandamech.com\/spanish\/wp-json\/wp\/v2\/product_cat?post=21500"},{"taxonomy":"product_tag","embeddable":true,"href":"https:\/\/www.pandamech.com\/spanish\/wp-json\/wp\/v2\/product_tag?post=21500"}],"curies":[{"name":"wp","href":"https:\/\/api.w.org\/{rel}","templated":true}]}}