{"id":21489,"date":"2022-04-06T19:03:33","date_gmt":"2022-04-06T11:03:33","guid":{"rendered":"http:\/\/pandamech.com\/?post_type=product&#038;p=21489"},"modified":"2025-08-23T01:08:45","modified_gmt":"2025-08-22T17:08:45","slug":"water-tanker-semi-trailer-for-sale","status":"publish","type":"product","link":"https:\/\/www.pandamech.com\/spanish\/product\/water-tanker-semi-trailer-for-sale\/","title":{"rendered":"Venta de semirremolque cisterna de agua"},"content":{"rendered":"<p>Remolques cisterna utilizados para el transporte de agua y agua potable.<\/p>\n<p>Capacidad de los remolques cisterna de agua 30-60 KL, 30.000-60.000 litros, 8000-16000 galones.<\/p>\n<h2>3 Axle 45000 litros dringing remolques cisterna de agua im\u00e1genes<\/h2>\n<p><img decoding=\"async\" src=\"\/wp-content\/uploads\/u_file\/dc594dbfbc.jpg\" alt=\"venta de semirremolques cisterna de agua\" title=\"\"><br \/>\n3 ejes 45000 litros Panda cisterna de agua semirremolque para la venta<br \/>\n<img decoding=\"async\" src=\"\/wp-content\/uploads\/u_file\/623fac9bb2.jpg\" alt=\"remolque cisterna para transporte de agua\" title=\"\"><br \/>\nSe vende veh\u00edculo de transporte de agua Panda<br \/>\n<img decoding=\"async\" src=\"\/wp-content\/uploads\/u_file\/678523fda8.jpg\" alt=\"venta de remolques cisterna panda\" title=\"\"><br \/>\n3 Eje 45000 litros cisterna de agua semi traielr en dubai - <a href=\"https:\/\/www.pandamech.com\/spanish\/product\/3-axle-45000-liters-fuel-tank-trailer\/\" target=\"_blank\" rel=\"noopener\">semirremolque cisterna de aceite de 45000 litros<\/a><\/p>\n<h2>V\u00eddeo del semirremolque cisterna para el transporte de agua<\/h2>\n<p><iframe style=\"width: 800px;\" src=\"https:\/\/www.youtube.com\/embed\/3hkTZWC65C0\" height=\"533\" frameborder=\"0\" scrolling=\"no\" allowfullscreen=\"allowfullscreen\"><\/iframe><\/p>\n<h2>Especificaciones del semirremolque cisterna de agua<\/h2>\n<table style=\"width: 800px;\" border=\"1\" cellspacing=\"1\" cellpadding=\"1\">\n<tbody>\n<tr>\n<td width=\"296\" height=\"44\">\u00a0Marca<\/td>\n<td width=\"424\">\u00a0Semirremolque cisterna de agua<\/td>\n<\/tr>\n<tr>\n<td width=\"296\" height=\"44\">\u00a0Dimensi\u00f3n del remolque cisterna<\/td>\n<td width=\"424\">\u00a010500-12500*2500*3650 mm, 44*8*12 pies<\/td>\n<\/tr>\n<tr>\n<td width=\"296\" height=\"44\">\u00a0Peso en vac\u00edo (kg)<\/td>\n<td width=\"424\">\u00a0Aproximadamente 9900<\/td>\n<\/tr>\n<tr>\n<td width=\"296\" height=\"44\">\u00a0Carga \u00fatil (kg)<\/td>\n<td width=\"424\">\u00a0Aproximadamente 40000kg<\/td>\n<\/tr>\n<tr>\n<td width=\"296\" height=\"44\">\u00a0Material y grosor del dep\u00f3sito (mm)<\/td>\n<td width=\"424\">\u00a0interior de acero inoxidable de calidad alimentaria de 5 mm, capa intermedia de espuma aislante de 80 mm, exterior normal de 2 mm, forma cepillada de acero inoxidable<\/td>\n<\/tr>\n<tr>\n<td width=\"296\" height=\"44\">\u00a0Capacidad del remolque cisterna<\/td>\n<td width=\"424\">\u00a030-60 kl, 7925-15850 galones<\/td>\n<\/tr>\n<tr>\n<td width=\"296\" height=\"95\">\u00a0configuraci\u00f3n est\u00e1ndar<\/td>\n<td width=\"424\">\u00a0con un dispositivo de limpieza autom\u00e1tica PIC, v\u00e1lvula de grado alimentario e interfaz, v\u00e1lvula de ventilaci\u00f3n en la parte superior del dep\u00f3sito, cinco salidas de acero inoxidable de 3\u201d en la parte trasera del dep\u00f3sito, un porta neum\u00e1ticos de repuesto, una caja de herramientas, una escalera trasera, etc.<\/td>\n<\/tr>\n<tr>\n<td width=\"296\" height=\"44\">\u00a0Eje<\/td>\n<td width=\"424\">\u00a02 \/ 3 \/ 4 ejes<\/td>\n<\/tr>\n<tr>\n<td width=\"296\" height=\"44\">\u00a0Carga por eje (Kg)<\/td>\n<td width=\"424\">\u00a013000<\/td>\n<\/tr>\n<tr>\n<td width=\"296\" height=\"44\">\u00a0Tipo de suspensi\u00f3n<\/td>\n<td width=\"424\">\u00a0Suspensi\u00f3n de ballesta FUWA<\/td>\n<\/tr>\n<tr>\n<td width=\"296\" height=\"44\">\u00a0Frenos<\/td>\n<td width=\"424\">\u00a0Freno de aire comprimido de 4 canales<\/td>\n<\/tr>\n<tr>\n<td width=\"296\" height=\"44\">\u00a0el\u00e9ctrico<\/td>\n<td width=\"424\">\u00a024 V, con racores neum\u00e1ticos y toma de siete polos<\/td>\n<\/tr>\n<tr>\n<td width=\"296\" height=\"44\">\u00a0Material<\/td>\n<td width=\"424\">\u00a0Acero o aluminio<\/td>\n<\/tr>\n<tr>\n<td width=\"296\" height=\"44\">\u00a0Tipo de neum\u00e1tico<\/td>\n<td width=\"424\">\u00a012R22.5 o 11:00R20<\/td>\n<\/tr>\n<tr>\n<td width=\"296\" height=\"44\">\u00a0Kingpin<\/td>\n<td width=\"424\">\u00a03-1\/2\u2033 o 2-1\/2\u201d<\/td>\n<\/tr>\n<tr>\n<td width=\"296\" height=\"44\">\u00a0Ubicaci\u00f3n<\/td>\n<td width=\"424\">\u00a0Shandong, China<\/td>\n<\/tr>\n<tr>\n<td width=\"296\" height=\"44\"><u><a href=\"\/spanish\/contact-us\/\">Consulta<\/a><\/u><\/td>\n<td width=\"424\"><u><a href=\"\/spanish\/contact-us\/\">Obtener presupuesto<\/a><\/u><\/td>\n<\/tr>\n<\/tbody>\n<\/table>\n<h2>Fabricante de semirremolques cisterna<\/h2>\n<p>Panda Mech es un fabricante de semirremolques cisterna de agua de China. Si desea comprar semirremolques cisterna de agua, P\u00f3ngase en contacto con nosotros.<\/p>\n<p>Hay muchos fabricantes de remolques cisterna de agua en el mundo, tales como otros fabricantes, proveedores nane, proveedores wowo, y as\u00ed sucesivamente. Diferentes proveedores tienen diferentes ventajas,<\/p>\n<h2>Venta de semirremolques cisterna<\/h2>\n<p>Somos fabricantes de remolques cisterna de agua en China. Suministramos 30-60 KL remolques cisterna de agua para la venta. Podemos personalizarlo de acuerdo a sus necesidades. El precio del remolque cisterna de agua depende de las especificaciones. Podemos personalizarlo de acuerdo a sus necesidades.<\/p>\n<p>Los fabricantes de Panda Mech han tenido \u00e9xito en el Sudeste Asi\u00e1tico, Oriente Medio, \u00c1frica y Sudam\u00e9rica, como Filipinas, Tanzania, Nigeria, etc.<u><a href=\"https:\/\/www.pandamech.com\/spanish\/about\/\" rel=\"nofollow noopener\" name=\"662ae8fb-4e4e-4cc5-876a-6bfaecae5a2d\" target=\"_blank\">M\u00e1s sobre el panda<\/a><\/u><\/p>\n<p><a href=\"\/spanish\/contact-us\/\"><img decoding=\"async\" src=\"\/wp-content\/uploads\/u_file\/db8ce19fe3.jpg\" alt=\"Venta de semirremolques cisterna de agua\" title=\"\"><\/a><\/p>","protected":false},"excerpt":{"rendered":"<p>Tipo: remolque cisterna<\/p>\n<p>Gama de precios: $16.000-26.900<\/p>\n<p>Plazo de entrega: 7-25 d\u00edas<\/p>\n<p>Aplicaciones: transporte de agua<\/p>","protected":false},"featured_media":57738,"template":"","meta":{"_acf_changed":false,"_kad_blocks_custom_css":"","_kad_blocks_head_custom_js":"","_kad_blocks_body_custom_js":"","_kad_blocks_footer_custom_js":"","_kad_post_transparent":"default","_kad_post_title":"","_kad_post_layout":"default","_kad_post_sidebar_id":"","_kad_post_content_style":"default","_kad_post_vertical_padding":"default","_kad_post_feature":"","_kad_post_feature_position":"","_kad_post_header":false,"_kad_post_footer":false,"_kad_post_classname":""},"product_brand":[],"product_cat":[109,114,95],"product_tag":[],"class_list":{"0":"post-21489","1":"product","2":"type-product","3":"status-publish","4":"has-post-thumbnail","6":"product_cat-fuel-tanker","7":"product_cat-stainless-tank-trailer","8":"product_cat-tank-trailer","10":"first","11":"instock","12":"sold-individually","13":"shipping-taxable","14":"purchasable","15":"product-type-simple","16":"entry","17":"content-bg","18":"loop-entry"},"acf":[],"taxonomy_info":{"product_cat":[{"value":109,"label":"Fuel Tanker Trailer"},{"value":114,"label":"Stainless Steel Tank Trailer"},{"value":95,"label":"Tank Trailer"}]},"featured_image_src_large":["https:\/\/www.pandamech.com\/wp-content\/uploads\/2022\/08\/2-114-500x500.jpg",500,500,true],"author_info":[],"comment_info":"","_links":{"self":[{"href":"https:\/\/www.pandamech.com\/spanish\/wp-json\/wp\/v2\/product\/21489","targetHints":{"allow":["GET"]}}],"collection":[{"href":"https:\/\/www.pandamech.com\/spanish\/wp-json\/wp\/v2\/product"}],"about":[{"href":"https:\/\/www.pandamech.com\/spanish\/wp-json\/wp\/v2\/types\/product"}],"version-history":[{"count":1,"href":"https:\/\/www.pandamech.com\/spanish\/wp-json\/wp\/v2\/product\/21489\/revisions"}],"predecessor-version":[{"id":91454,"href":"https:\/\/www.pandamech.com\/spanish\/wp-json\/wp\/v2\/product\/21489\/revisions\/91454"}],"wp:featuredmedia":[{"embeddable":true,"href":"https:\/\/www.pandamech.com\/spanish\/wp-json\/wp\/v2\/media\/57738"}],"wp:attachment":[{"href":"https:\/\/www.pandamech.com\/spanish\/wp-json\/wp\/v2\/media?parent=21489"}],"wp:term":[{"taxonomy":"product_brand","embeddable":true,"href":"https:\/\/www.pandamech.com\/spanish\/wp-json\/wp\/v2\/product_brand?post=21489"},{"taxonomy":"product_cat","embeddable":true,"href":"https:\/\/www.pandamech.com\/spanish\/wp-json\/wp\/v2\/product_cat?post=21489"},{"taxonomy":"product_tag","embeddable":true,"href":"https:\/\/www.pandamech.com\/spanish\/wp-json\/wp\/v2\/product_tag?post=21489"}],"curies":[{"name":"wp","href":"https:\/\/api.w.org\/{rel}","templated":true}]}}