{"id":21484,"date":"2022-07-11T19:03:32","date_gmt":"2022-07-11T11:03:32","guid":{"rendered":"http:\/\/pandamech.com\/?post_type=product&#038;p=21484"},"modified":"2025-08-23T01:07:58","modified_gmt":"2025-08-22T17:07:58","slug":"flatbed-tractor-trailer-for-sale-p00110p1-html","status":"publish","type":"product","link":"https:\/\/www.pandamech.com\/spanish\/product\/flatbed-tractor-trailer-for-sale-p00110p1-html\/","title":{"rendered":"40 'Remolques de tractor de plataforma para la venta"},"content":{"rendered":"<p>Remolques tractores de plataforma plana, tambi\u00e9n conocidos como semirremolques de plataforma plana, remolques de cami\u00f3n de plataforma plana. Un semirremolque tractor de plataforma plana es un semirremolque con estructura de contenedor. Se utiliza principalmente en sistemas log\u00edsticos de apoyo a buques, puertos, rutas, autopistas, estaciones de transferencia, puentes, t\u00faneles y transporte multimodal.<\/p>\n<h2>40 Feet flatbed tractor trailers images<\/h2>\n<p><img fetchpriority=\"high\" decoding=\"async\" class=\"alignnone wp-image-17512 size-full\" style=\"width: 800px;\" title=\"Especificaciones del semirremolque de plataforma plana\" src=\"https:\/\/pandamech.com\/wp-content\/uploads\/2022\/08\/flatbed-smei-trailers-for-sale.jpg\" alt=\"40 pies remolque de tractor de plataforma para la venta\" width=\"800\" height=\"533\" \/><\/p>\n<p>3 ejes de 40 pies plana remolque de tractor para la venta<\/p>\n<p><img decoding=\"async\" class=\"alignnone wp-image-17513 size-full\" style=\"width: 800px;\" title=\"Especificaciones del semirremolque de plataforma plana\" src=\"https:\/\/pandamech.com\/wp-content\/uploads\/2022\/08\/flatbed-semi-trailer-for-sale7.jpg\" alt=\"triple eje semirremolques planos para la venta\" width=\"800\" height=\"533\" \/><\/p>\n<p>tri axle 40 pies <span style=\"color: #0000ff;\"><a style=\"color: #0000ff;\" href=\"https:\/\/www.pandamech.com\/spanish\/category\/cargo-trailer\/flatbed-semi-trailer\/\" target=\"_blank\" rel=\"noopener\">tractor remolque plano en venta<\/a><\/span><\/p>\n<p>Relacionado: <span style=\"color: #0000ff;\"><a style=\"color: #0000ff;\" href=\"https:\/\/www.pandamech.com\/spanish\/category\/low-bed-trailers\/low-boy-trailer\/\" target=\"_blank\" rel=\"noopener\">semirremolque bajo<\/a><\/span><\/p>\n<p style=\"text-align: center;\"><a class=\"product_button\" href=\"#elementor-action%3Aaction%3Dpopup%3Aopen%26settings%3DeyJpZCI6Ijk5MDciLCJ0b2dnbGUiOmZhbHNlfQ%3D%3D\">Haga clic para m\u00e1s detalles<\/a><\/p>\n<h2>40Ft plana remolques de tractores dibujo<\/h2>\n<p><img decoding=\"async\" class=\"alignnone size-full wp-image-22125\" src=\"https:\/\/pandamech.com\/wp-content\/uploads\/2021\/08\/40ft-flatbed-trailer-drawing.jpg\" alt=\"Dibujo de remolques tractores de plataforma de 40\" width=\"800\" height=\"532\" title=\"\"><\/p>\n<p>Dibujo de un remolque de cami\u00f3n de plataforma de 40 pies<\/p>\n<h2>Especificaci\u00f3n del remolque tractor de plataforma de 40\u2032.<\/h2>\n<p>Lo siguiente es principalmente acerca de las especificaciones del remolque semirremolque de plataforma, dimensiones, capacidad, y parte, semirremolque semirremolque de plataforma anchura longitud, y semirremolque semirremolque de plataforma peso.<\/p>\n<table style=\"width: 800px;\" border=\"1\" cellspacing=\"1\" cellpadding=\"1\">\n<tbody>\n<tr>\n<td width=\"297\" height=\"30\">\u00a0Fabricante<\/td>\n<td width=\"484\">\u00a0Panda Mech Remolque tractor de plataforma de 40 pies<\/td>\n<\/tr>\n<tr>\n<td width=\"297\" height=\"30\">\u00a0Ejes<\/td>\n<td width=\"484\">\u00a02-4 ejes BPW\/SAF\/FUWA Marca<\/td>\n<\/tr>\n<tr>\n<td width=\"297\" height=\"30\">\u00a0Dimensiones del remolque de plataforma<\/td>\n<td width=\"484\">\u00a012500 \/ 13500\u00d72500\u00d71500 mm.<\/td>\n<\/tr>\n<tr>\n<td width=\"297\" height=\"30\">\u00a0Remolque de plataforma de 40 pies de capacidad<\/td>\n<td width=\"484\">\u00a0dos contenedores, 34 toneladas<\/td>\n<\/tr>\n<tr>\n<td width=\"297\" height=\"30\">\u00a0Peso del remolque de plataforma<\/td>\n<td width=\"484\">\u00a07-9 toneladas<\/td>\n<\/tr>\n<tr>\n<td width=\"297\" height=\"30\">\u00a0Cierre giratorio<\/td>\n<td width=\"484\">\u00a08-12 series<\/td>\n<\/tr>\n<tr>\n<td width=\"297\" height=\"30\">\u00a0Material<\/td>\n<td width=\"484\">\u00a0Vigas principales Q345B, brida superior:14mm, media:8mm, inferior:16mm<\/td>\n<\/tr>\n<tr>\n<td width=\"297\" height=\"30\">\u00a0Alfiler de rey<\/td>\n<td width=\"484\">\u00a02 pulgadas o 3,5 pulgadas Marca JOST<\/td>\n<\/tr>\n<tr>\n<td width=\"297\" height=\"30\">\u00a0Chasis<\/td>\n<td width=\"484\">\u00a03mm,4mm,6mm, acero al carbono o aleaci\u00f3n de aluminio<\/td>\n<\/tr>\n<tr>\n<td width=\"297\" height=\"30\">\u00a0Suspensi\u00f3n<\/td>\n<td width=\"484\">\u00a0Mec\u00e1nica, aire, bogie<\/td>\n<\/tr>\n<tr>\n<td width=\"297\" height=\"30\">\u00a0Neum\u00e1tico<\/td>\n<td width=\"484\">\u00a011.00R20, 12.00R20,12R22.5, 385\/65R22.5 Triangle\/Hankook\/ Marca Bridgestone<\/td>\n<\/tr>\n<tr>\n<td width=\"297\" height=\"30\">\u00a0Sistema de frenos<\/td>\n<td width=\"484\">\u00a0V\u00e1lvula WABCO con c\u00e1mara grande<\/td>\n<\/tr>\n<tr>\n<td width=\"297\" height=\"108\">\u00a0Piezas de remolque de plataforma<\/td>\n<td width=\"484\">\u00a0Guardabarros, Escalera, 1 caja de herramientas est\u00e1ndar, 1 capa de imprimaci\u00f3n anticorrosiva, 2 capas de pintura final, Pintura de poliuretano, Tren de aterrizaje, Llanta de acero 9.0-22.5, Extintor, V\u00e1lvula de fondo neum\u00e1tica de 4 pulgadas, Tapa de registro de aleaci\u00f3n de aluminio de 500mm, Chapa de acero Q345\/6mm, conforme ADR (Seg\u00fan necesidades del cliente).<\/td>\n<\/tr>\n<\/tbody>\n<\/table>\n<p style=\"text-align: center;\"><a class=\"product_button\" href=\"#elementor-action%3Aaction%3Dpopup%3Aopen%26settings%3DeyJpZCI6Ijk5MDciLCJ0b2dnbGUiOmZhbHNlfQ%3D%3D\">Haga clic para m\u00e1s detalles<\/a><\/p>\n<h2>Remolques tractores de plataforma<\/h2>\n<p>Panda Mech produce semirremolques de plataforma de 3 ejes de alta calidad para el transporte de contenedores de 40 pies, contenedores de 20 pies, y carga a granel.<\/p>\n<p>El semirremolque de plataforma de 40 pies puede transportar cargas de m\u00e1quinas y cargas de 40 toneladas. Podemos proporcionar diferentes configuraciones de nuestro semirremolque de plataforma para satisfacer sus necesidades de transporte.<\/p>\n<h2>Ventajas de los remolques de plataforma<\/h2>\n<p>Estructura de acero de gran robustez y resistencia a la tracci\u00f3n, capacidad de carga de 40 toneladas.<\/p>\n<p>Suspensi\u00f3n mec\u00e1nica de muelle de tipo pesado para necesidades de cargas elevadas.<\/p>\n<p>Longitud y anchura de la cama baja disponibles a medida<\/p>\n<p>La suspensi\u00f3n neum\u00e1tica y la suspensi\u00f3n del bogie son opcionales.<\/p>\n<p style=\"text-align: center;\"><a class=\"product_button\" href=\"#elementor-action%3Aaction%3Dpopup%3Aopen%26settings%3DeyJpZCI6Ijk5MDciLCJ0b2dnbGUiOmZhbHNlfQ%3D%3D\">Obtenga un presupuesto instant\u00e1neo<\/a><\/p>\n<h2>Panda Mech<\/h2>\n<p>El equipo profesional de ingenier\u00eda de Panda estar\u00e1 listo para ofrecerle soluciones bien integradas que satisfagan sus necesidades de transporte y sus normativas locales. El equipo de ingenier\u00eda de Panda Mech puede comunicarse con usted en l\u00ednea para comprender plenamente sus necesidades, las soluciones incluyen el dise\u00f1o del producto, el material del producto, los dibujos del producto y los v\u00eddeos del producto.<\/p>\n<p><a href=\"https:\/\/www.pandamech.com\/spanish\/contact-us\/\" target=\"_blank\" rel=\"noopener\"><img loading=\"lazy\" decoding=\"async\" src=\"https:\/\/pandamech.com\/wp-content\/uploads\/2021\/08\/quotation.jpg\" alt=\"presupuesto\" width=\"864\" height=\"213\" title=\"\"><\/a><\/p>\n<h2><a>20\/40\/45\/53 Ft remolques de plataforma dimensiones<\/a><\/h2>\n<p>20Ft semirremolque de plataforma dimensiones: 11500x2500x1500 mm<\/p>\n<p>40 Ft remolque de cami\u00f3n de plataforma dimensiones: 12500 \/ 13500x2500x1500 mm<\/p>\n<p>Dimensiones del remolque tractor de plataforma de 45 pies: 13700x2500x1500 mm<\/p>\n<p>Dimensiones del remolque de plataforma de 53 pies: 16000x2500x1500 mm<\/p>\n<p>Relacionado:<\/p>\n<p><span style=\"color: #0000ff;\"><a style=\"color: #0000ff;\" href=\"https:\/\/www.pandamech.com\/spanish\/product\/24-25m-flat-bed-deck-tractor-semi-truck-trailer\/\" target=\"_blank\" rel=\"noopener\">remolque de plataforma extensible<\/a><\/span><\/p>\n<p><a href=\"https:\/\/www.pandamech.com\/product\/3-axle-drawbar-flatbed-trailer\/\" target=\"_blank\" rel=\"noopener\"><span style=\"color: #0000ff;\">remolque de plataforma con lanza<\/span><\/a><\/p>","protected":false},"excerpt":{"rendered":"<p>Tipo: remolque plano<\/p>\n<p>Gama de precios: $7,990-19,500<\/p>\n<p>Plazo de entrega: 7-25 d\u00edas<\/p>\n<p>Capacidad de carga: 20-60 toneladas<\/p>\n<p>Aplicaci\u00f3n: carga a granel, contenedores<\/p>","protected":false},"featured_media":57777,"template":"","meta":{"_acf_changed":false,"_kad_blocks_custom_css":"","_kad_blocks_head_custom_js":"","_kad_blocks_body_custom_js":"","_kad_blocks_footer_custom_js":"","_kad_post_transparent":"default","_kad_post_title":"","_kad_post_layout":"default","_kad_post_sidebar_id":"","_kad_post_content_style":"default","_kad_post_vertical_padding":"default","_kad_post_feature":"","_kad_post_feature_position":"","_kad_post_header":false,"_kad_post_footer":false,"_kad_post_classname":""},"product_brand":[],"product_cat":[15],"product_tag":[],"class_list":{"0":"post-21484","1":"product","2":"type-product","3":"status-publish","4":"has-post-thumbnail","6":"product_cat-uncategorized","8":"first","9":"instock","10":"sold-individually","11":"shipping-taxable","12":"purchasable","13":"product-type-simple","14":"entry","15":"content-bg","16":"loop-entry"},"acf":[],"taxonomy_info":{"product_cat":[{"value":15,"label":"Uncategorized"}]},"featured_image_src_large":["https:\/\/www.pandamech.com\/wp-content\/uploads\/2022\/08\/2-800-500x500.jpg",500,500,true],"author_info":[],"comment_info":"","_links":{"self":[{"href":"https:\/\/www.pandamech.com\/spanish\/wp-json\/wp\/v2\/product\/21484","targetHints":{"allow":["GET"]}}],"collection":[{"href":"https:\/\/www.pandamech.com\/spanish\/wp-json\/wp\/v2\/product"}],"about":[{"href":"https:\/\/www.pandamech.com\/spanish\/wp-json\/wp\/v2\/types\/product"}],"version-history":[{"count":1,"href":"https:\/\/www.pandamech.com\/spanish\/wp-json\/wp\/v2\/product\/21484\/revisions"}],"predecessor-version":[{"id":91367,"href":"https:\/\/www.pandamech.com\/spanish\/wp-json\/wp\/v2\/product\/21484\/revisions\/91367"}],"wp:featuredmedia":[{"embeddable":true,"href":"https:\/\/www.pandamech.com\/spanish\/wp-json\/wp\/v2\/media\/57777"}],"wp:attachment":[{"href":"https:\/\/www.pandamech.com\/spanish\/wp-json\/wp\/v2\/media?parent=21484"}],"wp:term":[{"taxonomy":"product_brand","embeddable":true,"href":"https:\/\/www.pandamech.com\/spanish\/wp-json\/wp\/v2\/product_brand?post=21484"},{"taxonomy":"product_cat","embeddable":true,"href":"https:\/\/www.pandamech.com\/spanish\/wp-json\/wp\/v2\/product_cat?post=21484"},{"taxonomy":"product_tag","embeddable":true,"href":"https:\/\/www.pandamech.com\/spanish\/wp-json\/wp\/v2\/product_tag?post=21484"}],"curies":[{"name":"wp","href":"https:\/\/api.w.org\/{rel}","templated":true}]}}