{"id":21481,"date":"2022-07-08T19:03:32","date_gmt":"2022-07-08T11:03:32","guid":{"rendered":"http:\/\/pandamech.com\/?post_type=product&#038;p=21481"},"modified":"2026-01-05T16:05:15","modified_gmt":"2026-01-05T08:05:15","slug":"dropside-superlink-trailer-for-sale","status":"publish","type":"product","link":"https:\/\/www.pandamech.com\/spanish\/product\/dropside-superlink-trailer-for-sale\/","title":{"rendered":"Dropside Superlink Remolque En Venta Zimbabwe"},"content":{"rendered":"<p>El remolque superlink Dropside puede utilizarse para transportar muchos tipos de objetos, desde cajas hasta carga a granel. Su panel lateral se puede abrir, y es m\u00e1s conveniente para descargar la carga. Las empresas de transporte en la industria de la log\u00edstica utilizan ampliamente los remolques superlink laterales abatibles.<\/p>\n<p>El superremolque laterales abatibles Panda Mech se destaca por su estructura de acero altamente robusta; podemos ofrecer diferentes configuraciones de nuestro remolque laterales abatibles para satisfacer sus necesidades de transporte.<\/p>\n<h2>Dropside superlink trailer images<\/h2>\n<p><img fetchpriority=\"high\" decoding=\"async\" class=\"alignnone size-full wp-image-22129\" src=\"https:\/\/pandamech.com\/wp-content\/uploads\/2021\/08\/7-116.jpg\" alt=\"se vende remolque dropside superlink\" width=\"800\" height=\"533\" title=\"\"><\/p>\n<p>3 ejes <a href=\"https:\/\/www.pandamech.com\/spanish\/category\/cargo-trailer\/side-wall-trailer\/\" target=\"_blank\" rel=\"noopener\"><span style=\"color: #0000ff;\">remolque de pared lateral abatible<\/span><\/a> en venta<\/p>\n<p><img decoding=\"async\" class=\"alignnone size-full wp-image-22130\" src=\"https:\/\/pandamech.com\/wp-content\/uploads\/2021\/08\/8-99.jpg\" alt=\"se vende remolque dropside superlink\" width=\"800\" height=\"533\" title=\"\"><\/p>\n<p>fabricante de remolques para camiones de 3 ejes de pared lateral<\/p>\n<p>Relacionado: <a href=\"https:\/\/www.pandamech.com\/spanish\/product\/60-ton-drop-side-wall-trailer\/\" target=\"_blank\" rel=\"noopener\"><span style=\"color: #0000ff;\">Remolque de pared lateral de 60 toneladas<\/span><\/a>, <a href=\"https:\/\/www.pandamech.com\/product\/removable-sidewall-trailer\/\" target=\"_blank\" rel=\"noopener\"><span style=\"color: #0000ff;\">remolque de pared lateral desmontable<\/span><\/a><\/p>\n<p style=\"text-align: center;\"><a class=\"product_button\" href=\"#elementor-action%3Aaction%3Dpopup%3Aopen%26settings%3DeyJpZCI6Ijk5MDciLCJ0b2dnbGUiOmZhbHNlfQ%3D%3D\">Obtenga un presupuesto instant\u00e1neo<\/a><\/p>\n<h2>Especificaciones del remolque superlink Dropside<\/h2>\n<p><strong>\u00a0Dimensiones<\/strong>: 13300*2500*1550mm<\/p>\n<p><strong>\u00a0Haz principal<\/strong>: Q345Acero;<\/p>\n<p><strong>\u00a0Travesa\u00f1o<\/strong>: 10# canal de acero<\/p>\n<p><strong>\u00a0Viga lateral<\/strong>: 16# canal de acero<\/p>\n<p><strong>\u00a0Alfiler de rey<\/strong>: Pasador de tracci\u00f3n de 2\u201d o 3,5<\/p>\n<p><strong>\u00a0Suelo<\/strong>: Chapa de acero diamantada de 3 mm<\/p>\n<p><strong>\u00a0Pared lateral<\/strong>: Chapa de acero de 1,5 m y 600 mm de altura<\/p>\n<p><strong>\u00a0Suspensi\u00f3n<\/strong>: Suspensi\u00f3n por muelle o neum\u00e1tica<\/p>\n<p><strong>\u00a0Muelle de acero<\/strong>: 10\/10\/10<\/p>\n<p><strong>\u00a0Eje<\/strong>: 3 ejes Marca Fuwa<\/p>\n<p style=\"text-align: center;\"><a class=\"product_button\" href=\"#elementor-action%3Aaction%3Dpopup%3Aopen%26settings%3DeyJpZCI6Ijk5MDciLCJ0b2dnbGUiOmZhbHNlfQ%3D%3D\">Obtenga un presupuesto instant\u00e1neo<\/a><\/p>\n<h2>Aplicaci\u00f3n de remolque superlink Dropside:<\/h2>\n<p>El remolque superlink Dropside se utiliza generalmente para el transporte de carga a granel. Se utiliza principalmente para el transporte de larga distancia. Generalmente, el remolque lateral puede transportar 30-80 toneladas.<\/p>\n<p>Si se trata de una gran cantidad de transporte o diferentes necesidades, podemos personalizarlo o <span style=\"color: #0000ff;\"><a style=\"color: #0000ff;\" href=\"https:\/\/www.pandamech.com\/spanish\/product\/40ft-platform-semi-trailer-for-sale\/\" target=\"_blank\" rel=\"noopener\">plataforma remolque<\/a><\/span> algunos veh\u00edculos deformados.<\/p>\n<h2>Caracter\u00edsticas<\/h2>\n<ul>\n<li>Estructura de acero muy robusta con capacidad de tracci\u00f3n y carga elevada, capacidad de carga de 60 toneladas.<\/li>\n<li>Las paredes laterales de 800 mm son est\u00e1ndar. Las paredes laterales de 600 mm son opcionales.<\/li>\n<li>Suspensi\u00f3n mec\u00e1nica de muelle de tipo pesado para necesidades de cargas elevadas.<\/li>\n<li>Longitud y anchura de la cama baja disponibles a medida.<\/li>\n<\/ul>\n<p style=\"text-align: center;\"><a class=\"product_button\" href=\"#elementor-action%3Aaction%3Dpopup%3Aopen%26settings%3DeyJpZCI6Ijk5MDciLCJ0b2dnbGUiOmZhbHNlfQ%3D%3D\">Obtenga un presupuesto instant\u00e1neo<\/a><\/p>\n<h2>Se vende remolque superlink Dropside<\/h2>\n<p>Somos fabricantes de remolques laterales abatibles superlink en China. Suministramos remolques superlink laterales abatibles para la venta. Podemos personalizarlo de acuerdo a sus necesidades. Los fabricantes de Panda Mech han tenido \u00e9xito en el sudeste asi\u00e1tico, Oriente Medio, \u00c1frica y Am\u00e9rica del Sur, como Filipinas, Tanzania, etc ...<u><\/u><\/p>\n<p><a href=\"\/spanish\/contact-us\/\" rel=\"nofollow\"><img decoding=\"async\" src=\"https:\/\/pandamech.com\/wp-content\/uploads\/u_file\/db8ce19fe3.jpg\" alt=\"precio de venta del remolque dropside superlink\" title=\"\"><\/a><\/p>","protected":false},"excerpt":{"rendered":"<p>Tipo: Remolque superlink de 3 ejes<\/p>\n<p>Rango de precios: $8900-21,900<\/p>\n<p>Plazo de entrega: 7-25 d\u00edas<\/p>\n<p>Peso de la carga: 60 toneladas<\/p>\n<p>Aplicaci\u00f3n: Para transportar carga a granel, cemento en sacos<\/p>","protected":false},"featured_media":58417,"template":"","meta":{"_acf_changed":false,"_kad_blocks_custom_css":"","_kad_blocks_head_custom_js":"","_kad_blocks_body_custom_js":"","_kad_blocks_footer_custom_js":"","_kad_post_transparent":"default","_kad_post_title":"","_kad_post_layout":"default","_kad_post_sidebar_id":"","_kad_post_content_style":"default","_kad_post_vertical_padding":"default","_kad_post_feature":"","_kad_post_feature_position":"","_kad_post_header":false,"_kad_post_footer":false,"_kad_post_classname":""},"product_brand":[],"product_cat":[75],"product_tag":[],"class_list":{"0":"post-21481","1":"product","2":"type-product","3":"status-publish","4":"has-post-thumbnail","6":"product_cat-side-wall-trailer","8":"first","9":"instock","10":"sold-individually","11":"shipping-taxable","12":"purchasable","13":"product-type-simple","14":"entry","15":"content-bg","16":"loop-entry"},"acf":[],"taxonomy_info":{"product_cat":[{"value":75,"label":"Drop Side Trailer"}]},"featured_image_src_large":["https:\/\/www.pandamech.com\/wp-content\/uploads\/2022\/10\/sidewall-trailer-1-500x500.jpg",500,500,true],"author_info":[],"comment_info":"","_links":{"self":[{"href":"https:\/\/www.pandamech.com\/spanish\/wp-json\/wp\/v2\/product\/21481","targetHints":{"allow":["GET"]}}],"collection":[{"href":"https:\/\/www.pandamech.com\/spanish\/wp-json\/wp\/v2\/product"}],"about":[{"href":"https:\/\/www.pandamech.com\/spanish\/wp-json\/wp\/v2\/types\/product"}],"version-history":[{"count":2,"href":"https:\/\/www.pandamech.com\/spanish\/wp-json\/wp\/v2\/product\/21481\/revisions"}],"predecessor-version":[{"id":92492,"href":"https:\/\/www.pandamech.com\/spanish\/wp-json\/wp\/v2\/product\/21481\/revisions\/92492"}],"wp:featuredmedia":[{"embeddable":true,"href":"https:\/\/www.pandamech.com\/spanish\/wp-json\/wp\/v2\/media\/58417"}],"wp:attachment":[{"href":"https:\/\/www.pandamech.com\/spanish\/wp-json\/wp\/v2\/media?parent=21481"}],"wp:term":[{"taxonomy":"product_brand","embeddable":true,"href":"https:\/\/www.pandamech.com\/spanish\/wp-json\/wp\/v2\/product_brand?post=21481"},{"taxonomy":"product_cat","embeddable":true,"href":"https:\/\/www.pandamech.com\/spanish\/wp-json\/wp\/v2\/product_cat?post=21481"},{"taxonomy":"product_tag","embeddable":true,"href":"https:\/\/www.pandamech.com\/spanish\/wp-json\/wp\/v2\/product_tag?post=21481"}],"curies":[{"name":"wp","href":"https:\/\/api.w.org\/{rel}","templated":true}]}}