{"id":21477,"date":"2022-07-06T19:03:31","date_gmt":"2022-07-06T11:03:31","guid":{"rendered":"http:\/\/pandamech.com\/?post_type=product&#038;p=21477"},"modified":"2026-01-05T16:05:07","modified_gmt":"2026-01-05T08:05:07","slug":"fly-ash-bulker-for-sale-p00322p1-html","status":"publish","type":"product","link":"https:\/\/www.pandamech.com\/spanish\/product\/fly-ash-bulker-for-sale-p00322p1-html\/","title":{"rendered":"25-120 toneladas de cenizas volantes Bulker remolque para la venta"},"content":{"rendered":"<p>Volquete de cenizas volantes tambi\u00e9n conocido como cami\u00f3n volquete de cenizas volantes, <a href=\"https:\/\/www.pandamech.com\/spanish\/category\/pneumatic-trailer\/cement-tanker\/\" target=\"_blank\" rel=\"noopener\">remolque de transporte de cemento<\/a>. El bulker de la ceniza volante se utiliza para transportar el cemento, la cal, la arena, y las clases de di\u00e1metro \u2264 0.1m m a granel pulverizan los materiales.<\/p>\n<p>El cami\u00f3n cisterna de cemento con cenizas volantes es un semirremolque tipo V utilizado para el transporte de cemento a granel y otros productos de cemento. El cami\u00f3n cisterna para cemento tipo W tambi\u00e9n es adecuado para el transporte de productos en polvo como harina y almid\u00f3n.<\/p>\n<p>La descarga de los camiones graneleros se realiza con la ayuda de un compresor. Los compresores funcionan con la ayuda de motores di\u00e9sel o el\u00e9ctricos. Se recomienda el uso de compresores di\u00e9sel.<\/p>\n<h2>Im\u00e1genes del remolque para cenizas volantes<\/h2>\n<p><img fetchpriority=\"high\" decoding=\"async\" class=\"alignnone wp-image-18944 size-full\" style=\"width: 800px;\" title=\"25-120 toneladas de cenizas volantes Bulker remolque para la venta\" src=\"https:\/\/pandamech.com\/wp-content\/uploads\/2022\/06\/25-120-ton-fly-ash-bulker-trailer-for-sale.jpg\" alt=\"Venta de remolques neum\u00e1ticos de 3 ejes para carga seca\" width=\"800\" height=\"533\" \/><\/p>\n<p>40\/50\/55\/60 toneladas de cemento a granel cisterna seca para la venta<\/p>\n<p><img decoding=\"async\" class=\"alignnone wp-image-18945 size-full\" style=\"width: 800px;\" title=\"25-120 toneladas de cenizas volantes Bulker remolque para la venta\" src=\"https:\/\/pandamech.com\/wp-content\/uploads\/2022\/06\/25-120-ton-fly-ash-bulker-trailer-for-sale-1.jpg\" alt=\"35\/40\/45\/50 Ton cenizas volantes bulker remolque de transporte para la venta\" width=\"800\" height=\"533\" \/><\/p>\n<p>Precio del cami\u00f3n cisterna de 25-120 toneladas de cenizas volantes \/ cal (el precio depende de las especificaciones)<\/p>\n<p><img decoding=\"async\" class=\"alignnone wp-image-18946 size-full\" style=\"width: 800px;\" title=\"25-120 toneladas de cenizas volantes Bulker remolque para la venta\" src=\"https:\/\/pandamech.com\/wp-content\/uploads\/2022\/06\/25-120-ton-fly-ash-bulker-trailer-for-sale-2.jpg\" alt=\"Camiones de transporte de cenizas volantes de 25-120 toneladas\" width=\"800\" height=\"533\" \/><\/p>\n<p>fabricante de semirremolques de cenizas volantes<\/p>\n<h2>V\u00eddeo del granelero de cenizas volantes<\/h2>\n<div class=\"entry-content-asset videofit\"><iframe title=\"45m3 55ton cemento remolque bulker cisterna\" width=\"720\" height=\"405\" src=\"https:\/\/www.youtube.com\/embed\/ptQz5yxKIQw?feature=oembed\" frameborder=\"0\" allow=\"accelerometer; autoplay; clipboard-write; encrypted-media; gyroscope; picture-in-picture; web-share\" referrerpolicy=\"strict-origin-when-cross-origin\" allowfullscreen><\/iframe><\/div>\n<h2>Especificaci\u00f3n del granelero de cenizas volantes de 25-120 toneladas<\/h2>\n<table style=\"width: 800px;\" border=\"1\" cellspacing=\"1\" cellpadding=\"1\">\n<tbody>\n<tr>\n<td width=\"221\" height=\"40\">\u00a0Marca<\/td>\n<td width=\"515\">\u00a0Cami\u00f3n remolque para cemento y cenizas volantes Panda Mech<\/td>\n<\/tr>\n<tr>\n<td width=\"221\" height=\"40\">\u00a0Volumen<\/td>\n<td width=\"515\">\u00a020-100 cbm<\/td>\n<\/tr>\n<tr>\n<td width=\"221\" height=\"40\">\u00a0Capacidad<\/td>\n<td width=\"515\">\u00a025-120 toneladas<\/td>\n<\/tr>\n<tr>\n<td width=\"221\" height=\"40\">\u00a0Motor<\/td>\n<td width=\"515\">\u00a0WeiCai Deutz diesel moto<\/td>\n<\/tr>\n<tr>\n<td width=\"221\" height=\"40\">\u00a0Compresor<\/td>\n<td width=\"515\">\u00a0SK 12m3<\/td>\n<\/tr>\n<tr>\n<td width=\"221\" height=\"40\">\u00a0Tapa de alcantarilla<\/td>\n<td width=\"515\">\u00a0De 2 a 4 juegos de 500 mm de di\u00e1metro<\/td>\n<\/tr>\n<tr>\n<td width=\"221\" height=\"40\">\u00a0V\u00e1lvula de descarga<\/td>\n<td width=\"515\">\u00a0V\u00e1lvula de disco de 4<\/td>\n<\/tr>\n<tr>\n<td width=\"221\" height=\"40\">\u00a0Dimensi\u00f3n del granelero de cenizas volantes<\/td>\n<td>\u00a010500-14500*2500*3500-4000 mm<\/td>\n<\/tr>\n<tr>\n<td width=\"221\" height=\"40\">\u00a0Material del dep\u00f3sito<\/td>\n<td width=\"515\">\u00a0Acero de alta resistencia de 5 mm o 6 mm<\/td>\n<\/tr>\n<tr>\n<td width=\"221\" height=\"40\">\u00a0Estructura<\/td>\n<td width=\"515\">\u00a0Q345 acero de alta rectitud<\/td>\n<\/tr>\n<tr>\n<td width=\"221\" height=\"40\">\u00a0Sistema de frenos<\/td>\n<td width=\"515\">\u00a0C\u00e1mara T30\/30, v\u00e1lvula de emergencia WABCO<\/td>\n<\/tr>\n<tr>\n<td width=\"221\" height=\"40\">\u00a0Eje<\/td>\n<td width=\"515\">\u00a01 a 4 juegos, ejes de 13,16,20 toneladas, BPW o SAF<\/td>\n<\/tr>\n<\/tbody>\n<\/table>\n<h2>Caracter\u00edstica<\/h2>\n<p><strong>El mejor acero bruto<\/strong>: Cuerpo del dep\u00f3sito y construcci\u00f3n de acero de alta resistencia YP \u2265 620, garantizan una vida \u00fatil m\u00e1s larga y una tara m\u00e1s ligera.<\/p>\n<p><strong>Excelente rendimiento<\/strong>: Dise\u00f1o \u00fanico que garantiza una velocidad de descarga de 1,3 t\/min y una distancia de descarga vertical de 30 m.<\/p>\n<p><strong>Soldadura de calidad<\/strong>:  Un buen acero con soldaduras de calidad respaldan una mayor garant\u00eda para los remolques de transporte de cemento a granel.<\/p>\n<p><strong>Pintura duradera<\/strong>: Todo el veh\u00edculo de granallado base limpia para la pintura, el doble de imprimaci\u00f3n de apoyo m\u00e1s larga vida de la pintura.<\/p>\n<p><strong>Dise\u00f1o<\/strong>: Dibujo en 3D con Ansys &amp; Hypermesh Analizar el dise\u00f1o razonable del soporte.<\/p>\n<h2>Panda Mech<\/h2>\n<p>Panda Mech es un fabricante de semirremolques de cenizas volantes de China. Suministramos 20\/25\/30\/35\/40\/45\/50\/55\/60\/80\/85\/120 toneladas de camiones de cenizas volantes para la venta. Podemos personalizarlo de acuerdo a sus necesidades.<\/p>\n<p>Panda cuenta con m\u00e1quinas de fabricaci\u00f3n de primera clase y todo tipo de equipos de pruebas, introduce tecnolog\u00eda avanzada internacional e investiga a famosos fabricantes de camiones para mejorar la fuerza del dise\u00f1o. Cada veh\u00edculo es producido por trabajadores h\u00e1biles y experimentados, que pasan 120 inspecciones de control de calidad y suministran productos perfectos al mundo. <a style=\"color: #3366ff;\" href=\"https:\/\/www.pandamech.com\/spanish\/about\/\" target=\"_blank\" rel=\"noopener\">M\u00e1s...<\/a><\/p>\n<p><a href=\"https:\/\/www.pandamech.com\/spanish\/contact-us\/\" target=\"_blank\" rel=\"noopener\"><img loading=\"lazy\" decoding=\"async\" src=\"https:\/\/pandamech.com\/wp-content\/uploads\/2021\/08\/quotation.jpg\" alt=\"presupuesto\" width=\"864\" height=\"213\" title=\"\"><\/a><\/p>","protected":false},"excerpt":{"rendered":"<p>Transporte: cemento, arena, harina y otros materiales granulares, etc.<\/p>\n<p>Altura de entrega &gt;30 m<\/p>\n<p>Descarga m\u00e1s r\u00e1pida &gt;1,5ton\/min<\/p>","protected":false},"featured_media":57583,"template":"","meta":{"_acf_changed":false,"_kad_blocks_custom_css":"","_kad_blocks_head_custom_js":"","_kad_blocks_body_custom_js":"","_kad_blocks_footer_custom_js":"","_kad_post_transparent":"default","_kad_post_title":"","_kad_post_layout":"default","_kad_post_sidebar_id":"","_kad_post_content_style":"default","_kad_post_vertical_padding":"default","_kad_post_feature":"","_kad_post_feature_position":"","_kad_post_header":false,"_kad_post_footer":false,"_kad_post_classname":""},"product_brand":[],"product_cat":[101],"product_tag":[],"class_list":{"0":"post-21477","1":"product","2":"type-product","3":"status-publish","4":"has-post-thumbnail","6":"product_cat-cement-tanker","8":"first","9":"instock","10":"sold-individually","11":"shipping-taxable","12":"purchasable","13":"product-type-simple","14":"entry","15":"content-bg","16":"loop-entry"},"acf":[],"taxonomy_info":{"product_cat":[{"value":101,"label":"Cement Tanker For Sale"}]},"featured_image_src_large":["https:\/\/www.pandamech.com\/wp-content\/uploads\/2022\/07\/2-41-500x500.jpg",500,500,true],"author_info":[],"comment_info":"","_links":{"self":[{"href":"https:\/\/www.pandamech.com\/spanish\/wp-json\/wp\/v2\/product\/21477","targetHints":{"allow":["GET"]}}],"collection":[{"href":"https:\/\/www.pandamech.com\/spanish\/wp-json\/wp\/v2\/product"}],"about":[{"href":"https:\/\/www.pandamech.com\/spanish\/wp-json\/wp\/v2\/types\/product"}],"version-history":[{"count":1,"href":"https:\/\/www.pandamech.com\/spanish\/wp-json\/wp\/v2\/product\/21477\/revisions"}],"predecessor-version":[{"id":91371,"href":"https:\/\/www.pandamech.com\/spanish\/wp-json\/wp\/v2\/product\/21477\/revisions\/91371"}],"wp:featuredmedia":[{"embeddable":true,"href":"https:\/\/www.pandamech.com\/spanish\/wp-json\/wp\/v2\/media\/57583"}],"wp:attachment":[{"href":"https:\/\/www.pandamech.com\/spanish\/wp-json\/wp\/v2\/media?parent=21477"}],"wp:term":[{"taxonomy":"product_brand","embeddable":true,"href":"https:\/\/www.pandamech.com\/spanish\/wp-json\/wp\/v2\/product_brand?post=21477"},{"taxonomy":"product_cat","embeddable":true,"href":"https:\/\/www.pandamech.com\/spanish\/wp-json\/wp\/v2\/product_cat?post=21477"},{"taxonomy":"product_tag","embeddable":true,"href":"https:\/\/www.pandamech.com\/spanish\/wp-json\/wp\/v2\/product_tag?post=21477"}],"curies":[{"name":"wp","href":"https:\/\/api.w.org\/{rel}","templated":true}]}}