{"id":21458,"date":"2022-07-03T19:03:13","date_gmt":"2022-07-03T11:03:13","guid":{"rendered":"http:\/\/pandamech.com\/?post_type=product&#038;p=21458"},"modified":"2025-08-23T01:07:59","modified_gmt":"2025-08-22T17:07:59","slug":"superlink-trailer-for-sale","status":"publish","type":"product","link":"https:\/\/www.pandamech.com\/spanish\/product\/superlink-trailer-for-sale\/","title":{"rendered":"Se Vende Remolque Flated Superlink"},"content":{"rendered":"<p>El remolque superenlace de plataforma plana se conoce como remolque superenlace de plataforma plana. Son remolques abiertos vers\u00e1tiles que se utilizan para transportar una amplia gama de productos y materiales. Generalmente se utilizan para transportar acero plano, acero en canal, contenedores de 20 pies, contenedores de 40 pies y otras mercanc\u00edas a granel.<\/p>\n<h2>Remolque plano superlink im\u00e1genes<\/h2>\n<p><img fetchpriority=\"high\" decoding=\"async\" class=\"alignnone\" style=\"width: 800px;\" src=\"https:\/\/pandamech.com\/wp-content\/uploads\/2021\/08\/7-84.jpg\" alt=\"superlink flat deck remolques para la venta\" width=\"800\" height=\"533\" title=\"\"><\/p>\n<p>inter link semirremolques planos en venta<\/p>\n<p><img decoding=\"async\" class=\"alignnone\" style=\"width: 800px;\" src=\"https:\/\/pandamech.com\/wp-content\/uploads\/2021\/08\/8-71.jpg\" alt=\"remolque de cubierta plana superlink remolques para la venta\" width=\"800\" height=\"533\" title=\"\"><\/p>\n<p>superlink remolques planos para la venta<\/p>\n<p>Relacionado: <a href=\"https:\/\/www.pandamech.com\/spanish\/product\/40-ft-flatbed-trailer-for-sale\/\" target=\"_blank\" rel=\"noopener\">remolque de plataforma de tres ejes<\/a><\/p>\n<p style=\"text-align: center;\"><a class=\"product_button\" href=\"#elementor-action%3Aaction%3Dpopup%3Aopen%26settings%3DeyJpZCI6Ijk5MDciLCJ0b2dnbGUiOmZhbHNlfQ%3D%3D\">Haga clic para m\u00e1s detalles<\/a><\/p>\n<p><iframe title=\"Reproductor de v\u00eddeo YouTube\" src=\"https:\/\/www.youtube.com\/embed\/4ynAik6PpHs\" width=\"800\" height=\"533\" frameborder=\"0\" allowfullscreen=\"allowfullscreen\"><span data-mce-type=\"bookmark\" style=\"display: inline-block; width: 0px; overflow: hidden; line-height: 0;\" class=\"mce_SELRES_start\"><\/span><\/iframe><\/p>\n<h2>Especificaciones del remolque superlink de plataforma plana<\/h2>\n<p><strong>Dimensiones (mm)<\/strong>: 14540x2500x1560mm<\/p>\n<p><strong>Capacidad de carga m\u00e1xima<\/strong>: 100T<\/p>\n<p><strong>Ejes<\/strong>: 2*2 ejes, marca FUWA\/ BPW<\/p>\n<p><strong>Neum\u00e1tico<\/strong>: 16 unidades, 12.00R22.5 o 315\/80R22.5<\/p>\n<p><strong>Marco<\/strong>: Q345B acero de alta resistencia<\/p>\n<p><strong>Viga principal<\/strong>: Altura: 500mm, Placa superior:14mm, Placa intermedia:8mm, Placa inferior:16mm, Material:Acero Q345B<\/p>\n<p><strong>Viga lateral inferior<\/strong>: Canal de acero de 16 mm o 18 mm (material: acero Q235)<\/p>\n<p><strong>Suspensi\u00f3n<\/strong>: Suspensi\u00f3n mec\u00e1nica, Bogie, Airbag (marca China o marca BPW)<\/p>\n<p><strong>Hoja de resorte:<\/strong> 90(ancho)mmx13(grosor)mmx10 capas o 100mmx12mmx12 (especialmente destinado a mercados de ultramar)<\/p>\n<p><strong>Alfiler de rey<\/strong>: Marca JOST de 2,0 \u00f3 3,5 pulgadas (atornillado o soldado)<\/p>\n<p><strong>Cerraduras giratorias<\/strong>: 4,8,12 juegos (de elevaci\u00f3n o de tornillo)<\/p>\n<p><strong>V\u00e1lvula<\/strong>: V\u00e1lvula WABCO (especialmente destinada al mercado de ultramar)<\/p>\n<p style=\"text-align: center;\"><a class=\"product_button\" href=\"#elementor-action%3Aaction%3Dpopup%3Aopen%26settings%3DeyJpZCI6Ijk5MDciLCJ0b2dnbGUiOmZhbHNlfQ%3D%3D\">Haga clic para m\u00e1s detalles<\/a><\/p>\n<h2>Remolque plano superlink caracter\u00edstica:<\/h2>\n<p>1. Serie de suspensi\u00f3n mec\u00e1nica: el remolque superenlace de plataforma plana utiliza una construcci\u00f3n en t\u00e1ndem y equilibrada, tiene una alta resistencia y una fuerte resistencia a los impactos, distribuye uniformemente la carga del eje en cada eje. Material de alta resistencia mantiene la vida de servicio mucho m\u00e1s largo y eficiente amortiguaci\u00f3n, mantenimiento simple y f\u00e1cil sustituci\u00f3n de las piezas de desgaste.<br \/>\n2. Sistema de suspensi\u00f3n neum\u00e1tica: Eje de remolque Superlink opcional BPW y Fuwa. M\u00e1s a prueba de golpes que combinado con elevaci\u00f3n y ejes de direcci\u00f3n.<\/p>\n<p style=\"text-align: center;\"><a class=\"product_button\" href=\"#elementor-action%3Aaction%3Dpopup%3Aopen%26settings%3DeyJpZCI6Ijk5MDciLCJ0b2dnbGUiOmZhbHNlfQ%3D%3D\">Haga clic para m\u00e1s detalles<\/a><\/p>\n<h2>Fabricante de remolques superlink de plataforma plana<\/h2>\n<p>Somos un fabricante de remolques superlink de cama plana de China. Suministramos <span style=\"color: #0000ff;\"><a style=\"color: #0000ff;\" href=\"https:\/\/www.pandamech.com\/spanish\/category\/cargo-trailer\/flatbed-semi-trailer\/\" target=\"_blank\" rel=\"noopener\">semirremolques planos<\/a><\/span> para la venta. Podemos personalizarlo seg\u00fan sus necesidades. Flatbed superlink remolque precio depende de las especificaciones.<\/p>\n<p>El equipo de ingenier\u00eda de PANDA estar\u00e1 preparado para proporcionarle soluciones bien integradas que satisfagan sus necesidades de transporte y la normativa local. El equipo de ingenier\u00eda de PANDA puede comunicarse con usted en l\u00ednea para comprender plenamente sus necesidades, las soluciones incluyen el dise\u00f1o del producto, el material del producto, los dibujos del producto y los v\u00eddeos del producto.<\/p>\n<p><a href=\"\/spanish\/contact-us\/\"><img decoding=\"async\" src=\"https:\/\/pandamech.com\/wp-content\/uploads\/2021\/08\/quotation.jpg\" alt=\"presupuesto\" width=\"864\" height=\"213\" title=\"\"><\/a><\/p>","protected":false},"excerpt":{"rendered":"<p>Tipo: remolque de doble plataforma para la venta<\/p>\n<p>Gama de precios: $13,990-20,500<\/p>\n<p>Plazo de entrega: 7-25 d\u00edas<\/p>\n<p>Capacidad m\u00e1xima: 100 toneladas<\/p>\n<p>Aplicaci\u00f3n: carga a granel, contenedores<\/p>","protected":false},"featured_media":57814,"template":"","meta":{"_acf_changed":false,"_kad_blocks_custom_css":"","_kad_blocks_head_custom_js":"","_kad_blocks_body_custom_js":"","_kad_blocks_footer_custom_js":"","_kad_post_transparent":"default","_kad_post_title":"","_kad_post_layout":"default","_kad_post_sidebar_id":"","_kad_post_content_style":"default","_kad_post_vertical_padding":"default","_kad_post_feature":"","_kad_post_feature_position":"","_kad_post_header":false,"_kad_post_footer":false,"_kad_post_classname":""},"product_brand":[],"product_cat":[77],"product_tag":[],"class_list":{"0":"post-21458","1":"product","2":"type-product","3":"status-publish","4":"has-post-thumbnail","6":"product_cat-flatbed-semi-trailer","8":"first","9":"instock","10":"sold-individually","11":"shipping-taxable","12":"purchasable","13":"product-type-simple","14":"entry","15":"content-bg","16":"loop-entry"},"acf":[],"taxonomy_info":{"product_cat":[{"value":77,"label":"Flatbed Semi Trailer"}]},"featured_image_src_large":["https:\/\/www.pandamech.com\/wp-content\/uploads\/2022\/08\/3-72-500x500.jpg",500,500,true],"author_info":[],"comment_info":"","_links":{"self":[{"href":"https:\/\/www.pandamech.com\/spanish\/wp-json\/wp\/v2\/product\/21458","targetHints":{"allow":["GET"]}}],"collection":[{"href":"https:\/\/www.pandamech.com\/spanish\/wp-json\/wp\/v2\/product"}],"about":[{"href":"https:\/\/www.pandamech.com\/spanish\/wp-json\/wp\/v2\/types\/product"}],"version-history":[{"count":1,"href":"https:\/\/www.pandamech.com\/spanish\/wp-json\/wp\/v2\/product\/21458\/revisions"}],"predecessor-version":[{"id":91373,"href":"https:\/\/www.pandamech.com\/spanish\/wp-json\/wp\/v2\/product\/21458\/revisions\/91373"}],"wp:featuredmedia":[{"embeddable":true,"href":"https:\/\/www.pandamech.com\/spanish\/wp-json\/wp\/v2\/media\/57814"}],"wp:attachment":[{"href":"https:\/\/www.pandamech.com\/spanish\/wp-json\/wp\/v2\/media?parent=21458"}],"wp:term":[{"taxonomy":"product_brand","embeddable":true,"href":"https:\/\/www.pandamech.com\/spanish\/wp-json\/wp\/v2\/product_brand?post=21458"},{"taxonomy":"product_cat","embeddable":true,"href":"https:\/\/www.pandamech.com\/spanish\/wp-json\/wp\/v2\/product_cat?post=21458"},{"taxonomy":"product_tag","embeddable":true,"href":"https:\/\/www.pandamech.com\/spanish\/wp-json\/wp\/v2\/product_tag?post=21458"}],"curies":[{"name":"wp","href":"https:\/\/api.w.org\/{rel}","templated":true}]}}