{"id":21456,"date":"2022-06-26T19:03:12","date_gmt":"2022-06-26T11:03:12","guid":{"rendered":"http:\/\/pandamech.com\/?post_type=product&#038;p=21456"},"modified":"2025-10-16T17:52:16","modified_gmt":"2025-10-16T09:52:16","slug":"forestry-semi-trailer-p00138p1-html","status":"publish","type":"product","link":"https:\/\/www.pandamech.com\/spanish\/product\/forestry-semi-trailer-p00138p1-html\/","title":{"rendered":"Remolque de plataforma de 3 ejes con estaca"},"content":{"rendered":"<p>PANDA MECH construir Plataforma Remolque Con Estaca de 10 a 60 toneladas de carga \u00fatil. Si el \u00e1rea de carga flexible, ejes deslizantes, soluciones de accionamiento, diferentes sistemas de frenos tambi\u00e9n se pueden combinar juntos o caracter\u00edsticas de seguridad.<\/p>\n<p>Los veh\u00edculos pueden utilizarse en silvicultura, transporte de larga distancia y aplicaciones todoterreno, por lo que son igualmente adecuados para madera larga como para madera corta y le\u00f1a.<\/p>\n<h2>Remolque de plataforma con especificaci\u00f3n de estacas<\/h2>\n<table style=\"width: 800px;\" border=\"1\" cellspacing=\"0\" cellpadding=\"0\">\n<tbody>\n<tr>\n<td>Remolque de plataforma con dimensi\u00f3n de estaca<\/td>\n<td>12.500*2.500*3.900 mm<\/td>\n<\/tr>\n<tr>\n<td>Remolque de plataforma con capacidad para estacas<\/td>\n<td>60 toneladas<\/td>\n<\/tr>\n<tr>\n<td>Ejes<\/td>\n<td>3 * ejes de 20 toneladas<\/td>\n<\/tr>\n<tr>\n<td>Neum\u00e1tico<\/td>\n<td>Neum\u00e1ticos radiales 11.00R20<\/td>\n<\/tr>\n<tr>\n<td>Suspensi\u00f3n<\/td>\n<td>suspensi\u00f3n mec\u00e1nica<\/td>\n<\/tr>\n<tr>\n<td>Tren de aterrizaje<\/td>\n<td>JOST C200<\/td>\n<\/tr>\n<tr>\n<td>Kingpin<\/td>\n<td>2 pulgadas o 3,5 pulgadas<\/td>\n<\/tr>\n<tr>\n<td>Sistema de frenos<\/td>\n<td>Sistema WABCO o Haldex<\/td>\n<\/tr>\n<tr>\n<td>El\u00e9ctrico<\/td>\n<td>12 V o 24 V<\/td>\n<\/tr>\n<tr>\n<td>Enchufe<\/td>\n<td>n\u00famero: 12pcs , altura:1,000mm<\/td>\n<\/tr>\n<tr>\n<td>Guardabarros<\/td>\n<td>tipo antiproyecci\u00f3n<\/td>\n<\/tr>\n<tr>\n<td>Parachoques<\/td>\n<td>Parachoques de empuje resistente<\/td>\n<\/tr>\n<tr>\n<td>Pintura<\/td>\n<td>chorreado, imprimado y pintado con esmalte<\/td>\n<\/tr>\n<\/tbody>\n<\/table>\n<h2>Remolque de plataforma con estacas im\u00e1genes<\/h2>\n<div><img decoding=\"async\" class=\"wp-image-2144 size-full\" style=\"width: 800px;\" src=\"https:\/\/pandamech.com\/wp-content\/uploads\/2021\/08\/7-88-e1630401139557.jpg\" alt=\"semirremolque de madera\" height=\"533\" title=\"\"><\/div>\n<div>semirremolque de madera<\/div>\n<div><img decoding=\"async\" class=\"wp-image-2145 size-full\" style=\"width: 800px;\" src=\"https:\/\/pandamech.com\/wp-content\/uploads\/2021\/08\/8-75.jpg\" alt=\"semirremolque de madera\" height=\"533\" title=\"\"><\/div>\n<div>semirremolque de madera<\/div>","protected":false},"excerpt":{"rendered":"<p>Plataforma Remolque Con Estaca se utiliza principalmente en el transporte de troncos forestales, el transporte de tubo largo, etc, para adaptarse al transporte por carretera de larga distancia y el transporte por carretera mal. adaptable, el dise\u00f1o del remolque es razonable, capacidad de carga, etc, por los productores de madera de las edades.<\/p>","protected":false},"featured_media":57787,"template":"","meta":{"_acf_changed":false,"_kad_blocks_custom_css":"","_kad_blocks_head_custom_js":"","_kad_blocks_body_custom_js":"","_kad_blocks_footer_custom_js":"","_kad_post_transparent":"default","_kad_post_title":"","_kad_post_layout":"default","_kad_post_sidebar_id":"","_kad_post_content_style":"default","_kad_post_vertical_padding":"default","_kad_post_feature":"","_kad_post_feature_position":"","_kad_post_header":false,"_kad_post_footer":false,"_kad_post_classname":""},"product_brand":[],"product_cat":[71],"product_tag":[],"class_list":{"0":"post-21456","1":"product","2":"type-product","3":"status-publish","4":"has-post-thumbnail","6":"product_cat-cargo-trailer","8":"first","9":"instock","10":"sold-individually","11":"shipping-taxable","12":"purchasable","13":"product-type-simple","14":"entry","15":"content-bg","16":"loop-entry"},"acf":[],"taxonomy_info":{"product_cat":[{"value":71,"label":"Bulk Cargo Trailer"}]},"featured_image_src_large":["https:\/\/www.pandamech.com\/wp-content\/uploads\/2022\/08\/2-92-500x500.jpg",500,500,true],"author_info":[],"comment_info":"","_links":{"self":[{"href":"https:\/\/www.pandamech.com\/spanish\/wp-json\/wp\/v2\/product\/21456","targetHints":{"allow":["GET"]}}],"collection":[{"href":"https:\/\/www.pandamech.com\/spanish\/wp-json\/wp\/v2\/product"}],"about":[{"href":"https:\/\/www.pandamech.com\/spanish\/wp-json\/wp\/v2\/types\/product"}],"version-history":[{"count":1,"href":"https:\/\/www.pandamech.com\/spanish\/wp-json\/wp\/v2\/product\/21456\/revisions"}],"predecessor-version":[{"id":91377,"href":"https:\/\/www.pandamech.com\/spanish\/wp-json\/wp\/v2\/product\/21456\/revisions\/91377"}],"wp:featuredmedia":[{"embeddable":true,"href":"https:\/\/www.pandamech.com\/spanish\/wp-json\/wp\/v2\/media\/57787"}],"wp:attachment":[{"href":"https:\/\/www.pandamech.com\/spanish\/wp-json\/wp\/v2\/media?parent=21456"}],"wp:term":[{"taxonomy":"product_brand","embeddable":true,"href":"https:\/\/www.pandamech.com\/spanish\/wp-json\/wp\/v2\/product_brand?post=21456"},{"taxonomy":"product_cat","embeddable":true,"href":"https:\/\/www.pandamech.com\/spanish\/wp-json\/wp\/v2\/product_cat?post=21456"},{"taxonomy":"product_tag","embeddable":true,"href":"https:\/\/www.pandamech.com\/spanish\/wp-json\/wp\/v2\/product_tag?post=21456"}],"curies":[{"name":"wp","href":"https:\/\/api.w.org\/{rel}","templated":true}]}}