{"id":21435,"date":"2022-06-14T19:03:10","date_gmt":"2022-06-14T11:03:10","guid":{"rendered":"http:\/\/pandamech.com\/?post_type=product&#038;p=21435"},"modified":"2025-11-10T18:06:52","modified_gmt":"2025-11-10T10:06:52","slug":"bulk-powder-tanker-p00149p1-html","status":"publish","type":"product","link":"https:\/\/www.pandamech.com\/spanish\/product\/bulk-powder-tanker-p00149p1-html\/","title":{"rendered":"25-120 Ton Granel Polvo Cisterna para la venta"},"content":{"rendered":"<p>Los camiones cisterna para polvo a granel son adecuados para transportar cemento a granel, cenizas de carb\u00f3n, cal en polvo, polvo mineral, polvo qu\u00edmico, cenizas volantes y otros materiales en polvo con un di\u00e1metro de part\u00edcula no superior a 0,1 mm.<\/p>\n<p>El transporte en cisternas de polvo se utiliza principalmente en f\u00e1bricas de cemento, almacenes de cemento y grandes obras de construcci\u00f3n. Con Panda Mech 60 toneladas de camiones cisterna de polvo a granel, no s\u00f3lo reducir\u00e1 la tasa de p\u00e9rdida de material de energ\u00eda de cemento, sino tambi\u00e9n mejorar la eficiencia de carga y descarga.<\/p>\n<h2>V\u00eddeo de cisternas de polvo a granel<\/h2>\n<p><iframe style=\"width: 800px;\" title=\"Reproductor de v\u00eddeo YouTube\" src=\"https:\/\/www.youtube.com\/embed\/ptQz5yxKIQw\" height=\"533\" frameborder=\"0\" allowfullscreen=\"allowfullscreen\" data-mce-fragment=\"1\"><\/iframe><\/p>\n<h2>Especificaci\u00f3n de la cisterna de polvo<\/h2>\n<p>A continuaci\u00f3n se presentan las nuevas especificaciones del cami\u00f3n cisterna de polvo a granel, la capacidad del cami\u00f3n tamler de cemento, las piezas del cami\u00f3n cisterna de polvo a granel, el dise\u00f1o del cami\u00f3n de transporte de polvo seco.<\/p>\n<table style=\"width: 800px;\" border=\"1\" cellspacing=\"1\" cellpadding=\"1\">\n<tbody>\n<tr>\n<td width=\"221\" height=\"40\">\u00a0Marca<\/td>\n<td width=\"515\">\u00a0Panda Mech Remolques cisterna para polvo de 25-120 toneladas<\/td>\n<\/tr>\n<tr>\n<td width=\"221\" height=\"40\">\u00a0Volumen<\/td>\n<td width=\"515\">\u00a025-100 cbm\/m3<\/td>\n<\/tr>\n<tr>\n<td width=\"221\" height=\"40\">\u00a0Capacidad de los polvorines<\/td>\n<td width=\"515\">\u00a030-120 toneladas<\/td>\n<\/tr>\n<tr>\n<td width=\"221\" height=\"40\">\u00a0Motor<\/td>\n<td width=\"515\">\u00a0WeiCai Deutz diesel moto<\/td>\n<\/tr>\n<tr>\n<td width=\"221\" height=\"40\">\u00a0Compresor<\/td>\n<td width=\"515\">\u00a0SK 12m3<\/td>\n<\/tr>\n<tr>\n<td width=\"221\" height=\"40\">\u00a0Tapa de alcantarilla<\/td>\n<td width=\"515\">\u00a0De 2 a 4 juegos de 1000 mm de di\u00e1metro<\/td>\n<\/tr>\n<tr>\n<td width=\"221\" height=\"40\">\u00a0V\u00e1lvula de descarga<\/td>\n<td width=\"515\">\u00a0V\u00e1lvula de disco de 4<\/td>\n<\/tr>\n<tr>\n<td width=\"221\" height=\"40\">\u00a0Dimensi\u00f3n de la cisterna de polvo<\/td>\n<td>\u00a08000-13500*2500*3300-3600 mm<\/td>\n<\/tr>\n<tr>\n<td width=\"221\" height=\"40\">\u00a0Material del dep\u00f3sito<\/td>\n<td width=\"515\">\u00a0Acero de alta resistencia de 5 mm o 6 mm<\/td>\n<\/tr>\n<tr>\n<td width=\"221\" height=\"40\">\u00a0Estructura<\/td>\n<td width=\"515\">\u00a0Q3100 acero de alta rectitud<\/td>\n<\/tr>\n<tr>\n<td width=\"221\" height=\"40\">\u00a0Tren de aterrizaje<\/td>\n<td width=\"515\">\u00a0JOST 28T<\/td>\n<\/tr>\n<tr>\n<td width=\"221\" height=\"40\">\u00a0Suspensi\u00f3n<\/td>\n<td width=\"515\">\u00a0Suspensi\u00f3n mec\u00e1nica o neum\u00e1tica<\/td>\n<\/tr>\n<tr>\n<td width=\"221\" height=\"40\">\u00a0Sistema de frenos<\/td>\n<td width=\"515\">\u00a0C\u00e1mara T100\/100, v\u00e1lvula de emergencia WABCO<\/td>\n<\/tr>\n<tr>\n<td width=\"221\" height=\"40\">\u00a0Eje<\/td>\n<td width=\"515\">\u00a01 a 4 juegos, ejes de 13,16,20 toneladas, BPW o SAF<\/td>\n<\/tr>\n<tr>\n<td width=\"221\" height=\"40\">\u00a0Neum\u00e1tico cisterna de polvo<\/td>\n<td width=\"515\">\u00a012R22.5, 385\/65R22.5, 13R22.5, 12.00R24, 315\/80R22.5<\/td>\n<\/tr>\n<tr>\n<td width=\"221\" height=\"40\">\u00a0Alfiler de rey<\/td>\n<td width=\"515\">\u00a0Tipo desmontable JOST 2\u2033 o 3,5<\/td>\n<\/tr>\n<tr>\n<td width=\"221\" height=\"76\">\u00a0Piezas de cisternas de polvo<\/td>\n<td width=\"515\">\u00a0Motor de marca famosa, Eje, Neum\u00e1tico, Cables impermeables, Tuber\u00eda semim\u00e9trica, V\u00e1lvulas, V\u00e1lvula de escape, Bolsa de aire interior, Tren de aterrizaje, Dispositivo de rociado de agua, Protector lateral y caja de herramientas, Tapa de alcantarilla, Soplador de cisterna de polvo.<\/td>\n<\/tr>\n<tr>\n<td width=\"221\" height=\"76\">\u00a0<a href=\"\/spanish\/contact-us\/\">Consulta<\/a><\/td>\n<td width=\"515\"><a href=\"\/spanish\/contact-us\/\">\u00a0Obtener presupuesto gratuito<\/a><\/td>\n<\/tr>\n<\/tbody>\n<\/table>\n<h2>Im\u00e1genes de polvorines de 55 toneladas<\/h2>\n<p><img fetchpriority=\"high\" decoding=\"async\" class=\"alignnone wp-image-22238 size-full\" src=\"https:\/\/pandamech.com\/wp-content\/uploads\/2021\/08\/7-125.jpg\" alt=\"25 120 toneladas remolque cisterna neum\u00e1tica \/ camiones cisterna a granel para la venta\" width=\"800\" height=\"533\" title=\"\"><\/p>\n<p>neum\u00e1tico tipo v <a href=\"https:\/\/www.pandamech.com\/product\/3-axle-55-ton-cement-bulker-trailer\/\" target=\"_blank\" rel=\"noopener\">granelero de cemento<\/a> semirremolque<\/p>\n<p><img decoding=\"async\" class=\"alignnone size-full wp-image-22239\" src=\"https:\/\/pandamech.com\/wp-content\/uploads\/2021\/08\/8-105.jpg\" alt=\"25 120 toneladas de polvos a granel cisterna para la venta\" width=\"800\" height=\"533\" title=\"\"><\/p>\n<p>cami\u00f3n cisterna de transporte de polvo a granel de 50 toneladas - <span style=\"color: #0000ff;\"><a style=\"color: #0000ff;\" href=\"https:\/\/www.pandamech.com\/spanish\/product\/30-ton-bulk-flour-tanker-trailer\/\" target=\"_blank\" rel=\"noopener\">cisterna de harina<\/a><\/span><\/p>\n<p><img decoding=\"async\" class=\"alignnone size-full wp-image-22240\" src=\"https:\/\/pandamech.com\/wp-content\/uploads\/2021\/08\/9-55.jpg\" alt=\"25 120 toneladas de polvos a granel cisterna para la venta\" width=\"800\" height=\"533\" title=\"\"><br \/>\n55 toneladas de polvo de cemento cami\u00f3n cisterna remolque de transporte<\/p>\n<h2>Por qu\u00e9 ten\u00edamos que elegir la ventaja panda<\/h2>\n<ul>\n<li>1. El mejor acero en bruto: El cuerpo y la construcci\u00f3n del tanque hechos de acero de alta resistencia YP \u2265 620, garantizan una vida \u00fatil m\u00e1s larga y una tara m\u00e1s ligera.<\/li>\n<li>2. Soldadura de calidad:  Buen acero con soporte de soldadura de calidad garant\u00eda m\u00e1s larga para remolques de silo de cemento.<\/li>\n<li>3. Pintura duradera: Todo el veh\u00edculo Shot blasting base limpia para la pintura, dos veces imprimaci\u00f3n apoyo m\u00e1s larga vida de la pintura.<\/li>\n<li>4. Dise\u00f1o: dibujo en 3D con Ansys e Hypermesh Analizar el dise\u00f1o razonable del soporte.<\/li>\n<li>5. Ofrecemos una amplia gama de cisternas de polvo con diferentes especificaciones y diferentes capacidades y motores el\u00e9ctricos.<\/li>\n<\/ul>\n<h2>Transporte mar\u00edtimo de polvo en cami\u00f3n cisterna<\/h2>\n<p>Con el fin de evitar que la pintura del remolque cisterna de cemento sea corro\u00edda por el agua de mar, rociaremos una capa de cera en la superficie del remolque cisterna de polvo antes del transporte.<\/p>\n<p>Envolveremos todos los motores di\u00e9sel de los remolques cisterna de polvo con tela impermeable.<\/p>\n<h2>Entender a Panda<\/h2>\n<p><iframe style=\"width: 800px;\" src=\"https:\/\/www.youtube.com\/embed\/kOKJOUXMuhY\" height=\"533\" frameborder=\"0\" scrolling=\"no\" allowfullscreen=\"allowfullscreen\"><\/iframe><\/p>\n<p>Panda Mechanical Co., Ltd est\u00e1 aprobada por el Ministerio de Industria y Tecnolog\u00eda de la Informaci\u00f3n de China para producir tipos de semirremolques y veh\u00edculos comerciales.<\/p>\n<p>PANDA MECH tiene m\u00e1quinas de fabricaci\u00f3n de primera clase y tipos de equipos de prueba, introduce la tecnolog\u00eda avanzada internacional, e investiga famosos fabricantes de camiones para mejorar la fuerza de dise\u00f1o. Cada veh\u00edculo es producido por los trabajadores expertos y experimentados, pasa 120 inspecciones del control de calidad del art\u00edculo, productos perfectos de la fuente al mundo.<\/p>","protected":false},"excerpt":{"rendered":"<p>Transporte:<br \/>\ncemento, arena, harina y otros materiales granulares, etc.<br \/>\nAltura de entrega &gt;30 m<br \/>\nDescarga m\u00e1s r\u00e1pida &gt;1,5ton\/min<\/p>","protected":false},"featured_media":58449,"template":"","meta":{"_acf_changed":false,"_kad_blocks_custom_css":"","_kad_blocks_head_custom_js":"","_kad_blocks_body_custom_js":"","_kad_blocks_footer_custom_js":"","_kad_post_transparent":"default","_kad_post_title":"","_kad_post_layout":"default","_kad_post_sidebar_id":"","_kad_post_content_style":"default","_kad_post_vertical_padding":"default","_kad_post_feature":"","_kad_post_feature_position":"","_kad_post_header":false,"_kad_post_footer":false,"_kad_post_classname":""},"product_brand":[],"product_cat":[101],"product_tag":[],"class_list":{"0":"post-21435","1":"product","2":"type-product","3":"status-publish","4":"has-post-thumbnail","6":"product_cat-cement-tanker","8":"first","9":"instock","10":"sold-individually","11":"shipping-taxable","12":"purchasable","13":"product-type-simple","14":"entry","15":"content-bg","16":"loop-entry"},"acf":[],"taxonomy_info":{"product_cat":[{"value":101,"label":"Cement Tanker For Sale"}]},"featured_image_src_large":["https:\/\/www.pandamech.com\/wp-content\/uploads\/2022\/12\/3-axles-45-cubic-meters-v-type-cement-tanker-1-500x500.jpg",500,500,true],"author_info":[],"comment_info":"","_links":{"self":[{"href":"https:\/\/www.pandamech.com\/spanish\/wp-json\/wp\/v2\/product\/21435","targetHints":{"allow":["GET"]}}],"collection":[{"href":"https:\/\/www.pandamech.com\/spanish\/wp-json\/wp\/v2\/product"}],"about":[{"href":"https:\/\/www.pandamech.com\/spanish\/wp-json\/wp\/v2\/types\/product"}],"version-history":[{"count":1,"href":"https:\/\/www.pandamech.com\/spanish\/wp-json\/wp\/v2\/product\/21435\/revisions"}],"predecessor-version":[{"id":91389,"href":"https:\/\/www.pandamech.com\/spanish\/wp-json\/wp\/v2\/product\/21435\/revisions\/91389"}],"wp:featuredmedia":[{"embeddable":true,"href":"https:\/\/www.pandamech.com\/spanish\/wp-json\/wp\/v2\/media\/58449"}],"wp:attachment":[{"href":"https:\/\/www.pandamech.com\/spanish\/wp-json\/wp\/v2\/media?parent=21435"}],"wp:term":[{"taxonomy":"product_brand","embeddable":true,"href":"https:\/\/www.pandamech.com\/spanish\/wp-json\/wp\/v2\/product_brand?post=21435"},{"taxonomy":"product_cat","embeddable":true,"href":"https:\/\/www.pandamech.com\/spanish\/wp-json\/wp\/v2\/product_cat?post=21435"},{"taxonomy":"product_tag","embeddable":true,"href":"https:\/\/www.pandamech.com\/spanish\/wp-json\/wp\/v2\/product_tag?post=21435"}],"curies":[{"name":"wp","href":"https:\/\/api.w.org\/{rel}","templated":true}]}}