{"id":21434,"date":"2022-06-14T19:03:10","date_gmt":"2022-06-14T11:03:10","guid":{"rendered":"http:\/\/pandamech.com\/?post_type=product&#038;p=21434"},"modified":"2025-08-23T01:08:25","modified_gmt":"2025-08-22T17:08:25","slug":"bitumen-tanker-transport-vehicle-semi-trailer-p00231p1-html","status":"publish","type":"product","link":"https:\/\/www.pandamech.com\/spanish\/product\/bitumen-tanker-transport-vehicle-semi-trailer-p00231p1-html\/","title":{"rendered":"Cami\u00f3n cisterna de 3 ejes para asfalto l\u00edquido"},"content":{"rendered":"<p>El cami\u00f3n cisterna de asfalto l\u00edquido se conoce como remolque cisterna de asfalto, remolque cisterna de paso, remolque cisterna de asfalto. El cami\u00f3n cisterna de asfalto l\u00edquido se compone de chasis de autom\u00f3vil, tanque de asfalto, sistema de bombeo y pulverizaci\u00f3n de asfalto, sistema de calentamiento de aceite de transferencia de calor, sistema hidr\u00e1ulico, sistema de combusti\u00f3n, sistema de control, sistema neum\u00e1tico y plataforma de operaci\u00f3n.<\/p>\n<p>El cami\u00f3n cisterna de asfalto l\u00edquido se utiliza para transportar asfalto l\u00edquido desde la refiner\u00eda de petr\u00f3leo y el muelle hasta el dep\u00f3sito de almacenamiento de asfalto, as\u00ed como para transportar asfalto desde el dep\u00f3sito de almacenamiento de asfalto hasta la planta de asfalto. Este biproducto se utiliza principalmente en la pavimentaci\u00f3n de carreteras.<\/p>\n<h2>Especificaciones de la cisterna de asfalto l\u00edquido de 3 ejes<\/h2>\n<table style=\"width: 800px;\" border=\"1\" cellspacing=\"1\" cellpadding=\"1\">\n<tbody>\n<tr>\n<td width=\"203\" height=\"32\">\u00a0Marca<\/td>\n<td width=\"449\">\u00a0Cisterna de asfalto l\u00edquido Panda Mech<\/td>\n<\/tr>\n<tr>\n<td width=\"203\" height=\"32\">\u00a0Peso de tara<\/td>\n<td width=\"449\">\u00a010500kg<\/td>\n<\/tr>\n<tr>\n<td width=\"203\" height=\"32\">\u00a0Material<\/td>\n<td width=\"449\">\u00a0Acero al carbono Q345B<\/td>\n<\/tr>\n<tr>\n<td width=\"203\" height=\"32\">\u00a0Capacidad de la cisterna de asfalto l\u00edquido<\/td>\n<td width=\"449\">\u00a038.000, 42.000, 45.000 litros<\/td>\n<\/tr>\n<tr>\n<td width=\"203\" height=\"32\">\u00a0dimensiones de la cisterna de asfalto l\u00edquido<\/td>\n<td width=\"449\">\u00a010500x2500x3750mm (sin fijar)<\/td>\n<\/tr>\n<tr>\n<td width=\"203\" height=\"32\">\u00a0Espesor del dep\u00f3sito<\/td>\n<td width=\"449\">\u00a0Cuerpo de 5 mm y cabeza del dep\u00f3sito de 6 mm<\/td>\n<\/tr>\n<tr>\n<td width=\"203\" height=\"32\">\u00a0Capa aislante<\/td>\n<td width=\"449\">\u00a0Capa de lana de roca de 18 mm de espesor con placa PPGI<\/td>\n<\/tr>\n<tr>\n<td width=\"203\" height=\"32\">\u00a0Sistema de calefacci\u00f3n<\/td>\n<td width=\"449\">\u00a0Quemador RIELLO con dep\u00f3sito de gas\u00f3leo completo y sistema de control<\/td>\n<\/tr>\n<tr>\n<td width=\"203\" height=\"32\">\u00a0Eje<\/td>\n<td width=\"449\">\u00a0Fuwa 13T ,3pcs, 2 ejes, 3 ejes, 4 ejes<\/td>\n<\/tr>\n<tr>\n<td width=\"203\" height=\"32\">\u00a0Suspensi\u00f3n<\/td>\n<td width=\"449\">\u00a0suspensi\u00f3n de ballestas<\/td>\n<\/tr>\n<tr>\n<td width=\"203\" height=\"32\">\u00a0Alfiler de rey<\/td>\n<td width=\"449\">\u00a0Pasador de tracci\u00f3n de 2\u2033 de la marca JOST<\/td>\n<\/tr>\n<tr>\n<td width=\"203\" height=\"32\">\u00a0Neum\u00e1ticos y llantas<\/td>\n<td width=\"449\">\u00a0Tri\u00e1ngulo marca 315\/80R22.5,13 piezas, llanta color gris<\/td>\n<\/tr>\n<tr>\n<td width=\"203\" height=\"32\">\u00a0Boca de acceso<\/td>\n<td width=\"449\">\u00a02<\/td>\n<\/tr>\n<tr>\n<td width=\"203\" height=\"32\">\u00a0V\u00e1lvula de descarga<\/td>\n<td width=\"449\">\u00a0Transferencia de 8 pulgadas a v\u00e1lvula de tornillo de 6 pulgadas<\/td>\n<\/tr>\n<tr>\n<td width=\"203\" height=\"32\">\u00a0Forma<\/td>\n<td width=\"449\">\u00a0TV Square como foto<\/td>\n<\/tr>\n<tr>\n<td width=\"203\" height=\"32\">\u00a0Tren de aterrizaje<\/td>\n<td width=\"449\">\u00a028T Funcionamiento manual<\/td>\n<\/tr>\n<tr>\n<td width=\"203\" height=\"32\">\u00a0Accesorios<\/td>\n<td width=\"449\">\u00a01 juego de herramientas est\u00e1ndar<\/td>\n<\/tr>\n<tr>\n<td width=\"203\" height=\"32\">\u00a0Pasarela<\/td>\n<td width=\"449\">\u00a0Escala preferiblemente en el tanque de llegada<\/td>\n<\/tr>\n<tr>\n<td width=\"203\" height=\"36\">\u00a0Extintor<\/td>\n<td width=\"449\">\u00a02pc, dispositivos flexibles 6 medida, y pegadizo industrialmente 4inch extintor<\/td>\n<\/tr>\n<tr>\n<td width=\"203\" height=\"32\">\u00a0Luz<\/td>\n<td width=\"449\">\u00a0Luz trasera con intermitente, luz de freno y reflector, luz lateral<\/td>\n<\/tr>\n<tr>\n<td width=\"203\" height=\"38\">\u00a0Pintura<\/td>\n<td width=\"449\">\u00a01 mano de imprimaci\u00f3n anticorrosiva, 2 manos de pintura final Color: Blanco, RAL:9010<\/td>\n<\/tr>\n<tr>\n<td width=\"203\" height=\"36\">\u00a0Freno<\/td>\n<td width=\"449\">\u00a0Sistema de frenos de doble l\u00ednea con ABS, v\u00e1lvula de emergencia marca WABCO, 6 grandes c\u00e1maras, c\u00e1maras de freno tipo KTL 30\/30 en el eje trasero<\/td>\n<\/tr>\n<tr>\n<td width=\"203\" height=\"32\"><a title=\"https:\/\/pandamech.com\/art\/contact-us-9-html\" href=\"\/spanish\/contact-us\/\">Consulta<\/a><\/td>\n<td width=\"449\"><a title=\"https:\/\/pandamech.com\/about\/\" href=\"https:\/\/www.pandamech.com\/spanish\/about\/\" target=\"_blank\" rel=\"noopener\">Acerca de Panda Mech<\/a><\/td>\n<\/tr>\n<\/tbody>\n<\/table>\n<h2>Fotos de camiones cisterna de asfalto l\u00edquido de 3 ejes<\/h2>\n<p><img decoding=\"async\" src=\"\/wp-content\/uploads\/u_file\/3050b0f42d.jpg\" alt=\"3 Eje l\u00edquido asfalto tanque de almacenamiento remolque para la venta\" title=\"\"><\/p>\n<h2>Aplicaci\u00f3n:<\/h2>\n<p>El cami\u00f3n cisterna de asfalto l\u00edquido se utiliza generalmente para el transporte de asfalto. El cami\u00f3n cisterna de asfalto l\u00edquido tiene una capacidad de 38000-45000 litros, que se utiliza generalmente para el transporte de larga distancia, el transporte de sustancias l\u00edquidas en todo el mundo, a fin de realizar la distribuci\u00f3n razonable y el uso de los recursos.<\/p>\n<p>Relacionado:\u00a0<a href=\"https:\/\/www.pandamech.com\/spanish\/info\/asphalt-bitumen-tanker-trailer-use-and-buy-guide-i00066i1-html\/\" target=\"_blank\" rel=\"noopener\">Gu\u00eda de uso y compra de remolques cisterna para asfalto<\/a><\/p>\n<h2>Caracter\u00edsticas:<\/h2>\n<p>El bastidor principal est\u00e1 hecho de acero de baja aleaci\u00f3n de alta resistencia, lo que mejora totalmente su resistencia a la torsi\u00f3n, resistencia s\u00edsmica y sismo-resistencia, y cumple varios requisitos de carga.<\/p>\n<p>Eje: El eje puede elegir diferentes marcas conocidas de BPW y FUWA. En el pa\u00eds y en el extranjero. Adem\u00e1s, el sistema ABS se puede instalar opcionalmente con Haldex y WABCO, que puede mejorar en gran medida la estabilidad y la seguridad.<\/p>\n<p>Sistema de suspensi\u00f3n: La suspensi\u00f3n mec\u00e1nica y la suspensi\u00f3n neum\u00e1tica de serie son opcionales.<\/p>\n<h2>Panda Mech<\/h2>\n<p>Somos un fabricante de camiones cisterna de asfalto l\u00edquido de China. Suministramos 38.000-60000 litros de camiones cisterna de bet\u00fan para la venta. El precio del cami\u00f3n cisterna de bet\u00fan depende de las especificaciones. Podemos personalizarlo de acuerdo a sus necesidades.<\/p>\n<p>Los fabricantes de Panda Mech han tenido \u00e9xito en el Sudeste Asi\u00e1tico, Oriente Medio, \u00c1frica y Sudam\u00e9rica, como Filipinas, Tanzania, Nigeria, etc.<\/p>","protected":false},"excerpt":{"rendered":"<p>Tipo: Semirremolque cisterna de asfalto l\u00edquido de 3 ejes<\/p>\n<p>Rango de precios: $16.900-26.900<\/p>\n<p>Plazo de entrega: 7-25 d\u00edas<\/p>\n<p>Material del dep\u00f3sito: acero al carbono<\/p>\n<p>Aplicaci\u00f3n: transporte de asfalto, bet\u00fan<\/p>","protected":false},"featured_media":57768,"template":"","meta":{"_acf_changed":false,"_kad_blocks_custom_css":"","_kad_blocks_head_custom_js":"","_kad_blocks_body_custom_js":"","_kad_blocks_footer_custom_js":"","_kad_post_transparent":"default","_kad_post_title":"","_kad_post_layout":"default","_kad_post_sidebar_id":"","_kad_post_content_style":"default","_kad_post_vertical_padding":"default","_kad_post_feature":"","_kad_post_feature_position":"","_kad_post_header":false,"_kad_post_footer":false,"_kad_post_classname":""},"product_brand":[],"product_cat":[99],"product_tag":[],"class_list":{"0":"post-21434","1":"product","2":"type-product","3":"status-publish","4":"has-post-thumbnail","6":"product_cat-asphalt-tanker","8":"first","9":"instock","10":"sold-individually","11":"shipping-taxable","12":"purchasable","13":"product-type-simple","14":"entry","15":"content-bg","16":"loop-entry"},"acf":[],"taxonomy_info":{"product_cat":[{"value":99,"label":"Bitumen Tanker Trailer"}]},"featured_image_src_large":["https:\/\/www.pandamech.com\/wp-content\/uploads\/2022\/08\/2-57-500x500.jpg",500,500,true],"author_info":[],"comment_info":"","_links":{"self":[{"href":"https:\/\/www.pandamech.com\/spanish\/wp-json\/wp\/v2\/product\/21434","targetHints":{"allow":["GET"]}}],"collection":[{"href":"https:\/\/www.pandamech.com\/spanish\/wp-json\/wp\/v2\/product"}],"about":[{"href":"https:\/\/www.pandamech.com\/spanish\/wp-json\/wp\/v2\/types\/product"}],"version-history":[{"count":1,"href":"https:\/\/www.pandamech.com\/spanish\/wp-json\/wp\/v2\/product\/21434\/revisions"}],"predecessor-version":[{"id":91388,"href":"https:\/\/www.pandamech.com\/spanish\/wp-json\/wp\/v2\/product\/21434\/revisions\/91388"}],"wp:featuredmedia":[{"embeddable":true,"href":"https:\/\/www.pandamech.com\/spanish\/wp-json\/wp\/v2\/media\/57768"}],"wp:attachment":[{"href":"https:\/\/www.pandamech.com\/spanish\/wp-json\/wp\/v2\/media?parent=21434"}],"wp:term":[{"taxonomy":"product_brand","embeddable":true,"href":"https:\/\/www.pandamech.com\/spanish\/wp-json\/wp\/v2\/product_brand?post=21434"},{"taxonomy":"product_cat","embeddable":true,"href":"https:\/\/www.pandamech.com\/spanish\/wp-json\/wp\/v2\/product_cat?post=21434"},{"taxonomy":"product_tag","embeddable":true,"href":"https:\/\/www.pandamech.com\/spanish\/wp-json\/wp\/v2\/product_tag?post=21434"}],"curies":[{"name":"wp","href":"https:\/\/api.w.org\/{rel}","templated":true}]}}